{"id":248467,"date":"2023-01-24T17:31:03","date_gmt":"2023-01-24T16:31:03","guid":{"rendered":"https:\/\/www.compasshrg.com\/?page_id=248467"},"modified":"2023-01-25T09:31:30","modified_gmt":"2023-01-25T08:31:30","slug":"download-gratis-whitepaper-kampen-om-talenterne","status":"publish","type":"page","link":"https:\/\/www.compasshrg.com\/da\/download-gratis-whitepaper-kampen-om-talenterne\/","title":{"rendered":"Download gratis whitepaper &#8211; Kampen om talenterne"},"content":{"rendered":"<p>[et_pb_section fb_built=&#8221;1&#8243; _builder_version=&#8221;4.18.0&#8243; _module_preset=&#8221;default&#8221; background_color_gradient_direction=&#8221;180deg&#8221; background_color_gradient_stops=&#8221;#cecece 20%|rgba(255,255,255,0) 71%&#8221; global_colors_info=&#8221;{}&#8221;][et_pb_row _builder_version=&#8221;4.18.0&#8243; _module_preset=&#8221;default&#8221; global_colors_info=&#8221;{}&#8221;][et_pb_column type=&#8221;4_4&#8243; _builder_version=&#8221;4.18.0&#8243; _module_preset=&#8221;default&#8221; global_colors_info=&#8221;{}&#8221;][\/et_pb_column][\/et_pb_row][\/et_pb_section][et_pb_section fb_built=&#8221;1&#8243; custom_padding_last_edited=&#8221;on|phone&#8221; admin_label=&#8221;Text and Image&#8221; _builder_version=&#8221;4.18.0&#8243; background_color=&#8221;rgba(250,250,250,0)&#8221; use_background_color_gradient=&#8221;off&#8221; background_image=&#8221;https:\/\/www.compasshrg.com\/wp-content\/uploads\/2021\/05\/logo-arrow-blue.png&#8221; max_width=&#8221;100%&#8221; custom_margin_tablet=&#8221;&#8221; custom_margin_phone=&#8221;&#8221; custom_margin_last_edited=&#8221;on|phone&#8221; custom_padding=&#8221;4rem|0px|5rem|0px|false|false&#8221; custom_padding_tablet=&#8221;&#8221; custom_padding_phone=&#8221;2rem||2rem||true|false&#8221; global_colors_info=&#8221;{}&#8221;][et_pb_row column_structure=&#8221;1_2,1_2&#8243; custom_padding_last_edited=&#8221;on|tablet&#8221; _builder_version=&#8221;4.16&#8243; background_size=&#8221;initial&#8221; background_position=&#8221;top_left&#8221; background_repeat=&#8221;repeat&#8221; width_tablet=&#8221;100%&#8221; width_phone=&#8221;&#8221; width_last_edited=&#8221;on|tablet&#8221; max_width_tablet=&#8221;100%&#8221; max_width_phone=&#8221;&#8221; max_width_last_edited=&#8221;on|tablet&#8221; custom_margin=&#8221;||0px||false|false&#8221; custom_margin_tablet=&#8221;0px|0px|0px|0px|false|false&#8221; custom_margin_phone=&#8221;&#8221; custom_margin_last_edited=&#8221;on|tablet&#8221; custom_padding=&#8221;||0.5rem||false|false&#8221; custom_padding_tablet=&#8221;1rem|1rem|1rem|1rem|true|true&#8221; custom_padding_phone=&#8221;&#8221; global_colors_info=&#8221;{}&#8221;][et_pb_column type=&#8221;1_2&#8243; _builder_version=&#8221;4.16&#8243; custom_padding=&#8221;|||&#8221; global_colors_info=&#8221;{}&#8221; custom_padding__hover=&#8221;|||&#8221;][et_pb_text _builder_version=&#8221;4.18.0&#8243; text_font=&#8221;Lato|300|||||||&#8221; text_text_color=&#8221;#747d88&#8243; text_font_size=&#8221;17px&#8221; text_line_height=&#8221;1.8em&#8221; header_font=&#8221;Lato||||||||&#8221; header_2_font=&#8221;|700|||||||&#8221; header_2_font_size=&#8221;37px&#8221; header_3_font=&#8221;Lato|900||on|||||&#8221; header_3_text_color=&#8221;#1EAEE2&#8243; header_3_font_size=&#8221;13px&#8221; header_3_letter_spacing=&#8221;1px&#8221; header_3_line_height=&#8221;2em&#8221; background_size=&#8221;initial&#8221; background_position=&#8221;top_left&#8221; background_repeat=&#8221;repeat&#8221; max_width=&#8221;715px&#8221; module_alignment=&#8221;center&#8221; custom_margin=&#8221;0rem|-39px|||false|false&#8221; custom_margin_tablet=&#8221;0rem||0px||false|false&#8221; custom_margin_phone=&#8221;&#8221; custom_margin_last_edited=&#8221;on|tablet&#8221; custom_padding_tablet=&#8221;0px||0.5rem||false|false&#8221; custom_padding_phone=&#8221;&#8221; custom_padding_last_edited=&#8221;on|tablet&#8221; animation_style=&#8221;fade&#8221; locked=&#8221;off&#8221; global_colors_info=&#8221;{}&#8221;]<\/p>\n<h2>FORST\u00c5 BRANCHEN OG VIND KAMPEN OM TALENTERNE<\/h2>\n<p>[\/et_pb_text][et_pb_text _builder_version=&#8221;4.18.0&#8243; text_font=&#8221;Lato|300|||||||&#8221; text_text_color=&#8221;#747d88&#8243; text_font_size=&#8221;18px&#8221; text_line_height=&#8221;1.8em&#8221; header_font=&#8221;Lato||||||||&#8221; header_3_font=&#8221;Montserrat||||||||&#8221; header_3_line_height=&#8221;1.5em&#8221; background_size=&#8221;initial&#8221; background_position=&#8221;top_left&#8221; background_repeat=&#8221;repeat&#8221; max_width=&#8221;700px&#8221; module_alignment=&#8221;center&#8221; custom_margin=&#8221;0px||||false|false&#8221; custom_margin_tablet=&#8221;0px||0px||false|false&#8221; custom_margin_phone=&#8221;&#8221; custom_margin_last_edited=&#8221;on|tablet&#8221; custom_padding=&#8221;0px||||false|false&#8221; custom_padding_tablet=&#8221;0px||0px||false|false&#8221; custom_padding_phone=&#8221;&#8221; custom_padding_last_edited=&#8221;on|tablet&#8221; animation_style=&#8221;fade&#8221; animation_direction=&#8221;top&#8221; global_colors_info=&#8221;{}&#8221;]<\/p>\n<p>&#8220;Kampen om talenterne&#8221; giver et indblik i de nuv\u00e6rende tendenser og udfordringer inden for rekruttering i life science-branchen. Det beskriver ogs\u00e5 strategier og metoder, som kan hj\u00e6lpe virksomheder med at tiltr\u00e6kke og fastholde kvalificerede medarbejdere i en branche, der er kendetegnet ved en h\u00f8j eftersp\u00f8rgsel efter talent.<\/p>\n<p>Whitepaperet p\u00e5peger, at digitaliseringen af branchen har f\u00f8rt til en \u00f8get global konkurrence om talent, og at virksomheder er n\u00f8dt til at t\u00e6nke kreativt og strategisk for at tiltr\u00e6kke de bedste kandidater. <br \/>Vi giver ogs\u00e5 gode r\u00e5d til, hvordan virksomheder kan fastholde deres nuv\u00e6rende medarbejdere, herunder ved at skabe et positivt arbejdsmilj\u00f8 og sikre kontinuerlig udvikling og karrieremuligheder.<\/p>\n<p>Alt i alt er dette whitepaper et nyttigt v\u00e6rkt\u00f8j for virksomheder, der \u00f8nsker at forbedre deres rekrutteringsprocesser i life science-branchen i 2023 og fremover. Det giver en dybdeg\u00e5ende analyse af de nuv\u00e6rende tendenser og giver konkrete r\u00e5d og anbefalinger, som kan hj\u00e6lpe med at sikre succes i rekrutteringen af talentfulde medarbejdere.<\/p>\n<p>[\/et_pb_text][\/et_pb_column][et_pb_column type=&#8221;1_2&#8243; _builder_version=&#8221;4.16&#8243; custom_padding=&#8221;|||&#8221; global_colors_info=&#8221;{}&#8221; custom_padding__hover=&#8221;|||&#8221;][et_pb_text _builder_version=&#8221;4.18.0&#8243; _module_preset=&#8221;default&#8221; header_font=&#8221;Lato||||||||&#8221; header_font_size=&#8221;18px&#8221; header_2_font=&#8221;|||on|||||&#8221; header_2_text_color=&#8221;#1EAEE2&#8243; header_4_letter_spacing=&#8221;1px&#8221; custom_margin=&#8221;12px||||false|false&#8221; global_colors_info=&#8221;{}&#8221;]<\/p>\n<h2 style=\"text-align: center;\"><strong>Download whitepaper<\/strong><\/h2>\n<p>[\/et_pb_text][et_pb_code _builder_version=&#8221;4.18.0&#8243; _module_preset=&#8221;default&#8221; hover_enabled=&#8221;0&#8243; global_colors_info=&#8221;{}&#8221; sticky_enabled=&#8221;0&#8243;]<script charset=\"utf-8\" type=\"text\/javascript\" src=\"\/\/js.hsforms.net\/forms\/embed\/v2.js\"><\/script><!-- [et_pb_line_break_holder] --><script><!-- [et_pb_line_break_holder] -->  hbspt.forms.create({<!-- [et_pb_line_break_holder] -->    region: \"na1\",<!-- [et_pb_line_break_holder] -->    portalId: \"19512017\",<!-- [et_pb_line_break_holder] -->    formId: \"4627d787-9c6f-4255-863f-d2bc333b114c\"<!-- [et_pb_line_break_holder] -->  });<!-- [et_pb_line_break_holder] --><\/script>[\/et_pb_code][\/et_pb_column][\/et_pb_row][\/et_pb_section][et_pb_section fb_built=&#8221;1&#8243; _builder_version=&#8221;4.18.0&#8243; _module_preset=&#8221;default&#8221; background_color=&#8221;#1EAEE2&#8243; background_enable_color=&#8221;on&#8221; use_background_color_gradient=&#8221;off&#8221; locked=&#8221;off&#8221; global_colors_info=&#8221;{}&#8221;][et_pb_row column_structure=&#8221;1_2,1_2&#8243; _builder_version=&#8221;4.18.0&#8243; _module_preset=&#8221;default&#8221; background_color=&#8221;#1EAEE2&#8243; global_colors_info=&#8221;{}&#8221;][et_pb_column type=&#8221;1_2&#8243; _builder_version=&#8221;4.18.0&#8243; _module_preset=&#8221;default&#8221; global_colors_info=&#8221;{}&#8221;][et_pb_image src=&#8221;https:\/\/www.compasshrg.com\/wp-content\/uploads\/2023\/01\/Kampen-om-talenterne_DK_cover-1.png&#8221; title_text=&#8221;Kampen om talenterne_DK_cover&#8221; force_fullwidth=&#8221;on&#8221; _builder_version=&#8221;4.18.0&#8243; _module_preset=&#8221;default&#8221; module_alignment=&#8221;center&#8221; custom_margin=&#8221;|||32px|false|false&#8221; animation_style=&#8221;fade&#8221; global_colors_info=&#8221;{}&#8221;][\/et_pb_image][\/et_pb_column][et_pb_column type=&#8221;1_2&#8243; _builder_version=&#8221;4.18.0&#8243; _module_preset=&#8221;default&#8221; global_colors_info=&#8221;{}&#8221;][et_pb_text _builder_version=&#8221;4.18.0&#8243; _module_preset=&#8221;default&#8221; text_text_color=&#8221;#ffffff&#8221; header_text_color=&#8221;#FFFFFF&#8221; header_5_font_size=&#8221;17px&#8221; global_colors_info=&#8221;{}&#8221;]<\/p>\n<h1>S\u00e5dan vindes kampen om talenterne<\/h1>\n<p>Download vores white paper \u201cKampen om Talenterne\u201d, hvor du f\u00e5r konkrete tiltag og l\u00f8sninger til, hvordan du kan im\u00f8dekomme de udfordringer, som branchen st\u00e5r over for netop nu \u2013 og hvordan I f\u00e5r succes i et af de mest konkurrencepr\u00e6gede rekrutteringsmilj\u00f8er.<\/p>\n<p>[\/et_pb_text][et_pb_blurb image=&#8221;https:\/\/www.compasshrg.com\/wp-content\/uploads\/2021\/05\/logo-arrow-icon-white-space.png&#8221; icon_placement=&#8221;left&#8221; image_icon_width=&#8221;70%&#8221; content_max_width=&#8221;630px&#8221; _builder_version=&#8221;4.18.0&#8243; header_font=&#8221;Lato|600|||||||&#8221; header_text_color=&#8221;#FFFFFF&#8221; header_font_size=&#8221;20px&#8221; header_letter_spacing=&#8221;1px&#8221; header_line_height=&#8221;1.6em&#8221; body_font=&#8221;Lato|300|||||||&#8221; body_text_color=&#8221;#FFFFFF&#8221; body_font_size=&#8221;18px&#8221; custom_margin=&#8221;||0px||false|false&#8221; custom_padding=&#8221;1rem||1rem||true|false&#8221; header_font_size_tablet=&#8221;&#8221; header_font_size_phone=&#8221;15px&#8221; header_font_size_last_edited=&#8221;on|phone&#8221; body_line_height_tablet=&#8221;&#8221; body_line_height_phone=&#8221;1.6em&#8221; body_line_height_last_edited=&#8221;on|phone&#8221; image_max_width=&#8221;70%&#8221; image_max_width_phone=&#8221;50px&#8221; image_max_width_last_edited=&#8221;off|desktop&#8221; locked=&#8221;off&#8221; global_colors_info=&#8221;{}&#8221;]<\/p>\n<p><span>Branchens hovedudfordringer<\/span><\/p>\n<p>[\/et_pb_blurb][et_pb_blurb image=&#8221;https:\/\/www.compasshrg.com\/wp-content\/uploads\/2021\/05\/logo-arrow-icon-white-space.png&#8221; icon_placement=&#8221;left&#8221; image_icon_width=&#8221;70%&#8221; content_max_width=&#8221;630px&#8221; _builder_version=&#8221;4.18.0&#8243; header_font=&#8221;Lato|600|||||||&#8221; header_text_color=&#8221;#FFFFFF&#8221; header_font_size=&#8221;20px&#8221; header_letter_spacing=&#8221;1px&#8221; header_line_height=&#8221;1.6em&#8221; body_font=&#8221;Lato|300|||||||&#8221; body_text_color=&#8221;#FFFFFF&#8221; body_font_size=&#8221;18px&#8221; custom_margin=&#8221;||0px||false|false&#8221; custom_padding=&#8221;1rem||1rem||true|false&#8221; header_font_size_tablet=&#8221;&#8221; header_font_size_phone=&#8221;15px&#8221; header_font_size_last_edited=&#8221;on|phone&#8221; body_line_height_tablet=&#8221;&#8221; body_line_height_phone=&#8221;1.6em&#8221; body_line_height_last_edited=&#8221;on|phone&#8221; image_max_width=&#8221;70%&#8221; image_max_width_phone=&#8221;50px&#8221; image_max_width_last_edited=&#8221;off|desktop&#8221; locked=&#8221;off&#8221; global_colors_info=&#8221;{}&#8221;]<\/p>\n<p>Life science-branchen i Danmark<\/p>\n<p>[\/et_pb_blurb][et_pb_blurb image=&#8221;https:\/\/www.compasshrg.com\/wp-content\/uploads\/2021\/05\/logo-arrow-icon-white-space.png&#8221; icon_placement=&#8221;left&#8221; image_icon_width=&#8221;70%&#8221; content_max_width=&#8221;630px&#8221; _builder_version=&#8221;4.18.0&#8243; header_font=&#8221;Lato|600|||||||&#8221; header_text_color=&#8221;#FFFFFF&#8221; header_font_size=&#8221;20px&#8221; header_letter_spacing=&#8221;1px&#8221; header_line_height=&#8221;1.6em&#8221; body_font=&#8221;Lato|300|||||||&#8221; body_text_color=&#8221;#FFFFFF&#8221; body_font_size=&#8221;18px&#8221; custom_margin=&#8221;||0px||false|false&#8221; custom_padding=&#8221;1rem||1rem||true|false&#8221; header_font_size_tablet=&#8221;&#8221; header_font_size_phone=&#8221;15px&#8221; header_font_size_last_edited=&#8221;on|phone&#8221; body_line_height_tablet=&#8221;&#8221; body_line_height_phone=&#8221;1.6em&#8221; body_line_height_last_edited=&#8221;on|phone&#8221; image_max_width=&#8221;70%&#8221; image_max_width_phone=&#8221;50px&#8221; image_max_width_last_edited=&#8221;off|desktop&#8221; locked=&#8221;off&#8221; global_colors_info=&#8221;{}&#8221;]<\/p>\n<p>Globale trends, der p\u00e5virker life science<\/p>\n<p>[\/et_pb_blurb][et_pb_blurb image=&#8221;https:\/\/www.compasshrg.com\/wp-content\/uploads\/2021\/05\/logo-arrow-icon-white-space.png&#8221; icon_placement=&#8221;left&#8221; image_icon_width=&#8221;70%&#8221; content_max_width=&#8221;630px&#8221; _builder_version=&#8221;4.18.0&#8243; header_font=&#8221;Lato|600|||||||&#8221; header_text_color=&#8221;#FFFFFF&#8221; header_font_size=&#8221;20px&#8221; header_letter_spacing=&#8221;1px&#8221; header_line_height=&#8221;1.6em&#8221; body_font=&#8221;Lato|300|||||||&#8221; body_text_color=&#8221;#FFFFFF&#8221; body_font_size=&#8221;18px&#8221; custom_margin=&#8221;||0px||false|false&#8221; custom_padding=&#8221;1rem||1rem||true|false&#8221; header_font_size_tablet=&#8221;&#8221; header_font_size_phone=&#8221;15px&#8221; header_font_size_last_edited=&#8221;on|phone&#8221; body_line_height_tablet=&#8221;&#8221; body_line_height_phone=&#8221;1.6em&#8221; body_line_height_last_edited=&#8221;on|phone&#8221; image_max_width=&#8221;70%&#8221; image_max_width_phone=&#8221;50px&#8221; image_max_width_last_edited=&#8221;off|desktop&#8221; locked=&#8221;off&#8221; global_colors_info=&#8221;{}&#8221;]<\/p>\n<p>10 tiltag til at im\u00f8dekomme jeres rekrutteringsudfordringer<\/p>\n<p>[\/et_pb_blurb][\/et_pb_column][\/et_pb_row][\/et_pb_section]<\/p>\n","protected":false},"excerpt":{"rendered":"<p>FORST\u00c5 BRANCHEN OG VIND KAMPEN OM TALENTERNE&#8221;Kampen om talenterne&#8221; giver et indblik i de nuv\u00e6rende tendenser og udfordringer inden for rekruttering i life science-branchen. Det beskriver ogs\u00e5 strategier og metoder, som kan hj\u00e6lpe virksomheder med at tiltr\u00e6kke og fastholde kvalificerede medarbejdere i en branche, der er kendetegnet ved en h\u00f8j eftersp\u00f8rgsel efter talent. Whitepaperet p\u00e5peger, at digitaliseringen af branchen har f\u00f8rt til en \u00f8get global konkurrence om talent, og at virksomheder er n\u00f8dt til at t\u00e6nke kreativt og strategisk for at tiltr\u00e6kke de bedste kandidater. Vi giver ogs\u00e5 gode r\u00e5d til, hvordan virksomheder kan fastholde deres nuv\u00e6rende medarbejdere, herunder ved at skabe et positivt arbejdsmilj\u00f8 og sikre kontinuerlig udvikling og karrieremuligheder. Alt i alt er dette whitepaper et nyttigt v\u00e6rkt\u00f8j for virksomheder, der \u00f8nsker at forbedre deres rekrutteringsprocesser i life science-branchen i 2023 og fremover. Det giver en dybdeg\u00e5ende analyse af de nuv\u00e6rende tendenser og giver konkrete r\u00e5d og anbefalinger, som kan hj\u00e6lpe med at sikre succes i rekrutteringen af talentfulde medarbejdere.Download whitepaperS\u00e5dan vindes kampen om talenterne Download vores white paper \u201cKampen om Talenterne\u201d, hvor du f\u00e5r konkrete tiltag og l\u00f8sninger til, hvordan du kan im\u00f8dekomme de udfordringer, som branchen st\u00e5r over for netop nu \u2013 og hvordan I f\u00e5r [&hellip;]<\/p>\n","protected":false},"author":3,"featured_media":0,"parent":0,"menu_order":0,"comment_status":"closed","ping_status":"closed","template":"","meta":{"_acf_changed":false,"_et_pb_use_builder":"on","_et_pb_old_content":"","_et_gb_content_width":"","om_disable_all_campaigns":false,"inline_featured_image":false,"_uf_show_specific_survey":0,"_uf_disable_surveys":false,"footnotes":""},"class_list":["post-248467","page","type-page","status-publish","hentry"],"acf":[],"yoast_head":"<!-- This site is optimized with the Yoast SEO plugin v27.1.1 - https:\/\/yoast.com\/product\/yoast-seo-wordpress\/ -->\n<title>Download gratis whitepaper - Kampen om talenterne - Compass HRG<\/title>\n<meta name=\"robots\" content=\"index, follow, max-snippet:-1, max-image-preview:large, max-video-preview:-1\" \/>\n<link rel=\"canonical\" href=\"https:\/\/www.compasshrg.com\/da\/download-gratis-whitepaper-kampen-om-talenterne\/\" \/>\n<meta property=\"og:locale\" content=\"da_DK\" \/>\n<meta property=\"og:type\" content=\"article\" \/>\n<meta property=\"og:title\" content=\"Download gratis whitepaper - Kampen om talenterne - Compass HRG\" \/>\n<meta property=\"og:description\" content=\"FORST\u00c5 BRANCHEN OG VIND KAMPEN OM TALENTERNE&quot;Kampen om talenterne&quot; giver et indblik i de nuv\u00e6rende tendenser og udfordringer inden for rekruttering i life science-branchen. Det beskriver ogs\u00e5 strategier og metoder, som kan hj\u00e6lpe virksomheder med at tiltr\u00e6kke og fastholde kvalificerede medarbejdere i en branche, der er kendetegnet ved en h\u00f8j eftersp\u00f8rgsel efter talent. Whitepaperet p\u00e5peger, at digitaliseringen af branchen har f\u00f8rt til en \u00f8get global konkurrence om talent, og at virksomheder er n\u00f8dt til at t\u00e6nke kreativt og strategisk for at tiltr\u00e6kke de bedste kandidater. Vi giver ogs\u00e5 gode r\u00e5d til, hvordan virksomheder kan fastholde deres nuv\u00e6rende medarbejdere, herunder ved at skabe et positivt arbejdsmilj\u00f8 og sikre kontinuerlig udvikling og karrieremuligheder. Alt i alt er dette whitepaper et nyttigt v\u00e6rkt\u00f8j for virksomheder, der \u00f8nsker at forbedre deres rekrutteringsprocesser i life science-branchen i 2023 og fremover. Det giver en dybdeg\u00e5ende analyse af de nuv\u00e6rende tendenser og giver konkrete r\u00e5d og anbefalinger, som kan hj\u00e6lpe med at sikre succes i rekrutteringen af talentfulde medarbejdere.Download whitepaperS\u00e5dan vindes kampen om talenterne Download vores white paper \u201cKampen om Talenterne\u201d, hvor du f\u00e5r konkrete tiltag og l\u00f8sninger til, hvordan du kan im\u00f8dekomme de udfordringer, som branchen st\u00e5r over for netop nu \u2013 og hvordan I f\u00e5r [&hellip;]\" \/>\n<meta property=\"og:url\" content=\"https:\/\/www.compasshrg.com\/da\/download-gratis-whitepaper-kampen-om-talenterne\/\" \/>\n<meta property=\"og:site_name\" content=\"Compass HRG\" \/>\n<meta property=\"article:publisher\" content=\"https:\/\/www.facebook.com\/compasshrgdk\" \/>\n<meta property=\"article:modified_time\" content=\"2023-01-25T08:31:30+00:00\" \/>\n<meta name=\"twitter:card\" content=\"summary_large_image\" \/>\n<meta name=\"twitter:label1\" content=\"Estimeret l\u00e6setid\" \/>\n\t<meta name=\"twitter:data1\" content=\"3 minutter\" \/>\n<script type=\"application\/ld+json\" class=\"yoast-schema-graph\">{\"@context\":\"https:\/\/schema.org\",\"@graph\":[{\"@type\":\"WebPage\",\"@id\":\"https:\/\/www.compasshrg.com\/da\/download-gratis-whitepaper-kampen-om-talenterne\/\",\"url\":\"https:\/\/www.compasshrg.com\/da\/download-gratis-whitepaper-kampen-om-talenterne\/\",\"name\":\"Download gratis whitepaper - Kampen om talenterne - Compass HRG\",\"isPartOf\":{\"@id\":\"https:\/\/www.compasshrg.com\/da\/#website\"},\"datePublished\":\"2023-01-24T16:31:03+00:00\",\"dateModified\":\"2023-01-25T08:31:30+00:00\",\"breadcrumb\":{\"@id\":\"https:\/\/www.compasshrg.com\/da\/download-gratis-whitepaper-kampen-om-talenterne\/#breadcrumb\"},\"inLanguage\":\"da-DK\",\"potentialAction\":[{\"@type\":\"ReadAction\",\"target\":[\"https:\/\/www.compasshrg.com\/da\/download-gratis-whitepaper-kampen-om-talenterne\/\"]}]},{\"@type\":\"BreadcrumbList\",\"@id\":\"https:\/\/www.compasshrg.com\/da\/download-gratis-whitepaper-kampen-om-talenterne\/#breadcrumb\",\"itemListElement\":[{\"@type\":\"ListItem\",\"position\":1,\"name\":\"Compass HRG\",\"item\":\"https:\/\/www.compasshrg.com\/da\/\"},{\"@type\":\"ListItem\",\"position\":2,\"name\":\"Download gratis whitepaper &#8211; Kampen om talenterne\"}]},{\"@type\":\"WebSite\",\"@id\":\"https:\/\/www.compasshrg.com\/da\/#website\",\"url\":\"https:\/\/www.compasshrg.com\/da\/\",\"name\":\"Compass HRG\",\"description\":\"The Nordic Advantage\",\"publisher\":{\"@id\":\"https:\/\/www.compasshrg.com\/da\/#organization\"},\"potentialAction\":[{\"@type\":\"SearchAction\",\"target\":{\"@type\":\"EntryPoint\",\"urlTemplate\":\"https:\/\/www.compasshrg.com\/da\/?s={search_term_string}\"},\"query-input\":{\"@type\":\"PropertyValueSpecification\",\"valueRequired\":true,\"valueName\":\"search_term_string\"}}],\"inLanguage\":\"da-DK\"},{\"@type\":\"Organization\",\"@id\":\"https:\/\/www.compasshrg.com\/da\/#organization\",\"name\":\"Compass HRG\",\"url\":\"https:\/\/www.compasshrg.com\/da\/\",\"logo\":{\"@type\":\"ImageObject\",\"inLanguage\":\"da-DK\",\"@id\":\"https:\/\/www.compasshrg.com\/da\/#\/schema\/logo\/image\/\",\"url\":\"\",\"contentUrl\":\"\",\"caption\":\"Compass HRG\"},\"image\":{\"@id\":\"https:\/\/www.compasshrg.com\/da\/#\/schema\/logo\/image\/\"},\"sameAs\":[\"https:\/\/www.facebook.com\/compasshrgdk\"]}]}<\/script>\n<!-- \/ Yoast SEO plugin. -->","yoast_head_json":{"title":"Download gratis whitepaper - Kampen om talenterne - Compass HRG","robots":{"index":"index","follow":"follow","max-snippet":"max-snippet:-1","max-image-preview":"max-image-preview:large","max-video-preview":"max-video-preview:-1"},"canonical":"https:\/\/www.compasshrg.com\/da\/download-gratis-whitepaper-kampen-om-talenterne\/","og_locale":"da_DK","og_type":"article","og_title":"Download gratis whitepaper - Kampen om talenterne - Compass HRG","og_description":"FORST\u00c5 BRANCHEN OG VIND KAMPEN OM TALENTERNE\"Kampen om talenterne\" giver et indblik i de nuv\u00e6rende tendenser og udfordringer inden for rekruttering i life science-branchen. Det beskriver ogs\u00e5 strategier og metoder, som kan hj\u00e6lpe virksomheder med at tiltr\u00e6kke og fastholde kvalificerede medarbejdere i en branche, der er kendetegnet ved en h\u00f8j eftersp\u00f8rgsel efter talent. Whitepaperet p\u00e5peger, at digitaliseringen af branchen har f\u00f8rt til en \u00f8get global konkurrence om talent, og at virksomheder er n\u00f8dt til at t\u00e6nke kreativt og strategisk for at tiltr\u00e6kke de bedste kandidater. Vi giver ogs\u00e5 gode r\u00e5d til, hvordan virksomheder kan fastholde deres nuv\u00e6rende medarbejdere, herunder ved at skabe et positivt arbejdsmilj\u00f8 og sikre kontinuerlig udvikling og karrieremuligheder. Alt i alt er dette whitepaper et nyttigt v\u00e6rkt\u00f8j for virksomheder, der \u00f8nsker at forbedre deres rekrutteringsprocesser i life science-branchen i 2023 og fremover. Det giver en dybdeg\u00e5ende analyse af de nuv\u00e6rende tendenser og giver konkrete r\u00e5d og anbefalinger, som kan hj\u00e6lpe med at sikre succes i rekrutteringen af talentfulde medarbejdere.Download whitepaperS\u00e5dan vindes kampen om talenterne Download vores white paper \u201cKampen om Talenterne\u201d, hvor du f\u00e5r konkrete tiltag og l\u00f8sninger til, hvordan du kan im\u00f8dekomme de udfordringer, som branchen st\u00e5r over for netop nu \u2013 og hvordan I f\u00e5r [&hellip;]","og_url":"https:\/\/www.compasshrg.com\/da\/download-gratis-whitepaper-kampen-om-talenterne\/","og_site_name":"Compass HRG","article_publisher":"https:\/\/www.facebook.com\/compasshrgdk","article_modified_time":"2023-01-25T08:31:30+00:00","twitter_card":"summary_large_image","twitter_misc":{"Estimeret l\u00e6setid":"3 minutter"},"schema":{"@context":"https:\/\/schema.org","@graph":[{"@type":"WebPage","@id":"https:\/\/www.compasshrg.com\/da\/download-gratis-whitepaper-kampen-om-talenterne\/","url":"https:\/\/www.compasshrg.com\/da\/download-gratis-whitepaper-kampen-om-talenterne\/","name":"Download gratis whitepaper - Kampen om talenterne - Compass HRG","isPartOf":{"@id":"https:\/\/www.compasshrg.com\/da\/#website"},"datePublished":"2023-01-24T16:31:03+00:00","dateModified":"2023-01-25T08:31:30+00:00","breadcrumb":{"@id":"https:\/\/www.compasshrg.com\/da\/download-gratis-whitepaper-kampen-om-talenterne\/#breadcrumb"},"inLanguage":"da-DK","potentialAction":[{"@type":"ReadAction","target":["https:\/\/www.compasshrg.com\/da\/download-gratis-whitepaper-kampen-om-talenterne\/"]}]},{"@type":"BreadcrumbList","@id":"https:\/\/www.compasshrg.com\/da\/download-gratis-whitepaper-kampen-om-talenterne\/#breadcrumb","itemListElement":[{"@type":"ListItem","position":1,"name":"Compass HRG","item":"https:\/\/www.compasshrg.com\/da\/"},{"@type":"ListItem","position":2,"name":"Download gratis whitepaper &#8211; Kampen om talenterne"}]},{"@type":"WebSite","@id":"https:\/\/www.compasshrg.com\/da\/#website","url":"https:\/\/www.compasshrg.com\/da\/","name":"Compass HRG","description":"The Nordic Advantage","publisher":{"@id":"https:\/\/www.compasshrg.com\/da\/#organization"},"potentialAction":[{"@type":"SearchAction","target":{"@type":"EntryPoint","urlTemplate":"https:\/\/www.compasshrg.com\/da\/?s={search_term_string}"},"query-input":{"@type":"PropertyValueSpecification","valueRequired":true,"valueName":"search_term_string"}}],"inLanguage":"da-DK"},{"@type":"Organization","@id":"https:\/\/www.compasshrg.com\/da\/#organization","name":"Compass HRG","url":"https:\/\/www.compasshrg.com\/da\/","logo":{"@type":"ImageObject","inLanguage":"da-DK","@id":"https:\/\/www.compasshrg.com\/da\/#\/schema\/logo\/image\/","url":"","contentUrl":"","caption":"Compass HRG"},"image":{"@id":"https:\/\/www.compasshrg.com\/da\/#\/schema\/logo\/image\/"},"sameAs":["https:\/\/www.facebook.com\/compasshrgdk"]}]}},"_links":{"self":[{"href":"https:\/\/www.compasshrg.com\/da\/wp-json\/wp\/v2\/pages\/248467","targetHints":{"allow":["GET"]}}],"collection":[{"href":"https:\/\/www.compasshrg.com\/da\/wp-json\/wp\/v2\/pages"}],"about":[{"href":"https:\/\/www.compasshrg.com\/da\/wp-json\/wp\/v2\/types\/page"}],"author":[{"embeddable":true,"href":"https:\/\/www.compasshrg.com\/da\/wp-json\/wp\/v2\/users\/3"}],"replies":[{"embeddable":true,"href":"https:\/\/www.compasshrg.com\/da\/wp-json\/wp\/v2\/comments?post=248467"}],"version-history":[{"count":5,"href":"https:\/\/www.compasshrg.com\/da\/wp-json\/wp\/v2\/pages\/248467\/revisions"}],"predecessor-version":[{"id":248525,"href":"https:\/\/www.compasshrg.com\/da\/wp-json\/wp\/v2\/pages\/248467\/revisions\/248525"}],"wp:attachment":[{"href":"https:\/\/www.compasshrg.com\/da\/wp-json\/wp\/v2\/media?parent=248467"}],"curies":[{"name":"wp","href":"https:\/\/api.w.org\/{rel}","templated":true}]}}