{"id":245541,"date":"2022-11-04T08:43:39","date_gmt":"2022-11-04T07:43:39","guid":{"rendered":"https:\/\/www.compasshrg.com\/?page_id=245541"},"modified":"2024-01-30T12:35:39","modified_gmt":"2024-01-30T11:35:39","slug":"johtajan-rekrytointi","status":"publish","type":"page","link":"https:\/\/www.compasshrg.com\/fi\/palvelut\/rekrytointi\/johtajan-rekrytointi\/","title":{"rendered":"Miten uutta johtajaa autetaan nopeaan tuloksen tekoon?"},"content":{"rendered":"<p>[et_pb_section fb_built=&#8221;1&#8243; custom_padding_last_edited=&#8221;on|tablet&#8221; _builder_version=&#8221;4.16&#8243; _module_preset=&#8221;default&#8221; background_color_gradient_stops=&#8221;rgba(217,217,217,0) 0%|rgba(217,217,217,0.22) 100%&#8221; background_color_gradient_overlays_image=&#8221;on&#8221; background_color_gradient_start=&#8221;rgba(217,217,217,0)&#8221; background_color_gradient_end=&#8221;rgba(217,217,217,0.22)&#8221; background_image=&#8221;https:\/\/www.compasshrg.com\/wp-content\/uploads\/2021\/05\/spejling-background-big-c-arrow-version-2-c-gra.png&#8221; background_size=&#8221;initial&#8221; background_repeat=&#8221;repeat&#8221; custom_padding_tablet=&#8221;|1rem||1rem|false|true&#8221; custom_padding_phone=&#8221;&#8221; global_colors_info=&#8221;{}&#8221;][et_pb_row _builder_version=&#8221;4.16&#8243; _module_preset=&#8221;default&#8221; width_tablet=&#8221;100%&#8221; width_phone=&#8221;&#8221; width_last_edited=&#8221;on|tablet&#8221; global_colors_info=&#8221;{}&#8221;][et_pb_column type=&#8221;4_4&#8243; _builder_version=&#8221;4.16&#8243; _module_preset=&#8221;default&#8221; global_colors_info=&#8221;{}&#8221;][et_pb_text _builder_version=&#8221;4.18.0&#8243; _module_preset=&#8221;default&#8221; header_font=&#8221;|700|||||||&#8221; header_font_size=&#8221;38px&#8221; header_letter_spacing=&#8221;1px&#8221; header_line_height=&#8221;1.8em&#8221; width_tablet=&#8221;100%&#8221; width_phone=&#8221;&#8221; width_last_edited=&#8221;on|phone&#8221; custom_margin=&#8221;||0px||false|false&#8221; custom_padding=&#8221;||0px||false|false&#8221; global_colors_info=&#8221;{}&#8221;]<\/p>\n<h1 style=\"text-align: center;\">Johtajan rekrytointi &#8211; miten auttaa johtaja nopeasti alkuun?<\/h1>\n<p>[\/et_pb_text][et_pb_divider color=&#8221;#1EAEE2&#8243; divider_weight=&#8221;6px&#8221; _builder_version=&#8221;4.16&#8243; _module_preset=&#8221;default&#8221; width=&#8221;30%&#8221; module_alignment=&#8221;center&#8221; custom_margin=&#8221;0px||0px||false|false&#8221; custom_padding=&#8221;0px||1rem||false|false&#8221; global_colors_info=&#8221;{}&#8221;][\/et_pb_divider][et_pb_image src=&#8221;https:\/\/www.compasshrg.com\/wp-content\/uploads\/2022\/11\/Compass-hrg_employers-scaled-1.webp&#8221; alt=&#8221;johtajan rekrytointi voi olla vaikeaa&#8221; title_text=&#8221;Compass-hrg_employers-scaled&#8221; align=&#8221;center&#8221; _builder_version=&#8221;4.18.0&#8243; _module_preset=&#8221;default&#8221; global_colors_info=&#8221;{}&#8221;][\/et_pb_image][et_pb_text _builder_version=&#8221;4.18.0&#8243; _module_preset=&#8221;default&#8221; header_font=&#8221;Lato||||||||&#8221; header_text_color=&#8221;#1EAEE2&#8243; header_font_size=&#8221;32px&#8221; header_2_font=&#8221;|600|||||||&#8221; header_2_text_color=&#8221;#1EAEE2&#8243; width=&#8221;750px&#8221; width_tablet=&#8221;100%&#8221; width_phone=&#8221;&#8221; width_last_edited=&#8221;on|tablet&#8221; module_alignment=&#8221;center&#8221; global_colors_info=&#8221;{}&#8221;]<\/p>\n<h2>Miten uutta johtajaa autetaan nopeaan tuloksen tekoon?<\/h2>\n<p>[\/et_pb_text][et_pb_text _builder_version=&#8221;4.18.0&#8243; _module_preset=&#8221;default&#8221; header_2_font=&#8221;|600|||||||&#8221; header_2_text_color=&#8221;#1EAEE2&#8243; width=&#8221;750px&#8221; width_tablet=&#8221;100%&#8221; width_phone=&#8221;&#8221; width_last_edited=&#8221;on|tablet&#8221; module_alignment=&#8221;center&#8221; global_colors_info=&#8221;{}&#8221;]<\/p>\n<p><em>Suurimmalla osalla johtajista kuluu puoli vuotta ennen kuin he saavat tuloksia aikaiseksi. Hyv\u00e4ll\u00e4 perehdytyksell\u00e4 tuota aikaa voi leikata jopa kuukausilla. Lue alta, mihin suosittelemme, ett\u00e4 keskitytte uuden johtajan perehdytyksess\u00e4!<\/em><\/p>\n<p>Johtajan rekrytointi on iso investointi mille tahansa yritykselle. Roolit ovat yleens\u00e4 vaativia ja niihin perehtymiseen menee oma aikansa. Samaan aikaan kollegat odottavat jo, alkaako uusi johtaja tuottamaan tuloksia. Johtaja saa kuitenkin harvoin asioita aikaan muutamassa kuukaudessa.<\/p>\n<p><a href=\"https:\/\/hbr.org\/2017\/05\/onboarding-isnt-enough\">57% johtajista<\/a> sanoi, ett\u00e4 heill\u00e4 kesti kuusi kuukautta uudessa positiossa ennen kuin tuloksia aikaiseksi. Harvard Business Review\u2019n mukaan tuota aikaa voidaan v\u00e4hent\u00e4\u00e4 kuudesta nelj\u00e4\u00e4n kuukauteen perehdytt\u00e4m\u00e4ll\u00e4 uusi johtaja paremmin yritykseen.<\/p>\n<p>Perehdytys ei kuitenkaan tunnu olevan arkip\u00e4iv\u00e4\u00e4 monessakaan yrityksess\u00e4. Vain 30% johtajista sanoo, ett\u00e4 he kokivat saaneensa tukea ja perehdytyst\u00e4 heid\u00e4n uusimmassa positiossaan. Samaan aikaan 81% niist\u00e4, jotka osallistuivat jonkinlaiseen perehdytys- tai onboarding-ohjelmaan sanoivat ohjelman olleen palkitseva.<\/p>\n<p>[\/et_pb_text][et_pb_text _builder_version=&#8221;4.18.0&#8243; _module_preset=&#8221;default&#8221; header_2_font=&#8221;|600|||||||&#8221; header_2_text_color=&#8221;#1EAEE2&#8243; width=&#8221;750px&#8221; width_tablet=&#8221;100%&#8221; width_phone=&#8221;&#8221; width_last_edited=&#8221;on|tablet&#8221; module_alignment=&#8221;center&#8221; global_colors_info=&#8221;{}&#8221;]<\/p>\n<h2>N\u00e4in siivit\u00e4t uuden johtajan tiet\u00e4 kohti tuloksia<\/h2>\n<p>Johtajan perehdytt\u00e4misell\u00e4 tarkoitetaan sen oivalluksen ja ymm\u00e4rryksen rakentamista, joka luo perustan tehokkaalle johtajuudelle. Yksi osa perehdytt\u00e4mist\u00e4 on rakentaa ymm\u00e4rrys tiimin toiminnasta, yrityskulttuurista sek\u00e4 t\u00e4rkeimmist\u00e4 sis\u00e4isist\u00e4 sidosryhmist\u00e4. Toinen osa perehdytt\u00e4mist\u00e4 on ymm\u00e4rrys siit\u00e4, millainen vaikutus johtajan on saatava aikaan, ja miten johtajan henkil\u00f6kohtaiset ominaisuudet tukevat tai eiv\u00e4t tue tavoitetta.<\/p>\n<p>Perehdytt\u00e4misen tavoitteena on saada johtaja tekem\u00e4\u00e4n oikeat ja tarpeelliset p\u00e4\u00e4t\u00f6kset nopeammin \u2013 eli johtaa tehokkaasti.<\/p>\n<p>Compass HRG:n sisaryhti\u00f6, People &amp; Performance on identifioinut viisi avainteema, joita johtajan tulisi mietti\u00e4 &#8211; varmasti my\u00f6s yhdess\u00e4 muun johtoryhm\u00e4n kanssa.<\/p>\n<ol>\n<li style=\"list-style-type: none;\">\n<ol>\n<li>Millaista uutta kyvykkyytt\u00e4 johtaja tuo mukanaan?<\/li>\n<li>Mitk\u00e4 osat organisaation kulttuurista tukevat tulosten tekoa, ja mit\u00e4 osia tulisi kehitt\u00e4\u00e4?<\/li>\n<li>Miten k\u00e4ytt\u00e4\u00e4 henkil\u00f6kohtaista johtajuutta, ja miten v\u00e4lt\u00e4t harhautumasta irrelevantteihin asioihin?<\/li>\n<li>Mitk\u00e4 ovat johtajan t\u00e4rkeimm\u00e4t sidosryhm\u00e4t ja miten heihin vaikutetaan?<\/li>\n<li>Miten johtaja voi vapauttaa tiimins\u00e4 potentiaalin?<\/li>\n<\/ol>\n<\/li>\n<\/ol>\n<p>Kaiken perehdytt\u00e4misen ytimess\u00e4 on jatkuva keskustelu, joka varmistaa, ett\u00e4 puolin ja toisin on selv\u00e4\u00e4, mit\u00e4 uuden henkil\u00f6n odotetaan tekev\u00e4n ja saavuttavan. Kannattaa muistaa, ett\u00e4 yrityksenne yleinen perehdytysohjelma ei sellaisenaan yleens\u00e4 sovi johtajan k\u00e4ytt\u00f6\u00f6n. Johtajan perehdytyksess\u00e4 vaaditaan normaaliakin enemm\u00e4n pitk\u00e4j\u00e4nteisyytt\u00e4 ja ennen kaikkea johtajan itsereflektiota: mit\u00e4 haluan saavuttaa, miten sen saavutan ja millaisessa ymp\u00e4rist\u00f6ss\u00e4 toimin.<\/p>\n<h2>Mik\u00e4 maksaa? Miksi johtajilla kest\u00e4\u00e4 tovi saada aikaan tuloksia?<\/h2>\n<p>Johtaja on yleens\u00e4 oman alansa substanssiosaaja. Myyntijohtaja osaa asettaa insentiivit ja ohjata myyji\u00e4 oikeaan suuntaan, talousjohtaja n\u00e4kee yhdell\u00e4 silm\u00e4yksell\u00e4 numeroista yrityksen suunnan ja tehostamisen paikat.<\/p>\n<p>Harva johtaja on kuitenkaan organisaatiokulttuurin syv\u00e4osaaja. Harvard Business Review\u2019n mukaan 69% johtajista sanoi kokevansa hankalaksi ymm\u00e4rt\u00e4\u00e4, miten organisaatio oikeasti toimii. T\u00e4m\u00e4 ei liity puutteisiin johtajien substanssiosaamisessa, vaan enemm\u00e4n organisaation kulttuurin, sis\u00e4isten poliittisten vaikutteiden ymm\u00e4rt\u00e4miseen sek\u00e4 eri ryhmien dynamiikan ymm\u00e4rt\u00e4miseen. 89% johtajista toivoikin juuri n\u00e4ihen teemoihin apua aloittaessaan uudessa roolissa.<\/p>\n<h2>Johtajan rekrytointi &#8211; panostus perehdytykseen kiinnostaa ehdokkaita<\/h2>\n<p>Parhaista johtajista on kova kilpailu ja yritysten t\u00e4ytyy oikeasti markkinoida itse\u00e4\u00e4n, jotta heid\u00e4t koetaan mielenkiintoisena potentiaalisena ty\u00f6nantajana. Yksi erottautumiskeino on oikeasti panostaa johtajan perehdytykseen ja tukea johtajan alkutaipaletta yrityksess\u00e4.<\/p>\n<p>Ty\u00f6paikan vaihtaminen on stressaavaa ja eri yrityksi\u00e4 vertaillessa oikeasti hyv\u00e4 tuki perehdytyksen muodossa voi olla todellinen valttikortti. Osoittamalla, ett\u00e4 yrityksenne tunnistaa johtajan ensimm\u00e4isten askelien haasteet ja ett\u00e4 olette valmiita tukemaan uutta johtajaa h\u00e4nen polullaan, her\u00e4t\u00e4tte varmasti mielenkiinnon!<\/p>\n<p>Mik\u00e4li haluaisit keskustella lis\u00e4\u00e4 Compassin mahdollisuuksista <a href=\"https:\/\/www.compasshrg.com\/fi\/johdon-suorahaku\/\">johdon suorahaussa<\/a> sek\u00e4 uuden johtajan aloituksen tukemisessa, <a href=\"https:\/\/www.compasshrg.com\/fi\/yhteydenotto\/\">ole yhteydess\u00e4!<\/a><\/p>\n<p>&nbsp;<\/p>\n<p>[\/et_pb_text][\/et_pb_column][\/et_pb_row][\/et_pb_section]<\/p>\n","protected":false},"excerpt":{"rendered":"<p>Johtajan rekrytointi &#8211; miten auttaa johtaja nopeasti alkuun?Miten uutta johtajaa autetaan nopeaan tuloksen tekoon?Suurimmalla osalla johtajista kuluu puoli vuotta ennen kuin he saavat tuloksia aikaiseksi. Hyv\u00e4ll\u00e4 perehdytyksell\u00e4 tuota aikaa voi leikata jopa kuukausilla. Lue alta, mihin suosittelemme, ett\u00e4 keskitytte uuden johtajan perehdytyksess\u00e4! Johtajan rekrytointi on iso investointi mille tahansa yritykselle. Roolit ovat yleens\u00e4 vaativia ja niihin perehtymiseen menee oma aikansa. Samaan aikaan kollegat odottavat jo, alkaako uusi johtaja tuottamaan tuloksia. Johtaja saa kuitenkin harvoin asioita aikaan muutamassa kuukaudessa. 57% johtajista sanoi, ett\u00e4 heill\u00e4 kesti kuusi kuukautta uudessa positiossa ennen kuin tuloksia aikaiseksi. Harvard Business Review\u2019n mukaan tuota aikaa voidaan v\u00e4hent\u00e4\u00e4 kuudesta nelj\u00e4\u00e4n kuukauteen perehdytt\u00e4m\u00e4ll\u00e4 uusi johtaja paremmin yritykseen. Perehdytys ei kuitenkaan tunnu olevan arkip\u00e4iv\u00e4\u00e4 monessakaan yrityksess\u00e4. Vain 30% johtajista sanoo, ett\u00e4 he kokivat saaneensa tukea ja perehdytyst\u00e4 heid\u00e4n uusimmassa positiossaan. Samaan aikaan 81% niist\u00e4, jotka osallistuivat jonkinlaiseen perehdytys- tai onboarding-ohjelmaan sanoivat ohjelman olleen palkitseva.N\u00e4in siivit\u00e4t uuden johtajan tiet\u00e4 kohti tuloksia Johtajan perehdytt\u00e4misell\u00e4 tarkoitetaan sen oivalluksen ja ymm\u00e4rryksen rakentamista, joka luo perustan tehokkaalle johtajuudelle. Yksi osa perehdytt\u00e4mist\u00e4 on rakentaa ymm\u00e4rrys tiimin toiminnasta, yrityskulttuurista sek\u00e4 t\u00e4rkeimmist\u00e4 sis\u00e4isist\u00e4 sidosryhmist\u00e4. Toinen osa perehdytt\u00e4mist\u00e4 on ymm\u00e4rrys siit\u00e4, millainen vaikutus johtajan on saatava aikaan, ja miten johtajan henkil\u00f6kohtaiset ominaisuudet tukevat tai eiv\u00e4t tue tavoitetta. Perehdytt\u00e4misen tavoitteena [&hellip;]<\/p>\n","protected":false},"author":3,"featured_media":0,"parent":42773,"menu_order":0,"comment_status":"closed","ping_status":"closed","template":"","meta":{"_acf_changed":false,"_et_pb_use_builder":"on","_et_pb_old_content":"","_et_gb_content_width":"","om_disable_all_campaigns":false,"inline_featured_image":false,"_uf_show_specific_survey":0,"_uf_disable_surveys":false,"footnotes":""},"class_list":["post-245541","page","type-page","status-publish","hentry"],"acf":[],"yoast_head":"<!-- This site is optimized with the Yoast SEO plugin v27.1.1 - https:\/\/yoast.com\/product\/yoast-seo-wordpress\/ -->\n<title>Johtajan rekrytointi - miten auttaa johtaja nopeasti alkuun?<\/title>\n<meta name=\"description\" content=\"Johtajan rekrytointi on iso investointi mille tahansa yritykselle. Lue, miten saat johtajan nopeasti mukaan yrityksenne tuloksen tekoon.\" \/>\n<meta name=\"robots\" content=\"index, follow, max-snippet:-1, max-image-preview:large, max-video-preview:-1\" \/>\n<link rel=\"canonical\" href=\"https:\/\/www.compasshrg.com\/fi\/palvelut\/rekrytointi\/johtajan-rekrytointi\/\" \/>\n<meta property=\"og:locale\" content=\"fi_FI\" \/>\n<meta property=\"og:type\" content=\"article\" \/>\n<meta property=\"og:title\" content=\"Johtajan rekrytointi - miten auttaa johtaja nopeasti alkuun?\" \/>\n<meta property=\"og:description\" content=\"Johtajan rekrytointi on iso investointi mille tahansa yritykselle. Lue, miten saat johtajan nopeasti mukaan yrityksenne tuloksen tekoon.\" \/>\n<meta property=\"og:url\" content=\"https:\/\/www.compasshrg.com\/fi\/palvelut\/rekrytointi\/johtajan-rekrytointi\/\" \/>\n<meta property=\"og:site_name\" content=\"Compass HRG\" \/>\n<meta property=\"article:publisher\" content=\"https:\/\/www.facebook.com\/compasshrgdk\" \/>\n<meta property=\"article:modified_time\" content=\"2024-01-30T11:35:39+00:00\" \/>\n<meta name=\"twitter:card\" content=\"summary_large_image\" \/>\n<meta name=\"twitter:label1\" content=\"Arvioitu lukuaika\" \/>\n\t<meta name=\"twitter:data1\" content=\"4 minuuttia\" \/>\n<script type=\"application\/ld+json\" class=\"yoast-schema-graph\">{\"@context\":\"https:\/\/schema.org\",\"@graph\":[{\"@type\":\"WebPage\",\"@id\":\"https:\/\/www.compasshrg.com\/fi\/palvelut\/rekrytointi\/johtajan-rekrytointi\/\",\"url\":\"https:\/\/www.compasshrg.com\/fi\/palvelut\/rekrytointi\/johtajan-rekrytointi\/\",\"name\":\"Johtajan rekrytointi - miten auttaa johtaja nopeasti alkuun?\",\"isPartOf\":{\"@id\":\"https:\/\/www.compasshrg.com\/fi\/#website\"},\"datePublished\":\"2022-11-04T07:43:39+00:00\",\"dateModified\":\"2024-01-30T11:35:39+00:00\",\"description\":\"Johtajan rekrytointi on iso investointi mille tahansa yritykselle. Lue, miten saat johtajan nopeasti mukaan yrityksenne tuloksen tekoon.\",\"breadcrumb\":{\"@id\":\"https:\/\/www.compasshrg.com\/fi\/palvelut\/rekrytointi\/johtajan-rekrytointi\/#breadcrumb\"},\"inLanguage\":\"fi\",\"potentialAction\":[{\"@type\":\"ReadAction\",\"target\":[\"https:\/\/www.compasshrg.com\/fi\/palvelut\/rekrytointi\/johtajan-rekrytointi\/\"]}]},{\"@type\":\"BreadcrumbList\",\"@id\":\"https:\/\/www.compasshrg.com\/fi\/palvelut\/rekrytointi\/johtajan-rekrytointi\/#breadcrumb\",\"itemListElement\":[{\"@type\":\"ListItem\",\"position\":1,\"name\":\"Compass HRG\",\"item\":\"https:\/\/www.compasshrg.com\/fi\/\"},{\"@type\":\"ListItem\",\"position\":2,\"name\":\"Rekrytointi\",\"item\":\"https:\/\/www.compasshrg.com\/fi\/rekrytointi\/\"},{\"@type\":\"ListItem\",\"position\":3,\"name\":\"Miten uutta johtajaa autetaan nopeaan tuloksen tekoon?\"}]},{\"@type\":\"WebSite\",\"@id\":\"https:\/\/www.compasshrg.com\/fi\/#website\",\"url\":\"https:\/\/www.compasshrg.com\/fi\/\",\"name\":\"Compass HRG\",\"description\":\"Your HR Service Partner\",\"publisher\":{\"@id\":\"https:\/\/www.compasshrg.com\/fi\/#organization\"},\"potentialAction\":[{\"@type\":\"SearchAction\",\"target\":{\"@type\":\"EntryPoint\",\"urlTemplate\":\"https:\/\/www.compasshrg.com\/fi\/?s={search_term_string}\"},\"query-input\":{\"@type\":\"PropertyValueSpecification\",\"valueRequired\":true,\"valueName\":\"search_term_string\"}}],\"inLanguage\":\"fi\"},{\"@type\":\"Organization\",\"@id\":\"https:\/\/www.compasshrg.com\/fi\/#organization\",\"name\":\"Compass HRG\",\"url\":\"https:\/\/www.compasshrg.com\/fi\/\",\"logo\":{\"@type\":\"ImageObject\",\"inLanguage\":\"fi\",\"@id\":\"https:\/\/www.compasshrg.com\/fi\/#\/schema\/logo\/image\/\",\"url\":\"\",\"contentUrl\":\"\",\"caption\":\"Compass HRG\"},\"image\":{\"@id\":\"https:\/\/www.compasshrg.com\/fi\/#\/schema\/logo\/image\/\"},\"sameAs\":[\"https:\/\/www.facebook.com\/compasshrgdk\"]}]}<\/script>\n<!-- \/ Yoast SEO plugin. -->","yoast_head_json":{"title":"Johtajan rekrytointi - miten auttaa johtaja nopeasti alkuun?","description":"Johtajan rekrytointi on iso investointi mille tahansa yritykselle. Lue, miten saat johtajan nopeasti mukaan yrityksenne tuloksen tekoon.","robots":{"index":"index","follow":"follow","max-snippet":"max-snippet:-1","max-image-preview":"max-image-preview:large","max-video-preview":"max-video-preview:-1"},"canonical":"https:\/\/www.compasshrg.com\/fi\/palvelut\/rekrytointi\/johtajan-rekrytointi\/","og_locale":"fi_FI","og_type":"article","og_title":"Johtajan rekrytointi - miten auttaa johtaja nopeasti alkuun?","og_description":"Johtajan rekrytointi on iso investointi mille tahansa yritykselle. Lue, miten saat johtajan nopeasti mukaan yrityksenne tuloksen tekoon.","og_url":"https:\/\/www.compasshrg.com\/fi\/palvelut\/rekrytointi\/johtajan-rekrytointi\/","og_site_name":"Compass HRG","article_publisher":"https:\/\/www.facebook.com\/compasshrgdk","article_modified_time":"2024-01-30T11:35:39+00:00","twitter_card":"summary_large_image","twitter_misc":{"Arvioitu lukuaika":"4 minuuttia"},"schema":{"@context":"https:\/\/schema.org","@graph":[{"@type":"WebPage","@id":"https:\/\/www.compasshrg.com\/fi\/palvelut\/rekrytointi\/johtajan-rekrytointi\/","url":"https:\/\/www.compasshrg.com\/fi\/palvelut\/rekrytointi\/johtajan-rekrytointi\/","name":"Johtajan rekrytointi - miten auttaa johtaja nopeasti alkuun?","isPartOf":{"@id":"https:\/\/www.compasshrg.com\/fi\/#website"},"datePublished":"2022-11-04T07:43:39+00:00","dateModified":"2024-01-30T11:35:39+00:00","description":"Johtajan rekrytointi on iso investointi mille tahansa yritykselle. Lue, miten saat johtajan nopeasti mukaan yrityksenne tuloksen tekoon.","breadcrumb":{"@id":"https:\/\/www.compasshrg.com\/fi\/palvelut\/rekrytointi\/johtajan-rekrytointi\/#breadcrumb"},"inLanguage":"fi","potentialAction":[{"@type":"ReadAction","target":["https:\/\/www.compasshrg.com\/fi\/palvelut\/rekrytointi\/johtajan-rekrytointi\/"]}]},{"@type":"BreadcrumbList","@id":"https:\/\/www.compasshrg.com\/fi\/palvelut\/rekrytointi\/johtajan-rekrytointi\/#breadcrumb","itemListElement":[{"@type":"ListItem","position":1,"name":"Compass HRG","item":"https:\/\/www.compasshrg.com\/fi\/"},{"@type":"ListItem","position":2,"name":"Rekrytointi","item":"https:\/\/www.compasshrg.com\/fi\/rekrytointi\/"},{"@type":"ListItem","position":3,"name":"Miten uutta johtajaa autetaan nopeaan tuloksen tekoon?"}]},{"@type":"WebSite","@id":"https:\/\/www.compasshrg.com\/fi\/#website","url":"https:\/\/www.compasshrg.com\/fi\/","name":"Compass HRG","description":"Your HR Service Partner","publisher":{"@id":"https:\/\/www.compasshrg.com\/fi\/#organization"},"potentialAction":[{"@type":"SearchAction","target":{"@type":"EntryPoint","urlTemplate":"https:\/\/www.compasshrg.com\/fi\/?s={search_term_string}"},"query-input":{"@type":"PropertyValueSpecification","valueRequired":true,"valueName":"search_term_string"}}],"inLanguage":"fi"},{"@type":"Organization","@id":"https:\/\/www.compasshrg.com\/fi\/#organization","name":"Compass HRG","url":"https:\/\/www.compasshrg.com\/fi\/","logo":{"@type":"ImageObject","inLanguage":"fi","@id":"https:\/\/www.compasshrg.com\/fi\/#\/schema\/logo\/image\/","url":"","contentUrl":"","caption":"Compass HRG"},"image":{"@id":"https:\/\/www.compasshrg.com\/fi\/#\/schema\/logo\/image\/"},"sameAs":["https:\/\/www.facebook.com\/compasshrgdk"]}]}},"_links":{"self":[{"href":"https:\/\/www.compasshrg.com\/fi\/wp-json\/wp\/v2\/pages\/245541","targetHints":{"allow":["GET"]}}],"collection":[{"href":"https:\/\/www.compasshrg.com\/fi\/wp-json\/wp\/v2\/pages"}],"about":[{"href":"https:\/\/www.compasshrg.com\/fi\/wp-json\/wp\/v2\/types\/page"}],"author":[{"embeddable":true,"href":"https:\/\/www.compasshrg.com\/fi\/wp-json\/wp\/v2\/users\/3"}],"replies":[{"embeddable":true,"href":"https:\/\/www.compasshrg.com\/fi\/wp-json\/wp\/v2\/comments?post=245541"}],"version-history":[{"count":10,"href":"https:\/\/www.compasshrg.com\/fi\/wp-json\/wp\/v2\/pages\/245541\/revisions"}],"predecessor-version":[{"id":263771,"href":"https:\/\/www.compasshrg.com\/fi\/wp-json\/wp\/v2\/pages\/245541\/revisions\/263771"}],"up":[{"embeddable":true,"href":"https:\/\/www.compasshrg.com\/fi\/wp-json\/wp\/v2\/pages\/42773"}],"wp:attachment":[{"href":"https:\/\/www.compasshrg.com\/fi\/wp-json\/wp\/v2\/media?parent=245541"}],"curies":[{"name":"wp","href":"https:\/\/api.w.org\/{rel}","templated":true}]}}