{"id":270376,"date":"2024-07-01T11:41:43","date_gmt":"2024-07-01T09:41:43","guid":{"rendered":"https:\/\/www.compasshrg.com\/?page_id=270376"},"modified":"2026-01-14T12:33:50","modified_gmt":"2026-01-14T11:33:50","slug":"ladattavat-materiaalit","status":"publish","type":"page","link":"https:\/\/www.compasshrg.com\/fi\/ladattavat-materiaalit\/","title":{"rendered":"Ladattavat materiaalit"},"content":{"rendered":"<p>[et_pb_section fb_built=&#8221;1&#8243; _builder_version=&#8221;4.25.2&#8243; _module_preset=&#8221;3bd0c8b5-5eee-4a10-8752-3d3fd0ca5f34&#8243; background_image=&#8221;https:\/\/www.compasshrg.com\/wp-content\/uploads\/2024\/07\/ESG-baerekraft.webp&#8221; global_colors_info=&#8221;{}&#8221;][et_pb_row _builder_version=&#8221;4.23.1&#8243; _module_preset=&#8221;default&#8221; global_colors_info=&#8221;{}&#8221;][et_pb_column type=&#8221;4_4&#8243; _builder_version=&#8221;4.23.1&#8243; _module_preset=&#8221;default&#8221; global_colors_info=&#8221;{}&#8221;][et_pb_text _builder_version=&#8221;4.23.1&#8243; _module_preset=&#8221;412f3840-30ae-47e3-b197-7251e39a6048&#8243; max_width=&#8221;50%&#8221; max_width_tablet=&#8221;100%&#8221; max_width_phone=&#8221;100%&#8221; max_width_last_edited=&#8221;on|phone&#8221; global_colors_info=&#8221;{}&#8221;]<\/p>\n<h5>ASIANTUNTEVAA N\u00c4KEMYST\u00c4 JOHDON REKRYTOINNISTA<\/h5>\n<h1>Ladattavat materiaalit<\/h1>\n<p>Kaipaatko ajankohtaista ja\u00a0 asiantuntevaa n\u00e4kemyst\u00e4 asiantuntijoiden ja johdon rekrytoinnin maailmasta. Tutustu ladattaviin materiaaleihimme alta.<\/p>\n<p>[\/et_pb_text][\/et_pb_column][\/et_pb_row][\/et_pb_section][et_pb_section fb_built=&#8221;1&#8243; _builder_version=&#8221;4.24.2&#8243; _module_preset=&#8221;default&#8221; background_color=&#8221;#E8F7FC&#8221; background_enable_color=&#8221;on&#8221; global_colors_info=&#8221;{}&#8221;][et_pb_row column_structure=&#8221;1_2,1_2&#8243; _builder_version=&#8221;4.24.2&#8243; _module_preset=&#8221;default&#8221; global_colors_info=&#8221;{}&#8221;][et_pb_column type=&#8221;1_2&#8243; _builder_version=&#8221;4.24.2&#8243; _module_preset=&#8221;default&#8221; global_colors_info=&#8221;{}&#8221;][et_pb_text admin_label=&#8221;Text&#8221; _builder_version=&#8221;4.27.5&#8243; _module_preset=&#8221;58e03bbe-09f9-4131-90f8-1da173bab908&#8243; hover_enabled=&#8221;0&#8243; global_colors_info=&#8221;{}&#8221; sticky_enabled=&#8221;0&#8243;]<\/p>\n<h1 class=\"entry-title\">Ensimm\u00e4iset 90 p\u00e4iv\u00e4\u00e4 \u2013 miten onnistunut onboarding toteutetaan?<\/h1>\n<p>Ensimm\u00e4iset 90 p\u00e4iv\u00e4\u00e4 uudessa roolissa ovat ratkaisevat. T\u00e4n\u00e4 aikana rakentuu luottamus, m\u00e4\u00e4rittyy suunta ja syntyv\u00e4t ensimm\u00e4iset tulokset. Vaikka osaaminen olisi vahvaa, selkeyden ja tuen puute voi hidastaa aloitusta.<\/p>\n<p>Pidimme syksyll\u00e4 2025 aiheesta webinaarin, jossa\u00a0jaoimme n\u00e4k\u00f6kulmia Compass HRG:n ja Positive Groupin Onboarding Coaching -ohjelmasta:<\/p>\n<ul>\n<li>Miksi perinteinen perehdytys ei en\u00e4\u00e4 riit\u00e4<\/li>\n<li>Miten coaching tukee onnistumista ensimm\u00e4isten 90 p\u00e4iv\u00e4n aikana<\/li>\n<li>Miten organisaatio hy\u00f6tyy onnistuneesta aloituksesta<\/li>\n<\/ul>\n<p>T\u00e4st\u00e4 saat ladattua Onboarding Coaching -webinaarin esitysmateriaalin.<\/p>\n<p>&nbsp;<\/p>\n<p>[\/et_pb_text][\/et_pb_column][et_pb_column type=&#8221;1_2&#8243; _builder_version=&#8221;4.24.2&#8243; _module_preset=&#8221;default&#8221; global_colors_info=&#8221;{}&#8221;][et_pb_image src=&#8221;https:\/\/www.compasshrg.com\/wp-content\/uploads\/2025\/05\/compass_fi_jobseeker_toffe-1.jpg&#8221; title_text=&#8221;compass_fi_jobseeker_toffe&#8221; _builder_version=&#8221;4.27.5&#8243; _module_preset=&#8221;default&#8221; max_width=&#8221;300px&#8221; module_alignment=&#8221;center&#8221; custom_margin=&#8221;||1rem||false|false&#8221; custom_padding=&#8221;||||false|false&#8221; global_colors_info=&#8221;{}&#8221;][\/et_pb_image][et_pb_button button_url=&#8221;https:\/\/info.compasshrg.com\/onboarding-coaching-webinaari&#8221; button_text=&#8221;Lataa opas&#8221; button_alignment=&#8221;center&#8221; _builder_version=&#8221;4.27.5&#8243; _module_preset=&#8221;0b42114b-4eae-44d0-b289-9382e7907bd4&#8243; global_colors_info=&#8221;{}&#8221;][\/et_pb_button][\/et_pb_column][\/et_pb_row][et_pb_row column_structure=&#8221;1_2,1_2&#8243; _builder_version=&#8221;4.24.2&#8243; _module_preset=&#8221;default&#8221; global_colors_info=&#8221;{}&#8221;][et_pb_column type=&#8221;1_2&#8243; _builder_version=&#8221;4.24.2&#8243; _module_preset=&#8221;default&#8221; global_colors_info=&#8221;{}&#8221;][et_pb_text admin_label=&#8221;Text&#8221; _builder_version=&#8221;4.24.2&#8243; _module_preset=&#8221;58e03bbe-09f9-4131-90f8-1da173bab908&#8243; global_colors_info=&#8221;{}&#8221;]<\/p>\n<h5><\/h5>\n<h1>Miten vastuullisuus ja monimuotoisuus <br \/>n\u00e4kyv\u00e4t johtoryhmiss\u00e4?<\/h1>\n<p>Vastuullisuus ja monimuotoisuus her\u00e4tt\u00e4v\u00e4t nyt paljon keskustelua yrityksiss\u00e4 ymp\u00e4ri maailman. Vaikka taloudessa saattaa olla turbulenssia, ei kisa osaajista ole kadonnut. Yritykset tekev\u00e4tkin investointeja vastuullisuuteen ja monimuotoisuuteen juuri houkutellakseen osaajia, mutta samalla n\u00e4ill\u00e4 teemoilla on vaikutusta my\u00f6s tuloksentekokykyyn ja innovaatioihin. <\/p>\n<p>Compass HRG teki selvityst\u00e4 suomalaisten p\u00f6rssiyritysten johtoryhmien kokoonpanosta. Halusimme ymm\u00e4rt\u00e4\u00e4 paremmin, miten vastuullisuus ja monimuotoisuus n\u00e4kyv\u00e4t suomalaisten p\u00f6rssiyritysten johtoryhmiss\u00e4. Tulokset perustuvat 138 p\u00f6rssinoteeratun suomalaisyrityksen julkiseen dataan.<\/p>\n<p>[\/et_pb_text][\/et_pb_column][et_pb_column type=&#8221;1_2&#8243; _builder_version=&#8221;4.24.2&#8243; _module_preset=&#8221;default&#8221; global_colors_info=&#8221;{}&#8221;][et_pb_image src=&#8221;https:\/\/www.compasshrg.com\/wp-content\/uploads\/2024\/07\/vastuullisuus.jpg&#8221; title_text=&#8221;vastuullisuus&#8221; _builder_version=&#8221;4.25.2&#8243; _module_preset=&#8221;default&#8221; max_width=&#8221;300px&#8221; module_alignment=&#8221;center&#8221; custom_margin=&#8221;||1rem||false|false&#8221; custom_padding=&#8221;||||false|false&#8221; global_colors_info=&#8221;{}&#8221;][\/et_pb_image][et_pb_button button_url=&#8221;https:\/\/info.compasshrg.com\/onboardingcoaching&#8221; button_text=&#8221;Lataa opas&#8221; button_alignment=&#8221;center&#8221; _builder_version=&#8221;4.27.5&#8243; _module_preset=&#8221;0b42114b-4eae-44d0-b289-9382e7907bd4&#8243; global_colors_info=&#8221;{}&#8221;][\/et_pb_button][\/et_pb_column][\/et_pb_row][et_pb_row column_structure=&#8221;1_2,1_2&#8243; _builder_version=&#8221;4.24.2&#8243; _module_preset=&#8221;default&#8221; global_colors_info=&#8221;{}&#8221;][et_pb_column type=&#8221;1_2&#8243; _builder_version=&#8221;4.24.2&#8243; _module_preset=&#8221;default&#8221; global_colors_info=&#8221;{}&#8221;][et_pb_text _builder_version=&#8221;4.24.2&#8243; _module_preset=&#8221;58e03bbe-09f9-4131-90f8-1da173bab908&#8243; custom_padding=&#8221;||4px|||&#8221; global_colors_info=&#8221;{}&#8221;]<\/p>\n<h1>Onnistunut rekrytointi \u2013 Mit\u00e4 ty\u00f6ntekij\u00e4t todella haluavat?<\/h1>\n<p>Rekrytointiprosessi on ensimm\u00e4inen askel yrityksen ja ty\u00f6nhakijan v\u00e4lisess\u00e4 suhteessa. Onnistumiset ja ep\u00e4onnistumiset prosessissa voivat kantaa pitk\u00e4lle. Millainen on onnistunut rekrytointiprosessi ja mik\u00e4 saa ihmiset juuri nyt harkitsemaan ty\u00f6paikan vaihtoa? T\u00e4t\u00e4 kysyimme 190 vastaajalta, jotka ovat osallistuneet Compass HRG:n rekrytointiprosessiin.<\/p>\n<p>[\/et_pb_text][\/et_pb_column][et_pb_column type=&#8221;1_2&#8243; _builder_version=&#8221;4.24.2&#8243; _module_preset=&#8221;default&#8221; global_colors_info=&#8221;{}&#8221;][et_pb_image src=&#8221;https:\/\/www.compasshrg.com\/wp-content\/uploads\/2024\/07\/onnistunut-rekry.jpg&#8221; title_text=&#8221;onnistunut rekry&#8221; _builder_version=&#8221;4.25.2&#8243; _module_preset=&#8221;default&#8221; max_width=&#8221;300px&#8221; module_alignment=&#8221;center&#8221; custom_margin=&#8221;||1rem||false|false&#8221; custom_padding=&#8221;||||false|false&#8221; global_colors_info=&#8221;{}&#8221;][\/et_pb_image][et_pb_button button_url=&#8221;https:\/\/info.compasshrg.com\/onnistunut-rekrytointi-whitepaper&#8221; button_text=&#8221;Lataa opas&#8221; button_alignment=&#8221;center&#8221; _builder_version=&#8221;4.25.2&#8243; _module_preset=&#8221;0b42114b-4eae-44d0-b289-9382e7907bd4&#8243; global_colors_info=&#8221;{}&#8221;][\/et_pb_button][\/et_pb_column][\/et_pb_row][et_pb_row column_structure=&#8221;1_2,1_2&#8243; _builder_version=&#8221;4.24.2&#8243; _module_preset=&#8221;default&#8221; global_colors_info=&#8221;{}&#8221;][et_pb_column type=&#8221;1_2&#8243; _builder_version=&#8221;4.24.2&#8243; _module_preset=&#8221;default&#8221; global_colors_info=&#8221;{}&#8221;][et_pb_text _builder_version=&#8221;4.24.2&#8243; _module_preset=&#8221;58e03bbe-09f9-4131-90f8-1da173bab908&#8243; global_colors_info=&#8221;{}&#8221;]<\/p>\n<h1>Monimuotoisuus organisaatiossa<\/h1>\n<p>Kova pula asiantuntijoista on johtanut monet organisaatiot miettim\u00e4\u00e4n, miten houkutella osaajia erilaisista taustoista ja miten olla yhteis\u00f6, jossa erilaisista taustoista tulevat ihmiset viihtyv\u00e4t?<\/p>\n<p>DEI eli diversity, equality and inclusion onkin liki jokaisen HR-asiantuntijan agendalla t\u00e4ll\u00e4 hetkell\u00e4.<\/p>\n<p>[\/et_pb_text][\/et_pb_column][et_pb_column type=&#8221;1_2&#8243; _builder_version=&#8221;4.24.2&#8243; _module_preset=&#8221;default&#8221; global_colors_info=&#8221;{}&#8221;][et_pb_image src=&#8221;https:\/\/www.compasshrg.com\/wp-content\/uploads\/2024\/07\/dei.jpg&#8221; title_text=&#8221;dei&#8221; _builder_version=&#8221;4.25.2&#8243; _module_preset=&#8221;default&#8221; max_width=&#8221;300px&#8221; module_alignment=&#8221;center&#8221; custom_margin=&#8221;||1rem||false|false&#8221; custom_padding=&#8221;||||false|false&#8221; global_colors_info=&#8221;{}&#8221;][\/et_pb_image][et_pb_button button_url=&#8221;https:\/\/info.compasshrg.com\/dei-ja-monimuotoisuus-organisaatioissa&#8221; button_text=&#8221;LATAA OPAS&#8221; button_alignment=&#8221;center&#8221; _builder_version=&#8221;4.25.2&#8243; _module_preset=&#8221;0b42114b-4eae-44d0-b289-9382e7907bd4&#8243; global_colors_info=&#8221;{}&#8221;][\/et_pb_button][\/et_pb_column][\/et_pb_row][\/et_pb_section]<\/p>\n","protected":false},"excerpt":{"rendered":"<p>ASIANTUNTEVAA N\u00c4KEMYST\u00c4 JOHDON REKRYTOINNISTA Ladattavat materiaalit Kaipaatko ajankohtaista ja\u00a0 asiantuntevaa n\u00e4kemyst\u00e4 asiantuntijoiden ja johdon rekrytoinnin maailmasta. Tutustu ladattaviin materiaaleihimme alta.Ensimm\u00e4iset 90 p\u00e4iv\u00e4\u00e4 \u2013 miten onnistunut onboarding toteutetaan? Ensimm\u00e4iset 90 p\u00e4iv\u00e4\u00e4 uudessa roolissa ovat ratkaisevat. T\u00e4n\u00e4 aikana rakentuu luottamus, m\u00e4\u00e4rittyy suunta ja syntyv\u00e4t ensimm\u00e4iset tulokset. Vaikka osaaminen olisi vahvaa, selkeyden ja tuen puute voi hidastaa aloitusta. Pidimme syksyll\u00e4 2025 aiheesta webinaarin, jossa\u00a0jaoimme n\u00e4k\u00f6kulmia Compass HRG:n ja Positive Groupin Onboarding Coaching -ohjelmasta: Miksi perinteinen perehdytys ei en\u00e4\u00e4 riit\u00e4 Miten coaching tukee onnistumista ensimm\u00e4isten 90 p\u00e4iv\u00e4n aikana Miten organisaatio hy\u00f6tyy onnistuneesta aloituksesta T\u00e4st\u00e4 saat ladattua Onboarding Coaching -webinaarin esitysmateriaalin. &nbsp; Miten vastuullisuus ja monimuotoisuus n\u00e4kyv\u00e4t johtoryhmiss\u00e4? Vastuullisuus ja monimuotoisuus her\u00e4tt\u00e4v\u00e4t nyt paljon keskustelua yrityksiss\u00e4 ymp\u00e4ri maailman. Vaikka taloudessa saattaa olla turbulenssia, ei kisa osaajista ole kadonnut. Yritykset tekev\u00e4tkin investointeja vastuullisuuteen ja monimuotoisuuteen juuri houkutellakseen osaajia, mutta samalla n\u00e4ill\u00e4 teemoilla on vaikutusta my\u00f6s tuloksentekokykyyn ja innovaatioihin. Compass HRG teki selvityst\u00e4 suomalaisten p\u00f6rssiyritysten johtoryhmien kokoonpanosta. Halusimme ymm\u00e4rt\u00e4\u00e4 paremmin, miten vastuullisuus ja monimuotoisuus n\u00e4kyv\u00e4t suomalaisten p\u00f6rssiyritysten johtoryhmiss\u00e4. Tulokset perustuvat 138 p\u00f6rssinoteeratun suomalaisyrityksen julkiseen dataan.Onnistunut rekrytointi \u2013 Mit\u00e4 ty\u00f6ntekij\u00e4t todella haluavat? Rekrytointiprosessi on ensimm\u00e4inen askel yrityksen ja ty\u00f6nhakijan v\u00e4lisess\u00e4 suhteessa. Onnistumiset ja ep\u00e4onnistumiset prosessissa voivat kantaa pitk\u00e4lle. Millainen on onnistunut rekrytointiprosessi ja mik\u00e4 saa ihmiset juuri nyt [&hellip;]<\/p>\n","protected":false},"author":3,"featured_media":270503,"parent":0,"menu_order":0,"comment_status":"closed","ping_status":"closed","template":"","meta":{"_acf_changed":false,"_et_pb_use_builder":"on","_et_pb_old_content":"","_et_gb_content_width":"","om_disable_all_campaigns":false,"inline_featured_image":false,"_uf_show_specific_survey":0,"_uf_disable_surveys":false,"footnotes":""},"class_list":["post-270376","page","type-page","status-publish","has-post-thumbnail","hentry"],"acf":[],"yoast_head":"<!-- This site is optimized with the Yoast SEO plugin v27.1.1 - https:\/\/yoast.com\/product\/yoast-seo-wordpress\/ -->\n<title>Ladattavat materiaalit - Compass HRG<\/title>\n<meta name=\"description\" content=\"Kaipaatko ajankohtaista ja asiantuntevaa n\u00e4kemyst\u00e4 asiantuntijoiden, esihenkil\u00f6iden ja johdon rekrytoinnin maailmasta? Tutustu ladattaviin materiaaleihimme alta.\" \/>\n<meta name=\"robots\" content=\"index, follow, max-snippet:-1, max-image-preview:large, max-video-preview:-1\" \/>\n<link rel=\"canonical\" href=\"https:\/\/www.compasshrg.com\/fi\/ladattavat-materiaalit\/\" \/>\n<meta property=\"og:locale\" content=\"fi_FI\" \/>\n<meta property=\"og:type\" content=\"article\" \/>\n<meta property=\"og:title\" content=\"Ladattavat materiaalit - Compass HRG\" \/>\n<meta property=\"og:description\" content=\"Kaipaatko ajankohtaista ja asiantuntevaa n\u00e4kemyst\u00e4 asiantuntijoiden, esihenkil\u00f6iden ja johdon rekrytoinnin maailmasta? Tutustu ladattaviin materiaaleihimme alta.\" \/>\n<meta property=\"og:url\" content=\"https:\/\/www.compasshrg.com\/fi\/ladattavat-materiaalit\/\" \/>\n<meta property=\"og:site_name\" content=\"Compass HRG\" \/>\n<meta property=\"article:publisher\" content=\"https:\/\/www.facebook.com\/compasshrgdk\" \/>\n<meta property=\"article:modified_time\" content=\"2026-01-14T11:33:50+00:00\" \/>\n<meta property=\"og:image\" content=\"https:\/\/www.compasshrg.com\/wp-content\/uploads\/2024\/07\/vastuullisuus.jpg\" \/>\n\t<meta property=\"og:image:width\" content=\"1357\" \/>\n\t<meta property=\"og:image:height\" content=\"1920\" \/>\n\t<meta property=\"og:image:type\" content=\"image\/jpeg\" \/>\n<meta name=\"twitter:card\" content=\"summary_large_image\" \/>\n<meta name=\"twitter:label1\" content=\"Arvioitu lukuaika\" \/>\n\t<meta name=\"twitter:data1\" content=\"3 minuuttia\" \/>\n<script type=\"application\/ld+json\" class=\"yoast-schema-graph\">{\"@context\":\"https:\/\/schema.org\",\"@graph\":[{\"@type\":\"WebPage\",\"@id\":\"https:\/\/www.compasshrg.com\/fi\/ladattavat-materiaalit\/\",\"url\":\"https:\/\/www.compasshrg.com\/fi\/ladattavat-materiaalit\/\",\"name\":\"Ladattavat materiaalit - Compass HRG\",\"isPartOf\":{\"@id\":\"https:\/\/www.compasshrg.com\/fi\/#website\"},\"primaryImageOfPage\":{\"@id\":\"https:\/\/www.compasshrg.com\/fi\/ladattavat-materiaalit\/#primaryimage\"},\"image\":{\"@id\":\"https:\/\/www.compasshrg.com\/fi\/ladattavat-materiaalit\/#primaryimage\"},\"thumbnailUrl\":\"https:\/\/www.compasshrg.com\/wp-content\/uploads\/2024\/07\/vastuullisuus.jpg\",\"datePublished\":\"2024-07-01T09:41:43+00:00\",\"dateModified\":\"2026-01-14T11:33:50+00:00\",\"description\":\"Kaipaatko ajankohtaista ja asiantuntevaa n\u00e4kemyst\u00e4 asiantuntijoiden, esihenkil\u00f6iden ja johdon rekrytoinnin maailmasta? Tutustu ladattaviin materiaaleihimme alta.\",\"breadcrumb\":{\"@id\":\"https:\/\/www.compasshrg.com\/fi\/ladattavat-materiaalit\/#breadcrumb\"},\"inLanguage\":\"fi\",\"potentialAction\":[{\"@type\":\"ReadAction\",\"target\":[\"https:\/\/www.compasshrg.com\/fi\/ladattavat-materiaalit\/\"]}]},{\"@type\":\"ImageObject\",\"inLanguage\":\"fi\",\"@id\":\"https:\/\/www.compasshrg.com\/fi\/ladattavat-materiaalit\/#primaryimage\",\"url\":\"https:\/\/www.compasshrg.com\/wp-content\/uploads\/2024\/07\/vastuullisuus.jpg\",\"contentUrl\":\"https:\/\/www.compasshrg.com\/wp-content\/uploads\/2024\/07\/vastuullisuus.jpg\",\"width\":1357,\"height\":1920},{\"@type\":\"BreadcrumbList\",\"@id\":\"https:\/\/www.compasshrg.com\/fi\/ladattavat-materiaalit\/#breadcrumb\",\"itemListElement\":[{\"@type\":\"ListItem\",\"position\":1,\"name\":\"Compass HRG\",\"item\":\"https:\/\/www.compasshrg.com\/fi\/\"},{\"@type\":\"ListItem\",\"position\":2,\"name\":\"Ladattavat materiaalit\"}]},{\"@type\":\"WebSite\",\"@id\":\"https:\/\/www.compasshrg.com\/fi\/#website\",\"url\":\"https:\/\/www.compasshrg.com\/fi\/\",\"name\":\"Compass HRG\",\"description\":\"Your HR Service Partner\",\"publisher\":{\"@id\":\"https:\/\/www.compasshrg.com\/fi\/#organization\"},\"potentialAction\":[{\"@type\":\"SearchAction\",\"target\":{\"@type\":\"EntryPoint\",\"urlTemplate\":\"https:\/\/www.compasshrg.com\/fi\/?s={search_term_string}\"},\"query-input\":{\"@type\":\"PropertyValueSpecification\",\"valueRequired\":true,\"valueName\":\"search_term_string\"}}],\"inLanguage\":\"fi\"},{\"@type\":\"Organization\",\"@id\":\"https:\/\/www.compasshrg.com\/fi\/#organization\",\"name\":\"Compass HRG\",\"url\":\"https:\/\/www.compasshrg.com\/fi\/\",\"logo\":{\"@type\":\"ImageObject\",\"inLanguage\":\"fi\",\"@id\":\"https:\/\/www.compasshrg.com\/fi\/#\/schema\/logo\/image\/\",\"url\":\"\",\"contentUrl\":\"\",\"caption\":\"Compass HRG\"},\"image\":{\"@id\":\"https:\/\/www.compasshrg.com\/fi\/#\/schema\/logo\/image\/\"},\"sameAs\":[\"https:\/\/www.facebook.com\/compasshrgdk\"]}]}<\/script>\n<!-- \/ Yoast SEO plugin. -->","yoast_head_json":{"title":"Ladattavat materiaalit - Compass HRG","description":"Kaipaatko ajankohtaista ja asiantuntevaa n\u00e4kemyst\u00e4 asiantuntijoiden, esihenkil\u00f6iden ja johdon rekrytoinnin maailmasta? Tutustu ladattaviin materiaaleihimme alta.","robots":{"index":"index","follow":"follow","max-snippet":"max-snippet:-1","max-image-preview":"max-image-preview:large","max-video-preview":"max-video-preview:-1"},"canonical":"https:\/\/www.compasshrg.com\/fi\/ladattavat-materiaalit\/","og_locale":"fi_FI","og_type":"article","og_title":"Ladattavat materiaalit - Compass HRG","og_description":"Kaipaatko ajankohtaista ja asiantuntevaa n\u00e4kemyst\u00e4 asiantuntijoiden, esihenkil\u00f6iden ja johdon rekrytoinnin maailmasta? Tutustu ladattaviin materiaaleihimme alta.","og_url":"https:\/\/www.compasshrg.com\/fi\/ladattavat-materiaalit\/","og_site_name":"Compass HRG","article_publisher":"https:\/\/www.facebook.com\/compasshrgdk","article_modified_time":"2026-01-14T11:33:50+00:00","og_image":[{"width":1357,"height":1920,"url":"https:\/\/www.compasshrg.com\/wp-content\/uploads\/2024\/07\/vastuullisuus.jpg","type":"image\/jpeg"}],"twitter_card":"summary_large_image","twitter_misc":{"Arvioitu lukuaika":"3 minuuttia"},"schema":{"@context":"https:\/\/schema.org","@graph":[{"@type":"WebPage","@id":"https:\/\/www.compasshrg.com\/fi\/ladattavat-materiaalit\/","url":"https:\/\/www.compasshrg.com\/fi\/ladattavat-materiaalit\/","name":"Ladattavat materiaalit - Compass HRG","isPartOf":{"@id":"https:\/\/www.compasshrg.com\/fi\/#website"},"primaryImageOfPage":{"@id":"https:\/\/www.compasshrg.com\/fi\/ladattavat-materiaalit\/#primaryimage"},"image":{"@id":"https:\/\/www.compasshrg.com\/fi\/ladattavat-materiaalit\/#primaryimage"},"thumbnailUrl":"https:\/\/www.compasshrg.com\/wp-content\/uploads\/2024\/07\/vastuullisuus.jpg","datePublished":"2024-07-01T09:41:43+00:00","dateModified":"2026-01-14T11:33:50+00:00","description":"Kaipaatko ajankohtaista ja asiantuntevaa n\u00e4kemyst\u00e4 asiantuntijoiden, esihenkil\u00f6iden ja johdon rekrytoinnin maailmasta? Tutustu ladattaviin materiaaleihimme alta.","breadcrumb":{"@id":"https:\/\/www.compasshrg.com\/fi\/ladattavat-materiaalit\/#breadcrumb"},"inLanguage":"fi","potentialAction":[{"@type":"ReadAction","target":["https:\/\/www.compasshrg.com\/fi\/ladattavat-materiaalit\/"]}]},{"@type":"ImageObject","inLanguage":"fi","@id":"https:\/\/www.compasshrg.com\/fi\/ladattavat-materiaalit\/#primaryimage","url":"https:\/\/www.compasshrg.com\/wp-content\/uploads\/2024\/07\/vastuullisuus.jpg","contentUrl":"https:\/\/www.compasshrg.com\/wp-content\/uploads\/2024\/07\/vastuullisuus.jpg","width":1357,"height":1920},{"@type":"BreadcrumbList","@id":"https:\/\/www.compasshrg.com\/fi\/ladattavat-materiaalit\/#breadcrumb","itemListElement":[{"@type":"ListItem","position":1,"name":"Compass HRG","item":"https:\/\/www.compasshrg.com\/fi\/"},{"@type":"ListItem","position":2,"name":"Ladattavat materiaalit"}]},{"@type":"WebSite","@id":"https:\/\/www.compasshrg.com\/fi\/#website","url":"https:\/\/www.compasshrg.com\/fi\/","name":"Compass HRG","description":"Your HR Service Partner","publisher":{"@id":"https:\/\/www.compasshrg.com\/fi\/#organization"},"potentialAction":[{"@type":"SearchAction","target":{"@type":"EntryPoint","urlTemplate":"https:\/\/www.compasshrg.com\/fi\/?s={search_term_string}"},"query-input":{"@type":"PropertyValueSpecification","valueRequired":true,"valueName":"search_term_string"}}],"inLanguage":"fi"},{"@type":"Organization","@id":"https:\/\/www.compasshrg.com\/fi\/#organization","name":"Compass HRG","url":"https:\/\/www.compasshrg.com\/fi\/","logo":{"@type":"ImageObject","inLanguage":"fi","@id":"https:\/\/www.compasshrg.com\/fi\/#\/schema\/logo\/image\/","url":"","contentUrl":"","caption":"Compass HRG"},"image":{"@id":"https:\/\/www.compasshrg.com\/fi\/#\/schema\/logo\/image\/"},"sameAs":["https:\/\/www.facebook.com\/compasshrgdk"]}]}},"_links":{"self":[{"href":"https:\/\/www.compasshrg.com\/fi\/wp-json\/wp\/v2\/pages\/270376","targetHints":{"allow":["GET"]}}],"collection":[{"href":"https:\/\/www.compasshrg.com\/fi\/wp-json\/wp\/v2\/pages"}],"about":[{"href":"https:\/\/www.compasshrg.com\/fi\/wp-json\/wp\/v2\/types\/page"}],"author":[{"embeddable":true,"href":"https:\/\/www.compasshrg.com\/fi\/wp-json\/wp\/v2\/users\/3"}],"replies":[{"embeddable":true,"href":"https:\/\/www.compasshrg.com\/fi\/wp-json\/wp\/v2\/comments?post=270376"}],"version-history":[{"count":8,"href":"https:\/\/www.compasshrg.com\/fi\/wp-json\/wp\/v2\/pages\/270376\/revisions"}],"predecessor-version":[{"id":280816,"href":"https:\/\/www.compasshrg.com\/fi\/wp-json\/wp\/v2\/pages\/270376\/revisions\/280816"}],"wp:featuredmedia":[{"embeddable":true,"href":"https:\/\/www.compasshrg.com\/fi\/wp-json\/wp\/v2\/media\/270503"}],"wp:attachment":[{"href":"https:\/\/www.compasshrg.com\/fi\/wp-json\/wp\/v2\/media?parent=270376"}],"curies":[{"name":"wp","href":"https:\/\/api.w.org\/{rel}","templated":true}]}}