{"id":42817,"date":"2021-08-24T13:00:08","date_gmt":"2021-08-24T13:00:08","guid":{"rendered":"http:\/\/www.compasshrg.com\/johtajuus-ja-liiketoiminnan-kehittaminen\/"},"modified":"2024-10-31T20:15:05","modified_gmt":"2024-10-31T19:15:05","slug":"johtajuus-ja-liiketoiminnan-kehittaminen","status":"publish","type":"page","link":"https:\/\/www.compasshrg.com\/fi\/palvelut\/johtajuus-ja-liiketoiminnan-kehittaminen\/","title":{"rendered":"Johtajuus ja liiketoiminnan kehitt\u00e4minen"},"content":{"rendered":"<p>[et_pb_section fb_built=&#8221;1&#8243; custom_padding_last_edited=&#8221;on|phone&#8221; admin_label=&#8221;Landing Hero&#8221; _builder_version=&#8221;4.27.0&#8243; background_color_gradient_direction=&#8221;169deg&#8221; background_color_gradient_start=&#8221;rgba(0,0,0,0.28)&#8221; background_color_gradient_start_position=&#8221;42%&#8221; background_color_gradient_end=&#8221;rgba(255,255,255,0.28)&#8221; background_color_gradient_end_position=&#8221;82%&#8221; background_image=&#8221;https:\/\/www.compasshrg.com\/wp-content\/uploads\/2024\/10\/Interim-management_Compass-HRG_sweden-1.jpg&#8221; background_position=&#8221;top_center&#8221; custom_padding=&#8221;|0px||0px|false|false&#8221; custom_padding_tablet=&#8221;1rem|0.1rem|1rem|0.1rem|true|true&#8221; custom_padding_phone=&#8221;||||false|false&#8221; animation_style=&#8221;slide&#8221; animation_direction=&#8221;top&#8221; animation_intensity_slide=&#8221;2%&#8221; background_last_edited=&#8221;on|tablet&#8221; use_background_color_gradient_tablet=&#8221;on&#8221; background_color_gradient_stops_tablet=&#8221;rgba(0,0,0,0.25) 65%|rgba(255,255,255,0.6) 90%&#8221; background_color_gradient_start_tablet=&#8221;rgba(0,0,0,0.25)&#8221; background_color_gradient_start_position_tablet=&#8221;65%&#8221; background_color_gradient_end_tablet=&#8221;rgba(255,255,255,0.6)&#8221; background_color_gradient_end_position_tablet=&#8221;90%&#8221; locked=&#8221;off&#8221; global_colors_info=&#8221;{}&#8221;][et_pb_row custom_padding_last_edited=&#8221;on|phone&#8221; _builder_version=&#8221;4.16&#8243; _module_preset=&#8221;default&#8221; width_tablet=&#8221;100%&#8221; width_phone=&#8221;&#8221; width_last_edited=&#8221;on|phone&#8221; max_width=&#8221;2560px&#8221; custom_margin=&#8221;||0px||false|false&#8221; custom_margin_tablet=&#8221;|2rem|0px|2rem|false|true&#8221; custom_margin_phone=&#8221;|1rem||1rem|false|true&#8221; custom_margin_last_edited=&#8221;on|tablet&#8221; custom_padding=&#8221;4rem||0.4rem||false|false&#8221; custom_padding_tablet=&#8221;3rem||1rem||false|false&#8221; custom_padding_phone=&#8221;&#8221; global_colors_info=&#8221;{}&#8221;][et_pb_column type=&#8221;4_4&#8243; _builder_version=&#8221;4.16&#8243; _module_preset=&#8221;default&#8221; global_colors_info=&#8221;{}&#8221;][dsm_typing_effect typing_effect=&#8221;Johtajuus ja liiketoiminnan kehitt\u00e4minen&#8221; before_new_line=&#8221;off&#8221; typing_loop=&#8221;off&#8221; typing_remove_cursor=&#8221;on&#8221; typing_backdelay=&#8221;10000ms&#8221; disabled_on=&#8221;on|on|off&#8221; _builder_version=&#8221;4.16&#8243; _module_preset=&#8221;default&#8221; header_font=&#8221;Lato|700|||||||&#8221; header_text_color=&#8221;#FFFFFF&#8221; header_font_size=&#8221;64px&#8221; width=&#8221;80%&#8221; max_width=&#8221;1920px&#8221; max_width_tablet=&#8221;1920px&#8221; max_width_phone=&#8221;&#8221; max_width_last_edited=&#8221;on|phone&#8221; custom_margin=&#8221;||0px||false|false&#8221; custom_padding=&#8221;||0px||false|false&#8221; global_colors_info=&#8221;{}&#8221;][\/dsm_typing_effect][et_pb_text disabled_on=&#8221;off|off|on&#8221; _builder_version=&#8221;4.16&#8243; text_font=&#8221;Lato||||||||&#8221; text_text_color=&#8221;#E8F7FC&#8221; text_font_size=&#8221;19px&#8221; text_line_height=&#8221;1.9em&#8221; header_font=&#8221;Lato|700|||||||&#8221; header_text_color=&#8221;#FFFFFF&#8221; header_font_size=&#8221;64px&#8221; width_tablet=&#8221;80%&#8221; width_phone=&#8221;&#8221; width_last_edited=&#8221;on|tablet&#8221; max_width=&#8221;1920px&#8221; max_width_tablet=&#8221;&#8221; max_width_phone=&#8221;&#8221; max_width_last_edited=&#8221;on|tablet&#8221; custom_margin=&#8221;|0px||0px|false|false&#8221; custom_margin_tablet=&#8221;|0px|||false|false&#8221; custom_margin_phone=&#8221;&#8221; custom_margin_last_edited=&#8221;on|tablet&#8221; custom_padding=&#8221;|0px||0px|false|false&#8221; custom_padding_tablet=&#8221;&#8221; custom_padding_phone=&#8221;&#8221; custom_padding_last_edited=&#8221;on|tablet&#8221; header_font_size_tablet=&#8221;&#8221; header_font_size_phone=&#8221;49px&#8221; header_font_size_last_edited=&#8221;on|phone&#8221; locked=&#8221;off&#8221; global_colors_info=&#8221;{}&#8221;]<\/p>\n<h1>Johtajuus ja liiketoiminnan kehitt\u00e4minen<\/h1>\n<p>[\/et_pb_text][\/et_pb_column][\/et_pb_row][et_pb_row column_structure=&#8221;1_2,1_2&#8243; custom_padding_last_edited=&#8221;on|phone&#8221; _builder_version=&#8221;4.16&#8243; width_tablet=&#8221;100%&#8221; width_phone=&#8221;&#8221; width_last_edited=&#8221;on|phone&#8221; max_width=&#8221;2560px&#8221; max_width_tablet=&#8221;1920px&#8221; max_width_phone=&#8221;&#8221; max_width_last_edited=&#8221;on|tablet&#8221; custom_margin=&#8221;0px||||false|false&#8221; custom_margin_tablet=&#8221;||||false|true&#8221; custom_margin_phone=&#8221;&#8221; custom_margin_last_edited=&#8221;on|tablet&#8221; custom_padding=&#8221;0px||4rem||false|false&#8221; custom_padding_tablet=&#8221;|2rem||2rem|false|true&#8221; custom_padding_phone=&#8221;|1rem||1rem|false|true&#8221; animation_style=&#8221;slide&#8221; animation_direction=&#8221;right&#8221; custom_width_px=&#8221;1280px&#8221; global_colors_info=&#8221;{}&#8221;][et_pb_column type=&#8221;1_2&#8243; _builder_version=&#8221;4.16&#8243; custom_padding=&#8221;|||&#8221; global_colors_info=&#8221;{}&#8221; custom_padding__hover=&#8221;|||&#8221;][et_pb_text _builder_version=&#8221;4.16&#8243; text_font=&#8221;Lato||||||||&#8221; text_text_color=&#8221;#FFFFFF&#8221; text_font_size=&#8221;19px&#8221; text_line_height=&#8221;1.8em&#8221; width_tablet=&#8221;&#8221; width_phone=&#8221;&#8221; width_last_edited=&#8221;on|phone&#8221; max_width_tablet=&#8221;&#8221; max_width_phone=&#8221;&#8221; max_width_last_edited=&#8221;on|tablet&#8221; custom_margin=&#8221;|0px||0px|false|false&#8221; custom_margin_tablet=&#8221;|0px|||false|false&#8221; custom_margin_phone=&#8221;&#8221; custom_margin_last_edited=&#8221;on|tablet&#8221; custom_padding=&#8221;|0px||0px|false|false&#8221; custom_padding_tablet=&#8221;&#8221; custom_padding_phone=&#8221;&#8221; custom_padding_last_edited=&#8221;on|tablet&#8221; locked=&#8221;off&#8221; global_colors_info=&#8221;{}&#8221;]<\/p>\n<p>People &amp; Performance on Compass Human Resources Groupin tyt\u00e4ryhti\u00f6. Tavoitteemme on, ett\u00e4 saavutat strategiset tavoitteesi. Suunnittelemme toimintavalmiita strategioita ja optimoimme kapasiteettisi, jotta voit suoriutua parhaalla mahdollisella tavalla. Anna meid\u00e4n mobilisoida organisaationne kehitt\u00e4m\u00e4ll\u00e4 johtajianne ja antamalla heid\u00e4n saavuttaa t\u00e4yden potentiaalinsa.<\/p>\n<p>[\/et_pb_text][\/et_pb_column][et_pb_column type=&#8221;1_2&#8243; _builder_version=&#8221;4.16&#8243; custom_padding=&#8221;|||&#8221; global_colors_info=&#8221;{}&#8221; custom_padding__hover=&#8221;|||&#8221;][\/et_pb_column][\/et_pb_row][\/et_pb_section][et_pb_section fb_built=&#8221;1&#8243; _builder_version=&#8221;4.23.1&#8243; _module_preset=&#8221;_initial&#8221; background_color=&#8221;#E8F7FC&#8221; background_enable_color=&#8221;on&#8221; locked=&#8221;off&#8221; global_colors_info=&#8221;{}&#8221;][et_pb_row _builder_version=&#8221;4.23.1&#8243; _module_preset=&#8221;b403e8df-eb65-43cf-83e7-2f803c26a8bd&#8221; global_colors_info=&#8221;{}&#8221;][et_pb_column type=&#8221;4_4&#8243; _builder_version=&#8221;4.23.1&#8243; _module_preset=&#8221;default&#8221; global_colors_info=&#8221;{}&#8221;][et_pb_text _builder_version=&#8221;4.27.0&#8243; _module_preset=&#8221;58e03bbe-09f9-4131-90f8-1da173bab908&#8243; text_orientation=&#8221;center&#8221; hover_enabled=&#8221;0&#8243; locked=&#8221;off&#8221; global_colors_info=&#8221;{}&#8221; sticky_enabled=&#8221;0&#8243;]<\/p>\n<h5>Suorahakukumppani, luotettu neuvonantaja ja strateginen n\u00e4kemys<\/h5>\n<h2>Tavoitteemme on liiketoimintasi suorituskyvyn maksimointi<\/h2>\n<p>Olitpa osa paikallista tai globaalia yrityst\u00e4, voimme auttaa maksimoimaan yrityksesi suorituskyvyn mobilisoimalla henkil\u00f6st\u00f6si. Yhdist\u00e4mme asiantuntemuksemme ja luomme juuri teille r\u00e4\u00e4t\u00e4l\u00f6ityj\u00e4 ratkaisuja, jotka antavat organisaatiollesi mahdollisuuden saavuttaa potentiaalinsa.<\/p>\n<p>Hy\u00f6dynn\u00e4mme todistettuja, k\u00e4yt\u00e4nn\u00f6llisi\u00e4 ja tutkimukseen perustuvia menetelmi\u00e4mme, joita kokeneet konsulttimme soveltavat tarpeidenne perusteella.<\/p>\n<p>Lue blogistamme, millainen on <a href=\"https:\/\/www.compasshrg.com\/fi\/hyva-johtaja-rakentaa-vision\/\">hyv\u00e4 johtaja<\/a> nopeasti muuttuvassa maailmassa.[\/et_pb_text][\/et_pb_column][\/et_pb_row][et_pb_row _builder_version=&#8221;4.27.0&#8243; _module_preset=&#8221;default&#8221; global_colors_info=&#8221;{}&#8221; sticky_enabled=&#8221;0&#8243;][et_pb_column type=&#8221;4_4&#8243; _builder_version=&#8221;4.23.1&#8243; _module_preset=&#8221;454a1875-6254-4712-96f7-65c3f4965ea3&#8243; background_color=&#8221;#FFFFFF&#8221; custom_padding=&#8221;3rem|3rem|3rem|3rem|true|true&#8221; global_colors_info=&#8221;{}&#8221;][et_pb_text _builder_version=&#8221;4.27.0&#8243; _module_preset=&#8221;58e03bbe-09f9-4131-90f8-1da173bab908&#8243; header_3_font=&#8221;|800||on|||||&#8221; header_3_text_color=&#8221;#1EAEE2&#8243; hover_enabled=&#8221;0&#8243; locked=&#8221;off&#8221; global_colors_info=&#8221;{}&#8221; sticky_enabled=&#8221;0&#8243;]<\/p>\n<h3 style=\"text-align: center;\">R\u00c4\u00c4T\u00c4L\u00d6IDYT KURSSIT JOHTAJUUDEN KEHITT\u00c4MISEEN<\/h3>\n<p style=\"text-align: center;\">Kehit\u00e4mme ja toteutamme organisaatiosi tarpeisiin r\u00e4\u00e4t\u00e4l\u00f6ityj\u00e4 johtamiskoulutuksia. Kaikki toimintamme pohjautuu tutkimukseen ja toimiviin ty\u00f6kaluihin. Kurssilla yhdistyv\u00e4t oppiminen, toimintavaatimukset ja tulosten j\u00e4lkiseuranta.<\/p>\n<p style=\"text-align: center;\">Saat huomata, ett\u00e4 LEAP-oppimismenetelm\u00e4mme (Learn, Enable, Activate, Perform) saa aikaan pysyvi\u00e4 muutoksia yrityksess\u00e4si.<\/p>\n<p>[\/et_pb_text][et_pb_button button_url=&#8221;https:\/\/www.pphr.dk\/en\/&#8221; url_new_window=&#8221;on&#8221; button_text=&#8221;TUTUSTU PEOPLE &#038; PERFORMANCEEN PAREMMIN &#8221; _builder_version=&#8221;4.27.0&#8243; _module_preset=&#8221;default&#8221; custom_button=&#8221;on&#8221; button_text_size=&#8221;14px&#8221; button_text_color=&#8221;#FFFFFF&#8221; button_bg_color=&#8221;#1EAEE2&#8243; button_border_width=&#8221;12px&#8221; button_border_color=&#8221;#1EAEE2&#8243; button_border_radius=&#8221;3px&#8221; button_letter_spacing=&#8221;2px&#8221; button_font=&#8221;Lato|900||on|||||&#8221; button_icon=&#8221;&#x45;||divi||400&#8243; button_icon_color=&#8221;#FFFFFF&#8221; hover_enabled=&#8221;0&#8243; global_colors_info=&#8221;{}&#8221; button_text_color__hover=&#8221;#FFFFFF&#8221; button_text_color__hover_enabled=&#8221;on|hover&#8221; button_letter_spacing__hover=&#8221;2px&#8221; button_letter_spacing__hover_enabled=&#8221;on|hover&#8221; button_alignment=&#8221;center&#8221; sticky_enabled=&#8221;0&#8243;][\/et_pb_button][\/et_pb_column][\/et_pb_row][et_pb_row _builder_version=&#8221;4.23.1&#8243; _module_preset=&#8221;b403e8df-eb65-43cf-83e7-2f803c26a8bd&#8221; global_colors_info=&#8221;{}&#8221;][et_pb_column type=&#8221;4_4&#8243; _builder_version=&#8221;4.23.1&#8243; _module_preset=&#8221;default&#8221; global_colors_info=&#8221;{}&#8221;][et_pb_text _builder_version=&#8221;4.27.0&#8243; text_font=&#8221;Lato||||||||&#8221; header_font=&#8221;Lato||||||||&#8221; header_text_color=&#8221;#1EAEE2&#8243; header_2_font=&#8221;Lato|700|||||||&#8221; header_2_text_color=&#8221;#1EAEE2&#8243; header_2_font_size=&#8221;45px&#8221; header_2_letter_spacing=&#8221;1px&#8221; header_2_line_height=&#8221;1.4em&#8221; header_3_font=&#8221;Lato|900||on|||||&#8221; header_3_text_color=&#8221;#1EAEE2&#8243; header_3_font_size=&#8221;13px&#8221; header_3_letter_spacing=&#8221;1px&#8221; header_3_line_height=&#8221;2em&#8221; custom_margin=&#8221;||0px||false|false&#8221; custom_padding=&#8221;||0px||false|true&#8221; animation_style=&#8221;slide&#8221; animation_direction=&#8221;bottom&#8221; hover_enabled=&#8221;0&#8243; locked=&#8221;off&#8221; global_colors_info=&#8221;{}&#8221; sticky_enabled=&#8221;0&#8243;]<\/p>\n<h2 style=\"text-align: center;\"><span>Ota yhteytt\u00e4<\/span><\/h2>\n<p>[\/et_pb_text][et_pb_code _builder_version=&#8221;4.23.1&#8243; _module_preset=&#8221;default&#8221; locked=&#8221;off&#8221; global_colors_info=&#8221;{}&#8221;]<!--[if lte IE 8]><!-- [et_pb_line_break_holder] --><script charset=\"utf-8\" type=\"text\/javascript\" src=\"\/\/js.hsforms.net\/forms\/v2-legacy.js\"><\/script><!-- [et_pb_line_break_holder] --><![endif]--><!-- [et_pb_line_break_holder] --><script charset=\"utf-8\" type=\"text\/javascript\" src=\"\/\/js.hsforms.net\/forms\/v2.js\"><\/script><!-- [et_pb_line_break_holder] --><script><!-- [et_pb_line_break_holder] -->  hbspt.forms.create({<!-- [et_pb_line_break_holder] -->region: \"na1\",<!-- [et_pb_line_break_holder] -->portalId: \"19512017\",<!-- [et_pb_line_break_holder] -->formId: \"828b2d5e-35f3-4fea-be27-b6411d0a368a\"<!-- [et_pb_line_break_holder] -->});<!-- [et_pb_line_break_holder] --><\/script>[\/et_pb_code][\/et_pb_column][\/et_pb_row][\/et_pb_section][et_pb_section fb_built=&#8221;1&#8243; custom_padding_last_edited=&#8221;on|phone&#8221; admin_label=&#8221;About Section&#8221; _builder_version=&#8221;4.16&#8243; custom_margin_tablet=&#8221;|0px||0px|false|false&#8221; custom_margin_phone=&#8221;&#8221; custom_margin_last_edited=&#8221;on|tablet&#8221; custom_padding=&#8221;0px||0px||false|false&#8221; custom_padding_tablet=&#8221;|0px||0px|true|true&#8221; custom_padding_phone=&#8221;&#8221; global_colors_info=&#8221;{}&#8221;][et_pb_row _builder_version=&#8221;4.16&#8243; _module_preset=&#8221;default&#8221; width=&#8221;100%&#8221; max_width=&#8221;100%&#8221; custom_margin=&#8221;0px||0px||false|false&#8221; custom_padding=&#8221;0px||0px||false|false&#8221; global_colors_info=&#8221;{}&#8221;][et_pb_column type=&#8221;4_4&#8243; _builder_version=&#8221;4.16&#8243; _module_preset=&#8221;default&#8221; global_colors_info=&#8221;{}&#8221;][et_pb_image src=&#8221;https:\/\/www.compasshrg.com\/wp-content\/uploads\/2021\/12\/pphr_07.jpg&#8221; title_text=&#8221;pphr_07&#8243; align=&#8221;center&#8221; disabled_on=&#8221;off|off|on&#8221; _builder_version=&#8221;4.16&#8243; _module_preset=&#8221;default&#8221; global_colors_info=&#8221;{}&#8221;][\/et_pb_image][\/et_pb_column][\/et_pb_row][\/et_pb_section][et_pb_section fb_built=&#8221;1&#8243; admin_label=&#8221;About Section&#8221; _builder_version=&#8221;4.16&#8243; custom_padding=&#8221;0px||0px|&#8221; global_colors_info=&#8221;{}&#8221;][et_pb_row _builder_version=&#8221;4.16&#8243; _module_preset=&#8221;default&#8221; width=&#8221;100%&#8221; max_width=&#8221;100%&#8221; custom_margin=&#8221;0px||0px||false|false&#8221; custom_padding=&#8221;0px||0px||false|false&#8221; global_colors_info=&#8221;{}&#8221;][et_pb_column type=&#8221;4_4&#8243; _builder_version=&#8221;4.16&#8243; _module_preset=&#8221;default&#8221; global_colors_info=&#8221;{}&#8221;][et_pb_image src=&#8221;https:\/\/www.compasshrg.com\/wp-content\/uploads\/2021\/12\/pphr_17.jpg&#8221; title_text=&#8221;pphr_17&#8243; align=&#8221;center&#8221; disabled_on=&#8221;off|off|on&#8221; _builder_version=&#8221;4.16&#8243; _module_preset=&#8221;default&#8221; global_colors_info=&#8221;{}&#8221;][\/et_pb_image][\/et_pb_column][\/et_pb_row][\/et_pb_section]<\/p>\n","protected":false},"excerpt":{"rendered":"<p><div class=\"et_pb_module dsm_typing_effect dsm_typing_effect_0 et_pb_bg_layout_light \">\n\t\t\t\t\n\t\t\t\t\n\t\t\t\t\n\t\t\t\t\n\t\t\t\t\n\t\t\t\t\n\t\t\t\t<div class=\"et_pb_module_inner\">\n\t\t\t\t\t<h1 class=\"dsm-typing-effect et_pb_module_header\" aria-label=\"Johtajuus ja liiketoiminnan kehitt\u00e4minen\"> <span class=\"dsm-typing-wrapper\"><span class=\"dsm-typing-strings\">Johtajuus ja liiketoiminnan kehitt\u00e4minen<\/span><span class=\"dsm-typing\" aria-hidden=\"true\" data-dsm-typing-cursor=\"|\" data-dsm-typing-strings=\"Johtajuus ja liiketoiminnan kehitt\u00e4minen\" data-dsm-typing-speed=100ms data-dsm-typing-backspeed=50ms data-dsm-typing-backdelay=10000ms data-dsm-typing-loop=false data-dsm-typing-remove-cursor=on data-dsm-typing-fadeout=false data-dsm-typing-shuffle=false data-dsm-typing-delay=0ms data-dsm-typing-viewport=80% data-dsm-typing-repeat=on><\/span><\/span><\/h1>\n\t\t\t\t<\/div>\n\t\t\t<\/div>Johtajuus ja liiketoiminnan kehitt\u00e4minenPeople &amp; Performance on Compass Human Resources Groupin tyt\u00e4ryhti\u00f6. Tavoitteemme on, ett\u00e4 saavutat strategiset tavoitteesi. Suunnittelemme toimintavalmiita strategioita ja optimoimme kapasiteettisi, jotta voit suoriutua parhaalla mahdollisella tavalla. Anna meid\u00e4n mobilisoida organisaationne kehitt\u00e4m\u00e4ll\u00e4 johtajianne ja antamalla heid\u00e4n saavuttaa t\u00e4yden potentiaalinsa.Suorahakukumppani, luotettu neuvonantaja ja strateginen n\u00e4kemys Tavoitteemme on liiketoimintasi suorituskyvyn maksimointi Olitpa osa paikallista tai globaalia yrityst\u00e4, voimme auttaa maksimoimaan yrityksesi suorituskyvyn mobilisoimalla henkil\u00f6st\u00f6si. Yhdist\u00e4mme asiantuntemuksemme ja luomme juuri teille r\u00e4\u00e4t\u00e4l\u00f6ityj\u00e4 ratkaisuja, jotka antavat organisaatiollesi mahdollisuuden saavuttaa potentiaalinsa. Hy\u00f6dynn\u00e4mme todistettuja, k\u00e4yt\u00e4nn\u00f6llisi\u00e4 ja tutkimukseen perustuvia menetelmi\u00e4mme, joita kokeneet konsulttimme soveltavat tarpeidenne perusteella. Lue blogistamme, millainen on hyv\u00e4 johtaja nopeasti muuttuvassa maailmassa.R\u00c4\u00c4T\u00c4L\u00d6IDYT KURSSIT JOHTAJUUDEN KEHITT\u00c4MISEEN Kehit\u00e4mme ja toteutamme organisaatiosi tarpeisiin r\u00e4\u00e4t\u00e4l\u00f6ityj\u00e4 johtamiskoulutuksia. Kaikki toimintamme pohjautuu tutkimukseen ja toimiviin ty\u00f6kaluihin. Kurssilla yhdistyv\u00e4t oppiminen, toimintavaatimukset ja tulosten j\u00e4lkiseuranta. Saat huomata, ett\u00e4 LEAP-oppimismenetelm\u00e4mme (Learn, Enable, Activate, Perform) saa aikaan pysyvi\u00e4 muutoksia yrityksess\u00e4si.Ota yhteytt\u00e4<\/p>\n","protected":false},"author":60,"featured_media":0,"parent":42784,"menu_order":0,"comment_status":"closed","ping_status":"closed","template":"","meta":{"_acf_changed":false,"_et_pb_use_builder":"on","_et_pb_old_content":"","_et_gb_content_width":"","om_disable_all_campaigns":false,"inline_featured_image":false,"_uf_show_specific_survey":0,"_uf_disable_surveys":false,"footnotes":""},"class_list":["post-42817","page","type-page","status-publish","hentry"],"acf":[],"yoast_head":"<!-- This site is optimized with the Yoast SEO plugin v27.1.1 - https:\/\/yoast.com\/product\/yoast-seo-wordpress\/ -->\n<title>Johtajuus ja liiketoiminnan kehitt\u00e4minen - Compass HRG<\/title>\n<meta name=\"description\" content=\"Optimise your leadership and business development with proven, practical, and research-based methods used by our experienced consultants.\" \/>\n<meta name=\"robots\" content=\"index, follow, max-snippet:-1, max-image-preview:large, max-video-preview:-1\" \/>\n<link rel=\"canonical\" href=\"https:\/\/www.compasshrg.com\/fi\/palvelut\/johtajuus-ja-liiketoiminnan-kehittaminen\/\" \/>\n<meta property=\"og:locale\" content=\"fi_FI\" \/>\n<meta property=\"og:type\" content=\"article\" \/>\n<meta property=\"og:title\" content=\"Johtajuus ja liiketoiminnan kehitt\u00e4minen - Compass HRG\" \/>\n<meta property=\"og:description\" content=\"Optimise your leadership and business development with proven, practical, and research-based methods used by our experienced consultants.\" \/>\n<meta property=\"og:url\" content=\"https:\/\/www.compasshrg.com\/fi\/palvelut\/johtajuus-ja-liiketoiminnan-kehittaminen\/\" \/>\n<meta property=\"og:site_name\" content=\"Compass HRG\" \/>\n<meta property=\"article:publisher\" content=\"https:\/\/www.facebook.com\/compasshrgdk\" \/>\n<meta property=\"article:modified_time\" content=\"2024-10-31T19:15:05+00:00\" \/>\n<meta name=\"twitter:card\" content=\"summary_large_image\" \/>\n<meta name=\"twitter:label1\" content=\"Arvioitu lukuaika\" \/>\n\t<meta name=\"twitter:data1\" content=\"2 minuuttia\" \/>\n<script type=\"application\/ld+json\" class=\"yoast-schema-graph\">{\"@context\":\"https:\/\/schema.org\",\"@graph\":[{\"@type\":\"WebPage\",\"@id\":\"https:\/\/www.compasshrg.com\/fi\/palvelut\/johtajuus-ja-liiketoiminnan-kehittaminen\/\",\"url\":\"https:\/\/www.compasshrg.com\/fi\/palvelut\/johtajuus-ja-liiketoiminnan-kehittaminen\/\",\"name\":\"Johtajuus ja liiketoiminnan kehitt\u00e4minen - Compass HRG\",\"isPartOf\":{\"@id\":\"https:\/\/www.compasshrg.com\/fi\/#website\"},\"datePublished\":\"2021-08-24T13:00:08+00:00\",\"dateModified\":\"2024-10-31T19:15:05+00:00\",\"description\":\"Optimise your leadership and business development with proven, practical, and research-based methods used by our experienced consultants.\",\"breadcrumb\":{\"@id\":\"https:\/\/www.compasshrg.com\/fi\/palvelut\/johtajuus-ja-liiketoiminnan-kehittaminen\/#breadcrumb\"},\"inLanguage\":\"fi\",\"potentialAction\":[{\"@type\":\"ReadAction\",\"target\":[\"https:\/\/www.compasshrg.com\/fi\/palvelut\/johtajuus-ja-liiketoiminnan-kehittaminen\/\"]}]},{\"@type\":\"BreadcrumbList\",\"@id\":\"https:\/\/www.compasshrg.com\/fi\/palvelut\/johtajuus-ja-liiketoiminnan-kehittaminen\/#breadcrumb\",\"itemListElement\":[{\"@type\":\"ListItem\",\"position\":1,\"name\":\"Compass HRG\",\"item\":\"https:\/\/www.compasshrg.com\/fi\/\"},{\"@type\":\"ListItem\",\"position\":2,\"name\":\"Johtajuus ja liiketoiminnan kehitt\u00e4minen\"}]},{\"@type\":\"WebSite\",\"@id\":\"https:\/\/www.compasshrg.com\/fi\/#website\",\"url\":\"https:\/\/www.compasshrg.com\/fi\/\",\"name\":\"Compass HRG\",\"description\":\"Your HR Service Partner\",\"publisher\":{\"@id\":\"https:\/\/www.compasshrg.com\/fi\/#organization\"},\"potentialAction\":[{\"@type\":\"SearchAction\",\"target\":{\"@type\":\"EntryPoint\",\"urlTemplate\":\"https:\/\/www.compasshrg.com\/fi\/?s={search_term_string}\"},\"query-input\":{\"@type\":\"PropertyValueSpecification\",\"valueRequired\":true,\"valueName\":\"search_term_string\"}}],\"inLanguage\":\"fi\"},{\"@type\":\"Organization\",\"@id\":\"https:\/\/www.compasshrg.com\/fi\/#organization\",\"name\":\"Compass HRG\",\"url\":\"https:\/\/www.compasshrg.com\/fi\/\",\"logo\":{\"@type\":\"ImageObject\",\"inLanguage\":\"fi\",\"@id\":\"https:\/\/www.compasshrg.com\/fi\/#\/schema\/logo\/image\/\",\"url\":\"\",\"contentUrl\":\"\",\"caption\":\"Compass HRG\"},\"image\":{\"@id\":\"https:\/\/www.compasshrg.com\/fi\/#\/schema\/logo\/image\/\"},\"sameAs\":[\"https:\/\/www.facebook.com\/compasshrgdk\"]}]}<\/script>\n<!-- \/ Yoast SEO plugin. -->","yoast_head_json":{"title":"Johtajuus ja liiketoiminnan kehitt\u00e4minen - Compass HRG","description":"Optimise your leadership and business development with proven, practical, and research-based methods used by our experienced consultants.","robots":{"index":"index","follow":"follow","max-snippet":"max-snippet:-1","max-image-preview":"max-image-preview:large","max-video-preview":"max-video-preview:-1"},"canonical":"https:\/\/www.compasshrg.com\/fi\/palvelut\/johtajuus-ja-liiketoiminnan-kehittaminen\/","og_locale":"fi_FI","og_type":"article","og_title":"Johtajuus ja liiketoiminnan kehitt\u00e4minen - Compass HRG","og_description":"Optimise your leadership and business development with proven, practical, and research-based methods used by our experienced consultants.","og_url":"https:\/\/www.compasshrg.com\/fi\/palvelut\/johtajuus-ja-liiketoiminnan-kehittaminen\/","og_site_name":"Compass HRG","article_publisher":"https:\/\/www.facebook.com\/compasshrgdk","article_modified_time":"2024-10-31T19:15:05+00:00","twitter_card":"summary_large_image","twitter_misc":{"Arvioitu lukuaika":"2 minuuttia"},"schema":{"@context":"https:\/\/schema.org","@graph":[{"@type":"WebPage","@id":"https:\/\/www.compasshrg.com\/fi\/palvelut\/johtajuus-ja-liiketoiminnan-kehittaminen\/","url":"https:\/\/www.compasshrg.com\/fi\/palvelut\/johtajuus-ja-liiketoiminnan-kehittaminen\/","name":"Johtajuus ja liiketoiminnan kehitt\u00e4minen - Compass HRG","isPartOf":{"@id":"https:\/\/www.compasshrg.com\/fi\/#website"},"datePublished":"2021-08-24T13:00:08+00:00","dateModified":"2024-10-31T19:15:05+00:00","description":"Optimise your leadership and business development with proven, practical, and research-based methods used by our experienced consultants.","breadcrumb":{"@id":"https:\/\/www.compasshrg.com\/fi\/palvelut\/johtajuus-ja-liiketoiminnan-kehittaminen\/#breadcrumb"},"inLanguage":"fi","potentialAction":[{"@type":"ReadAction","target":["https:\/\/www.compasshrg.com\/fi\/palvelut\/johtajuus-ja-liiketoiminnan-kehittaminen\/"]}]},{"@type":"BreadcrumbList","@id":"https:\/\/www.compasshrg.com\/fi\/palvelut\/johtajuus-ja-liiketoiminnan-kehittaminen\/#breadcrumb","itemListElement":[{"@type":"ListItem","position":1,"name":"Compass HRG","item":"https:\/\/www.compasshrg.com\/fi\/"},{"@type":"ListItem","position":2,"name":"Johtajuus ja liiketoiminnan kehitt\u00e4minen"}]},{"@type":"WebSite","@id":"https:\/\/www.compasshrg.com\/fi\/#website","url":"https:\/\/www.compasshrg.com\/fi\/","name":"Compass HRG","description":"Your HR Service Partner","publisher":{"@id":"https:\/\/www.compasshrg.com\/fi\/#organization"},"potentialAction":[{"@type":"SearchAction","target":{"@type":"EntryPoint","urlTemplate":"https:\/\/www.compasshrg.com\/fi\/?s={search_term_string}"},"query-input":{"@type":"PropertyValueSpecification","valueRequired":true,"valueName":"search_term_string"}}],"inLanguage":"fi"},{"@type":"Organization","@id":"https:\/\/www.compasshrg.com\/fi\/#organization","name":"Compass HRG","url":"https:\/\/www.compasshrg.com\/fi\/","logo":{"@type":"ImageObject","inLanguage":"fi","@id":"https:\/\/www.compasshrg.com\/fi\/#\/schema\/logo\/image\/","url":"","contentUrl":"","caption":"Compass HRG"},"image":{"@id":"https:\/\/www.compasshrg.com\/fi\/#\/schema\/logo\/image\/"},"sameAs":["https:\/\/www.facebook.com\/compasshrgdk"]}]}},"_links":{"self":[{"href":"https:\/\/www.compasshrg.com\/fi\/wp-json\/wp\/v2\/pages\/42817","targetHints":{"allow":["GET"]}}],"collection":[{"href":"https:\/\/www.compasshrg.com\/fi\/wp-json\/wp\/v2\/pages"}],"about":[{"href":"https:\/\/www.compasshrg.com\/fi\/wp-json\/wp\/v2\/types\/page"}],"author":[{"embeddable":true,"href":"https:\/\/www.compasshrg.com\/fi\/wp-json\/wp\/v2\/users\/60"}],"replies":[{"embeddable":true,"href":"https:\/\/www.compasshrg.com\/fi\/wp-json\/wp\/v2\/comments?post=42817"}],"version-history":[{"count":8,"href":"https:\/\/www.compasshrg.com\/fi\/wp-json\/wp\/v2\/pages\/42817\/revisions"}],"predecessor-version":[{"id":272810,"href":"https:\/\/www.compasshrg.com\/fi\/wp-json\/wp\/v2\/pages\/42817\/revisions\/272810"}],"up":[{"embeddable":true,"href":"https:\/\/www.compasshrg.com\/fi\/wp-json\/wp\/v2\/pages\/42784"}],"wp:attachment":[{"href":"https:\/\/www.compasshrg.com\/fi\/wp-json\/wp\/v2\/media?parent=42817"}],"curies":[{"name":"wp","href":"https:\/\/api.w.org\/{rel}","templated":true}]}}