{"id":55165,"date":"2021-12-13T12:38:25","date_gmt":"2021-12-13T12:38:25","guid":{"rendered":"https:\/\/www.compasshrg.com\/?page_id=55165"},"modified":"2022-10-19T09:33:55","modified_gmt":"2022-10-19T07:33:55","slug":"pyyda-tarjous","status":"publish","type":"page","link":"https:\/\/www.compasshrg.com\/fi\/pyyda-tarjous\/","title":{"rendered":"Pyyd\u00e4 tarjous"},"content":{"rendered":"<p>[et_pb_section fb_built=&#8221;1&#8243; custom_padding_last_edited=&#8221;on|phone&#8221; admin_label=&#8221;Landing Hero&#8221; _builder_version=&#8221;4.16&#8243; background_color_gradient_direction=&#8221;169deg&#8221; background_color_gradient_stops=&#8221;rgba(0,0,0,0.28) 42%|rgba(255,255,255,0.28) 82%&#8221; background_color_gradient_overlays_image=&#8221;on&#8221; background_color_gradient_start=&#8221;rgba(0,0,0,0.28)&#8221; background_color_gradient_start_position=&#8221;42%&#8221; background_color_gradient_end=&#8221;rgba(255,255,255,0.28)&#8221; background_color_gradient_end_position=&#8221;82%&#8221; background_image=&#8221;https:\/\/www.compasshrg.com\/wp-content\/uploads\/2021\/06\/contact-us-top-banner.png&#8221; background_position=&#8221;bottom_center&#8221; custom_padding=&#8221;|0px||0px|false|false&#8221; custom_padding_tablet=&#8221;1rem|0.1rem|1rem|0.1rem|true|true&#8221; custom_padding_phone=&#8221;||||false|false&#8221; animation_style=&#8221;slide&#8221; animation_direction=&#8221;top&#8221; animation_intensity_slide=&#8221;2%&#8221; background_last_edited=&#8221;on|tablet&#8221; use_background_color_gradient_tablet=&#8221;on&#8221; background_color_gradient_stops_tablet=&#8221;rgba(0,0,0,0.25) 65%|rgba(255,255,255,0.6) 90%&#8221; background_color_gradient_start_tablet=&#8221;rgba(0,0,0,0.25)&#8221; background_color_gradient_start_position_tablet=&#8221;65%&#8221; background_color_gradient_end_tablet=&#8221;rgba(255,255,255,0.6)&#8221; background_color_gradient_end_position_tablet=&#8221;90%&#8221; locked=&#8221;off&#8221; global_colors_info=&#8221;{}&#8221;][et_pb_row custom_padding_last_edited=&#8221;on|phone&#8221; _builder_version=&#8221;4.16&#8243; _module_preset=&#8221;default&#8221; width_tablet=&#8221;100%&#8221; width_phone=&#8221;&#8221; width_last_edited=&#8221;on|phone&#8221; max_width=&#8221;2560px&#8221; custom_margin=&#8221;||0px||false|false&#8221; custom_margin_tablet=&#8221;|2rem|0px|2rem|false|true&#8221; custom_margin_phone=&#8221;|1rem||1rem|false|true&#8221; custom_margin_last_edited=&#8221;on|tablet&#8221; custom_padding=&#8221;4rem||0.4rem||false|false&#8221; custom_padding_tablet=&#8221;3rem||1rem||false|false&#8221; custom_padding_phone=&#8221;&#8221; global_colors_info=&#8221;{}&#8221;][et_pb_column type=&#8221;4_4&#8243; _builder_version=&#8221;4.16&#8243; _module_preset=&#8221;default&#8221; global_colors_info=&#8221;{}&#8221;][dsm_typing_effect typing_effect=&#8221;Pyyd\u00e4 tarjous&#8221; before_new_line=&#8221;off&#8221; typing_loop=&#8221;off&#8221; typing_remove_cursor=&#8221;on&#8221; typing_backdelay=&#8221;10000ms&#8221; disabled_on=&#8221;on|on|off&#8221; _builder_version=&#8221;4.16&#8243; _module_preset=&#8221;default&#8221; header_font=&#8221;Lato|700|||||||&#8221; header_text_color=&#8221;#FFFFFF&#8221; header_font_size=&#8221;64px&#8221; width=&#8221;80%&#8221; max_width=&#8221;1920px&#8221; max_width_tablet=&#8221;1920px&#8221; max_width_phone=&#8221;&#8221; max_width_last_edited=&#8221;on|phone&#8221; custom_margin=&#8221;||0px||false|false&#8221; custom_padding=&#8221;||0px||false|false&#8221; global_colors_info=&#8221;{}&#8221;][\/dsm_typing_effect][et_pb_text disabled_on=&#8221;off|off|on&#8221; _builder_version=&#8221;4.16&#8243; text_font=&#8221;Lato||||||||&#8221; text_text_color=&#8221;#E8F7FC&#8221; text_font_size=&#8221;19px&#8221; text_line_height=&#8221;1.9em&#8221; header_font=&#8221;Lato|700|||||||&#8221; header_text_color=&#8221;#FFFFFF&#8221; header_font_size=&#8221;64px&#8221; width_tablet=&#8221;80%&#8221; width_phone=&#8221;&#8221; width_last_edited=&#8221;on|tablet&#8221; max_width=&#8221;1920px&#8221; max_width_tablet=&#8221;&#8221; max_width_phone=&#8221;&#8221; max_width_last_edited=&#8221;on|tablet&#8221; custom_margin=&#8221;|0px||0px|false|false&#8221; custom_margin_tablet=&#8221;|0px|||false|false&#8221; custom_margin_phone=&#8221;&#8221; custom_margin_last_edited=&#8221;on|tablet&#8221; custom_padding=&#8221;|0px||0px|false|false&#8221; custom_padding_tablet=&#8221;&#8221; custom_padding_phone=&#8221;&#8221; custom_padding_last_edited=&#8221;on|tablet&#8221; header_font_size_tablet=&#8221;&#8221; header_font_size_phone=&#8221;49px&#8221; header_font_size_last_edited=&#8221;on|phone&#8221; locked=&#8221;off&#8221; global_colors_info=&#8221;{}&#8221;]<\/p>\n<h1>Pyyd\u00e4 tarjous<\/h1>\n<p>[\/et_pb_text][\/et_pb_column][\/et_pb_row][et_pb_row column_structure=&#8221;1_2,1_2&#8243; custom_padding_last_edited=&#8221;on|phone&#8221; _builder_version=&#8221;4.16&#8243; width_tablet=&#8221;100%&#8221; width_phone=&#8221;&#8221; width_last_edited=&#8221;on|phone&#8221; max_width=&#8221;2560px&#8221; max_width_tablet=&#8221;1920px&#8221; max_width_phone=&#8221;&#8221; max_width_last_edited=&#8221;on|tablet&#8221; custom_margin=&#8221;0px||||false|false&#8221; custom_margin_tablet=&#8221;||||false|true&#8221; custom_margin_phone=&#8221;&#8221; custom_margin_last_edited=&#8221;on|tablet&#8221; custom_padding=&#8221;0px||4rem||false|false&#8221; custom_padding_tablet=&#8221;|2rem||2rem|false|true&#8221; custom_padding_phone=&#8221;|1rem||1rem|false|true&#8221; animation_style=&#8221;slide&#8221; animation_direction=&#8221;right&#8221; custom_width_px=&#8221;1280px&#8221; global_colors_info=&#8221;{}&#8221;][et_pb_column type=&#8221;1_2&#8243; _builder_version=&#8221;4.16&#8243; custom_padding=&#8221;|||&#8221; global_colors_info=&#8221;{}&#8221; custom_padding__hover=&#8221;|||&#8221;][et_pb_text _builder_version=&#8221;4.16&#8243; text_font=&#8221;Lato||||||||&#8221; text_text_color=&#8221;#FFFFFF&#8221; text_font_size=&#8221;19px&#8221; text_line_height=&#8221;1.8em&#8221; width_tablet=&#8221;&#8221; width_phone=&#8221;&#8221; width_last_edited=&#8221;on|phone&#8221; max_width_tablet=&#8221;&#8221; max_width_phone=&#8221;&#8221; max_width_last_edited=&#8221;on|tablet&#8221; custom_margin=&#8221;|0px||0px|false|false&#8221; custom_margin_tablet=&#8221;|0px|||false|false&#8221; custom_margin_phone=&#8221;&#8221; custom_margin_last_edited=&#8221;on|tablet&#8221; custom_padding=&#8221;|0px||0px|false|false&#8221; custom_padding_tablet=&#8221;&#8221; custom_padding_phone=&#8221;&#8221; custom_padding_last_edited=&#8221;on|tablet&#8221; locked=&#8221;off&#8221; global_colors_info=&#8221;{}&#8221;]<\/p>\n<p>Alta l\u00f6yd\u00e4t lomakkeen, jolta voit helposti pyyt\u00e4\u00e4 meilt\u00e4 tarjouksen. L\u00e4hetetty\u00e4si lomakkeen, olemme sinuun pikapuoliin yhteydess\u00e4.<\/p>\n<p>[\/et_pb_text][\/et_pb_column][et_pb_column type=&#8221;1_2&#8243; _builder_version=&#8221;4.16&#8243; custom_padding=&#8221;|||&#8221; global_colors_info=&#8221;{}&#8221; custom_padding__hover=&#8221;|||&#8221;][\/et_pb_column][\/et_pb_row][\/et_pb_section][et_pb_section fb_built=&#8221;1&#8243; _builder_version=&#8221;4.18.0&#8243; _module_preset=&#8221;default&#8221; hover_enabled=&#8221;0&#8243; global_colors_info=&#8221;{}&#8221; background_color=&#8221;RGBA(255,255,255,0)&#8221; background_enable_color=&#8221;on&#8221; sticky_enabled=&#8221;0&#8243;][et_pb_row column_structure=&#8221;1_2,1_2&#8243; _builder_version=&#8221;4.16&#8243; _module_preset=&#8221;default&#8221; global_colors_info=&#8221;{}&#8221;][et_pb_column type=&#8221;1_2&#8243; _builder_version=&#8221;4.16&#8243; _module_preset=&#8221;default&#8221; global_colors_info=&#8221;{}&#8221;][et_pb_text _builder_version=&#8221;4.16&#8243; text_font=&#8221;Lato||||||||&#8221; header_font=&#8221;Lato||||||||&#8221; header_text_color=&#8221;#000000&#8243; header_2_font=&#8221;Lato|700|||||||&#8221; header_2_text_color=&#8221;#000000&#8243; header_2_font_size=&#8221;38px&#8221; header_2_letter_spacing=&#8221;1px&#8221; header_2_line_height=&#8221;1.4em&#8221; header_3_font=&#8221;Lato|900||on|||||&#8221; header_3_text_color=&#8221;#1EAEE2&#8243; header_3_font_size=&#8221;13px&#8221; header_3_letter_spacing=&#8221;1px&#8221; header_3_line_height=&#8221;2em&#8221; custom_margin=&#8221;||0px||false|false&#8221; custom_padding=&#8221;||0px||false|true&#8221; animation_style=&#8221;slide&#8221; animation_direction=&#8221;bottom&#8221; locked=&#8221;off&#8221; global_colors_info=&#8221;{}&#8221;]<\/p>\n<h2><span>Pyyd\u00e4 tarjous<\/span><\/h2>\n<p>[\/et_pb_text][et_pb_text _builder_version=&#8221;4.16&#8243; _module_preset=&#8221;default&#8221; text_font=&#8221;Lato|300|||||||&#8221; text_font_size=&#8221;17px&#8221; text_letter_spacing=&#8221;0.5px&#8221; text_line_height=&#8221;1.8em&#8221; header_text_color=&#8221;#FFFFFF&#8221; header_2_font=&#8221;|700|||||||&#8221; header_2_text_color=&#8221;#FFFFFF&#8221; header_2_font_size=&#8221;38px&#8221; custom_padding=&#8221;|1rem|||false|false&#8221; animation_style=&#8221;slide&#8221; animation_direction=&#8221;bottom&#8221; global_colors_info=&#8221;{}&#8221;]<\/p>\n<p>Onko teill\u00e4 tarve l\u00f6yt\u00e4\u00e4 luotettava kumppani hoitamaan yrityksenne avainpositioiden t\u00e4ytt\u00e4mist\u00e4? Tai kenties etsitte oikeaa suorahakutoimistoa juuri tiettyyn toimeksiantoon? L\u00e4het\u00e4 meille ohesta tarjouspyynt\u00f6. T\u00e4ytt\u00e4m\u00e4si lis\u00e4tiedot auttavat meit\u00e4 tekem\u00e4\u00e4n juuri teille sopivan tarjouksen. Mik\u00e4li tarvitsemme lis\u00e4tietoja, olemme sinuun puhelimitse tai mailitse yhteydess\u00e4. Kuullaan pian!<\/p>\n<p>[\/et_pb_text][\/et_pb_column][et_pb_column type=&#8221;1_2&#8243; _builder_version=&#8221;4.16&#8243; _module_preset=&#8221;default&#8221; global_colors_info=&#8221;{}&#8221;][et_pb_text _builder_version=&#8221;4.16&#8243; _module_preset=&#8221;default&#8221; header_2_font=&#8221;|700|||||||&#8221; header_2_text_color=&#8221;#1EAEE2&#8243; text_orientation=&#8221;center&#8221; global_colors_info=&#8221;{}&#8221;]<\/p>\n<h2>Pyyd\u00e4 tarjous<\/h2>\n<p>[\/et_pb_text][et_pb_text _builder_version=&#8221;4.16&#8243; _module_preset=&#8221;default&#8221; global_colors_info=&#8221;{}&#8221;]<!--[if lte IE 8]>\n<script charset=\"utf-8\" type=\"text\/javascript\" src=\"\/\/js.hsforms.net\/forms\/v2-legacy.js\"><\/script>\n<![endif]--><br \/>\n<script charset=\"utf-8\" type=\"text\/javascript\" src=\"\/\/js.hsforms.net\/forms\/v2.js\"><\/script><br \/>\n<script>\n  hbspt.forms.create({\n\tregion: \"na1\",\n\tportalId: \"19512017\",\n\tformId: \"6cb2d7d4-0864-4c58-bba8-201b56c97075\"\n});\n<\/script>[\/et_pb_text][\/et_pb_column][\/et_pb_row][\/et_pb_section][et_pb_section fb_built=&#8221;1&#8243; custom_padding_last_edited=&#8221;on|tablet&#8221; disabled_on=&#8221;on|on|off&#8221; admin_label=&#8221;Hero&#8221; _builder_version=&#8221;4.16&#8243; background_color_gradient_stops=&#8221;#1eaee2 70%|#ffffff 70%&#8221; background_color_gradient_start=&#8221;#1eaee2&#8243; background_color_gradient_start_position=&#8221;70%&#8221; background_color_gradient_end=&#8221;#ffffff&#8221; background_color_gradient_end_position=&#8221;70%&#8221; background_image=&#8221;https:\/\/www.compasshrg.com\/wp-content\/uploads\/2021\/03\/banner-background-big-c-arrow-10-procent.png&#8221; custom_margin=&#8221;|||&#8221; custom_padding=&#8221;4rem||0px||false|false&#8221; custom_padding_tablet=&#8221;1rem|1rem|1rem|1rem|true|true&#8221; custom_padding_phone=&#8221;&#8221; global_colors_info=&#8221;{}&#8221;][et_pb_row _builder_version=&#8221;4.16&#8243; _module_preset=&#8221;default&#8221; width_tablet=&#8221;100%&#8221; width_phone=&#8221;&#8221; width_last_edited=&#8221;on|tablet&#8221; custom_margin=&#8221;||0px||false|false&#8221; custom_padding=&#8221;||0px||false|false&#8221; global_colors_info=&#8221;{}&#8221;][et_pb_column type=&#8221;4_4&#8243; _builder_version=&#8221;4.16&#8243; _module_preset=&#8221;default&#8221; global_colors_info=&#8221;{}&#8221;][et_pb_text _builder_version=&#8221;4.16&#8243; text_font=&#8221;Lato||||||||&#8221; header_font=&#8221;Lato||||||||&#8221; header_text_color=&#8221;#FFFFFF&#8221; header_2_font=&#8221;Lato|700|||||||&#8221; header_2_text_color=&#8221;#FFFFFF&#8221; header_2_font_size=&#8221;38px&#8221; header_2_letter_spacing=&#8221;1px&#8221; header_2_line_height=&#8221;1.4em&#8221; header_3_font=&#8221;Lato|900||on|||||&#8221; header_3_text_color=&#8221;rgba(255,255,255,0.7)&#8221; header_3_font_size=&#8221;13px&#8221; header_3_letter_spacing=&#8221;1px&#8221; header_3_line_height=&#8221;2em&#8221; text_orientation=&#8221;center&#8221; module_alignment=&#8221;center&#8221; locked=&#8221;off&#8221; global_colors_info=&#8221;{}&#8221;]<\/p>\n<h3 class=\"av-special-heading-tag \" itemprop=\"headline\">Valmistaudu huomisen haasteisiin<\/h3>\n<h2>Tapaa Compass-tiimi<\/h2>\n<p>[\/et_pb_text][\/et_pb_column][\/et_pb_row][et_pb_row _builder_version=&#8221;4.16&#8243; width=&#8221;50%&#8221; max_width=&#8221;100%&#8221; custom_padding=&#8221;27px|0px|0px|0px&#8221; global_colors_info=&#8221;{}&#8221;][et_pb_column type=&#8221;4_4&#8243; _builder_version=&#8221;4.16&#8243; custom_padding=&#8221;|||&#8221; global_colors_info=&#8221;{}&#8221; custom_padding__hover=&#8221;|||&#8221;][et_pb_image src=&#8221;https:\/\/www.compasshrg.com\/wp-content\/uploads\/2021\/09\/DSC00304-min-min-scaled.jpg&#8221; title_text=&#8221;DSC00304-min-min&#8221; align=&#8221;center&#8221; _builder_version=&#8221;4.16&#8243; _module_preset=&#8221;default&#8221; global_colors_info=&#8221;{}&#8221; transform_styles__hover_enabled=&#8221;on|hover&#8221; transform_scale__hover_enabled=&#8221;on|hover&#8221; transform_translate__hover_enabled=&#8221;on|desktop&#8221; transform_rotate__hover_enabled=&#8221;on|desktop&#8221; transform_skew__hover_enabled=&#8221;on|desktop&#8221; transform_origin__hover_enabled=&#8221;on|desktop&#8221; transform_scale__hover=&#8221;103%|103%&#8221;][\/et_pb_image][\/et_pb_column][\/et_pb_row][\/et_pb_section][et_pb_section fb_built=&#8221;1&#8243; disabled_on=&#8221;on|on|off&#8221; _builder_version=&#8221;4.16&#8243; _module_preset=&#8221;default&#8221; background_color_gradient_stops=&#8221;#ffffff 38%|rgba(217,217,217,0.74) 100%&#8221; background_color_gradient_start=&#8221;#ffffff&#8221; background_color_gradient_start_position=&#8221;38%&#8221; background_color_gradient_end=&#8221;rgba(217,217,217,0.74)&#8221; custom_margin=&#8221;0px||0px||false|false&#8221; custom_padding=&#8221;0px||0px||false|false&#8221; global_colors_info=&#8221;{}&#8221;][et_pb_row _builder_version=&#8221;4.16&#8243; _module_preset=&#8221;default&#8221; custom_padding=&#8221;1rem||6rem||false|false&#8221; global_colors_info=&#8221;{}&#8221;][et_pb_column type=&#8221;4_4&#8243; _builder_version=&#8221;4.16&#8243; _module_preset=&#8221;default&#8221; global_colors_info=&#8221;{}&#8221;][et_pb_button button_url=&#8221;https:\/\/www.compasshrg.com\/fi\/tapaa-tiimimme\/&#8221; button_text=&#8221;Tapaa tiimimme&#8221; button_alignment=&#8221;center&#8221; _builder_version=&#8221;4.16&#8243; custom_button=&#8221;on&#8221; button_text_size=&#8221;14px&#8221; button_text_color=&#8221;#FFFFFF&#8221; button_bg_color=&#8221;#1EAEE2&#8243; button_border_width=&#8221;12px&#8221; button_border_color=&#8221;#1EAEE2&#8243; button_border_radius=&#8221;3px&#8221; button_letter_spacing=&#8221;2px&#8221; button_font=&#8221;Lato|900||on|||||&#8221; button_icon=&#8221;&#x45;||divi||400&#8243; button_icon_color=&#8221;#FFFFFF&#8221; custom_margin=&#8221;2rem||||false|false&#8221; button_text_color_hover=&#8221;#edbb5f&#8221; button_letter_spacing_hover=&#8221;1px&#8221; global_colors_info=&#8221;{}&#8221; button_text_size__hover_enabled=&#8221;off&#8221; button_one_text_size__hover_enabled=&#8221;off&#8221; button_two_text_size__hover_enabled=&#8221;off&#8221; button_text_color__hover_enabled=&#8221;on|hover&#8221; button_text_color__hover=&#8221;#FFFFFF&#8221; button_one_text_color__hover_enabled=&#8221;off&#8221; button_two_text_color__hover_enabled=&#8221;off&#8221; button_border_width__hover_enabled=&#8221;off&#8221; button_one_border_width__hover_enabled=&#8221;off&#8221; button_two_border_width__hover_enabled=&#8221;off&#8221; button_border_color__hover_enabled=&#8221;off&#8221; button_one_border_color__hover_enabled=&#8221;off&#8221; button_two_border_color__hover_enabled=&#8221;off&#8221; button_border_radius__hover_enabled=&#8221;off&#8221; button_one_border_radius__hover_enabled=&#8221;off&#8221; button_two_border_radius__hover_enabled=&#8221;off&#8221; button_letter_spacing__hover_enabled=&#8221;on|hover&#8221; button_letter_spacing__hover=&#8221;2px&#8221; button_one_letter_spacing__hover_enabled=&#8221;off&#8221; button_two_letter_spacing__hover_enabled=&#8221;off&#8221; button_bg_color__hover_enabled=&#8221;off&#8221; button_one_bg_color__hover_enabled=&#8221;off&#8221; button_two_bg_color__hover_enabled=&#8221;off&#8221;][\/et_pb_button][\/et_pb_column][\/et_pb_row][\/et_pb_section][et_pb_section fb_built=&#8221;1&#8243; disabled_on=&#8221;off|off|on&#8221; _builder_version=&#8221;4.16&#8243; _module_preset=&#8221;default&#8221; background_color=&#8221;#1EAEE2&#8243; custom_padding=&#8221;1rem||1rem||true|true&#8221; global_colors_info=&#8221;{}&#8221;][et_pb_row _builder_version=&#8221;4.16&#8243; _module_preset=&#8221;default&#8221; width_tablet=&#8221;100%&#8221; width_phone=&#8221;&#8221; width_last_edited=&#8221;on|tablet&#8221; custom_margin=&#8221;0px||0px||false|false&#8221; custom_padding=&#8221;2rem||0px||false|false&#8221; global_colors_info=&#8221;{}&#8221;][et_pb_column type=&#8221;4_4&#8243; _builder_version=&#8221;4.16&#8243; _module_preset=&#8221;default&#8221; global_colors_info=&#8221;{}&#8221;][\/et_pb_column][\/et_pb_row][\/et_pb_section]<\/p>\n","protected":false},"excerpt":{"rendered":"<p><div class=\"et_pb_module dsm_typing_effect dsm_typing_effect_0 et_pb_bg_layout_light \">\n\t\t\t\t\n\t\t\t\t\n\t\t\t\t\n\t\t\t\t\n\t\t\t\t\n\t\t\t\t\n\t\t\t\t<div class=\"et_pb_module_inner\">\n\t\t\t\t\t<h1 class=\"dsm-typing-effect et_pb_module_header\" aria-label=\"Pyyd\u00e4 tarjous\"> <span class=\"dsm-typing-wrapper\"><span class=\"dsm-typing-strings\">Pyyd\u00e4 tarjous<\/span><span class=\"dsm-typing\" aria-hidden=\"true\" data-dsm-typing-cursor=\"|\" data-dsm-typing-strings=\"Pyyd\u00e4 tarjous\" data-dsm-typing-speed=100ms data-dsm-typing-backspeed=50ms data-dsm-typing-backdelay=10000ms data-dsm-typing-loop=false data-dsm-typing-remove-cursor=on data-dsm-typing-fadeout=false data-dsm-typing-shuffle=false data-dsm-typing-delay=0ms data-dsm-typing-viewport=80% data-dsm-typing-repeat=on><\/span><\/span><\/h1>\n\t\t\t\t<\/div>\n\t\t\t<\/div>Pyyd\u00e4 tarjousAlta l\u00f6yd\u00e4t lomakkeen, jolta voit helposti pyyt\u00e4\u00e4 meilt\u00e4 tarjouksen. L\u00e4hetetty\u00e4si lomakkeen, olemme sinuun pikapuoliin yhteydess\u00e4.Pyyd\u00e4 tarjousOnko teill\u00e4 tarve l\u00f6yt\u00e4\u00e4 luotettava kumppani hoitamaan yrityksenne avainpositioiden t\u00e4ytt\u00e4mist\u00e4? Tai kenties etsitte oikeaa suorahakutoimistoa juuri tiettyyn toimeksiantoon? L\u00e4het\u00e4 meille ohesta tarjouspyynt\u00f6. T\u00e4ytt\u00e4m\u00e4si lis\u00e4tiedot auttavat meit\u00e4 tekem\u00e4\u00e4n juuri teille sopivan tarjouksen. Mik\u00e4li tarvitsemme lis\u00e4tietoja, olemme sinuun puhelimitse tai mailitse yhteydess\u00e4. Kuullaan pian!Pyyd\u00e4 tarjous Valmistaudu huomisen haasteisiin Tapaa Compass-tiimi<\/p>\n","protected":false},"author":3,"featured_media":0,"parent":0,"menu_order":0,"comment_status":"closed","ping_status":"closed","template":"","meta":{"_acf_changed":false,"_et_pb_use_builder":"on","_et_pb_old_content":"","_et_gb_content_width":"","om_disable_all_campaigns":false,"inline_featured_image":false,"_uf_show_specific_survey":0,"_uf_disable_surveys":false,"footnotes":""},"class_list":["post-55165","page","type-page","status-publish","hentry"],"acf":[],"yoast_head":"<!-- This site is optimized with the Yoast SEO plugin v27.1.1 - https:\/\/yoast.com\/product\/yoast-seo-wordpress\/ -->\n<title>Pyyd\u00e4 tarjous - Compass HRG<\/title>\n<meta name=\"description\" content=\"Pyyd\u00e4 nopeasti ja helposti tarjous palveluistamme. T\u00e4yt\u00e4 lomake ja olemme sinuun pikapuoliin yhteydess\u00e4!\" \/>\n<meta name=\"robots\" content=\"index, follow, max-snippet:-1, max-image-preview:large, max-video-preview:-1\" \/>\n<link rel=\"canonical\" href=\"https:\/\/www.compasshrg.com\/fi\/pyyda-tarjous\/\" \/>\n<meta property=\"og:locale\" content=\"fi_FI\" \/>\n<meta property=\"og:type\" content=\"article\" \/>\n<meta property=\"og:title\" content=\"Pyyd\u00e4 tarjous - Compass HRG\" \/>\n<meta property=\"og:description\" content=\"Pyyd\u00e4 nopeasti ja helposti tarjous palveluistamme. T\u00e4yt\u00e4 lomake ja olemme sinuun pikapuoliin yhteydess\u00e4!\" \/>\n<meta property=\"og:url\" content=\"https:\/\/www.compasshrg.com\/fi\/pyyda-tarjous\/\" \/>\n<meta property=\"og:site_name\" content=\"Compass HRG\" \/>\n<meta property=\"article:publisher\" content=\"https:\/\/www.facebook.com\/compasshrgdk\" \/>\n<meta property=\"article:modified_time\" content=\"2022-10-19T07:33:55+00:00\" \/>\n<meta name=\"twitter:card\" content=\"summary_large_image\" \/>\n<meta name=\"twitter:label1\" content=\"Arvioitu lukuaika\" \/>\n\t<meta name=\"twitter:data1\" content=\"8 minuuttia\" \/>\n<script type=\"application\/ld+json\" class=\"yoast-schema-graph\">{\"@context\":\"https:\/\/schema.org\",\"@graph\":[{\"@type\":\"WebPage\",\"@id\":\"https:\/\/www.compasshrg.com\/fi\/pyyda-tarjous\/\",\"url\":\"https:\/\/www.compasshrg.com\/fi\/pyyda-tarjous\/\",\"name\":\"Pyyd\u00e4 tarjous - Compass HRG\",\"isPartOf\":{\"@id\":\"https:\/\/www.compasshrg.com\/fi\/#website\"},\"datePublished\":\"2021-12-13T12:38:25+00:00\",\"dateModified\":\"2022-10-19T07:33:55+00:00\",\"description\":\"Pyyd\u00e4 nopeasti ja helposti tarjous palveluistamme. T\u00e4yt\u00e4 lomake ja olemme sinuun pikapuoliin yhteydess\u00e4!\",\"breadcrumb\":{\"@id\":\"https:\/\/www.compasshrg.com\/fi\/pyyda-tarjous\/#breadcrumb\"},\"inLanguage\":\"fi\",\"potentialAction\":[{\"@type\":\"ReadAction\",\"target\":[\"https:\/\/www.compasshrg.com\/fi\/pyyda-tarjous\/\"]}]},{\"@type\":\"BreadcrumbList\",\"@id\":\"https:\/\/www.compasshrg.com\/fi\/pyyda-tarjous\/#breadcrumb\",\"itemListElement\":[{\"@type\":\"ListItem\",\"position\":1,\"name\":\"Compass HRG\",\"item\":\"https:\/\/www.compasshrg.com\/fi\/\"},{\"@type\":\"ListItem\",\"position\":2,\"name\":\"Pyyd\u00e4 tarjous\"}]},{\"@type\":\"WebSite\",\"@id\":\"https:\/\/www.compasshrg.com\/fi\/#website\",\"url\":\"https:\/\/www.compasshrg.com\/fi\/\",\"name\":\"Compass HRG\",\"description\":\"Your HR Service Partner\",\"publisher\":{\"@id\":\"https:\/\/www.compasshrg.com\/fi\/#organization\"},\"potentialAction\":[{\"@type\":\"SearchAction\",\"target\":{\"@type\":\"EntryPoint\",\"urlTemplate\":\"https:\/\/www.compasshrg.com\/fi\/?s={search_term_string}\"},\"query-input\":{\"@type\":\"PropertyValueSpecification\",\"valueRequired\":true,\"valueName\":\"search_term_string\"}}],\"inLanguage\":\"fi\"},{\"@type\":\"Organization\",\"@id\":\"https:\/\/www.compasshrg.com\/fi\/#organization\",\"name\":\"Compass HRG\",\"url\":\"https:\/\/www.compasshrg.com\/fi\/\",\"logo\":{\"@type\":\"ImageObject\",\"inLanguage\":\"fi\",\"@id\":\"https:\/\/www.compasshrg.com\/fi\/#\/schema\/logo\/image\/\",\"url\":\"\",\"contentUrl\":\"\",\"caption\":\"Compass HRG\"},\"image\":{\"@id\":\"https:\/\/www.compasshrg.com\/fi\/#\/schema\/logo\/image\/\"},\"sameAs\":[\"https:\/\/www.facebook.com\/compasshrgdk\"]}]}<\/script>\n<!-- \/ Yoast SEO plugin. -->","yoast_head_json":{"title":"Pyyd\u00e4 tarjous - Compass HRG","description":"Pyyd\u00e4 nopeasti ja helposti tarjous palveluistamme. T\u00e4yt\u00e4 lomake ja olemme sinuun pikapuoliin yhteydess\u00e4!","robots":{"index":"index","follow":"follow","max-snippet":"max-snippet:-1","max-image-preview":"max-image-preview:large","max-video-preview":"max-video-preview:-1"},"canonical":"https:\/\/www.compasshrg.com\/fi\/pyyda-tarjous\/","og_locale":"fi_FI","og_type":"article","og_title":"Pyyd\u00e4 tarjous - Compass HRG","og_description":"Pyyd\u00e4 nopeasti ja helposti tarjous palveluistamme. T\u00e4yt\u00e4 lomake ja olemme sinuun pikapuoliin yhteydess\u00e4!","og_url":"https:\/\/www.compasshrg.com\/fi\/pyyda-tarjous\/","og_site_name":"Compass HRG","article_publisher":"https:\/\/www.facebook.com\/compasshrgdk","article_modified_time":"2022-10-19T07:33:55+00:00","twitter_card":"summary_large_image","twitter_misc":{"Arvioitu lukuaika":"8 minuuttia"},"schema":{"@context":"https:\/\/schema.org","@graph":[{"@type":"WebPage","@id":"https:\/\/www.compasshrg.com\/fi\/pyyda-tarjous\/","url":"https:\/\/www.compasshrg.com\/fi\/pyyda-tarjous\/","name":"Pyyd\u00e4 tarjous - Compass HRG","isPartOf":{"@id":"https:\/\/www.compasshrg.com\/fi\/#website"},"datePublished":"2021-12-13T12:38:25+00:00","dateModified":"2022-10-19T07:33:55+00:00","description":"Pyyd\u00e4 nopeasti ja helposti tarjous palveluistamme. T\u00e4yt\u00e4 lomake ja olemme sinuun pikapuoliin yhteydess\u00e4!","breadcrumb":{"@id":"https:\/\/www.compasshrg.com\/fi\/pyyda-tarjous\/#breadcrumb"},"inLanguage":"fi","potentialAction":[{"@type":"ReadAction","target":["https:\/\/www.compasshrg.com\/fi\/pyyda-tarjous\/"]}]},{"@type":"BreadcrumbList","@id":"https:\/\/www.compasshrg.com\/fi\/pyyda-tarjous\/#breadcrumb","itemListElement":[{"@type":"ListItem","position":1,"name":"Compass HRG","item":"https:\/\/www.compasshrg.com\/fi\/"},{"@type":"ListItem","position":2,"name":"Pyyd\u00e4 tarjous"}]},{"@type":"WebSite","@id":"https:\/\/www.compasshrg.com\/fi\/#website","url":"https:\/\/www.compasshrg.com\/fi\/","name":"Compass HRG","description":"Your HR Service Partner","publisher":{"@id":"https:\/\/www.compasshrg.com\/fi\/#organization"},"potentialAction":[{"@type":"SearchAction","target":{"@type":"EntryPoint","urlTemplate":"https:\/\/www.compasshrg.com\/fi\/?s={search_term_string}"},"query-input":{"@type":"PropertyValueSpecification","valueRequired":true,"valueName":"search_term_string"}}],"inLanguage":"fi"},{"@type":"Organization","@id":"https:\/\/www.compasshrg.com\/fi\/#organization","name":"Compass HRG","url":"https:\/\/www.compasshrg.com\/fi\/","logo":{"@type":"ImageObject","inLanguage":"fi","@id":"https:\/\/www.compasshrg.com\/fi\/#\/schema\/logo\/image\/","url":"","contentUrl":"","caption":"Compass HRG"},"image":{"@id":"https:\/\/www.compasshrg.com\/fi\/#\/schema\/logo\/image\/"},"sameAs":["https:\/\/www.facebook.com\/compasshrgdk"]}]}},"_links":{"self":[{"href":"https:\/\/www.compasshrg.com\/fi\/wp-json\/wp\/v2\/pages\/55165","targetHints":{"allow":["GET"]}}],"collection":[{"href":"https:\/\/www.compasshrg.com\/fi\/wp-json\/wp\/v2\/pages"}],"about":[{"href":"https:\/\/www.compasshrg.com\/fi\/wp-json\/wp\/v2\/types\/page"}],"author":[{"embeddable":true,"href":"https:\/\/www.compasshrg.com\/fi\/wp-json\/wp\/v2\/users\/3"}],"replies":[{"embeddable":true,"href":"https:\/\/www.compasshrg.com\/fi\/wp-json\/wp\/v2\/comments?post=55165"}],"version-history":[{"count":1,"href":"https:\/\/www.compasshrg.com\/fi\/wp-json\/wp\/v2\/pages\/55165\/revisions"}],"predecessor-version":[{"id":244617,"href":"https:\/\/www.compasshrg.com\/fi\/wp-json\/wp\/v2\/pages\/55165\/revisions\/244617"}],"wp:attachment":[{"href":"https:\/\/www.compasshrg.com\/fi\/wp-json\/wp\/v2\/media?parent=55165"}],"curies":[{"name":"wp","href":"https:\/\/api.w.org\/{rel}","templated":true}]}}