{"id":251744,"date":"2023-04-12T08:34:02","date_gmt":"2023-04-12T06:34:02","guid":{"rendered":"https:\/\/www.compasshrg.com\/?page_id=251744"},"modified":"2025-10-22T10:04:06","modified_gmt":"2025-10-22T08:04:06","slug":"it-rekruttering","status":"publish","type":"page","link":"https:\/\/www.compasshrg.com\/no\/roller\/it-rekruttering\/","title":{"rendered":"IT-rekruttering"},"content":{"rendered":"<p>[et_pb_section fb_built=&raquo;1&#8243; admin_label=&raquo;Seksjon&raquo; _builder_version=&raquo;4.27.4&#8243; _module_preset=&raquo;3bd0c8b5-5eee-4a10-8752-3d3fd0ca5f34&#8243; background_image=&raquo;https:\/\/www.compasshrg.com\/wp-content\/uploads\/2025\/05\/Roller-IT-roles.webp&raquo; min_height=&raquo;403px&raquo; global_colors_info=&raquo;{}&raquo;][et_pb_row _builder_version=&raquo;4.23.1&#8243; _module_preset=&raquo;default&raquo; global_colors_info=&raquo;{}&raquo;][et_pb_column type=&raquo;4_4&#8243; _builder_version=&raquo;4.23.1&#8243; _module_preset=&raquo;default&raquo; global_colors_info=&raquo;{}&raquo;][et_pb_text _builder_version=&raquo;4.27.4&#8243; _module_preset=&raquo;412f3840-30ae-47e3-b197-7251e39a6048&#8243; max_width=&raquo;50%&raquo; max_width_tablet=&raquo;100%&raquo; max_width_phone=&raquo;100%&raquo; max_width_last_edited=&raquo;on|phone&raquo; global_colors_info=&raquo;{}&raquo;]<\/p>\n<h5>Mer enn 35 \u00e5rs erfaring med rekruttering og headhunting<\/h5>\n<h1>IT-rekruttering &#8211; tiltrekk de beste IT-talentene til din bedrift<\/h1>\n<p><span>Vi spesialiserer oss p\u00e5 \u00e5 hjelpe bedrifter med \u00e5 rekruttere IT-spesialister og ledere til en rekke ulike bransjer. Med den raske og stadig skiftende teknologiverdenen kan det v\u00e6re en utfordring \u00e5 finne de beste talentene til \u00e5 fylle kritiske roller i organisasjonen din. Det er her vi kommer inn i bildet.\u00a0<\/span><\/p>\n<p>[\/et_pb_text][dsm_button button_one_text=&raquo;Kontakt oss&raquo; button_one_url=&raquo;@ET-DC@eyJkeW5hbWljIjp0cnVlLCJjb250ZW50IjoicG9zdF9saW5rX3VybF9wYWdlIiwic2V0dGluZ3MiOnsicG9zdF9pZCI6IjM4NzQifX0=@&raquo; button_two_text=&raquo;Ledige stillinger&raquo; button_two_url=&raquo;@ET-DC@eyJkeW5hbWljIjp0cnVlLCJjb250ZW50IjoicG9zdF9saW5rX3VybF9wYWdlIiwic2V0dGluZ3MiOnsicG9zdF9pZCI6IjM3MTQ0In19@&raquo; _builder_version=&raquo;4.27.4&#8243; _dynamic_attributes=&raquo;button_one_url,button_two_url&raquo; _module_preset=&raquo;default&raquo; locked=&raquo;off&raquo; global_colors_info=&raquo;{}&raquo;][\/dsm_button][\/et_pb_column][\/et_pb_row][\/et_pb_section][et_pb_section fb_built=&raquo;1&#8243; _builder_version=&raquo;4.27.4&#8243; _module_preset=&raquo;default&raquo; global_colors_info=&raquo;{}&raquo;][et_pb_row _builder_version=&raquo;4.27.4&#8243; _module_preset=&raquo;default&raquo; min_height=&raquo;176px&raquo; height=&raquo;147px&raquo; global_colors_info=&raquo;{}&raquo;][et_pb_column type=&raquo;4_4&#8243; _builder_version=&raquo;4.27.4&#8243; _module_preset=&raquo;default&raquo; global_colors_info=&raquo;{}&raquo;][et_pb_text _builder_version=&raquo;4.27.4&#8243; _module_preset=&raquo;default&raquo; global_colors_info=&raquo;{}&raquo;]<\/p>\n<h6 style=\"text-align: center;\"><span style=\"color: #808080;\"><strong>Vi har har utf\u00f8rt suksessfulle IT-rekrutteringer til blant annet<\/strong><\/span><\/h6>\n<p>[\/et_pb_text][dsm_image_carousel gallery_ids=&raquo;269990,270656,52761,274779,276281,64815,41025,62365,259382&#8243; slide_to_show=&raquo;5&#8243; dots=&raquo;off&raquo; _builder_version=&raquo;4.27.4&#8243; _module_preset=&raquo;default&raquo; global_colors_info=&raquo;{}&raquo;][\/dsm_image_carousel][\/et_pb_column][\/et_pb_row][\/et_pb_section][et_pb_section fb_built=&raquo;1&#8243; _builder_version=&raquo;4.27.4&#8243; _module_preset=&raquo;default&raquo; background_color=&raquo;#FFFFFF&raquo; background_enable_color=&raquo;on&raquo; locked=&raquo;off&raquo; global_colors_info=&raquo;{}&raquo;][et_pb_row column_structure=&raquo;3_5,2_5&#8243; _builder_version=&raquo;4.24.2&#8243; _module_preset=&raquo;default&raquo; global_colors_info=&raquo;{}&raquo;][et_pb_column type=&raquo;3_5&#8243; _builder_version=&raquo;4.24.2&#8243; _module_preset=&raquo;default&raquo; global_colors_info=&raquo;{}&raquo;][et_pb_text _builder_version=&raquo;4.27.4&#8243; _module_preset=&raquo;58e03bbe-09f9-4131-90f8-1da173bab908&#8243; global_colors_info=&raquo;{}&raquo;]<\/p>\n<h5><span>IT-rekruttering som utgj\u00f8r en forskjell<\/span><\/h5>\n<h2><span>Finn lederne og spesialistene som vil drive dine digitale prosjekter<\/span><\/h2>\n<p><span>Hos Compass HRG har vi inng\u00e5ende kunnskap om IT-bransjen og ferdighetene som trengs for \u00e5 lykkes. V\u00e5rt team av dyktige rekrutteringseksperter har \u00e5relang erfaring med \u00e5 finne, unders\u00f8ke og plassere de beste IT-talentene i ulike sektorer, inkludert finans, biovitenskap og forbrukerprodukter.<\/span><\/p>\n<h5><span>SLIPP L\u00d8S ORGANISASJONENS POTENSIAL GJENNOM SKREDDERSYDDE REKRUTTERINGSSTRATEGIER<\/span><\/h5>\n<p><span>Vi har en personlig tiln\u00e6rming til rekruttering og jobber tett med v\u00e5re kunder for \u00e5 forst\u00e5 deres unike behov og krav. Enten du leter etter en IT-sjef til \u00e5 lede IT-avdelingen din eller et team med utviklere til \u00e5 bygge ditt neste store prosjekt, har vi ekspertisen til \u00e5 finne den rette personen for organisasjonen din.<\/span><\/p>\n<p><span>V\u00e5r omfattende rekrutteringsprosess sikrer at vi kun presenterer kandidater som oppfyller dine krav. Vi bruker ulike teknikker, inkludert kandidatscreening, kompetansevurderinger og atferdsintervjuer, for \u00e5 finne den som passer best for din organisasjon.<\/span><\/p>\n<p>[\/et_pb_text][et_pb_button button_url=&raquo;https:\/\/www.compasshrg.com\/contact\/&raquo; button_text=&raquo;Kontakt oss&raquo; _builder_version=&raquo;4.27.4&#8243; _module_preset=&raquo;0b42114b-4eae-44d0-b289-9382e7907bd4&#8243; locked=&raquo;off&raquo; global_colors_info=&raquo;{}&raquo;][\/et_pb_button][\/et_pb_column][et_pb_column type=&raquo;2_5&#8243; _builder_version=&raquo;4.24.2&#8243; _module_preset=&raquo;default&raquo; global_colors_info=&raquo;{}&raquo;][et_pb_image src=&raquo;https:\/\/www.compasshrg.com\/wp-content\/uploads\/2025\/05\/Bjorn-Erik-Graff-BEG.jpg&raquo; title_text=&raquo;Bj\u00f8rn Erik Graff BEG&raquo; _builder_version=&raquo;4.27.4&#8243; _module_preset=&raquo;default&raquo; max_width=&raquo;70%&raquo; module_alignment=&raquo;center&raquo; custom_margin=&raquo;||1rem||false|false&raquo; custom_padding=&raquo;||||false|false&raquo; global_colors_info=&raquo;{}&raquo;][\/et_pb_image][\/et_pb_column][\/et_pb_row][\/et_pb_section][et_pb_section fb_built=&raquo;1&#8243; _builder_version=&raquo;4.23.1&#8243; _module_preset=&raquo;default&raquo; background_color=&raquo;#E8F7FC&raquo; background_enable_color=&raquo;on&raquo; locked=&raquo;off&raquo; global_colors_info=&raquo;{}&raquo;][et_pb_row column_structure=&raquo;1_3,1_3,1_3&#8243; make_equal=&raquo;on&raquo; _builder_version=&raquo;4.24.2&#8243; _module_preset=&raquo;default&raquo; global_colors_info=&raquo;{}&raquo;][et_pb_column type=&raquo;1_3&#8243; _builder_version=&raquo;4.23.1&#8243; _module_preset=&raquo;935c9086-05c2-452f-b8aa-49453f3a6923&#8243; global_colors_info=&raquo;{}&raquo;][et_pb_image src=&raquo;https:\/\/www.compasshrg.com\/wp-content\/uploads\/2025\/05\/kandidater-venter-candidates-header-top.webp&raquo; title_text=&raquo;kandidater venter candidates header top&raquo; _builder_version=&raquo;4.27.4&#8243; _module_preset=&raquo;default&raquo; custom_margin=&raquo;0px|0px|0px|0px|true|true&raquo; custom_padding=&raquo;0px|0px|0px|0px|true|true&raquo; global_colors_info=&raquo;{}&raquo;][\/et_pb_image][et_pb_text _builder_version=&raquo;4.27.4&#8243; _module_preset=&raquo;58e03bbe-09f9-4131-90f8-1da173bab908&#8243; header_3_font=&raquo;|800||on|||||&raquo; header_3_text_color=&raquo;#1EAEE2&#8243; header_3_font_size=&raquo;18px&raquo; custom_margin=&raquo;||1rem||false|false&raquo; custom_padding=&raquo;2rem|2rem|0px|2rem|false|true&raquo; locked=&raquo;off&raquo; global_colors_info=&raquo;{}&raquo;]<\/p>\n<h3 class=\"entry-title\">Utfordre perspektiver og bygg team: En helhetlig tiln\u00e6rming til rekruttering<\/h3>\n<p>Rekruttering handler om mer enn \u00e5 plassere kandidater i stillinger \u2013 det handler om \u00e5 fremme organisasjonsvekst og hjelpe bedrifter til \u00e5 reflektere over fremtiden.<\/p>\n<p>[\/et_pb_text][et_pb_text _builder_version=&raquo;4.27.4&#8243; _module_preset=&raquo;58e03bbe-09f9-4131-90f8-1da173bab908&#8243; text_font=&raquo;|800|||||||&raquo; header_3_font=&raquo;|800||on|||||&raquo; header_3_text_color=&raquo;#1EAEE2&#8243; header_3_font_size=&raquo;18px&raquo; custom_padding=&raquo;0px|2rem|2rem|2rem|false|true&raquo; global_colors_info=&raquo;{}&raquo;]<\/p>\n<p><a href=\"https:\/\/www.compasshrg.com\/no\/blog\/utfordre-perspektiver-og-bygge-team-en-helhetlig-tilnaerming-til-rekruttering\/\">Les mer \u2192<\/a><\/p>\n<p>[\/et_pb_text][\/et_pb_column][et_pb_column type=&raquo;1_3&#8243; _builder_version=&raquo;4.23.1&#8243; _module_preset=&raquo;935c9086-05c2-452f-b8aa-49453f3a6923&#8243; global_colors_info=&raquo;{}&raquo;][et_pb_image src=&raquo;https:\/\/www.compasshrg.com\/wp-content\/uploads\/2022\/03\/Compass-Human-Reosuces-Group_executive-search_1.jpg&raquo; title_text=&raquo;Compass Human Reosuces Group_executive search_1&#8243; _builder_version=&raquo;4.27.4&#8243; _module_preset=&raquo;default&raquo; custom_margin=&raquo;0px|0px|0px|0px|true|true&raquo; custom_padding=&raquo;0px|0px|0px|0px|true|true&raquo; locked=&raquo;off&raquo; global_colors_info=&raquo;{}&raquo;][\/et_pb_image][et_pb_text _builder_version=&raquo;4.27.4&#8243; _module_preset=&raquo;58e03bbe-09f9-4131-90f8-1da173bab908&#8243; header_3_font=&raquo;|800||on|||||&raquo; header_3_text_color=&raquo;#1EAEE2&#8243; header_3_font_size=&raquo;18px&raquo; custom_margin=&raquo;||1rem||false|false&raquo; custom_padding=&raquo;2rem|2rem|0px|2rem|false|true&raquo; global_colors_info=&raquo;{}&raquo;]<\/p>\n<h3>Executive Search<\/h3>\n<p><span>Executive Search handler om \u00e5 headhunte en toppleder. N\u00e5r det gjelder search, inkluderer det et grundig s\u00f8k etter relevante kandidater som gjerne allerede sitter p\u00e5 topplederniv\u00e5. <\/span><\/p>\n<p>&nbsp;<\/p>\n<p>[\/et_pb_text][et_pb_text _builder_version=&raquo;4.27.4&#8243; _module_preset=&raquo;58e03bbe-09f9-4131-90f8-1da173bab908&#8243; text_font=&raquo;|800|||||||&raquo; header_3_font=&raquo;|800||on|||||&raquo; header_3_text_color=&raquo;#1EAEE2&#8243; header_3_font_size=&raquo;18px&raquo; custom_padding=&raquo;0px|2rem|2rem|2rem|false|true&raquo; global_colors_info=&raquo;{}&raquo;]<\/p>\n<p><a href=\"https:\/\/www.compasshrg.com\/no\/executive-search\/\">Les mer \u2192<\/a><\/p>\n<p>[\/et_pb_text][\/et_pb_column][et_pb_column type=&raquo;1_3&#8243; _builder_version=&raquo;4.23.1&#8243; _module_preset=&raquo;935c9086-05c2-452f-b8aa-49453f3a6923&#8243; global_colors_info=&raquo;{}&raquo;][et_pb_image src=&raquo;https:\/\/www.compasshrg.com\/wp-content\/uploads\/2024\/03\/Cover_ESG-Whitepaper-2024_2.jpg.png&raquo; alt=&raquo;Expertise in Interim Management&raquo; title_text=&raquo;Cover_ESG Whitepaper 2024_2.jpg&raquo; _builder_version=&raquo;4.24.2&#8243; _module_preset=&raquo;default&raquo; custom_margin=&raquo;0px|0px|0px|0px|true|true&raquo; custom_padding=&raquo;0px|0px|0px|0px|true|true&raquo; global_colors_info=&raquo;{}&raquo;][\/et_pb_image][et_pb_text _builder_version=&raquo;4.24.2&#8243; _module_preset=&raquo;58e03bbe-09f9-4131-90f8-1da173bab908&#8243; header_3_font=&raquo;|800||on|||||&raquo; header_3_text_color=&raquo;#1EAEE2&#8243; header_3_font_size=&raquo;18px&raquo; custom_margin=&raquo;||1rem||false|false&raquo; custom_padding=&raquo;2rem|2rem|0px|2rem|false|true&raquo; locked=&raquo;off&raquo; global_colors_info=&raquo;{}&raquo;]<\/p>\n<h3>RECRUITMENT &amp; ESG<\/h3>\n<p>Optimise your recruitment and retention with effective ESG strategies. Download our whitepaper to gain insight into the direct impact of ESG on recruitment and retention, as well as 5 concrete considerations that will enable you to navigate this complex but crucial field.<\/p>\n<p>[\/et_pb_text][et_pb_text _builder_version=&raquo;4.27.4&#8243; _module_preset=&raquo;58e03bbe-09f9-4131-90f8-1da173bab908&#8243; text_font=&raquo;|800|||||||&raquo; header_3_font=&raquo;|800||on|||||&raquo; header_3_text_color=&raquo;#1EAEE2&#8243; header_3_font_size=&raquo;18px&raquo; custom_padding=&raquo;0px|2rem|2rem|2rem|false|true&raquo; global_colors_info=&raquo;{}&raquo;]<\/p>\n<p><a href=\"https:\/\/www.compasshrg.com\/da\/download-gratis-whitepaper-hvordan-esg-paavirker-organisationens-evne-til-rekruttering-og-fastholdelse\/\">Les mer \u2192<\/a><\/p>\n<p>[\/et_pb_text][\/et_pb_column][\/et_pb_row][\/et_pb_section][et_pb_section fb_built=&raquo;1&#8243; admin_label=&raquo;Contact section &#8211; NO&raquo; module_id=&raquo;kontaktosform&raquo; _builder_version=&raquo;4.25.2&#8243; _module_preset=&raquo;default&raquo; saved_tabs=&raquo;all&raquo; locked=&raquo;off&raquo; collapsed=&raquo;off&raquo; global_colors_info=&raquo;{}&raquo;][et_pb_row column_structure=&raquo;3_5,2_5&#8243; _builder_version=&raquo;4.23.1&#8243; _module_preset=&raquo;default&raquo; global_colors_info=&raquo;{}&raquo;][et_pb_column type=&raquo;3_5&#8243; _builder_version=&raquo;4.16&#8243; _module_preset=&raquo;default&raquo; global_colors_info=&raquo;{}&raquo;][et_pb_text _builder_version=&raquo;4.27.4&#8243; _module_preset=&raquo;58e03bbe-09f9-4131-90f8-1da173bab908&#8243; locked=&raquo;off&raquo; global_colors_info=&raquo;{}&raquo;]<\/p>\n<h2>Kontakt oss<\/h2>\n<p>Har du sp\u00f8rsm\u00e5l eller trenger hjelp til rekruttering, vennligst ta kontakt med oss. Fyll ut skjemaet, s\u00e5 kommer vi tilbake til deg innen 24 timer. Ellers kan du ringe oss p\u00e5 <a href=\"tel:+4722007700\">+47 22 00 77 00.<\/a><\/p>\n<p>[\/et_pb_text][et_pb_code _builder_version=&raquo;4.25.2&#8243; _module_preset=&raquo;default&raquo; global_colors_info=&raquo;{}&raquo;]<script charset=\"utf-8\" type=\"text\/javascript\" src=\"\/\/js.hsforms.net\/forms\/v2.js\"><\/script><!-- [et_pb_line_break_holder] --><script><!-- [et_pb_line_break_holder] -->  hbspt.forms.create({<!-- [et_pb_line_break_holder] -->region: \"na1\",<!-- [et_pb_line_break_holder] -->portalId: \"19512017\",<!-- [et_pb_line_break_holder] -->formId: \"de9d41ad-7c42-4ad0-b0d0-73842714ec7f\"<!-- [et_pb_line_break_holder] -->});<!-- [et_pb_line_break_holder] --><\/script>[\/et_pb_code][\/et_pb_column][et_pb_column type=&raquo;2_5&#8243; _builder_version=&raquo;4.23.1&#8243; _module_preset=&raquo;default&raquo; background_color=&raquo;#1EAEE2&#8243; background_image=&raquo;https:\/\/www.compasshrg.com\/wp-content\/uploads\/2023\/12\/big-c-arrow-banner.jpg&raquo; custom_padding=&raquo;80px|60px|80px|60px|true|true&raquo; global_colors_info=&raquo;{}&raquo;][et_pb_text module_class=&raquo;white-a-tag&raquo; _builder_version=&raquo;4.27.0&#8243; text_font=&raquo;Lato|300|||||||&raquo; text_text_color=&raquo;#FFFFFF&raquo; text_font_size=&raquo;18px&raquo; text_line_height=&raquo;1.8em&raquo; header_text_color=&raquo;#FFFFFF&raquo; header_2_font=&raquo;|700|||||||&raquo; header_2_text_color=&raquo;#FFFFFF&raquo; header_2_font_size=&raquo;38px&raquo; custom_padding=&raquo;|1rem|||false|false&raquo; animation_style=&raquo;slide&raquo; animation_direction=&raquo;bottom&raquo; custom_css_free_form=&raquo;selector a {||  color:#fff;||}&raquo; locked=&raquo;off&raquo; global_colors_info=&raquo;{}&raquo;]<\/p>\n<h2>Norge<\/h2>\n<p>[\/et_pb_text][et_pb_text module_class=&raquo;white-a-tag&raquo; _builder_version=&raquo;4.27.4&#8243; text_font=&raquo;Lato|300|||||||&raquo; text_text_color=&raquo;#FFFFFF&raquo; text_font_size=&raquo;18px&raquo; text_line_height=&raquo;1.8em&raquo; header_text_color=&raquo;#FFFFFF&raquo; header_2_font=&raquo;|700|||||||&raquo; header_2_text_color=&raquo;#FFFFFF&raquo; header_2_font_size=&raquo;38px&raquo; custom_padding=&raquo;|1rem|||false|false&raquo; animation_style=&raquo;slide&raquo; animation_direction=&raquo;bottom&raquo; custom_css_free_form=&raquo;selector a {||  color:#fff;||}&raquo; locked=&raquo;off&raquo; global_colors_info=&raquo;{}&raquo;]<\/p>\n<p>\u200b<strong>Bes\u00f8ks-og postadresse<\/strong><br \/>Stenersgata 2<br \/>0184 Oslo<\/p>\n<p><strong>E-post og telefon<\/strong><br \/><a href=\"tel:+4722007700\">+47 22 00 77 00<\/a><br \/><a href=\"mailto:mail@compass.no\">mail@compass.no<\/a><\/p>\n<p><strong>Fakturaer<br \/><\/strong>EHF: 975911195<br \/>PDF: <a href=\"mailto:compasshumanresourcesas@ebilag.com\">compasshumanresourcesas@ebilag.com<\/a><\/p>\n<p>[\/et_pb_text][\/et_pb_column][\/et_pb_row][\/et_pb_section]<\/p>\n","protected":false},"excerpt":{"rendered":"<p>With the fast-paced and ever-changing world of technology, finding top talent to fill critical roles in your organisation can be challenging. That is where we come in.<\/p>\n","protected":false},"author":3,"featured_media":0,"parent":281989,"menu_order":0,"comment_status":"closed","ping_status":"closed","template":"","meta":{"_acf_changed":false,"_et_pb_use_builder":"on","_et_pb_old_content":"","_et_gb_content_width":"","om_disable_all_campaigns":false,"inline_featured_image":false,"_uf_show_specific_survey":0,"_uf_disable_surveys":false,"footnotes":""},"class_list":["post-251744","page","type-page","status-publish","hentry"],"acf":[],"yoast_head":"<!-- This site is optimized with the Yoast SEO plugin v27.1.1 - https:\/\/yoast.com\/product\/yoast-seo-wordpress\/ -->\n<title>IT-rekruttering til din bedrift - Compass Human Resources Group<\/title>\n<meta name=\"description\" content=\"I en raskt skiftende teknologiverden hjelper vi deg med \u00e5 finne og rekruttere topptalenter til kritiske roller i din organisasjon.\" \/>\n<meta name=\"robots\" content=\"index, follow, max-snippet:-1, max-image-preview:large, max-video-preview:-1\" \/>\n<link rel=\"canonical\" href=\"https:\/\/www.compasshrg.com\/no\/roller\/it-rekruttering\/\" \/>\n<meta property=\"og:locale\" content=\"nb_NO\" \/>\n<meta property=\"og:type\" content=\"article\" \/>\n<meta property=\"og:title\" content=\"IT-rekruttering til din bedrift - Compass Human Resources Group\" \/>\n<meta property=\"og:description\" content=\"I en raskt skiftende teknologiverden hjelper vi deg med \u00e5 finne og rekruttere topptalenter til kritiske roller i din organisasjon.\" \/>\n<meta property=\"og:url\" content=\"https:\/\/www.compasshrg.com\/no\/roller\/it-rekruttering\/\" \/>\n<meta property=\"og:site_name\" content=\"Compass HRG\" \/>\n<meta property=\"article:publisher\" content=\"https:\/\/www.facebook.com\/compasshrgdk\" \/>\n<meta property=\"article:modified_time\" content=\"2025-10-22T08:04:06+00:00\" \/>\n<meta name=\"twitter:card\" content=\"summary_large_image\" \/>\n<meta name=\"twitter:label1\" content=\"Ansl. lesetid\" \/>\n\t<meta name=\"twitter:data1\" content=\"5 minutter\" \/>\n<script type=\"application\/ld+json\" class=\"yoast-schema-graph\">{\"@context\":\"https:\/\/schema.org\",\"@graph\":[{\"@type\":\"WebPage\",\"@id\":\"https:\/\/www.compasshrg.com\/no\/roller\/it-rekruttering\/\",\"url\":\"https:\/\/www.compasshrg.com\/no\/roller\/it-rekruttering\/\",\"name\":\"IT-rekruttering til din bedrift - Compass Human Resources Group\",\"isPartOf\":{\"@id\":\"https:\/\/www.compasshrg.com\/no\/#website\"},\"datePublished\":\"2023-04-12T06:34:02+00:00\",\"dateModified\":\"2025-10-22T08:04:06+00:00\",\"description\":\"I en raskt skiftende teknologiverden hjelper vi deg med \u00e5 finne og rekruttere topptalenter til kritiske roller i din organisasjon.\",\"breadcrumb\":{\"@id\":\"https:\/\/www.compasshrg.com\/no\/roller\/it-rekruttering\/#breadcrumb\"},\"inLanguage\":\"nb-NO\",\"potentialAction\":[{\"@type\":\"ReadAction\",\"target\":[\"https:\/\/www.compasshrg.com\/no\/roller\/it-rekruttering\/\"]}]},{\"@type\":\"BreadcrumbList\",\"@id\":\"https:\/\/www.compasshrg.com\/no\/roller\/it-rekruttering\/#breadcrumb\",\"itemListElement\":[{\"@type\":\"ListItem\",\"position\":1,\"name\":\"Compass HRG\",\"item\":\"https:\/\/www.compasshrg.com\/no\/\"},{\"@type\":\"ListItem\",\"position\":2,\"name\":\"IT-rekruttering\"}]},{\"@type\":\"WebSite\",\"@id\":\"https:\/\/www.compasshrg.com\/no\/#website\",\"url\":\"https:\/\/www.compasshrg.com\/no\/\",\"name\":\"Compass HRG\",\"description\":\"Your HR Service Partner\",\"publisher\":{\"@id\":\"https:\/\/www.compasshrg.com\/no\/#organization\"},\"potentialAction\":[{\"@type\":\"SearchAction\",\"target\":{\"@type\":\"EntryPoint\",\"urlTemplate\":\"https:\/\/www.compasshrg.com\/no\/?s={search_term_string}\"},\"query-input\":{\"@type\":\"PropertyValueSpecification\",\"valueRequired\":true,\"valueName\":\"search_term_string\"}}],\"inLanguage\":\"nb-NO\"},{\"@type\":\"Organization\",\"@id\":\"https:\/\/www.compasshrg.com\/no\/#organization\",\"name\":\"Compass HRG\",\"url\":\"https:\/\/www.compasshrg.com\/no\/\",\"logo\":{\"@type\":\"ImageObject\",\"inLanguage\":\"nb-NO\",\"@id\":\"https:\/\/www.compasshrg.com\/no\/#\/schema\/logo\/image\/\",\"url\":\"\",\"contentUrl\":\"\",\"caption\":\"Compass HRG\"},\"image\":{\"@id\":\"https:\/\/www.compasshrg.com\/no\/#\/schema\/logo\/image\/\"},\"sameAs\":[\"https:\/\/www.facebook.com\/compasshrgdk\"]}]}<\/script>\n<!-- \/ Yoast SEO plugin. -->","yoast_head_json":{"title":"IT-rekruttering til din bedrift - Compass Human Resources Group","description":"I en raskt skiftende teknologiverden hjelper vi deg med \u00e5 finne og rekruttere topptalenter til kritiske roller i din organisasjon.","robots":{"index":"index","follow":"follow","max-snippet":"max-snippet:-1","max-image-preview":"max-image-preview:large","max-video-preview":"max-video-preview:-1"},"canonical":"https:\/\/www.compasshrg.com\/no\/roller\/it-rekruttering\/","og_locale":"nb_NO","og_type":"article","og_title":"IT-rekruttering til din bedrift - Compass Human Resources Group","og_description":"I en raskt skiftende teknologiverden hjelper vi deg med \u00e5 finne og rekruttere topptalenter til kritiske roller i din organisasjon.","og_url":"https:\/\/www.compasshrg.com\/no\/roller\/it-rekruttering\/","og_site_name":"Compass HRG","article_publisher":"https:\/\/www.facebook.com\/compasshrgdk","article_modified_time":"2025-10-22T08:04:06+00:00","twitter_card":"summary_large_image","twitter_misc":{"Ansl. lesetid":"5 minutter"},"schema":{"@context":"https:\/\/schema.org","@graph":[{"@type":"WebPage","@id":"https:\/\/www.compasshrg.com\/no\/roller\/it-rekruttering\/","url":"https:\/\/www.compasshrg.com\/no\/roller\/it-rekruttering\/","name":"IT-rekruttering til din bedrift - Compass Human Resources Group","isPartOf":{"@id":"https:\/\/www.compasshrg.com\/no\/#website"},"datePublished":"2023-04-12T06:34:02+00:00","dateModified":"2025-10-22T08:04:06+00:00","description":"I en raskt skiftende teknologiverden hjelper vi deg med \u00e5 finne og rekruttere topptalenter til kritiske roller i din organisasjon.","breadcrumb":{"@id":"https:\/\/www.compasshrg.com\/no\/roller\/it-rekruttering\/#breadcrumb"},"inLanguage":"nb-NO","potentialAction":[{"@type":"ReadAction","target":["https:\/\/www.compasshrg.com\/no\/roller\/it-rekruttering\/"]}]},{"@type":"BreadcrumbList","@id":"https:\/\/www.compasshrg.com\/no\/roller\/it-rekruttering\/#breadcrumb","itemListElement":[{"@type":"ListItem","position":1,"name":"Compass HRG","item":"https:\/\/www.compasshrg.com\/no\/"},{"@type":"ListItem","position":2,"name":"IT-rekruttering"}]},{"@type":"WebSite","@id":"https:\/\/www.compasshrg.com\/no\/#website","url":"https:\/\/www.compasshrg.com\/no\/","name":"Compass HRG","description":"Your HR Service Partner","publisher":{"@id":"https:\/\/www.compasshrg.com\/no\/#organization"},"potentialAction":[{"@type":"SearchAction","target":{"@type":"EntryPoint","urlTemplate":"https:\/\/www.compasshrg.com\/no\/?s={search_term_string}"},"query-input":{"@type":"PropertyValueSpecification","valueRequired":true,"valueName":"search_term_string"}}],"inLanguage":"nb-NO"},{"@type":"Organization","@id":"https:\/\/www.compasshrg.com\/no\/#organization","name":"Compass HRG","url":"https:\/\/www.compasshrg.com\/no\/","logo":{"@type":"ImageObject","inLanguage":"nb-NO","@id":"https:\/\/www.compasshrg.com\/no\/#\/schema\/logo\/image\/","url":"","contentUrl":"","caption":"Compass HRG"},"image":{"@id":"https:\/\/www.compasshrg.com\/no\/#\/schema\/logo\/image\/"},"sameAs":["https:\/\/www.facebook.com\/compasshrgdk"]}]}},"_links":{"self":[{"href":"https:\/\/www.compasshrg.com\/no\/wp-json\/wp\/v2\/pages\/251744","targetHints":{"allow":["GET"]}}],"collection":[{"href":"https:\/\/www.compasshrg.com\/no\/wp-json\/wp\/v2\/pages"}],"about":[{"href":"https:\/\/www.compasshrg.com\/no\/wp-json\/wp\/v2\/types\/page"}],"author":[{"embeddable":true,"href":"https:\/\/www.compasshrg.com\/no\/wp-json\/wp\/v2\/users\/3"}],"replies":[{"embeddable":true,"href":"https:\/\/www.compasshrg.com\/no\/wp-json\/wp\/v2\/comments?post=251744"}],"version-history":[{"count":16,"href":"https:\/\/www.compasshrg.com\/no\/wp-json\/wp\/v2\/pages\/251744\/revisions"}],"predecessor-version":[{"id":279609,"href":"https:\/\/www.compasshrg.com\/no\/wp-json\/wp\/v2\/pages\/251744\/revisions\/279609"}],"up":[{"embeddable":true,"href":"https:\/\/www.compasshrg.com\/no\/wp-json\/wp\/v2\/pages\/281989"}],"wp:attachment":[{"href":"https:\/\/www.compasshrg.com\/no\/wp-json\/wp\/v2\/media?parent=251744"}],"curies":[{"name":"wp","href":"https:\/\/api.w.org\/{rel}","templated":true}]}}