{"id":251760,"date":"2023-04-12T08:36:08","date_gmt":"2023-04-12T06:36:08","guid":{"rendered":"https:\/\/www.compasshrg.com\/?page_id=251760"},"modified":"2025-06-04T10:29:39","modified_gmt":"2025-06-04T08:29:39","slug":"salg-og-markedsforing-rekruttering","status":"publish","type":"page","link":"https:\/\/www.compasshrg.com\/no\/roller\/salg-og-markedsforing-rekruttering\/","title":{"rendered":"Rekruttering til salg og markedsf\u00f8ring"},"content":{"rendered":"<p>[et_pb_section fb_built=&raquo;1&#8243; admin_label=&raquo;Seksjon&raquo; _builder_version=&raquo;4.27.4&#8243; _module_preset=&raquo;3bd0c8b5-5eee-4a10-8752-3d3fd0ca5f34&#8243; background_image=&raquo;https:\/\/www.compasshrg.com\/wp-content\/uploads\/2023\/06\/marketing-and-sales_compasshrg.webp&raquo; global_colors_info=&raquo;{}&raquo;][et_pb_row _builder_version=&raquo;4.23.1&#8243; _module_preset=&raquo;default&raquo; global_colors_info=&raquo;{}&raquo;][et_pb_column type=&raquo;4_4&#8243; _builder_version=&raquo;4.23.1&#8243; _module_preset=&raquo;default&raquo; global_colors_info=&raquo;{}&raquo;][et_pb_text _builder_version=&raquo;4.27.4&#8243; _module_preset=&raquo;412f3840-30ae-47e3-b197-7251e39a6048&#8243; max_width=&raquo;50%&raquo; max_width_tablet=&raquo;100%&raquo; max_width_phone=&raquo;100%&raquo; max_width_last_edited=&raquo;on|phone&raquo; hover_enabled=&raquo;0&#8243; global_colors_info=&raquo;{}&raquo; sticky_enabled=&raquo;0&#8243;]<\/p>\n<h5>MER ENN 35 \u00c5RS ERFARING MED REKRUTTERING OG HEADHUNTING<\/h5>\n<h1>Rekruttering av markedsf\u00f8rings- og salgstalenter<\/h1>\n<p><span>Vi spesialiserer oss p\u00e5 \u00e5 finne de beste markedsf\u00f8rings- og salgstalentene for bedrifter i alle st\u00f8rrelser. Vi forst\u00e5r at det kan v\u00e6re en utfordring \u00e5 finne de rette talentene, og vi er her for \u00e5 hjelpe deg med \u00e5 gj\u00f8re rekrutteringsprosessen smidigere og mer effektiv.<\/span><\/p>\n<p>[\/et_pb_text][dsm_button button_one_text=&raquo;Kontakt oss&raquo; button_one_url=&raquo;@ET-DC@eyJkeW5hbWljIjp0cnVlLCJjb250ZW50IjoicG9zdF9saW5rX3VybF9wYWdlIiwic2V0dGluZ3MiOnsicG9zdF9pZCI6IjM4NzQifX0=@&raquo; button_two_text=&raquo;Ledige stillinger&raquo; button_two_url=&raquo;@ET-DC@eyJkeW5hbWljIjp0cnVlLCJjb250ZW50IjoicG9zdF9saW5rX3VybF9wYWdlIiwic2V0dGluZ3MiOnsicG9zdF9pZCI6IjM3MTQ0In19@&raquo; _builder_version=&raquo;4.27.4&#8243; _dynamic_attributes=&raquo;button_one_url,button_two_url&raquo; _module_preset=&raquo;default&raquo; locked=&raquo;off&raquo; global_colors_info=&raquo;{}&raquo;][\/dsm_button][\/et_pb_column][\/et_pb_row][\/et_pb_section][et_pb_section fb_built=&raquo;1&#8243; admin_label=&raquo;Logo carousel for industry pages (Non-global) &#8211; 2024 &#8211; UK&raquo; _builder_version=&raquo;4.27.4&#8243; _module_preset=&raquo;b335d9de-b9e2-491f-bf33-2a24a42efa8f&raquo; min_height=&raquo;176.2px&raquo; height=&raquo;170px&raquo; global_colors_info=&raquo;{}&raquo;][et_pb_row _builder_version=&raquo;4.23.1&#8243; _module_preset=&raquo;default&raquo; max_width=&raquo;1080px&raquo; custom_margin=&raquo;0px||0px||false|false&raquo; custom_padding=&raquo;2%||2%||true|false&raquo; global_colors_info=&raquo;{}&raquo;][et_pb_column type=&raquo;4_4&#8243; _builder_version=&raquo;4.17.4&#8243; _module_preset=&raquo;default&raquo; global_colors_info=&raquo;{}&raquo;][dsm_image_carousel gallery_ids=&raquo;274036,57672,267020,266546,268007,265772,257494&#8243; dots=&raquo;off&raquo; _builder_version=&raquo;4.27.4&#8243; _module_preset=&raquo;default&raquo; width=&raquo;100%&raquo; max_width=&raquo;100%&raquo; global_colors_info=&raquo;{}&raquo;][\/dsm_image_carousel][\/et_pb_column][\/et_pb_row][\/et_pb_section][et_pb_section fb_built=&raquo;1&#8243; _builder_version=&raquo;4.27.4&#8243; _module_preset=&raquo;default&raquo; background_color=&raquo;#FFFFFF&raquo; background_enable_color=&raquo;on&raquo; locked=&raquo;off&raquo; global_colors_info=&raquo;{}&raquo;][et_pb_row column_structure=&raquo;3_5,2_5&#8243; _builder_version=&raquo;4.24.2&#8243; _module_preset=&raquo;default&raquo; global_colors_info=&raquo;{}&raquo;][et_pb_column type=&raquo;3_5&#8243; _builder_version=&raquo;4.24.2&#8243; _module_preset=&raquo;default&raquo; global_colors_info=&raquo;{}&raquo;][et_pb_text _builder_version=&raquo;4.27.4&#8243; _module_preset=&raquo;58e03bbe-09f9-4131-90f8-1da173bab908&#8243; global_colors_info=&raquo;{}&raquo;]<\/p>\n<div class=\"et_pb_module et_pb_text et_pb_text_1  et_pb_text_align_left et_pb_bg_layout_light\">\n<div class=\"et_pb_text_inner\">\n<h5><span><span class=\"\">REKRUTTERING AV SPESIALISTER OG LEDERE INNEN MARKEDSF\u00d8RING OG SALG<\/span><\/span><\/h5>\n<h2><span><span class=\"\">Tiltrekk deg de beste markedsf\u00f8rings- og salgstalentene<\/span><\/span><\/h2>\n<p><span>Det er avgj\u00f8rende for bedriftens suksess \u00e5 finne de beste talentene innen markedsf\u00f8ring og salg, men det kan ta tid og krefter \u00e5 navigere i det konkurransepregede rekrutteringslandskapet. Vi spesialiserer oss p\u00e5 \u00e5 hjelpe bedrifter med \u00e5 mestre dette landskapet ved \u00e5 levere kandidater av h\u00f8y kvalitet som oppfyller deres behov.<\/span><\/p>\n<p><span>V\u00e5rt team av erfarne rekrutterere har inng\u00e5ende kunnskap om markedsf\u00f8rings- og salgsbransjen, noe som gj\u00f8r oss i stand til \u00e5 identifisere og tiltrekke oss de beste talentene til din bedrift. I tillegg bruker vi en grundig og omfattende rekrutteringsprosess som inkluderer ulike sourcing-metoder, dybdeintervjuer og vurderinger for \u00e5 sikre at de passer godt til din rolle og bedriftskultur.<\/span><\/p>\n<\/div>\n<\/div>\n<p>[\/et_pb_text][\/et_pb_column][et_pb_column type=&raquo;2_5&#8243; _builder_version=&raquo;4.24.2&#8243; _module_preset=&raquo;default&raquo; global_colors_info=&raquo;{}&raquo;][et_pb_image src=&raquo;https:\/\/www.compasshrg.com\/wp-content\/uploads\/2023\/11\/Anne-Marit-AMHN.png&raquo; title_text=&raquo;Anne Marit AMHN&raquo; _builder_version=&raquo;4.27.4&#8243; _module_preset=&raquo;default&raquo; max_width=&raquo;300px&raquo; module_alignment=&raquo;center&raquo; custom_margin=&raquo;||1rem||false|false&raquo; custom_padding=&raquo;||||false|false&raquo; locked=&raquo;off&raquo; global_colors_info=&raquo;{}&raquo;][\/et_pb_image][et_pb_button button_url=&raquo;https:\/\/www.compasshrg.com\/no\/kontakt\/&raquo; button_text=&raquo;Kontakt oss i dag&raquo; button_alignment=&raquo;center&raquo; _builder_version=&raquo;4.27.4&#8243; _module_preset=&raquo;0b42114b-4eae-44d0-b289-9382e7907bd4&#8243; locked=&raquo;off&raquo; global_colors_info=&raquo;{}&raquo;][\/et_pb_button][\/et_pb_column][\/et_pb_row][et_pb_row column_structure=&raquo;1_3,1_3,1_3&#8243; _builder_version=&raquo;4.27.4&#8243; _module_preset=&raquo;default&raquo; global_colors_info=&raquo;{}&raquo;][et_pb_column type=&raquo;1_3&#8243; _builder_version=&raquo;4.27.4&#8243; _module_preset=&raquo;default&raquo; global_colors_info=&raquo;{}&raquo;][et_pb_image src=&raquo;https:\/\/www.compasshrg.com\/wp-content\/uploads\/2025\/06\/Kundecase-Fullstakk-avdelingsleder-for-nettsider-SEO-CRO-og-UX2.jpg&raquo; title_text=&raquo;Kundecase Fullstakk avdelingsleder for nettsider (SEO, CRO og UX)2&#8243; url=&raquo;https:\/\/www.compasshrg.com\/no\/blog\/rekruttering-fullstakk-avdelingsleder-nettsider\/&raquo; _builder_version=&raquo;4.27.4&#8243; _module_preset=&raquo;default&raquo; global_colors_info=&raquo;{}&raquo;][\/et_pb_image][et_pb_text _builder_version=&raquo;4.27.4&#8243; _module_preset=&raquo;default&raquo; global_colors_info=&raquo;{}&raquo;]<\/p>\n<h3 class=\"entry-title\"><a href=\"https:\/\/www.compasshrg.com\/no\/blog\/rekruttering-fullstakk-avdelingsleder-nettsider\/\"><strong>Fullstakk samarbeidet med Compass i jakten p\u00e5 ny avdelingsleder<\/strong><\/a><\/h3>\n<p>Da Fullstakk Marketing s\u00f8kte etter en ny\u00a0avdelingsleder for nettsider (SEO, CRO og UX), fikk vi i oppdrag \u00e5 finne den rette kandidaten til en sentral og strategisk rolle.<\/p>\n<p>[\/et_pb_text][\/et_pb_column][et_pb_column type=&raquo;1_3&#8243; _builder_version=&raquo;4.27.4&#8243; _module_preset=&raquo;default&raquo; global_colors_info=&raquo;{}&raquo;][et_pb_image src=&raquo;https:\/\/www.compasshrg.com\/wp-content\/uploads\/2025\/06\/Hagen-Escalia-trapp.jpg&raquo; alt=&raquo;Hagen Escalia trapp norsk produsent &raquo; title_text=&raquo;Hagen Escalia trapp&raquo; url=&raquo;https:\/\/www.compasshrg.com\/no\/blog\/hagen-as-fortsetter-samarbeidet-med-compass-ny-salgsdirektor-er-pa-plass\/&raquo; _builder_version=&raquo;4.27.4&#8243; _module_preset=&raquo;default&raquo; min_height=&raquo;270.7px&raquo; global_colors_info=&raquo;{}&raquo;][\/et_pb_image][et_pb_text _builder_version=&raquo;4.27.4&#8243; _module_preset=&raquo;default&raquo; global_colors_info=&raquo;{}&raquo;]<\/p>\n<h3 class=\"entry-title\"><a href=\"https:\/\/www.compasshrg.com\/no\/blog\/hagen-as-fortsetter-samarbeidet-med-compass-ny-salgsdirektor-er-pa-plass\/\"><strong>Hagen AS fortsetter samarbeidet med Compass \u2013 ny salgsdirekt\u00f8r er p\u00e5 plass<\/strong><\/a><\/h3>\n<p>Som f\u00f8lge av en vekst p\u00e5 50 % de siste \u00e5rene \u00f8ker Hagen AS sitt behov og krav til ny kompetanse og drivkraft. Vi hjalp dem med \u00e5 finne en ny salgsdirekt\u00f8r.<\/p>\n<p>[\/et_pb_text][\/et_pb_column][et_pb_column type=&raquo;1_3&#8243; _builder_version=&raquo;4.27.4&#8243; _module_preset=&raquo;default&raquo; global_colors_info=&raquo;{}&raquo;][et_pb_image src=&raquo;https:\/\/www.compasshrg.com\/wp-content\/uploads\/2025\/06\/Pedab-finans-salg.jpg&raquo; alt=&raquo;Salg innen IT og finans&raquo; title_text=&raquo;Pedab finans salg&raquo; url=&raquo;https:\/\/www.compasshrg.com\/no\/blog\/pedab-finance-ekspanderer-i-skandinavia-vi-hjalp-dem-med-en-salgssjef\/&raquo; _builder_version=&raquo;4.27.4&#8243; _module_preset=&raquo;default&raquo; global_colors_info=&raquo;{}&raquo;][\/et_pb_image][et_pb_text _builder_version=&raquo;4.27.4&#8243; _module_preset=&raquo;default&raquo; global_colors_info=&raquo;{}&raquo;]<\/p>\n<h3 class=\"entry-title\"><a href=\"https:\/\/www.compasshrg.com\/no\/blog\/pedab-finance-ekspanderer-i-skandinavia-vi-hjalp-dem-med-en-salgssjef\/\"><strong>Pedab Finance ekspanderer i Skandinavia! Vi hjalp dem med en salgssjef<\/strong><\/a><\/h3>\n<p>Pedab er et familieeid selskap, etablert i 1993, som leverer IT-l\u00f8sninger og IT-tjenester. Da de s\u00e5 etter en salgssjef for Skandnavia kunne Compass presentere godt kvalifiserte kandidater.\u00a0<\/p>\n<p>[\/et_pb_text][\/et_pb_column][\/et_pb_row][\/et_pb_section][et_pb_section fb_built=&raquo;1&#8243; admin_label=&raquo;Contact section &#8211; NO&raquo; module_id=&raquo;kontaktosform&raquo; _builder_version=&raquo;4.25.2&#8243; _module_preset=&raquo;default&raquo; global_module=&raquo;265386&#8243; saved_tabs=&raquo;all&raquo; locked=&raquo;off&raquo; collapsed=&raquo;off&raquo; global_colors_info=&raquo;{}&raquo;][et_pb_row column_structure=&raquo;3_5,2_5&#8243; _builder_version=&raquo;4.23.1&#8243; _module_preset=&raquo;default&raquo; global_colors_info=&raquo;{}&raquo;][et_pb_column type=&raquo;3_5&#8243; _builder_version=&raquo;4.16&#8243; _module_preset=&raquo;default&raquo; global_colors_info=&raquo;{}&raquo;][et_pb_text _builder_version=&raquo;4.27.4&#8243; _module_preset=&raquo;58e03bbe-09f9-4131-90f8-1da173bab908&#8243; locked=&raquo;off&raquo; global_colors_info=&raquo;{}&raquo;]<\/p>\n<h2>Kontakt oss<\/h2>\n<p>Har du sp\u00f8rsm\u00e5l eller trenger hjelp til rekruttering, vennligst ta kontakt med oss. Fyll ut skjemaet, s\u00e5 kommer vi tilbake til deg innen 24 timer. Ellers kan du ringe oss p\u00e5 <a href=\"tel:+4722007700\">+47 22 00 77 00.<\/a><\/p>\n<p>[\/et_pb_text][et_pb_code _builder_version=&raquo;4.25.2&#8243; _module_preset=&raquo;default&raquo; global_colors_info=&raquo;{}&raquo;]<script charset=\"utf-8\" type=\"text\/javascript\" src=\"\/\/js.hsforms.net\/forms\/v2.js\"><\/script><!-- [et_pb_line_break_holder] --><script><!-- [et_pb_line_break_holder] -->  hbspt.forms.create({<!-- [et_pb_line_break_holder] -->region: \"na1\",<!-- [et_pb_line_break_holder] -->portalId: \"19512017\",<!-- [et_pb_line_break_holder] -->formId: \"de9d41ad-7c42-4ad0-b0d0-73842714ec7f\"<!-- [et_pb_line_break_holder] -->});<!-- [et_pb_line_break_holder] --><\/script>[\/et_pb_code][\/et_pb_column][et_pb_column type=&raquo;2_5&#8243; _builder_version=&raquo;4.23.1&#8243; _module_preset=&raquo;default&raquo; background_color=&raquo;#1EAEE2&#8243; background_image=&raquo;https:\/\/www.compasshrg.com\/wp-content\/uploads\/2023\/12\/big-c-arrow-banner.jpg&raquo; custom_padding=&raquo;80px|60px|80px|60px|true|true&raquo; global_colors_info=&raquo;{}&raquo;][et_pb_text module_class=&raquo;white-a-tag&raquo; _builder_version=&raquo;4.27.0&#8243; text_font=&raquo;Lato|300|||||||&raquo; text_text_color=&raquo;#FFFFFF&raquo; text_font_size=&raquo;18px&raquo; text_line_height=&raquo;1.8em&raquo; header_text_color=&raquo;#FFFFFF&raquo; header_2_font=&raquo;|700|||||||&raquo; header_2_text_color=&raquo;#FFFFFF&raquo; header_2_font_size=&raquo;38px&raquo; custom_padding=&raquo;|1rem|||false|false&raquo; animation_style=&raquo;slide&raquo; animation_direction=&raquo;bottom&raquo; custom_css_free_form=&raquo;selector a {||  color:#fff;||}&raquo; locked=&raquo;off&raquo; global_colors_info=&raquo;{}&raquo;]<\/p>\n<h2>Norge<\/h2>\n<p>[\/et_pb_text][et_pb_text module_class=&raquo;white-a-tag&raquo; _builder_version=&raquo;4.27.4&#8243; text_font=&raquo;Lato|300|||||||&raquo; text_text_color=&raquo;#FFFFFF&raquo; text_font_size=&raquo;18px&raquo; text_line_height=&raquo;1.8em&raquo; header_text_color=&raquo;#FFFFFF&raquo; header_2_font=&raquo;|700|||||||&raquo; header_2_text_color=&raquo;#FFFFFF&raquo; header_2_font_size=&raquo;38px&raquo; custom_padding=&raquo;|1rem|||false|false&raquo; animation_style=&raquo;slide&raquo; animation_direction=&raquo;bottom&raquo; custom_css_free_form=&raquo;selector a {||  color:#fff;||}&raquo; locked=&raquo;off&raquo; global_colors_info=&raquo;{}&raquo;]<\/p>\n<p>\u200b<strong>Bes\u00f8ks-og postadresse<\/strong><br \/>Stenersgata 2<br \/>0184 Oslo<\/p>\n<p><strong>E-post og telefon<\/strong><br \/><a href=\"tel:+4722007700\">+47 22 00 77 00<\/a><br \/><a href=\"mailto:mail@compass.no\">mail@compass.no<\/a><\/p>\n<p><strong>Fakturaer<br \/><\/strong>EHF: 975911195<br \/>PDF: <a href=\"mailto:compasshumanresourcesas@ebilag.com\">compasshumanresourcesas@ebilag.com<\/a><\/p>\n<p>[\/et_pb_text][\/et_pb_column][\/et_pb_row][\/et_pb_section]<\/p>\n","protected":false},"excerpt":{"rendered":"<p>We specialise in finding top marketing and sales talent for businesses of all sizes. We understand that finding the right talent can be a challenge, and we are here to help make the recruitment process smoother and more efficient for you.<\/p>\n","protected":false},"author":3,"featured_media":0,"parent":281989,"menu_order":0,"comment_status":"closed","ping_status":"closed","template":"","meta":{"_acf_changed":false,"_et_pb_use_builder":"on","_et_pb_old_content":"","_et_gb_content_width":"","om_disable_all_campaigns":false,"inline_featured_image":false,"_uf_show_specific_survey":0,"_uf_disable_surveys":false,"footnotes":""},"class_list":["post-251760","page","type-page","status-publish","hentry"],"acf":[],"yoast_head":"<!-- This site is optimized with the Yoast SEO plugin v27.1.1 - https:\/\/yoast.com\/product\/yoast-seo-wordpress\/ -->\n<title>Rekruttering til salg &amp; markedsf\u00f8ring - Compass Human Resources<\/title>\n<meta name=\"description\" content=\"Vi spesialiserer oss p\u00e5 \u00e5 finne de beste markedsf\u00f8rings- og salgstalentene for bedrifter i alle st\u00f8rrelser. Vi er din betrodde r\u00e5dgiver.\" \/>\n<meta name=\"robots\" content=\"index, follow, max-snippet:-1, max-image-preview:large, max-video-preview:-1\" \/>\n<link rel=\"canonical\" href=\"https:\/\/www.compasshrg.com\/no\/roller\/salg-og-markedsforing-rekruttering\/\" \/>\n<meta property=\"og:locale\" content=\"nb_NO\" \/>\n<meta property=\"og:type\" content=\"article\" \/>\n<meta property=\"og:title\" content=\"Rekruttering til salg &amp; markedsf\u00f8ring - Compass Human Resources\" \/>\n<meta property=\"og:description\" content=\"Vi spesialiserer oss p\u00e5 \u00e5 finne de beste markedsf\u00f8rings- og salgstalentene for bedrifter i alle st\u00f8rrelser. Vi er din betrodde r\u00e5dgiver.\" \/>\n<meta property=\"og:url\" content=\"https:\/\/www.compasshrg.com\/no\/roller\/salg-og-markedsforing-rekruttering\/\" \/>\n<meta property=\"og:site_name\" content=\"Compass HRG\" \/>\n<meta property=\"article:publisher\" content=\"https:\/\/www.facebook.com\/compasshrgdk\" \/>\n<meta property=\"article:modified_time\" content=\"2025-06-04T08:29:39+00:00\" \/>\n<meta name=\"twitter:card\" content=\"summary_large_image\" \/>\n<meta name=\"twitter:label1\" content=\"Ansl. lesetid\" \/>\n\t<meta name=\"twitter:data1\" content=\"3 minutter\" \/>\n<script type=\"application\/ld+json\" class=\"yoast-schema-graph\">{\"@context\":\"https:\/\/schema.org\",\"@graph\":[{\"@type\":\"WebPage\",\"@id\":\"https:\/\/www.compasshrg.com\/no\/roller\/salg-og-markedsforing-rekruttering\/\",\"url\":\"https:\/\/www.compasshrg.com\/no\/roller\/salg-og-markedsforing-rekruttering\/\",\"name\":\"Rekruttering til salg & markedsf\u00f8ring - Compass Human Resources\",\"isPartOf\":{\"@id\":\"https:\/\/www.compasshrg.com\/no\/#website\"},\"datePublished\":\"2023-04-12T06:36:08+00:00\",\"dateModified\":\"2025-06-04T08:29:39+00:00\",\"description\":\"Vi spesialiserer oss p\u00e5 \u00e5 finne de beste markedsf\u00f8rings- og salgstalentene for bedrifter i alle st\u00f8rrelser. Vi er din betrodde r\u00e5dgiver.\",\"breadcrumb\":{\"@id\":\"https:\/\/www.compasshrg.com\/no\/roller\/salg-og-markedsforing-rekruttering\/#breadcrumb\"},\"inLanguage\":\"nb-NO\",\"potentialAction\":[{\"@type\":\"ReadAction\",\"target\":[\"https:\/\/www.compasshrg.com\/no\/roller\/salg-og-markedsforing-rekruttering\/\"]}]},{\"@type\":\"BreadcrumbList\",\"@id\":\"https:\/\/www.compasshrg.com\/no\/roller\/salg-og-markedsforing-rekruttering\/#breadcrumb\",\"itemListElement\":[{\"@type\":\"ListItem\",\"position\":1,\"name\":\"Compass HRG\",\"item\":\"https:\/\/www.compasshrg.com\/no\/\"},{\"@type\":\"ListItem\",\"position\":2,\"name\":\"Rekruttering til salg og markedsf\u00f8ring\"}]},{\"@type\":\"WebSite\",\"@id\":\"https:\/\/www.compasshrg.com\/no\/#website\",\"url\":\"https:\/\/www.compasshrg.com\/no\/\",\"name\":\"Compass HRG\",\"description\":\"Your HR Service Partner\",\"publisher\":{\"@id\":\"https:\/\/www.compasshrg.com\/no\/#organization\"},\"potentialAction\":[{\"@type\":\"SearchAction\",\"target\":{\"@type\":\"EntryPoint\",\"urlTemplate\":\"https:\/\/www.compasshrg.com\/no\/?s={search_term_string}\"},\"query-input\":{\"@type\":\"PropertyValueSpecification\",\"valueRequired\":true,\"valueName\":\"search_term_string\"}}],\"inLanguage\":\"nb-NO\"},{\"@type\":\"Organization\",\"@id\":\"https:\/\/www.compasshrg.com\/no\/#organization\",\"name\":\"Compass HRG\",\"url\":\"https:\/\/www.compasshrg.com\/no\/\",\"logo\":{\"@type\":\"ImageObject\",\"inLanguage\":\"nb-NO\",\"@id\":\"https:\/\/www.compasshrg.com\/no\/#\/schema\/logo\/image\/\",\"url\":\"\",\"contentUrl\":\"\",\"caption\":\"Compass HRG\"},\"image\":{\"@id\":\"https:\/\/www.compasshrg.com\/no\/#\/schema\/logo\/image\/\"},\"sameAs\":[\"https:\/\/www.facebook.com\/compasshrgdk\"]}]}<\/script>\n<!-- \/ Yoast SEO plugin. -->","yoast_head_json":{"title":"Rekruttering til salg & markedsf\u00f8ring - Compass Human Resources","description":"Vi spesialiserer oss p\u00e5 \u00e5 finne de beste markedsf\u00f8rings- og salgstalentene for bedrifter i alle st\u00f8rrelser. Vi er din betrodde r\u00e5dgiver.","robots":{"index":"index","follow":"follow","max-snippet":"max-snippet:-1","max-image-preview":"max-image-preview:large","max-video-preview":"max-video-preview:-1"},"canonical":"https:\/\/www.compasshrg.com\/no\/roller\/salg-og-markedsforing-rekruttering\/","og_locale":"nb_NO","og_type":"article","og_title":"Rekruttering til salg & markedsf\u00f8ring - Compass Human Resources","og_description":"Vi spesialiserer oss p\u00e5 \u00e5 finne de beste markedsf\u00f8rings- og salgstalentene for bedrifter i alle st\u00f8rrelser. Vi er din betrodde r\u00e5dgiver.","og_url":"https:\/\/www.compasshrg.com\/no\/roller\/salg-og-markedsforing-rekruttering\/","og_site_name":"Compass HRG","article_publisher":"https:\/\/www.facebook.com\/compasshrgdk","article_modified_time":"2025-06-04T08:29:39+00:00","twitter_card":"summary_large_image","twitter_misc":{"Ansl. lesetid":"3 minutter"},"schema":{"@context":"https:\/\/schema.org","@graph":[{"@type":"WebPage","@id":"https:\/\/www.compasshrg.com\/no\/roller\/salg-og-markedsforing-rekruttering\/","url":"https:\/\/www.compasshrg.com\/no\/roller\/salg-og-markedsforing-rekruttering\/","name":"Rekruttering til salg & markedsf\u00f8ring - Compass Human Resources","isPartOf":{"@id":"https:\/\/www.compasshrg.com\/no\/#website"},"datePublished":"2023-04-12T06:36:08+00:00","dateModified":"2025-06-04T08:29:39+00:00","description":"Vi spesialiserer oss p\u00e5 \u00e5 finne de beste markedsf\u00f8rings- og salgstalentene for bedrifter i alle st\u00f8rrelser. Vi er din betrodde r\u00e5dgiver.","breadcrumb":{"@id":"https:\/\/www.compasshrg.com\/no\/roller\/salg-og-markedsforing-rekruttering\/#breadcrumb"},"inLanguage":"nb-NO","potentialAction":[{"@type":"ReadAction","target":["https:\/\/www.compasshrg.com\/no\/roller\/salg-og-markedsforing-rekruttering\/"]}]},{"@type":"BreadcrumbList","@id":"https:\/\/www.compasshrg.com\/no\/roller\/salg-og-markedsforing-rekruttering\/#breadcrumb","itemListElement":[{"@type":"ListItem","position":1,"name":"Compass HRG","item":"https:\/\/www.compasshrg.com\/no\/"},{"@type":"ListItem","position":2,"name":"Rekruttering til salg og markedsf\u00f8ring"}]},{"@type":"WebSite","@id":"https:\/\/www.compasshrg.com\/no\/#website","url":"https:\/\/www.compasshrg.com\/no\/","name":"Compass HRG","description":"Your HR Service Partner","publisher":{"@id":"https:\/\/www.compasshrg.com\/no\/#organization"},"potentialAction":[{"@type":"SearchAction","target":{"@type":"EntryPoint","urlTemplate":"https:\/\/www.compasshrg.com\/no\/?s={search_term_string}"},"query-input":{"@type":"PropertyValueSpecification","valueRequired":true,"valueName":"search_term_string"}}],"inLanguage":"nb-NO"},{"@type":"Organization","@id":"https:\/\/www.compasshrg.com\/no\/#organization","name":"Compass HRG","url":"https:\/\/www.compasshrg.com\/no\/","logo":{"@type":"ImageObject","inLanguage":"nb-NO","@id":"https:\/\/www.compasshrg.com\/no\/#\/schema\/logo\/image\/","url":"","contentUrl":"","caption":"Compass HRG"},"image":{"@id":"https:\/\/www.compasshrg.com\/no\/#\/schema\/logo\/image\/"},"sameAs":["https:\/\/www.facebook.com\/compasshrgdk"]}]}},"_links":{"self":[{"href":"https:\/\/www.compasshrg.com\/no\/wp-json\/wp\/v2\/pages\/251760","targetHints":{"allow":["GET"]}}],"collection":[{"href":"https:\/\/www.compasshrg.com\/no\/wp-json\/wp\/v2\/pages"}],"about":[{"href":"https:\/\/www.compasshrg.com\/no\/wp-json\/wp\/v2\/types\/page"}],"author":[{"embeddable":true,"href":"https:\/\/www.compasshrg.com\/no\/wp-json\/wp\/v2\/users\/3"}],"replies":[{"embeddable":true,"href":"https:\/\/www.compasshrg.com\/no\/wp-json\/wp\/v2\/comments?post=251760"}],"version-history":[{"count":22,"href":"https:\/\/www.compasshrg.com\/no\/wp-json\/wp\/v2\/pages\/251760\/revisions"}],"predecessor-version":[{"id":277326,"href":"https:\/\/www.compasshrg.com\/no\/wp-json\/wp\/v2\/pages\/251760\/revisions\/277326"}],"up":[{"embeddable":true,"href":"https:\/\/www.compasshrg.com\/no\/wp-json\/wp\/v2\/pages\/281989"}],"wp:attachment":[{"href":"https:\/\/www.compasshrg.com\/no\/wp-json\/wp\/v2\/media?parent=251760"}],"curies":[{"name":"wp","href":"https:\/\/api.w.org\/{rel}","templated":true}]}}