{"id":258514,"date":"2024-02-22T10:20:06","date_gmt":"2024-02-22T09:20:06","guid":{"rendered":"https:\/\/www.compasshrg.com\/?page_id=258514"},"modified":"2025-10-22T10:11:46","modified_gmt":"2025-10-22T08:11:46","slug":"research-norge","status":"publish","type":"page","link":"https:\/\/www.compasshrg.com\/no\/research-norge\/","title":{"rendered":"Research Norge"},"content":{"rendered":"<p>[et_pb_section fb_built=&raquo;1&#8243; custom_padding_last_edited=&raquo;on|phone&raquo; admin_label=&raquo;Landing Hero&raquo; _builder_version=&raquo;4.23.1&#8243; background_color_gradient_direction=&raquo;331deg&raquo; background_color_gradient_start=&raquo;rgba(0,166,226,0.61)&raquo; background_color_gradient_start_position=&raquo;79%&raquo; background_color_gradient_end=&raquo;rgba(131,207,234,0.27)&raquo; background_color_gradient_end_position=&raquo;82%&raquo; background_image=&raquo;https:\/\/www.compasshrg.com\/wp-content\/uploads\/2024\/02\/Research-side-2.webp&raquo; custom_padding=&raquo;|0px||0px|false|false&raquo; custom_padding_tablet=&raquo;1rem|0.1rem|1rem|0.1rem|true|true&raquo; custom_padding_phone=&raquo;||||false|false&raquo; animation_style=&raquo;slide&raquo; animation_direction=&raquo;top&raquo; animation_intensity_slide=&raquo;2%&raquo; background_last_edited=&raquo;on|tablet&raquo; use_background_color_gradient_tablet=&raquo;on&raquo; background_color_gradient_stops_tablet=&raquo;rgba(0,0,0,0.25) 65%|rgba(255,255,255,0.6) 90%&raquo; background_color_gradient_start_tablet=&raquo;rgba(0,0,0,0.25)&raquo; background_color_gradient_start_position_tablet=&raquo;65%&raquo; background_color_gradient_end_tablet=&raquo;rgba(255,255,255,0.6)&raquo; background_color_gradient_end_position_tablet=&raquo;90%&raquo; locked=&raquo;off&raquo; global_colors_info=&raquo;{}&raquo;][et_pb_row custom_padding_last_edited=&raquo;on|phone&raquo; _builder_version=&raquo;4.16&#8243; _module_preset=&raquo;default&raquo; width_tablet=&raquo;100%&raquo; width_phone=&raquo;&raquo; width_last_edited=&raquo;on|phone&raquo; max_width=&raquo;2560px&raquo; custom_margin=&raquo;||0px||false|false&raquo; custom_margin_tablet=&raquo;|2rem|0px|2rem|false|true&raquo; custom_margin_phone=&raquo;|1rem||1rem|false|true&raquo; custom_margin_last_edited=&raquo;on|tablet&raquo; custom_padding=&raquo;4rem||0.4rem||false|false&raquo; custom_padding_tablet=&raquo;3rem||1rem||false|false&raquo; custom_padding_phone=&raquo;&raquo; global_colors_info=&raquo;{}&raquo;][et_pb_column type=&raquo;4_4&#8243; _builder_version=&raquo;4.16&#8243; _module_preset=&raquo;default&raquo; global_colors_info=&raquo;{}&raquo;][dsm_typing_effect typing_effect=&raquo;V\u00e5rt research-team&raquo; before_new_line=&raquo;off&raquo; typing_loop=&raquo;off&raquo; typing_remove_cursor=&raquo;on&raquo; typing_backdelay=&raquo;10000ms&raquo; disabled_on=&raquo;on|on|off&raquo; _builder_version=&raquo;4.22.2&#8243; _module_preset=&raquo;default&raquo; header_font=&raquo;Lato|700|||||||&raquo; header_text_color=&raquo;#FFFFFF&raquo; header_font_size=&raquo;64px&raquo; width=&raquo;80%&raquo; max_width=&raquo;1920px&raquo; max_width_tablet=&raquo;1920px&raquo; max_width_phone=&raquo;&raquo; max_width_last_edited=&raquo;on|phone&raquo; custom_margin=&raquo;||0px||false|false&raquo; custom_padding=&raquo;||0px||false|false&raquo; global_colors_info=&raquo;{}&raquo;][\/dsm_typing_effect][et_pb_text disabled_on=&raquo;off|off|on&raquo; _builder_version=&raquo;4.16&#8243; text_font=&raquo;Lato||||||||&raquo; text_text_color=&raquo;#E8F7FC&raquo; text_font_size=&raquo;19px&raquo; text_line_height=&raquo;1.9em&raquo; header_font=&raquo;Lato|700|||||||&raquo; header_text_color=&raquo;#FFFFFF&raquo; header_font_size=&raquo;64px&raquo; width_tablet=&raquo;80%&raquo; width_phone=&raquo;&raquo; width_last_edited=&raquo;on|tablet&raquo; max_width=&raquo;1920px&raquo; max_width_tablet=&raquo;&raquo; max_width_phone=&raquo;&raquo; max_width_last_edited=&raquo;on|tablet&raquo; custom_margin=&raquo;|0px||0px|false|false&raquo; custom_margin_tablet=&raquo;|0px|||false|false&raquo; custom_margin_phone=&raquo;&raquo; custom_margin_last_edited=&raquo;on|tablet&raquo; custom_padding=&raquo;|0px||0px|false|false&raquo; custom_padding_tablet=&raquo;&raquo; custom_padding_phone=&raquo;&raquo; custom_padding_last_edited=&raquo;on|tablet&raquo; header_font_size_tablet=&raquo;&raquo; header_font_size_phone=&raquo;49px&raquo; header_font_size_last_edited=&raquo;on|phone&raquo; locked=&raquo;off&raquo; global_colors_info=&raquo;{}&raquo;]<\/p>\n<h1><strong>Compass Human Resources Group &#8211; Norge<\/strong><\/h1>\n<p>[\/et_pb_text][\/et_pb_column][\/et_pb_row][et_pb_row column_structure=&raquo;1_2,1_2&#8243; custom_padding_last_edited=&raquo;on|phone&raquo; _builder_version=&raquo;4.16&#8243; width_tablet=&raquo;100%&raquo; width_phone=&raquo;&raquo; width_last_edited=&raquo;on|phone&raquo; max_width=&raquo;2560px&raquo; max_width_tablet=&raquo;1920px&raquo; max_width_phone=&raquo;&raquo; max_width_last_edited=&raquo;on|tablet&raquo; custom_margin=&raquo;0px||||false|false&raquo; custom_margin_tablet=&raquo;||||false|true&raquo; custom_margin_phone=&raquo;&raquo; custom_margin_last_edited=&raquo;on|tablet&raquo; custom_padding=&raquo;0px||4rem||false|false&raquo; custom_padding_tablet=&raquo;|2rem||2rem|false|true&raquo; custom_padding_phone=&raquo;|1rem||1rem|false|true&raquo; animation_style=&raquo;slide&raquo; animation_direction=&raquo;right&raquo; custom_width_px=&raquo;1280px&raquo; global_colors_info=&raquo;{}&raquo;][et_pb_column type=&raquo;1_2&#8243; _builder_version=&raquo;4.16&#8243; custom_padding=&raquo;|||&raquo; global_colors_info=&raquo;{}&raquo; custom_padding__hover=&raquo;|||&raquo;][et_pb_text _builder_version=&raquo;4.27.4&#8243; text_font=&raquo;Lato||||||||&raquo; text_text_color=&raquo;#FFFFFF&raquo; text_font_size=&raquo;19px&raquo; text_line_height=&raquo;1.8em&raquo; width=&raquo;100%&raquo; width_tablet=&raquo;&raquo; width_phone=&raquo;&raquo; width_last_edited=&raquo;on|phone&raquo; max_width_tablet=&raquo;&raquo; max_width_phone=&raquo;&raquo; max_width_last_edited=&raquo;on|tablet&raquo; custom_margin=&raquo;|0px||0px|false|false&raquo; custom_margin_tablet=&raquo;|0px|||false|false&raquo; custom_margin_phone=&raquo;&raquo; custom_margin_last_edited=&raquo;on|tablet&raquo; custom_padding=&raquo;|0px||0px|false|false&raquo; custom_padding_tablet=&raquo;&raquo; custom_padding_phone=&raquo;&raquo; custom_padding_last_edited=&raquo;on|tablet&raquo; locked=&raquo;off&raquo; global_colors_info=&raquo;{}&raquo;]<\/p>\n<p><strong>Vi i Compass Human Resources er stolt av v\u00e5rt research-team. Det best\u00e5r av dyktige, nysgjerrige og l\u00e6revillige mennesker som hjelper din bedrift med \u00e5 finne de rette kandidatene.\u00a0<\/strong><\/p>\n<p>[\/et_pb_text][\/et_pb_column][et_pb_column type=&raquo;1_2&#8243; _builder_version=&raquo;4.16&#8243; custom_padding=&raquo;|||&raquo; global_colors_info=&raquo;{}&raquo; custom_padding__hover=&raquo;|||&raquo;][\/et_pb_column][\/et_pb_row][\/et_pb_section][et_pb_section fb_built=&raquo;1&#8243; _builder_version=&raquo;4.22.2&#8243; _module_preset=&raquo;default&raquo; global_colors_info=&raquo;{}&raquo;][et_pb_row column_structure=&raquo;1_2,1_2&#8243; _builder_version=&raquo;4.23.1&#8243; _module_preset=&raquo;default&raquo; global_colors_info=&raquo;{}&raquo;][et_pb_column type=&raquo;1_2&#8243; _builder_version=&raquo;4.23.1&#8243; _module_preset=&raquo;default&raquo; global_colors_info=&raquo;{}&raquo;][et_pb_text _builder_version=&raquo;4.27.4&#8243; _module_preset=&raquo;default&raquo; global_colors_info=&raquo;{}&raquo;]<\/p>\n<h1 style=\"text-align: left;\"><span style=\"color: #1eaee2;\"><strong>Hvorfor b\u00f8r du bruke research i rekrutteringsprosessen?<\/strong><\/span><\/h1>\n<p><strong><\/strong><\/p>\n<p><em>I Compass HRG har vi et solid nordisk research-team som jobber p\u00e5 tvers av landegrenser for \u00e5 sikre gode kandidater til v\u00e5re prosesser. <\/em><\/p>\n<p><span style=\"font-size: medium;\">Hovedfunksjonen til research er \u00e5 kartlegge og identifisere markeder som er relevante for \u00e5 finne den beste kandidaten til en gitt stilling. Vi jobber aktivt med \u00e5 kontakte passive kandidater. Dette gj\u00f8r vi for \u00e5 invitere kandidater fra milj\u00f8er vi vet sitter med \u00f8nsket kompetanse.<\/span><\/p>\n<p><span style=\"color: #00ccff;\"><strong><em><\/em><\/strong><\/span><\/p>\n<p>[\/et_pb_text][et_pb_text _builder_version=&raquo;4.27.4&#8243; _module_preset=&raquo;default&raquo; global_colors_info=&raquo;{}&raquo;]<\/p>\n<h2>Vi blir kjent med kunden s\u00e5 formidlingen til kandidaten blir troverdig<\/h2>\n<p>[\/et_pb_text][et_pb_text _builder_version=&raquo;4.27.4&#8243; _module_preset=&raquo;default&raquo; global_colors_info=&raquo;{}&raquo;]<\/p>\n<p><span style=\"font-family: inherit; font-size: medium;\">Ved \u00e5 ta i bruk research sikrer vi tilgangen p\u00e5 kvalifiserte kandidater inn i rekrutteringsprosessen. Research-teamet har en sentral rolle gjennom hele prosessen og vil sikre god kandidath\u00e5ndtering. Gjennom mange \u00e5rs kartlegging av markeder og bransjer vet vi hvor vi finner kandidater med riktig kompetanse og i hvilke milj\u00f8er de befinner seg. Vi legger ned mye arbeid i \u00e5 bli kjent med kunden for \u00e5 forst\u00e5 organisasjonen og kulturen, og dermed finne kandidater som matcher dette.<\/span><span style=\"font-size: 16px;\"><\/span><\/p>\n<p><span style=\"font-size: medium; font-family: inherit; font-weight: normal;\">Research er din forlengende arm inn i kandidatmarkedet og har gjennom mange \u00e5rs nettverksbygging solid kompetanse p\u00e5 finne rett person til rett stilling. Ved bruk av research-ressurser vil vi kunne invitere flere kvalifiserte kandidater inn i prosessen da vi aktivt jobber med \u00e5 kontakte kandidater som ikke n\u00f8dvendigvis er \u00e5pne p\u00e5 jobbmarkedet.<\/span><\/p>\n<p>&nbsp;<\/p>\n<p>[\/et_pb_text][\/et_pb_column][et_pb_column type=&raquo;1_2&#8243; _builder_version=&raquo;4.23.1&#8243; _module_preset=&raquo;default&raquo; global_colors_info=&raquo;{}&raquo;][et_pb_image src=&raquo;https:\/\/www.compasshrg.com\/wp-content\/uploads\/2021\/06\/profound-and-comprehensive-assessment-service-section.png&raquo; alt=&raquo;Comprehensive assessment services&raquo; title_text=&raquo;profound-and-comprehensive-assessment-service-section&raquo; _builder_version=&raquo;4.27.4&#8243; _module_preset=&raquo;default&raquo; width=&raquo;81%&raquo; filter_brightness=&raquo;79%&raquo; filter_sepia=&raquo;16%&raquo; animation_style=&raquo;fade&raquo; global_colors_info=&raquo;{}&raquo;][\/et_pb_image][et_pb_text _builder_version=&raquo;4.27.4&#8243; _module_preset=&raquo;default&raquo; global_colors_info=&raquo;{}&raquo;]<\/p>\n<h4 style=\"text-align: left;\"><span style=\"color: #61c6eb;\"><strong><em><\/em><\/strong><\/span><\/h4>\n<h4 style=\"text-align: left;\"><span style=\"color: #61c6eb;\"><strong><em><\/em><\/strong><\/span><\/h4>\n<p><span style=\"color: #61c6eb;\"><strong><em><\/em><\/strong><\/span><\/p>\n<p><span style=\"color: #61c6eb;\"><strong><em><\/em><\/strong><\/span><\/p>\n<h4 style=\"text-align: left;\"><span style=\"color: #61c6eb;\"><strong><em><\/em><\/strong><\/span><\/h4>\n<h4 style=\"text-align: left;\"><span style=\"color: #61c6eb;\"><strong><em><\/em><\/strong><\/span><\/h4>\n<h4 style=\"text-align: left;\"><span style=\"color: #61c6eb;\"><strong><em><\/em><\/strong><\/span><\/h4>\n<h4 style=\"text-align: left;\"><span style=\"color: #61c6eb;\"><strong><em><\/em><\/strong><\/span><\/h4>\n<h4 style=\"text-align: left;\"><span style=\"color: #61c6eb;\"><strong><em><\/em><\/strong><\/span><\/h4>\n<h4 style=\"text-align: left;\"><span style=\"color: #61c6eb;\"><strong><em><\/em><\/strong><\/span><\/h4>\n<h4 style=\"text-align: left;\"><span style=\"color: #61c6eb;\"><strong><em><\/em><\/strong><\/span><\/h4>\n<h4 style=\"text-align: left;\"><span style=\"color: #61c6eb;\"><strong><em><\/em><\/strong><\/span><\/h4>\n<h4 style=\"text-align: left;\"><span style=\"color: #61c6eb;\"><strong><em>\u00abV\u00e5rt research team er din forlengende arm inn <\/em><\/strong><\/span><strong style=\"color: #61c6eb; text-align: center;\"><em>i kandidatmarkedet\u00bb<\/em><\/strong><\/h4>\n<p>&nbsp;<\/p>\n<p>[\/et_pb_text][\/et_pb_column][\/et_pb_row][et_pb_row column_structure=&raquo;1_2,1_2&#8243; _builder_version=&raquo;4.22.2&#8243; _module_preset=&raquo;default&raquo; global_colors_info=&raquo;{}&raquo;][et_pb_column type=&raquo;1_2&#8243; _builder_version=&raquo;4.22.2&#8243; _module_preset=&raquo;default&raquo; global_colors_info=&raquo;{}&raquo;][et_pb_image src=&raquo;https:\/\/www.compasshrg.com\/wp-content\/uploads\/2025\/10\/Research-1-vertikal.webp&raquo; title_text=&raquo;Research 1 vertikal&raquo; _builder_version=&raquo;4.27.4&#8243; _module_preset=&raquo;default&raquo; custom_margin=&raquo;||-117px|||&raquo; global_colors_info=&raquo;{}&raquo;][\/et_pb_image][\/et_pb_column][et_pb_column type=&raquo;1_2&#8243; _builder_version=&raquo;4.23.1&#8243; _module_preset=&raquo;default&raquo; global_colors_info=&raquo;{}&raquo;][et_pb_text _builder_version=&raquo;4.27.4&#8243; _module_preset=&raquo;default&raquo; global_colors_info=&raquo;{}&raquo;]<\/p>\n<h2><span style=\"font-size: medium;\"><\/span>Kandidatdialog er v\u00e5rt verkt\u00f8y<\/h2>\n<p><span style=\"font-size: medium;\">Research-teamet i Compass Human Resources sikrer god kandidatdialog og legger s\u00e6rlig fokus p\u00e5 kandidatreisen gjennom rekrutteringsprosessen. En bieffekt av dette vil v\u00e6re en positiv innvirkning p\u00e5 ditt selskap som arbeidsgiver.<\/span><span style=\"font-size: medium;\"><\/span><\/p>\n<p><span style=\"font-size: medium;\"><\/span><span style=\"font-size: medium;\"><\/span><span style=\"font-size: medium;\"><\/span><span style=\"font-size: medium;\">V\u00e5rt research-team anvender daglig ulike tiln\u00e6rminger og strategier for \u00e5 identifisere gode kandidater og s\u00f8rger for en transparent dialog til b\u00e5de kunder og kandidater. Gjennom grundig unders\u00f8kelse og analyse av ulike kilder og nettverk, er v\u00e5re researchere i stand til \u00e5 presentere flere gode kandidater enn bare de som har aktivt s\u00f8kt seg til stillingen.<\/span><\/p>\n<p><span style=\"font-size: medium;\"><\/span><\/p>\n<p><span style=\"font-size: medium;\"><\/span><\/p>\n<p>[\/et_pb_text][et_pb_text _builder_version=&raquo;4.27.4&#8243; _module_preset=&raquo;default&raquo; global_colors_info=&raquo;{}&raquo;]<\/p>\n<h2>Fra kalde til varme kandidater<\/h2>\n<p>I rekrutteringsbransjen refererer begrepet &laquo;kalde kandidater&raquo; til personer som ikke aktivt s\u00f8ker jobb, men som likevel kan v\u00e6re interessante for en stilling. Vi vet at disse ofte har relevant erfaring og kompetanse, men har ikke vist interesse for eller s\u00f8kt p\u00e5 en spesifikk jobb. Vi kontakter disse kandidatene proaktivt gjennom v\u00e5re informanter, nettverk som LinkedIn eller direkte henvendelser for \u00e5 vekke interesse og vurdere om de kan v\u00e6re \u00e5pne for nye muligheter.<\/p>\n<p>&nbsp;<\/p>\n<p>[\/et_pb_text][et_pb_text _builder_version=&raquo;4.27.4&#8243; _module_preset=&raquo;default&raquo; global_colors_info=&raquo;{}&raquo;]<\/p>\n<p>Kontakt oss i dag for en prat om dine behov innen rekruttering og executive seach.<\/p>\n<p>[\/et_pb_text][et_pb_button button_url=&raquo;https:\/\/www.compasshrg.com\/no\/kontakt\/&raquo; button_text=&raquo;Kontakt oss&raquo; _builder_version=&raquo;4.27.4&#8243; _module_preset=&raquo;default&raquo; background_layout=&raquo;dark&raquo; global_colors_info=&raquo;{}&raquo;][\/et_pb_button][\/et_pb_column][\/et_pb_row][\/et_pb_section]<\/p>\n","protected":false},"excerpt":{"rendered":"<p><div class=\"et_pb_module dsm_typing_effect dsm_typing_effect_0 et_pb_bg_layout_light \">\n\t\t\t\t\n\t\t\t\t\n\t\t\t\t\n\t\t\t\t\n\t\t\t\t\n\t\t\t\t\n\t\t\t\t<div class=\"et_pb_module_inner\">\n\t\t\t\t\t<h1 class=\"dsm-typing-effect et_pb_module_header\" aria-label=\"V\u00e5rt research-team\"> <span class=\"dsm-typing-wrapper\"><span class=\"dsm-typing-strings\">V\u00e5rt research-team<\/span><span class=\"dsm-typing\" aria-hidden=\"true\" data-dsm-typing-cursor=\"|\" data-dsm-typing-strings=\"V\u00e5rt research-team\" data-dsm-typing-speed=100ms data-dsm-typing-backspeed=50ms data-dsm-typing-backdelay=10000ms data-dsm-typing-loop=false data-dsm-typing-remove-cursor=on data-dsm-typing-fadeout=false data-dsm-typing-shuffle=false data-dsm-typing-delay=0ms data-dsm-typing-viewport=80% data-dsm-typing-repeat=on><\/span><\/span><\/h1>\n\t\t\t\t<\/div>\n\t\t\t<\/div>Compass Human Resources Group &#8211; NorgeVi i Compass Human Resources er stolt av v\u00e5rt research-team. Det best\u00e5r av dyktige, nysgjerrige og l\u00e6revillige mennesker som hjelper din bedrift med \u00e5 finne de rette kandidatene.\u00a0Hvorfor b\u00f8r du bruke research i rekrutteringsprosessen? I Compass HRG har vi et solid nordisk research-team som jobber p\u00e5 tvers av landegrenser for \u00e5 sikre gode kandidater til v\u00e5re prosesser. Hovedfunksjonen til research er \u00e5 kartlegge og identifisere markeder som er relevante for \u00e5 finne den beste kandidaten til en gitt stilling. Vi jobber aktivt med \u00e5 kontakte passive kandidater. Dette gj\u00f8r vi for \u00e5 invitere kandidater fra milj\u00f8er vi vet sitter med \u00f8nsket kompetanse. Vi blir kjent med kunden s\u00e5 formidlingen til kandidaten blir troverdigVed \u00e5 ta i bruk research sikrer vi tilgangen p\u00e5 kvalifiserte kandidater inn i rekrutteringsprosessen. Research-teamet har en sentral rolle gjennom hele prosessen og vil sikre god kandidath\u00e5ndtering. Gjennom mange \u00e5rs kartlegging av markeder og bransjer vet vi hvor vi finner kandidater med riktig kompetanse og i hvilke milj\u00f8er de befinner seg. Vi legger ned mye arbeid i \u00e5 bli kjent med kunden [&hellip;]<\/p>\n","protected":false},"author":5,"featured_media":49799,"parent":0,"menu_order":0,"comment_status":"closed","ping_status":"closed","template":"","meta":{"_acf_changed":false,"_et_pb_use_builder":"on","_et_pb_old_content":"","_et_gb_content_width":"","om_disable_all_campaigns":false,"inline_featured_image":false,"_uf_show_specific_survey":0,"_uf_disable_surveys":false,"footnotes":""},"class_list":["post-258514","page","type-page","status-publish","has-post-thumbnail","hentry"],"acf":[],"yoast_head":"<!-- This site is optimized with the Yoast SEO plugin v27.1.1 - https:\/\/yoast.com\/product\/yoast-seo-wordpress\/ -->\n<title>Research Norge - Compass HRG<\/title>\n<meta name=\"description\" content=\"Vi i Compass er stolte av v\u00e5rt research-team. V\u00e5re researchere identifiserer og kontakter aktuelle kandidater basert p\u00e5 din bedrifts behov.\" \/>\n<meta name=\"robots\" content=\"index, follow, max-snippet:-1, max-image-preview:large, max-video-preview:-1\" \/>\n<link rel=\"canonical\" href=\"https:\/\/www.compasshrg.com\/no\/research-norge\/\" \/>\n<meta property=\"og:locale\" content=\"nb_NO\" \/>\n<meta property=\"og:type\" content=\"article\" \/>\n<meta property=\"og:title\" content=\"Research Norge - Compass HRG\" \/>\n<meta property=\"og:description\" content=\"Vi i Compass er stolte av v\u00e5rt research-team. V\u00e5re researchere identifiserer og kontakter aktuelle kandidater basert p\u00e5 din bedrifts behov.\" \/>\n<meta property=\"og:url\" content=\"https:\/\/www.compasshrg.com\/no\/research-norge\/\" \/>\n<meta property=\"og:site_name\" content=\"Compass HRG\" \/>\n<meta property=\"article:publisher\" content=\"https:\/\/www.facebook.com\/compasshrgdk\" \/>\n<meta property=\"article:modified_time\" content=\"2025-10-22T08:11:46+00:00\" \/>\n<meta property=\"og:image\" content=\"https:\/\/www.compasshrg.com\/wp-content\/uploads\/2021\/09\/norge_1.jpg\" \/>\n\t<meta property=\"og:image:width\" content=\"2560\" \/>\n\t<meta property=\"og:image:height\" content=\"1706\" \/>\n\t<meta property=\"og:image:type\" content=\"image\/jpeg\" \/>\n<meta name=\"twitter:card\" content=\"summary_large_image\" \/>\n<meta name=\"twitter:label1\" content=\"Ansl. lesetid\" \/>\n\t<meta name=\"twitter:data1\" content=\"3 minutter\" \/>\n<script type=\"application\/ld+json\" class=\"yoast-schema-graph\">{\"@context\":\"https:\/\/schema.org\",\"@graph\":[{\"@type\":\"WebPage\",\"@id\":\"https:\/\/www.compasshrg.com\/no\/research-norge\/\",\"url\":\"https:\/\/www.compasshrg.com\/no\/research-norge\/\",\"name\":\"Research Norge - Compass HRG\",\"isPartOf\":{\"@id\":\"https:\/\/www.compasshrg.com\/no\/#website\"},\"primaryImageOfPage\":{\"@id\":\"https:\/\/www.compasshrg.com\/no\/research-norge\/#primaryimage\"},\"image\":{\"@id\":\"https:\/\/www.compasshrg.com\/no\/research-norge\/#primaryimage\"},\"thumbnailUrl\":\"https:\/\/www.compasshrg.com\/wp-content\/uploads\/2021\/09\/norge_1.jpg\",\"datePublished\":\"2024-02-22T09:20:06+00:00\",\"dateModified\":\"2025-10-22T08:11:46+00:00\",\"description\":\"Vi i Compass er stolte av v\u00e5rt research-team. V\u00e5re researchere identifiserer og kontakter aktuelle kandidater basert p\u00e5 din bedrifts behov.\",\"breadcrumb\":{\"@id\":\"https:\/\/www.compasshrg.com\/no\/research-norge\/#breadcrumb\"},\"inLanguage\":\"nb-NO\",\"potentialAction\":[{\"@type\":\"ReadAction\",\"target\":[\"https:\/\/www.compasshrg.com\/no\/research-norge\/\"]}]},{\"@type\":\"ImageObject\",\"inLanguage\":\"nb-NO\",\"@id\":\"https:\/\/www.compasshrg.com\/no\/research-norge\/#primaryimage\",\"url\":\"https:\/\/www.compasshrg.com\/wp-content\/uploads\/2021\/09\/norge_1.jpg\",\"contentUrl\":\"https:\/\/www.compasshrg.com\/wp-content\/uploads\/2021\/09\/norge_1.jpg\",\"width\":2560,\"height\":1706},{\"@type\":\"BreadcrumbList\",\"@id\":\"https:\/\/www.compasshrg.com\/no\/research-norge\/#breadcrumb\",\"itemListElement\":[{\"@type\":\"ListItem\",\"position\":1,\"name\":\"Compass HRG\",\"item\":\"https:\/\/www.compasshrg.com\/no\/\"},{\"@type\":\"ListItem\",\"position\":2,\"name\":\"Research Norge\"}]},{\"@type\":\"WebSite\",\"@id\":\"https:\/\/www.compasshrg.com\/no\/#website\",\"url\":\"https:\/\/www.compasshrg.com\/no\/\",\"name\":\"Compass HRG\",\"description\":\"Your HR Service Partner\",\"publisher\":{\"@id\":\"https:\/\/www.compasshrg.com\/no\/#organization\"},\"potentialAction\":[{\"@type\":\"SearchAction\",\"target\":{\"@type\":\"EntryPoint\",\"urlTemplate\":\"https:\/\/www.compasshrg.com\/no\/?s={search_term_string}\"},\"query-input\":{\"@type\":\"PropertyValueSpecification\",\"valueRequired\":true,\"valueName\":\"search_term_string\"}}],\"inLanguage\":\"nb-NO\"},{\"@type\":\"Organization\",\"@id\":\"https:\/\/www.compasshrg.com\/no\/#organization\",\"name\":\"Compass HRG\",\"url\":\"https:\/\/www.compasshrg.com\/no\/\",\"logo\":{\"@type\":\"ImageObject\",\"inLanguage\":\"nb-NO\",\"@id\":\"https:\/\/www.compasshrg.com\/no\/#\/schema\/logo\/image\/\",\"url\":\"\",\"contentUrl\":\"\",\"caption\":\"Compass HRG\"},\"image\":{\"@id\":\"https:\/\/www.compasshrg.com\/no\/#\/schema\/logo\/image\/\"},\"sameAs\":[\"https:\/\/www.facebook.com\/compasshrgdk\"]}]}<\/script>\n<!-- \/ Yoast SEO plugin. -->","yoast_head_json":{"title":"Research Norge - Compass HRG","description":"Vi i Compass er stolte av v\u00e5rt research-team. V\u00e5re researchere identifiserer og kontakter aktuelle kandidater basert p\u00e5 din bedrifts behov.","robots":{"index":"index","follow":"follow","max-snippet":"max-snippet:-1","max-image-preview":"max-image-preview:large","max-video-preview":"max-video-preview:-1"},"canonical":"https:\/\/www.compasshrg.com\/no\/research-norge\/","og_locale":"nb_NO","og_type":"article","og_title":"Research Norge - Compass HRG","og_description":"Vi i Compass er stolte av v\u00e5rt research-team. V\u00e5re researchere identifiserer og kontakter aktuelle kandidater basert p\u00e5 din bedrifts behov.","og_url":"https:\/\/www.compasshrg.com\/no\/research-norge\/","og_site_name":"Compass HRG","article_publisher":"https:\/\/www.facebook.com\/compasshrgdk","article_modified_time":"2025-10-22T08:11:46+00:00","og_image":[{"width":2560,"height":1706,"url":"https:\/\/www.compasshrg.com\/wp-content\/uploads\/2021\/09\/norge_1.jpg","type":"image\/jpeg"}],"twitter_card":"summary_large_image","twitter_misc":{"Ansl. lesetid":"3 minutter"},"schema":{"@context":"https:\/\/schema.org","@graph":[{"@type":"WebPage","@id":"https:\/\/www.compasshrg.com\/no\/research-norge\/","url":"https:\/\/www.compasshrg.com\/no\/research-norge\/","name":"Research Norge - Compass HRG","isPartOf":{"@id":"https:\/\/www.compasshrg.com\/no\/#website"},"primaryImageOfPage":{"@id":"https:\/\/www.compasshrg.com\/no\/research-norge\/#primaryimage"},"image":{"@id":"https:\/\/www.compasshrg.com\/no\/research-norge\/#primaryimage"},"thumbnailUrl":"https:\/\/www.compasshrg.com\/wp-content\/uploads\/2021\/09\/norge_1.jpg","datePublished":"2024-02-22T09:20:06+00:00","dateModified":"2025-10-22T08:11:46+00:00","description":"Vi i Compass er stolte av v\u00e5rt research-team. V\u00e5re researchere identifiserer og kontakter aktuelle kandidater basert p\u00e5 din bedrifts behov.","breadcrumb":{"@id":"https:\/\/www.compasshrg.com\/no\/research-norge\/#breadcrumb"},"inLanguage":"nb-NO","potentialAction":[{"@type":"ReadAction","target":["https:\/\/www.compasshrg.com\/no\/research-norge\/"]}]},{"@type":"ImageObject","inLanguage":"nb-NO","@id":"https:\/\/www.compasshrg.com\/no\/research-norge\/#primaryimage","url":"https:\/\/www.compasshrg.com\/wp-content\/uploads\/2021\/09\/norge_1.jpg","contentUrl":"https:\/\/www.compasshrg.com\/wp-content\/uploads\/2021\/09\/norge_1.jpg","width":2560,"height":1706},{"@type":"BreadcrumbList","@id":"https:\/\/www.compasshrg.com\/no\/research-norge\/#breadcrumb","itemListElement":[{"@type":"ListItem","position":1,"name":"Compass HRG","item":"https:\/\/www.compasshrg.com\/no\/"},{"@type":"ListItem","position":2,"name":"Research Norge"}]},{"@type":"WebSite","@id":"https:\/\/www.compasshrg.com\/no\/#website","url":"https:\/\/www.compasshrg.com\/no\/","name":"Compass HRG","description":"Your HR Service Partner","publisher":{"@id":"https:\/\/www.compasshrg.com\/no\/#organization"},"potentialAction":[{"@type":"SearchAction","target":{"@type":"EntryPoint","urlTemplate":"https:\/\/www.compasshrg.com\/no\/?s={search_term_string}"},"query-input":{"@type":"PropertyValueSpecification","valueRequired":true,"valueName":"search_term_string"}}],"inLanguage":"nb-NO"},{"@type":"Organization","@id":"https:\/\/www.compasshrg.com\/no\/#organization","name":"Compass HRG","url":"https:\/\/www.compasshrg.com\/no\/","logo":{"@type":"ImageObject","inLanguage":"nb-NO","@id":"https:\/\/www.compasshrg.com\/no\/#\/schema\/logo\/image\/","url":"","contentUrl":"","caption":"Compass HRG"},"image":{"@id":"https:\/\/www.compasshrg.com\/no\/#\/schema\/logo\/image\/"},"sameAs":["https:\/\/www.facebook.com\/compasshrgdk"]}]}},"_links":{"self":[{"href":"https:\/\/www.compasshrg.com\/no\/wp-json\/wp\/v2\/pages\/258514","targetHints":{"allow":["GET"]}}],"collection":[{"href":"https:\/\/www.compasshrg.com\/no\/wp-json\/wp\/v2\/pages"}],"about":[{"href":"https:\/\/www.compasshrg.com\/no\/wp-json\/wp\/v2\/types\/page"}],"author":[{"embeddable":true,"href":"https:\/\/www.compasshrg.com\/no\/wp-json\/wp\/v2\/users\/5"}],"replies":[{"embeddable":true,"href":"https:\/\/www.compasshrg.com\/no\/wp-json\/wp\/v2\/comments?post=258514"}],"version-history":[{"count":56,"href":"https:\/\/www.compasshrg.com\/no\/wp-json\/wp\/v2\/pages\/258514\/revisions"}],"predecessor-version":[{"id":279472,"href":"https:\/\/www.compasshrg.com\/no\/wp-json\/wp\/v2\/pages\/258514\/revisions\/279472"}],"wp:featuredmedia":[{"embeddable":true,"href":"https:\/\/www.compasshrg.com\/no\/wp-json\/wp\/v2\/media\/49799"}],"wp:attachment":[{"href":"https:\/\/www.compasshrg.com\/no\/wp-json\/wp\/v2\/media?parent=258514"}],"curies":[{"name":"wp","href":"https:\/\/api.w.org\/{rel}","templated":true}]}}