{"id":259272,"date":"2023-10-11T12:47:14","date_gmt":"2023-10-11T10:47:14","guid":{"rendered":"https:\/\/www.compasshrg.com\/?page_id=259272"},"modified":"2025-10-21T14:14:04","modified_gmt":"2025-10-21T12:14:04","slug":"styrerekruttering","status":"publish","type":"page","link":"https:\/\/www.compasshrg.com\/no\/styrerekruttering\/","title":{"rendered":"Styrerekruttering"},"content":{"rendered":"<p>[et_pb_section fb_built=&raquo;1&#8243; custom_padding_last_edited=&raquo;on|phone&raquo; admin_label=&raquo;Landing Hero&raquo; _builder_version=&raquo;4.27.4&#8243; background_image=&raquo;https:\/\/www.compasshrg.com\/wp-content\/uploads\/2023\/10\/Styrerekruttering-6.jpg&raquo; custom_padding=&raquo;|0px||0px|false|false&raquo; custom_padding_tablet=&raquo;1rem|0.1rem|1rem|0.1rem|true|true&raquo; custom_padding_phone=&raquo;||||false|false&raquo; animation_style=&raquo;slide&raquo; animation_direction=&raquo;top&raquo; animation_intensity_slide=&raquo;2%&raquo; background_last_edited=&raquo;on|tablet&raquo; use_background_color_gradient_tablet=&raquo;on&raquo; background_color_gradient_stops_tablet=&raquo;rgba(0,0,0,0.25) 65%|rgba(255,255,255,0.6) 90%&raquo; background_color_gradient_start_tablet=&raquo;rgba(0,0,0,0.25)&raquo; background_color_gradient_start_position_tablet=&raquo;65%&raquo; background_color_gradient_end_tablet=&raquo;rgba(255,255,255,0.6)&raquo; background_color_gradient_end_position_tablet=&raquo;90%&raquo; locked=&raquo;off&raquo; global_colors_info=&raquo;{}&raquo;][et_pb_row custom_padding_last_edited=&raquo;on|phone&raquo; _builder_version=&raquo;4.16&#8243; _module_preset=&raquo;default&raquo; width_tablet=&raquo;100%&raquo; width_phone=&raquo;&raquo; width_last_edited=&raquo;on|phone&raquo; max_width=&raquo;2560px&raquo; custom_margin=&raquo;||0px||false|false&raquo; custom_margin_tablet=&raquo;|2rem|0px|2rem|false|true&raquo; custom_margin_phone=&raquo;|1rem||1rem|false|true&raquo; custom_margin_last_edited=&raquo;on|tablet&raquo; custom_padding=&raquo;4rem||0.4rem||false|false&raquo; custom_padding_tablet=&raquo;3rem||1rem||false|false&raquo; custom_padding_phone=&raquo;&raquo; global_colors_info=&raquo;{}&raquo;][et_pb_column type=&raquo;4_4&#8243; _builder_version=&raquo;4.16&#8243; _module_preset=&raquo;default&raquo; global_colors_info=&raquo;{}&raquo;][dsm_typing_effect typing_effect=&raquo;Styrerekruttering&raquo; before_new_line=&raquo;off&raquo; typing_loop=&raquo;off&raquo; typing_remove_cursor=&raquo;on&raquo; typing_backdelay=&raquo;10000ms&raquo; disabled_on=&raquo;on|on|off&raquo; _builder_version=&raquo;4.22.2&#8243; _module_preset=&raquo;default&raquo; header_font=&raquo;Lato|700|||||||&raquo; header_text_color=&raquo;#FFFFFF&raquo; header_font_size=&raquo;64px&raquo; width=&raquo;80%&raquo; max_width=&raquo;1920px&raquo; max_width_tablet=&raquo;1920px&raquo; max_width_phone=&raquo;&raquo; max_width_last_edited=&raquo;on|phone&raquo; custom_margin=&raquo;||0px||false|false&raquo; custom_padding=&raquo;||0px||false|false&raquo; global_colors_info=&raquo;{}&raquo;][\/dsm_typing_effect][et_pb_text disabled_on=&raquo;off|off|on&raquo; _builder_version=&raquo;4.16&#8243; text_font=&raquo;Lato||||||||&raquo; text_text_color=&raquo;#E8F7FC&raquo; text_font_size=&raquo;19px&raquo; text_line_height=&raquo;1.9em&raquo; header_font=&raquo;Lato|700|||||||&raquo; header_text_color=&raquo;#FFFFFF&raquo; header_font_size=&raquo;64px&raquo; width_tablet=&raquo;80%&raquo; width_phone=&raquo;&raquo; width_last_edited=&raquo;on|tablet&raquo; max_width=&raquo;1920px&raquo; max_width_tablet=&raquo;&raquo; max_width_phone=&raquo;&raquo; max_width_last_edited=&raquo;on|tablet&raquo; custom_margin=&raquo;|0px||0px|false|false&raquo; custom_margin_tablet=&raquo;|0px|||false|false&raquo; custom_margin_phone=&raquo;&raquo; custom_margin_last_edited=&raquo;on|tablet&raquo; custom_padding=&raquo;|0px||0px|false|false&raquo; custom_padding_tablet=&raquo;&raquo; custom_padding_phone=&raquo;&raquo; custom_padding_last_edited=&raquo;on|tablet&raquo; header_font_size_tablet=&raquo;&raquo; header_font_size_phone=&raquo;49px&raquo; header_font_size_last_edited=&raquo;on|phone&raquo; locked=&raquo;off&raquo; global_colors_info=&raquo;{}&raquo;]<\/p>\n<h1><strong>Compass Human Resources Group &#8211; Norge<\/strong><\/h1>\n<p>[\/et_pb_text][\/et_pb_column][\/et_pb_row][et_pb_row column_structure=&raquo;1_2,1_2&#8243; custom_padding_last_edited=&raquo;on|phone&raquo; _builder_version=&raquo;4.16&#8243; width_tablet=&raquo;100%&raquo; width_phone=&raquo;&raquo; width_last_edited=&raquo;on|phone&raquo; max_width=&raquo;2560px&raquo; max_width_tablet=&raquo;1920px&raquo; max_width_phone=&raquo;&raquo; max_width_last_edited=&raquo;on|tablet&raquo; custom_margin=&raquo;0px||||false|false&raquo; custom_margin_tablet=&raquo;||||false|true&raquo; custom_margin_phone=&raquo;&raquo; custom_margin_last_edited=&raquo;on|tablet&raquo; custom_padding=&raquo;0px||4rem||false|false&raquo; custom_padding_tablet=&raquo;|2rem||2rem|false|true&raquo; custom_padding_phone=&raquo;|1rem||1rem|false|true&raquo; animation_style=&raquo;slide&raquo; animation_direction=&raquo;right&raquo; custom_width_px=&raquo;1280px&raquo; global_colors_info=&raquo;{}&raquo;][et_pb_column type=&raquo;1_2&#8243; _builder_version=&raquo;4.16&#8243; custom_padding=&raquo;|||&raquo; global_colors_info=&raquo;{}&raquo; custom_padding__hover=&raquo;|||&raquo;][et_pb_text _builder_version=&raquo;4.22.2&#8243; text_font=&raquo;Lato||||||||&raquo; text_text_color=&raquo;#FFFFFF&raquo; text_font_size=&raquo;19px&raquo; text_line_height=&raquo;1.8em&raquo; width=&raquo;100%&raquo; width_tablet=&raquo;&raquo; width_phone=&raquo;&raquo; width_last_edited=&raquo;on|phone&raquo; max_width_tablet=&raquo;&raquo; max_width_phone=&raquo;&raquo; max_width_last_edited=&raquo;on|tablet&raquo; custom_margin=&raquo;|0px||0px|false|false&raquo; custom_margin_tablet=&raquo;|0px|||false|false&raquo; custom_margin_phone=&raquo;&raquo; custom_margin_last_edited=&raquo;on|tablet&raquo; custom_padding=&raquo;|0px||0px|false|false&raquo; custom_padding_tablet=&raquo;&raquo; custom_padding_phone=&raquo;&raquo; custom_padding_last_edited=&raquo;on|tablet&raquo; locked=&raquo;off&raquo; global_colors_info=&raquo;{}&raquo;]<\/p>\n<p>Et riktig sammensatt styre er viktig, b\u00e5de for \u00e5 ivareta eiernes interesser og for selskapets langsiktige utvikling og resultater.<\/p>\n<p>[\/et_pb_text][\/et_pb_column][et_pb_column type=&raquo;1_2&#8243; _builder_version=&raquo;4.16&#8243; custom_padding=&raquo;|||&raquo; global_colors_info=&raquo;{}&raquo; custom_padding__hover=&raquo;|||&raquo;][\/et_pb_column][\/et_pb_row][\/et_pb_section][et_pb_section fb_built=&raquo;1&#8243; _builder_version=&raquo;4.22.2&#8243; _module_preset=&raquo;default&raquo; global_colors_info=&raquo;{}&raquo;][et_pb_row _builder_version=&raquo;4.22.2&#8243; _module_preset=&raquo;default&raquo; global_colors_info=&raquo;{}&raquo;][et_pb_column type=&raquo;4_4&#8243; _builder_version=&raquo;4.22.2&#8243; _module_preset=&raquo;default&raquo; global_colors_info=&raquo;{}&raquo;][et_pb_text _builder_version=&raquo;4.27.4&#8243; _module_preset=&raquo;default&raquo; global_colors_info=&raquo;{}&raquo;]<\/p>\n<p>Manglende kompetanse i styret kan ha alvorlige konsekvenser for aksjon\u00e6rer, ansatte, styremedlemmer og selskapets markedsutvikling.<\/p>\n<p><span class=\"relative -mx-px my-[-0.2rem] rounded px-px py-[0.2rem] transition-colors duration-100 ease-in-out\">Fra 1. januar 2024 har Stortinget vedtatt nye krav til kj\u00f8nnsbalanse i styrene til mellomstore og store selskaper i Norge.<\/span> <span class=\"relative -mx-px my-[-0.2rem] rounded px-px py-[0.2rem] transition-colors duration-100 ease-in-out\">M\u00e5let er \u00e5 \u00f8ke andelen kvinnelige styrerepresentanter og sikre at n\u00e6ringslivet drar nytte av den samlede kompetansen i samfunnet.<\/span> Denne loven krever 40 % av hvert kj\u00f8nn i styret i foretak av en viss st\u00f8rrelse. Det f\u00f8rer til at det blir et stort behov for flere kvinnelige styremedlemmer i store og mellomstore bedrifter. (Prop. 131 LS (2022-2023)<\/p>\n<p>[\/et_pb_text][\/et_pb_column][\/et_pb_row][et_pb_row column_structure=&raquo;1_2,1_2&#8243; _builder_version=&raquo;4.22.2&#8243; _module_preset=&raquo;default&raquo; global_colors_info=&raquo;{}&raquo;][et_pb_column type=&raquo;1_2&#8243; _builder_version=&raquo;4.22.2&#8243; _module_preset=&raquo;default&raquo; global_colors_info=&raquo;{}&raquo;][et_pb_image src=&raquo;https:\/\/www.compasshrg.com\/wp-content\/uploads\/2023\/10\/greit.jpg&raquo; title_text=&raquo;greit styre2&#8243; _builder_version=&raquo;4.22.2&#8243; _module_preset=&raquo;default&raquo; global_colors_info=&raquo;{}&raquo;][\/et_pb_image][et_pb_button button_url=&raquo;https:\/\/www.compasshrg.com\/no\/er-du-interessert-i-styreverv\/&raquo; url_new_window=&raquo;on&raquo; button_text=&raquo;ER DU INTERESSERT I STYREVERV?&raquo; button_alignment=&raquo;center&raquo; _builder_version=&raquo;4.22.2&#8243; custom_button=&raquo;on&raquo; button_text_size=&raquo;14px&raquo; button_text_color=&raquo;#FFFFFF&raquo; button_bg_color=&raquo;#1EAEE2&#8243; button_border_width=&raquo;12px&raquo; button_border_color=&raquo;RGBA(0,0,0,0)&raquo; button_border_radius=&raquo;3px&raquo; button_letter_spacing=&raquo;2px&raquo; button_font=&raquo;Lato|900||on|||||&raquo; button_icon=&raquo;&#x45;||divi||400&#8243; button_icon_color=&raquo;#1EAEE2&#8243; custom_margin=&raquo;2rem||2rem||false|false&raquo; button_text_color_hover=&raquo;#edbb5f&raquo; button_letter_spacing_hover=&raquo;1px&raquo; global_colors_info=&raquo;{}&raquo; button_text_size__hover_enabled=&raquo;off&raquo; button_one_text_size__hover_enabled=&raquo;off&raquo; button_two_text_size__hover_enabled=&raquo;off&raquo; button_text_color__hover_enabled=&raquo;on|hover&raquo; button_text_color__hover=&raquo;#1EAEE2&#8243; button_one_text_color__hover_enabled=&raquo;off&raquo; button_two_text_color__hover_enabled=&raquo;off&raquo; button_border_width__hover_enabled=&raquo;on|hover&raquo; button_one_border_width__hover_enabled=&raquo;off&raquo; button_two_border_width__hover_enabled=&raquo;off&raquo; button_border_color__hover_enabled=&raquo;off&raquo; button_one_border_color__hover_enabled=&raquo;off&raquo; button_two_border_color__hover_enabled=&raquo;off&raquo; button_border_radius__hover_enabled=&raquo;off&raquo; button_one_border_radius__hover_enabled=&raquo;off&raquo; button_two_border_radius__hover_enabled=&raquo;off&raquo; button_letter_spacing__hover_enabled=&raquo;on|hover&raquo; button_letter_spacing__hover=&raquo;2px&raquo; button_one_letter_spacing__hover_enabled=&raquo;off&raquo; button_two_letter_spacing__hover_enabled=&raquo;off&raquo; button_bg_color__hover_enabled=&raquo;off&raquo; button_one_bg_color__hover_enabled=&raquo;off&raquo; button_two_bg_color__hover_enabled=&raquo;off&raquo; button_border_width__hover=&raquo;12px&raquo;][\/et_pb_button][et_pb_text _builder_version=&raquo;4.22.2&#8243; _module_preset=&raquo;default&raquo; background_enable_image=&raquo;off&raquo; global_colors_info=&raquo;{}&raquo;][\/et_pb_text][\/et_pb_column][et_pb_column type=&raquo;1_2&#8243; _builder_version=&raquo;4.22.2&#8243; _module_preset=&raquo;default&raquo; global_colors_info=&raquo;{}&raquo;][et_pb_image src=&raquo;https:\/\/www.compasshrg.com\/wp-content\/uploads\/2023\/10\/grei.jpg&raquo; title_text=&raquo;grei&raquo; _builder_version=&raquo;4.22.2&#8243; _module_preset=&raquo;default&raquo; global_colors_info=&raquo;{}&raquo;][\/et_pb_image][et_pb_button button_url=&raquo;https:\/\/www.compasshrg.com\/no\/trenger-du-styremedlemmer\/&raquo; url_new_window=&raquo;on&raquo; button_text=&raquo;TRENGER DU STYREMEDLEMMER?&raquo; button_alignment=&raquo;center&raquo; _builder_version=&raquo;4.22.2&#8243; custom_button=&raquo;on&raquo; button_text_size=&raquo;14px&raquo; button_text_color=&raquo;#FFFFFF&raquo; button_bg_color=&raquo;#1EAEE2&#8243; button_border_width=&raquo;12px&raquo; button_border_color=&raquo;RGBA(0,0,0,0)&raquo; button_border_radius=&raquo;3px&raquo; button_letter_spacing=&raquo;2px&raquo; button_font=&raquo;Lato|900||on|||||&raquo; button_icon=&raquo;&#x45;||divi||400&#8243; button_icon_color=&raquo;#1EAEE2&#8243; custom_margin=&raquo;2rem||2rem||false|false&raquo; button_text_color_hover=&raquo;#edbb5f&raquo; button_letter_spacing_hover=&raquo;1px&raquo; global_colors_info=&raquo;{}&raquo; button_text_size__hover_enabled=&raquo;off&raquo; button_one_text_size__hover_enabled=&raquo;off&raquo; button_two_text_size__hover_enabled=&raquo;off&raquo; button_text_color__hover_enabled=&raquo;on|hover&raquo; button_text_color__hover=&raquo;#1EAEE2&#8243; button_one_text_color__hover_enabled=&raquo;off&raquo; button_two_text_color__hover_enabled=&raquo;off&raquo; button_border_width__hover_enabled=&raquo;on|hover&raquo; button_one_border_width__hover_enabled=&raquo;off&raquo; button_two_border_width__hover_enabled=&raquo;off&raquo; button_border_color__hover_enabled=&raquo;off&raquo; button_one_border_color__hover_enabled=&raquo;off&raquo; button_two_border_color__hover_enabled=&raquo;off&raquo; button_border_radius__hover_enabled=&raquo;off&raquo; button_one_border_radius__hover_enabled=&raquo;off&raquo; button_two_border_radius__hover_enabled=&raquo;off&raquo; button_letter_spacing__hover_enabled=&raquo;on|hover&raquo; button_letter_spacing__hover=&raquo;2px&raquo; button_one_letter_spacing__hover_enabled=&raquo;off&raquo; button_two_letter_spacing__hover_enabled=&raquo;off&raquo; button_bg_color__hover_enabled=&raquo;off&raquo; button_one_bg_color__hover_enabled=&raquo;off&raquo; button_two_bg_color__hover_enabled=&raquo;off&raquo; button_border_width__hover=&raquo;12px&raquo;][\/et_pb_button][\/et_pb_column][\/et_pb_row][\/et_pb_section]<\/p>\n","protected":false},"excerpt":{"rendered":"<p><div class=\"et_pb_module dsm_typing_effect dsm_typing_effect_0 et_pb_bg_layout_light \">\n\t\t\t\t\n\t\t\t\t\n\t\t\t\t\n\t\t\t\t\n\t\t\t\t\n\t\t\t\t\n\t\t\t\t<div class=\"et_pb_module_inner\">\n\t\t\t\t\t<h1 class=\"dsm-typing-effect et_pb_module_header\" aria-label=\"Styrerekruttering\"> <span class=\"dsm-typing-wrapper\"><span class=\"dsm-typing-strings\">Styrerekruttering<\/span><span class=\"dsm-typing\" aria-hidden=\"true\" data-dsm-typing-cursor=\"|\" data-dsm-typing-strings=\"Styrerekruttering\" data-dsm-typing-speed=100ms data-dsm-typing-backspeed=50ms data-dsm-typing-backdelay=10000ms data-dsm-typing-loop=false data-dsm-typing-remove-cursor=on data-dsm-typing-fadeout=false data-dsm-typing-shuffle=false data-dsm-typing-delay=0ms data-dsm-typing-viewport=80% data-dsm-typing-repeat=on><\/span><\/span><\/h1>\n\t\t\t\t<\/div>\n\t\t\t<\/div>Compass Human Resources Group &#8211; NorgeEt riktig sammensatt styre er viktig, b\u00e5de for \u00e5 ivareta eiernes interesser og for selskapets langsiktige utvikling og resultater.Manglende kompetanse i styret kan ha alvorlige konsekvenser for aksjon\u00e6rer, ansatte, styremedlemmer og selskapets markedsutvikling. Fra 1. januar 2024 har Stortinget vedtatt nye krav til kj\u00f8nnsbalanse i styrene til mellomstore og store selskaper i Norge. M\u00e5let er \u00e5 \u00f8ke andelen kvinnelige styrerepresentanter og sikre at n\u00e6ringslivet drar nytte av den samlede kompetansen i samfunnet. Denne loven krever 40 % av hvert kj\u00f8nn i styret i foretak av en viss st\u00f8rrelse. Det f\u00f8rer til at det blir et stort behov for flere kvinnelige styremedlemmer i store og mellomstore bedrifter. (Prop. 131 LS (2022-2023)<\/p>\n","protected":false},"author":5,"featured_media":0,"parent":0,"menu_order":0,"comment_status":"closed","ping_status":"closed","template":"","meta":{"_acf_changed":false,"_et_pb_use_builder":"on","_et_pb_old_content":"","_et_gb_content_width":"","om_disable_all_campaigns":false,"inline_featured_image":false,"_uf_show_specific_survey":0,"_uf_disable_surveys":false,"footnotes":""},"class_list":["post-259272","page","type-page","status-publish","hentry"],"acf":[],"yoast_head":"<!-- This site is optimized with the Yoast SEO plugin v27.1.1 - https:\/\/yoast.com\/product\/yoast-seo-wordpress\/ -->\n<title>Styrerekruttering - Compass HRG<\/title>\n<meta name=\"description\" content=\"Fra 2024 m\u00e5 mellomstore og store norske selskaper ha 40 % kj\u00f8nnsbalanse i styret, med behov for flere kvinnelige styrerepresentanter.\" \/>\n<meta name=\"robots\" content=\"index, follow, max-snippet:-1, max-image-preview:large, max-video-preview:-1\" \/>\n<link rel=\"canonical\" href=\"https:\/\/www.compasshrg.com\/no\/styrerekruttering\/\" \/>\n<meta property=\"og:locale\" content=\"nb_NO\" \/>\n<meta property=\"og:type\" content=\"article\" \/>\n<meta property=\"og:title\" content=\"Styrerekruttering - Compass HRG\" \/>\n<meta property=\"og:description\" content=\"Fra 2024 m\u00e5 mellomstore og store norske selskaper ha 40 % kj\u00f8nnsbalanse i styret, med behov for flere kvinnelige styrerepresentanter.\" \/>\n<meta property=\"og:url\" content=\"https:\/\/www.compasshrg.com\/no\/styrerekruttering\/\" \/>\n<meta property=\"og:site_name\" content=\"Compass HRG\" \/>\n<meta property=\"article:publisher\" content=\"https:\/\/www.facebook.com\/compasshrgdk\" \/>\n<meta property=\"article:modified_time\" content=\"2025-10-21T12:14:04+00:00\" \/>\n<meta name=\"twitter:card\" content=\"summary_large_image\" \/>\n<meta name=\"twitter:label1\" content=\"Ansl. lesetid\" \/>\n\t<meta name=\"twitter:data1\" content=\"1 minutt\" \/>\n<script type=\"application\/ld+json\" class=\"yoast-schema-graph\">{\"@context\":\"https:\/\/schema.org\",\"@graph\":[{\"@type\":\"WebPage\",\"@id\":\"https:\/\/www.compasshrg.com\/no\/styrerekruttering\/\",\"url\":\"https:\/\/www.compasshrg.com\/no\/styrerekruttering\/\",\"name\":\"Styrerekruttering - Compass HRG\",\"isPartOf\":{\"@id\":\"https:\/\/www.compasshrg.com\/no\/#website\"},\"datePublished\":\"2023-10-11T10:47:14+00:00\",\"dateModified\":\"2025-10-21T12:14:04+00:00\",\"description\":\"Fra 2024 m\u00e5 mellomstore og store norske selskaper ha 40 % kj\u00f8nnsbalanse i styret, med behov for flere kvinnelige styrerepresentanter.\",\"breadcrumb\":{\"@id\":\"https:\/\/www.compasshrg.com\/no\/styrerekruttering\/#breadcrumb\"},\"inLanguage\":\"nb-NO\",\"potentialAction\":[{\"@type\":\"ReadAction\",\"target\":[\"https:\/\/www.compasshrg.com\/no\/styrerekruttering\/\"]}]},{\"@type\":\"BreadcrumbList\",\"@id\":\"https:\/\/www.compasshrg.com\/no\/styrerekruttering\/#breadcrumb\",\"itemListElement\":[{\"@type\":\"ListItem\",\"position\":1,\"name\":\"Compass HRG\",\"item\":\"https:\/\/www.compasshrg.com\/no\/\"},{\"@type\":\"ListItem\",\"position\":2,\"name\":\"Styrerekruttering\"}]},{\"@type\":\"WebSite\",\"@id\":\"https:\/\/www.compasshrg.com\/no\/#website\",\"url\":\"https:\/\/www.compasshrg.com\/no\/\",\"name\":\"Compass HRG\",\"description\":\"Your HR Service Partner\",\"publisher\":{\"@id\":\"https:\/\/www.compasshrg.com\/no\/#organization\"},\"potentialAction\":[{\"@type\":\"SearchAction\",\"target\":{\"@type\":\"EntryPoint\",\"urlTemplate\":\"https:\/\/www.compasshrg.com\/no\/?s={search_term_string}\"},\"query-input\":{\"@type\":\"PropertyValueSpecification\",\"valueRequired\":true,\"valueName\":\"search_term_string\"}}],\"inLanguage\":\"nb-NO\"},{\"@type\":\"Organization\",\"@id\":\"https:\/\/www.compasshrg.com\/no\/#organization\",\"name\":\"Compass HRG\",\"url\":\"https:\/\/www.compasshrg.com\/no\/\",\"logo\":{\"@type\":\"ImageObject\",\"inLanguage\":\"nb-NO\",\"@id\":\"https:\/\/www.compasshrg.com\/no\/#\/schema\/logo\/image\/\",\"url\":\"\",\"contentUrl\":\"\",\"caption\":\"Compass HRG\"},\"image\":{\"@id\":\"https:\/\/www.compasshrg.com\/no\/#\/schema\/logo\/image\/\"},\"sameAs\":[\"https:\/\/www.facebook.com\/compasshrgdk\"]}]}<\/script>\n<!-- \/ Yoast SEO plugin. -->","yoast_head_json":{"title":"Styrerekruttering - Compass HRG","description":"Fra 2024 m\u00e5 mellomstore og store norske selskaper ha 40 % kj\u00f8nnsbalanse i styret, med behov for flere kvinnelige styrerepresentanter.","robots":{"index":"index","follow":"follow","max-snippet":"max-snippet:-1","max-image-preview":"max-image-preview:large","max-video-preview":"max-video-preview:-1"},"canonical":"https:\/\/www.compasshrg.com\/no\/styrerekruttering\/","og_locale":"nb_NO","og_type":"article","og_title":"Styrerekruttering - Compass HRG","og_description":"Fra 2024 m\u00e5 mellomstore og store norske selskaper ha 40 % kj\u00f8nnsbalanse i styret, med behov for flere kvinnelige styrerepresentanter.","og_url":"https:\/\/www.compasshrg.com\/no\/styrerekruttering\/","og_site_name":"Compass HRG","article_publisher":"https:\/\/www.facebook.com\/compasshrgdk","article_modified_time":"2025-10-21T12:14:04+00:00","twitter_card":"summary_large_image","twitter_misc":{"Ansl. lesetid":"1 minutt"},"schema":{"@context":"https:\/\/schema.org","@graph":[{"@type":"WebPage","@id":"https:\/\/www.compasshrg.com\/no\/styrerekruttering\/","url":"https:\/\/www.compasshrg.com\/no\/styrerekruttering\/","name":"Styrerekruttering - Compass HRG","isPartOf":{"@id":"https:\/\/www.compasshrg.com\/no\/#website"},"datePublished":"2023-10-11T10:47:14+00:00","dateModified":"2025-10-21T12:14:04+00:00","description":"Fra 2024 m\u00e5 mellomstore og store norske selskaper ha 40 % kj\u00f8nnsbalanse i styret, med behov for flere kvinnelige styrerepresentanter.","breadcrumb":{"@id":"https:\/\/www.compasshrg.com\/no\/styrerekruttering\/#breadcrumb"},"inLanguage":"nb-NO","potentialAction":[{"@type":"ReadAction","target":["https:\/\/www.compasshrg.com\/no\/styrerekruttering\/"]}]},{"@type":"BreadcrumbList","@id":"https:\/\/www.compasshrg.com\/no\/styrerekruttering\/#breadcrumb","itemListElement":[{"@type":"ListItem","position":1,"name":"Compass HRG","item":"https:\/\/www.compasshrg.com\/no\/"},{"@type":"ListItem","position":2,"name":"Styrerekruttering"}]},{"@type":"WebSite","@id":"https:\/\/www.compasshrg.com\/no\/#website","url":"https:\/\/www.compasshrg.com\/no\/","name":"Compass HRG","description":"Your HR Service Partner","publisher":{"@id":"https:\/\/www.compasshrg.com\/no\/#organization"},"potentialAction":[{"@type":"SearchAction","target":{"@type":"EntryPoint","urlTemplate":"https:\/\/www.compasshrg.com\/no\/?s={search_term_string}"},"query-input":{"@type":"PropertyValueSpecification","valueRequired":true,"valueName":"search_term_string"}}],"inLanguage":"nb-NO"},{"@type":"Organization","@id":"https:\/\/www.compasshrg.com\/no\/#organization","name":"Compass HRG","url":"https:\/\/www.compasshrg.com\/no\/","logo":{"@type":"ImageObject","inLanguage":"nb-NO","@id":"https:\/\/www.compasshrg.com\/no\/#\/schema\/logo\/image\/","url":"","contentUrl":"","caption":"Compass HRG"},"image":{"@id":"https:\/\/www.compasshrg.com\/no\/#\/schema\/logo\/image\/"},"sameAs":["https:\/\/www.facebook.com\/compasshrgdk"]}]}},"_links":{"self":[{"href":"https:\/\/www.compasshrg.com\/no\/wp-json\/wp\/v2\/pages\/259272","targetHints":{"allow":["GET"]}}],"collection":[{"href":"https:\/\/www.compasshrg.com\/no\/wp-json\/wp\/v2\/pages"}],"about":[{"href":"https:\/\/www.compasshrg.com\/no\/wp-json\/wp\/v2\/types\/page"}],"author":[{"embeddable":true,"href":"https:\/\/www.compasshrg.com\/no\/wp-json\/wp\/v2\/users\/5"}],"replies":[{"embeddable":true,"href":"https:\/\/www.compasshrg.com\/no\/wp-json\/wp\/v2\/comments?post=259272"}],"version-history":[{"count":10,"href":"https:\/\/www.compasshrg.com\/no\/wp-json\/wp\/v2\/pages\/259272\/revisions"}],"predecessor-version":[{"id":279512,"href":"https:\/\/www.compasshrg.com\/no\/wp-json\/wp\/v2\/pages\/259272\/revisions\/279512"}],"wp:attachment":[{"href":"https:\/\/www.compasshrg.com\/no\/wp-json\/wp\/v2\/media?parent=259272"}],"curies":[{"name":"wp","href":"https:\/\/api.w.org\/{rel}","templated":true}]}}