{"id":259523,"date":"2023-10-11T13:44:09","date_gmt":"2023-10-11T11:44:09","guid":{"rendered":"https:\/\/www.compasshrg.com\/?page_id=259523"},"modified":"2025-10-21T14:16:53","modified_gmt":"2025-10-21T12:16:53","slug":"er-du-interessert-i-styreverv","status":"publish","type":"page","link":"https:\/\/www.compasshrg.com\/no\/er-du-interessert-i-styreverv\/","title":{"rendered":"Er du interessert i styreverv?"},"content":{"rendered":"<p>[et_pb_section fb_built=&raquo;1&#8243; custom_padding_last_edited=&raquo;on|phone&raquo; admin_label=&raquo;Landing Hero&raquo; _builder_version=&raquo;4.22.2&#8243; background_image=&raquo;https:\/\/www.compasshrg.com\/wp-content\/uploads\/2023\/10\/Styrerekruttering-6.jpg&raquo; custom_padding=&raquo;|0px||0px|false|false&raquo; custom_padding_tablet=&raquo;1rem|0.1rem|1rem|0.1rem|true|true&raquo; custom_padding_phone=&raquo;||||false|false&raquo; animation_style=&raquo;slide&raquo; animation_direction=&raquo;top&raquo; animation_intensity_slide=&raquo;2%&raquo; background_last_edited=&raquo;on|tablet&raquo; use_background_color_gradient_tablet=&raquo;on&raquo; background_color_gradient_stops_tablet=&raquo;rgba(0,0,0,0.25) 65%|rgba(255,255,255,0.6) 90%&raquo; background_color_gradient_start_tablet=&raquo;rgba(0,0,0,0.25)&raquo; background_color_gradient_start_position_tablet=&raquo;65%&raquo; background_color_gradient_end_tablet=&raquo;rgba(255,255,255,0.6)&raquo; background_color_gradient_end_position_tablet=&raquo;90%&raquo; locked=&raquo;off&raquo; global_colors_info=&raquo;{}&raquo;][et_pb_row custom_padding_last_edited=&raquo;on|phone&raquo; _builder_version=&raquo;4.16&#8243; _module_preset=&raquo;default&raquo; width_tablet=&raquo;100%&raquo; width_phone=&raquo;&raquo; width_last_edited=&raquo;on|phone&raquo; max_width=&raquo;2560px&raquo; custom_margin=&raquo;||0px||false|false&raquo; custom_margin_tablet=&raquo;|2rem|0px|2rem|false|true&raquo; custom_margin_phone=&raquo;|1rem||1rem|false|true&raquo; custom_margin_last_edited=&raquo;on|tablet&raquo; custom_padding=&raquo;4rem||0.4rem||false|false&raquo; custom_padding_tablet=&raquo;3rem||1rem||false|false&raquo; custom_padding_phone=&raquo;&raquo; global_colors_info=&raquo;{}&raquo;][et_pb_column type=&raquo;4_4&#8243; _builder_version=&raquo;4.16&#8243; _module_preset=&raquo;default&raquo; global_colors_info=&raquo;{}&raquo;][et_pb_text disabled_on=&raquo;off|off|on&raquo; _builder_version=&raquo;4.16&#8243; text_font=&raquo;Lato||||||||&raquo; text_text_color=&raquo;#E8F7FC&raquo; text_font_size=&raquo;19px&raquo; text_line_height=&raquo;1.9em&raquo; header_font=&raquo;Lato|700|||||||&raquo; header_text_color=&raquo;#FFFFFF&raquo; header_font_size=&raquo;64px&raquo; width_tablet=&raquo;80%&raquo; width_phone=&raquo;&raquo; width_last_edited=&raquo;on|tablet&raquo; max_width=&raquo;1920px&raquo; max_width_tablet=&raquo;&raquo; max_width_phone=&raquo;&raquo; max_width_last_edited=&raquo;on|tablet&raquo; custom_margin=&raquo;|0px||0px|false|false&raquo; custom_margin_tablet=&raquo;|0px|||false|false&raquo; custom_margin_phone=&raquo;&raquo; custom_margin_last_edited=&raquo;on|tablet&raquo; custom_padding=&raquo;|0px||0px|false|false&raquo; custom_padding_tablet=&raquo;&raquo; custom_padding_phone=&raquo;&raquo; custom_padding_last_edited=&raquo;on|tablet&raquo; header_font_size_tablet=&raquo;&raquo; header_font_size_phone=&raquo;49px&raquo; header_font_size_last_edited=&raquo;on|phone&raquo; locked=&raquo;off&raquo; global_colors_info=&raquo;{}&raquo;]<\/p>\n<h1><strong>Compass Human Resources Group &#8211; Norge<\/strong><\/h1>\n<p>[\/et_pb_text][\/et_pb_column][\/et_pb_row][et_pb_row column_structure=&raquo;1_2,1_2&#8243; custom_padding_last_edited=&raquo;on|phone&raquo; _builder_version=&raquo;4.16&#8243; width_tablet=&raquo;100%&raquo; width_phone=&raquo;&raquo; width_last_edited=&raquo;on|phone&raquo; max_width=&raquo;2560px&raquo; max_width_tablet=&raquo;1920px&raquo; max_width_phone=&raquo;&raquo; max_width_last_edited=&raquo;on|tablet&raquo; custom_margin=&raquo;0px||||false|false&raquo; custom_margin_tablet=&raquo;||||false|true&raquo; custom_margin_phone=&raquo;&raquo; custom_margin_last_edited=&raquo;on|tablet&raquo; custom_padding=&raquo;0px||4rem||false|false&raquo; custom_padding_tablet=&raquo;|2rem||2rem|false|true&raquo; custom_padding_phone=&raquo;|1rem||1rem|false|true&raquo; animation_style=&raquo;slide&raquo; animation_direction=&raquo;right&raquo; custom_width_px=&raquo;1280px&raquo; global_colors_info=&raquo;{}&raquo;][et_pb_column type=&raquo;1_2&#8243; _builder_version=&raquo;4.16&#8243; custom_padding=&raquo;|||&raquo; global_colors_info=&raquo;{}&raquo; custom_padding__hover=&raquo;|||&raquo;][dsm_typing_effect typing_effect=&raquo;Er du interessert i styreverv?&raquo; before_new_line=&raquo;off&raquo; typing_loop=&raquo;off&raquo; typing_remove_cursor=&raquo;on&raquo; typing_backdelay=&raquo;10000ms&raquo; disabled_on=&raquo;on|on|off&raquo; _builder_version=&raquo;4.22.2&#8243; _module_preset=&raquo;default&raquo; header_font=&raquo;Lato|700|||||||&raquo; header_text_color=&raquo;#FFFFFF&raquo; header_font_size=&raquo;64px&raquo; width=&raquo;80%&raquo; max_width=&raquo;1920px&raquo; max_width_tablet=&raquo;1920px&raquo; max_width_phone=&raquo;&raquo; max_width_last_edited=&raquo;on|phone&raquo; custom_margin=&raquo;||0px||false|false&raquo; custom_padding=&raquo;||0px||false|false&raquo; global_colors_info=&raquo;{}&raquo;][\/dsm_typing_effect][et_pb_text _builder_version=&raquo;4.27.4&#8243; _module_preset=&raquo;default&raquo; global_colors_info=&raquo;{}&raquo;]<\/p>\n<p><span style=\"color: #ffffff;\">Fra 1. januar 2024 har Stortinget vedtatt en ny lov som gradvis innf\u00f8rer krav til kj\u00f8nnsbalanse i styresammensetningen for en rekke norske virksomheter. Endringen er del av en bredere strategi for \u00e5 fremme mangfold, styrke selskapsstyring og sikre bedre utnyttelse av tilgjengelig kompetanse i n\u00e6ringslivet.<\/span><\/p>\n<p>[\/et_pb_text][\/et_pb_column][et_pb_column type=&raquo;1_2&#8243; _builder_version=&raquo;4.16&#8243; custom_padding=&raquo;|||&raquo; global_colors_info=&raquo;{}&raquo; custom_padding__hover=&raquo;|||&raquo;][\/et_pb_column][\/et_pb_row][\/et_pb_section][et_pb_section fb_built=&raquo;1&#8243; _builder_version=&raquo;4.22.2&#8243; _module_preset=&raquo;default&raquo; global_colors_info=&raquo;{}&raquo;][et_pb_row column_structure=&raquo;3_4,1_4&#8243; _builder_version=&raquo;4.22.2&#8243; _module_preset=&raquo;default&raquo; global_colors_info=&raquo;{}&raquo;][et_pb_column type=&raquo;3_4&#8243; _builder_version=&raquo;4.22.2&#8243; _module_preset=&raquo;default&raquo; global_colors_info=&raquo;{}&raquo;][et_pb_text _builder_version=&raquo;4.22.2&#8243; _module_preset=&raquo;default&raquo; global_colors_info=&raquo;{}&raquo;]<\/p>\n<p><span style=\"font-family: inherit; font-weight: normal; font-size: medium;\"><\/span><\/p>\n<p><span style=\"font-family: inherit; font-weight: normal; font-size: medium;\">Vi i Compass Human Resources har mer enn 35 \u00e5rs erfaring med rekruttering og et bredt nettverk i norsk n\u00e6ringsliv. V\u00e5re kunder er i hovedsak store og mellomstore bedrifter, som fremover vil ha behov for flere kvinner inn i sine styrer.<\/span><\/p>\n<h3><span style=\"color: #1eaee2;\"><strong><\/strong><\/span><\/h3>\n<h3><span style=\"color: #1eaee2;\"><strong><\/strong><\/span><\/h3>\n<h3><span style=\"color: #1eaee2;\"><strong>V\u00e5re kunder er i hovedsak i f\u00f8lgende bransjer: <\/strong><\/span><\/h3>\n<ul>\n<li>Helse\/legemidler og medisinsk teknisk<\/li>\n<li>Bygg\/anlegg\/eiendom<\/li>\n<li>IT\/telekom<\/li>\n<li>Bank\/finans\/forsikring<\/li>\n<li>Industri\/handel<\/li>\n<\/ul>\n<h3><span style=\"color: #1eaee2;\"><strong><br \/>Hvem ser vi etter?<\/strong><\/span><\/h3>\n<p>Vi er s\u00f8ker deg b\u00e5de med og uten styreerfaring. Viktigst er at du har spesialistkompetanse, er forretningsorientert og motivert for \u00e5 bidra i et styre. Vi ser spesielt etter f\u00f8lgende erfaringsomr\u00e5der:<\/p>\n<ul>\n<li>Strategisk HR<\/li>\n<li>Teknologi og digitalisering<\/li>\n<li>Forretningsorientert \u00f8konomiledelse<\/li>\n<li>Ledelse<\/li>\n<li>Innovasjon og forretningsutvikling<\/li>\n<\/ul>\n<p>Registrerer deg hos oss hvis du \u00f8nsker \u00e5 v\u00e6re i v\u00e5r base for \u00e5 bli kontaktet for styreverv.<\/p>\n<p>For mer informasjon ta kontakt med oss i Compass Human Resources ved <a href=\"https:\/\/www.compasshrg.com\/anne-marit-heber-naerby\/\">Anne Marit N\u00e6rby<\/a> p\u00e5 tlf. 924 49 114\u00a0eller<a href=\"https:\/\/www.compasshrg.com\/sv\/anne-qvenild\/\"> Anne Qvenild<\/a> p\u00e5 tlf. 977 23 235.<\/p>\n<p>[\/et_pb_text][et_pb_button button_url=&raquo;https:\/\/apply.recman.no\/job_post.php?id=347885&#038;sub_id=412&#038;path=Internal&raquo; url_new_window=&raquo;on&raquo; button_text=&raquo;REGISTRER DEG HOS OSS I DAG&raquo; button_alignment=&raquo;left&raquo; _builder_version=&raquo;4.22.2&#8243; custom_button=&raquo;on&raquo; button_text_size=&raquo;14px&raquo; button_text_color=&raquo;#FFFFFF&raquo; button_bg_color=&raquo;#1EAEE2&#8243; button_border_width=&raquo;12px&raquo; button_border_color=&raquo;RGBA(0,0,0,0)&raquo; button_border_radius=&raquo;3px&raquo; button_letter_spacing=&raquo;2px&raquo; button_font=&raquo;Lato|900||on|||||&raquo; button_icon=&raquo;&#x45;||divi||400&#8243; button_icon_color=&raquo;#1EAEE2&#8243; custom_margin=&raquo;2rem||2rem||false|false&raquo; button_text_color_hover=&raquo;#edbb5f&raquo; button_letter_spacing_hover=&raquo;1px&raquo; global_colors_info=&raquo;{}&raquo; button_text_size__hover_enabled=&raquo;off&raquo; button_one_text_size__hover_enabled=&raquo;off&raquo; button_two_text_size__hover_enabled=&raquo;off&raquo; button_text_color__hover_enabled=&raquo;on|hover&raquo; button_text_color__hover=&raquo;#1EAEE2&#8243; button_one_text_color__hover_enabled=&raquo;off&raquo; button_two_text_color__hover_enabled=&raquo;off&raquo; button_border_width__hover_enabled=&raquo;on|hover&raquo; button_one_border_width__hover_enabled=&raquo;off&raquo; button_two_border_width__hover_enabled=&raquo;off&raquo; button_border_color__hover_enabled=&raquo;off&raquo; button_one_border_color__hover_enabled=&raquo;off&raquo; button_two_border_color__hover_enabled=&raquo;off&raquo; button_border_radius__hover_enabled=&raquo;off&raquo; button_one_border_radius__hover_enabled=&raquo;off&raquo; button_two_border_radius__hover_enabled=&raquo;off&raquo; button_letter_spacing__hover_enabled=&raquo;on|hover&raquo; button_letter_spacing__hover=&raquo;2px&raquo; button_one_letter_spacing__hover_enabled=&raquo;off&raquo; button_two_letter_spacing__hover_enabled=&raquo;off&raquo; button_bg_color__hover_enabled=&raquo;off&raquo; button_one_bg_color__hover_enabled=&raquo;off&raquo; button_two_bg_color__hover_enabled=&raquo;off&raquo; button_border_width__hover=&raquo;12px&raquo;][\/et_pb_button][\/et_pb_column][et_pb_column type=&raquo;1_4&#8243; _builder_version=&raquo;4.22.2&#8243; _module_preset=&raquo;default&raquo; global_colors_info=&raquo;{}&raquo;][dsm_card_carousel centered_slides=&raquo;on&raquo; slide_to_show=&raquo;1&#8243; autoplay=&raquo;off&raquo; space_between=&raquo;0&#8243; infinite=&raquo;off&raquo; equal_height=&raquo;on&raquo; arrows=&raquo;off&raquo; arrow_color=&raquo;#1EAEE2&#8243; dots=&raquo;off&raquo; grab=&raquo;off&raquo; arrows_tablet=&raquo;&raquo; arrows_phone=&raquo;&raquo; arrows_last_edited=&raquo;on|desktop&raquo; admin_label=&raquo;Anne Marit Heber N\u00e6rby&raquo; _builder_version=&raquo;4.23.1&#8243; _module_preset=&raquo;default&raquo; header_font=&raquo;Lato||||||||&raquo; body_font=&raquo;Lato|700|||||||&raquo; subhead_font_size=&raquo;18px&raquo; subhead_line_height=&raquo;1.7em&raquo; custom_margin=&raquo;0px||0px||false|false&raquo; custom_padding=&raquo;0px||0px||false|false&raquo; global_module=&raquo;259809&#8243; global_colors_info=&raquo;{}&raquo;][dsm_card_carousel_child admin_label=&raquo;Anne Marit Heber N\u00e6rby&raquo; title=&raquo;Anne Marit Heber N\u00e6rby \u2192&raquo; subtitle=&raquo;Partner&raquo; image_background_height=&raquo;150px&raquo; image_background_position=&raquo;top&raquo; image_alignment=&raquo;left&raquo; badge_url=&raquo;\/anne-marit-heber-naerby\/&raquo; content_padding=&raquo;300px|0.5rem|20px|0.5rem|false|true&raquo; button_url_new_window=&raquo;1&#8243; _builder_version=&raquo;4.22.2&#8243; _module_preset=&raquo;default&raquo; header_font=&raquo;Lato|900|||||||&raquo; header_text_color=&raquo;#FFFFFF&raquo; header_font_size=&raquo;22px&raquo; body_font=&raquo;Lato||||||||&raquo; body_text_color=&raquo;#1EAEE2&#8243; subhead_font=&raquo;|300|||||||&raquo; subhead_text_color=&raquo;#FFFFFF&raquo; use_background_color_gradient=&raquo;on&raquo; background_color_gradient_stops=&raquo;rgba(0,0,0,0.02) 60%|rgba(0,0,0,0.6) 100%&raquo; background_color_gradient_overlays_image=&raquo;on&raquo; background_color_gradient_start=&raquo;rgba(0,0,0,0.02)&raquo; background_color_gradient_start_position=&raquo;60%&raquo; background_color_gradient_end=&raquo;rgba(0,0,0,0.6)&raquo; background_image=&raquo;https:\/\/www.compasshrg.com\/wp-content\/uploads\/2023\/09\/Anne-Marit-Heber-Naerby-AMHN-bw.png&raquo; background_enable_image=&raquo;on&raquo; background_position=&raquo;top_center&raquo; custom_button=&raquo;on&raquo; button_text_size=&raquo;14px&raquo; button_text_color=&raquo;#FFFFFF&raquo; button_bg_color=&raquo;#1EAEE2&#8243; button_border_width=&raquo;12px&raquo; button_border_color=&raquo;#1EAEE2&#8243; button_border_radius=&raquo;3px&raquo; button_letter_spacing=&raquo;2px&raquo; link_option_url=&raquo;\/anne-marit-heber-naerby\/&raquo; global_colors_info=&raquo;{}&raquo; background__hover_enabled=&raquo;on|hover&raquo; background_image__hover=&raquo;https:\/\/www.compasshrg.com\/wp-content\/uploads\/2023\/09\/Anne-Marit-Heber-Naerby-AMHN.png&raquo; background_enable_image__hover=&raquo;on&raquo; transform_styles__hover_enabled=&raquo;on|hover&raquo; transform_scale__hover_enabled=&raquo;on|hover&raquo; transform_translate__hover_enabled=&raquo;on|desktop&raquo; transform_rotate__hover_enabled=&raquo;on|desktop&raquo; transform_skew__hover_enabled=&raquo;on|desktop&raquo; transform_origin__hover_enabled=&raquo;on|desktop&raquo; transform_scale__hover=&raquo;103%|103%&raquo;]<\/p>\n<p><a href=\"mailto:amhn@compass.no\">amhn@compass.no<\/a><br \/><a href=\"tel:+47 924 49 114\">+47 924 49 114<\/a><\/p>\n<p>[\/dsm_card_carousel_child][\/dsm_card_carousel][\/et_pb_column][\/et_pb_row][et_pb_row _builder_version=&raquo;4.22.2&#8243; _module_preset=&raquo;default&raquo; global_colors_info=&raquo;{}&raquo;][et_pb_column type=&raquo;4_4&#8243; _builder_version=&raquo;4.22.2&#8243; _module_preset=&raquo;default&raquo; global_colors_info=&raquo;{}&raquo;][et_pb_cta button_url=&raquo;https:\/\/www.compasshrg.com\/no\/trenger-du-styremedlemmer\/&raquo; button_text=&raquo;Les mer&raquo; _builder_version=&raquo;4.22.2&#8243; _module_preset=&raquo;default&raquo; background_image=&raquo;https:\/\/www.compasshrg.com\/wp-content\/uploads\/2023\/10\/grei-1-1.jpg&raquo; global_colors_info=&raquo;{}&raquo;]<\/p>\n<p>&nbsp;<\/p>\n<p>&nbsp;<\/p>\n<p>&nbsp;<\/p>\n<p>&nbsp;<\/p>\n<p>&nbsp;<\/p>\n<p>&nbsp;<\/p>\n<p>[\/et_pb_cta][\/et_pb_column][\/et_pb_row][\/et_pb_section]<\/p>\n","protected":false},"excerpt":{"rendered":"<p>Compass Human Resources Group &#8211; Norge<div class=\"et_pb_module dsm_typing_effect dsm_typing_effect_0 et_pb_bg_layout_light \">\n\t\t\t\t\n\t\t\t\t\n\t\t\t\t\n\t\t\t\t\n\t\t\t\t\n\t\t\t\t\n\t\t\t\t<div class=\"et_pb_module_inner\">\n\t\t\t\t\t<h1 class=\"dsm-typing-effect et_pb_module_header\" aria-label=\"Er du interessert i styreverv?\"> <span class=\"dsm-typing-wrapper\"><span class=\"dsm-typing-strings\">Er du interessert i styreverv?<\/span><span class=\"dsm-typing\" aria-hidden=\"true\" data-dsm-typing-cursor=\"|\" data-dsm-typing-strings=\"Er du interessert i styreverv?\" data-dsm-typing-speed=100ms data-dsm-typing-backspeed=50ms data-dsm-typing-backdelay=10000ms data-dsm-typing-loop=false data-dsm-typing-remove-cursor=on data-dsm-typing-fadeout=false data-dsm-typing-shuffle=false data-dsm-typing-delay=0ms data-dsm-typing-viewport=80% data-dsm-typing-repeat=on><\/span><\/span><\/h1>\n\t\t\t\t<\/div>\n\t\t\t<\/div>Fra 1. januar 2024 har Stortinget vedtatt en ny lov som gradvis innf\u00f8rer krav til kj\u00f8nnsbalanse i styresammensetningen for en rekke norske virksomheter. Endringen er del av en bredere strategi for \u00e5 fremme mangfold, styrke selskapsstyring og sikre bedre utnyttelse av tilgjengelig kompetanse i n\u00e6ringslivet. Vi i Compass Human Resources har mer enn 35 \u00e5rs erfaring med rekruttering og et bredt nettverk i norsk n\u00e6ringsliv. V\u00e5re kunder er i hovedsak store og mellomstore bedrifter, som fremover vil ha behov for flere kvinner inn i sine styrer. V\u00e5re kunder er i hovedsak i f\u00f8lgende bransjer: Helse\/legemidler og medisinsk teknisk Bygg\/anlegg\/eiendom IT\/telekom Bank\/finans\/forsikring Industri\/handel Hvem ser vi etter? Vi er s\u00f8ker deg b\u00e5de med og uten styreerfaring. Viktigst er at du har spesialistkompetanse, er forretningsorientert og motivert for \u00e5 bidra i et styre. Vi ser spesielt etter f\u00f8lgende erfaringsomr\u00e5der: Strategisk HR Teknologi og digitalisering Forretningsorientert \u00f8konomiledelse Ledelse Innovasjon og forretningsutvikling Registrerer deg hos oss hvis du \u00f8nsker \u00e5 v\u00e6re i v\u00e5r base for \u00e5 bli kontaktet for styreverv. For mer informasjon ta kontakt med [&hellip;]<\/p>\n","protected":false},"author":5,"featured_media":0,"parent":0,"menu_order":0,"comment_status":"closed","ping_status":"closed","template":"","meta":{"_acf_changed":false,"_et_pb_use_builder":"on","_et_pb_old_content":"","_et_gb_content_width":"","om_disable_all_campaigns":false,"inline_featured_image":false,"_uf_show_specific_survey":0,"_uf_disable_surveys":false,"footnotes":""},"class_list":["post-259523","page","type-page","status-publish","hentry"],"acf":[],"yoast_head":"<!-- This site is optimized with the Yoast SEO plugin v27.1.1 - https:\/\/yoast.com\/product\/yoast-seo-wordpress\/ -->\n<title>Er du interessert i styreverv? - Compass HRG<\/title>\n<meta name=\"description\" content=\"Vi er s\u00f8ker deg b\u00e5de med og uten styreerfaring. Viktigst er at du har spesialistkompetanse, er forretningsorientert og motivert for \u00e5 bidra.\" \/>\n<meta name=\"robots\" content=\"index, follow, max-snippet:-1, max-image-preview:large, max-video-preview:-1\" \/>\n<link rel=\"canonical\" href=\"https:\/\/www.compasshrg.com\/no\/er-du-interessert-i-styreverv\/\" \/>\n<meta property=\"og:locale\" content=\"nb_NO\" \/>\n<meta property=\"og:type\" content=\"article\" \/>\n<meta property=\"og:title\" content=\"Er du interessert i styreverv? - Compass HRG\" \/>\n<meta property=\"og:description\" content=\"Vi er s\u00f8ker deg b\u00e5de med og uten styreerfaring. Viktigst er at du har spesialistkompetanse, er forretningsorientert og motivert for \u00e5 bidra.\" \/>\n<meta property=\"og:url\" content=\"https:\/\/www.compasshrg.com\/no\/er-du-interessert-i-styreverv\/\" \/>\n<meta property=\"og:site_name\" content=\"Compass HRG\" \/>\n<meta property=\"article:publisher\" content=\"https:\/\/www.facebook.com\/compasshrgdk\" \/>\n<meta property=\"article:modified_time\" content=\"2025-10-21T12:16:53+00:00\" \/>\n<meta name=\"twitter:card\" content=\"summary_large_image\" \/>\n<meta name=\"twitter:label1\" content=\"Ansl. lesetid\" \/>\n\t<meta name=\"twitter:data1\" content=\"1 minutt\" \/>\n<script type=\"application\/ld+json\" class=\"yoast-schema-graph\">{\"@context\":\"https:\/\/schema.org\",\"@graph\":[{\"@type\":\"WebPage\",\"@id\":\"https:\/\/www.compasshrg.com\/no\/er-du-interessert-i-styreverv\/\",\"url\":\"https:\/\/www.compasshrg.com\/no\/er-du-interessert-i-styreverv\/\",\"name\":\"Er du interessert i styreverv? - Compass HRG\",\"isPartOf\":{\"@id\":\"https:\/\/www.compasshrg.com\/no\/#website\"},\"datePublished\":\"2023-10-11T11:44:09+00:00\",\"dateModified\":\"2025-10-21T12:16:53+00:00\",\"description\":\"Vi er s\u00f8ker deg b\u00e5de med og uten styreerfaring. Viktigst er at du har spesialistkompetanse, er forretningsorientert og motivert for \u00e5 bidra.\",\"breadcrumb\":{\"@id\":\"https:\/\/www.compasshrg.com\/no\/er-du-interessert-i-styreverv\/#breadcrumb\"},\"inLanguage\":\"nb-NO\",\"potentialAction\":[{\"@type\":\"ReadAction\",\"target\":[\"https:\/\/www.compasshrg.com\/no\/er-du-interessert-i-styreverv\/\"]}]},{\"@type\":\"BreadcrumbList\",\"@id\":\"https:\/\/www.compasshrg.com\/no\/er-du-interessert-i-styreverv\/#breadcrumb\",\"itemListElement\":[{\"@type\":\"ListItem\",\"position\":1,\"name\":\"Compass HRG\",\"item\":\"https:\/\/www.compasshrg.com\/no\/\"},{\"@type\":\"ListItem\",\"position\":2,\"name\":\"Er du interessert i styreverv?\"}]},{\"@type\":\"WebSite\",\"@id\":\"https:\/\/www.compasshrg.com\/no\/#website\",\"url\":\"https:\/\/www.compasshrg.com\/no\/\",\"name\":\"Compass HRG\",\"description\":\"Your HR Service Partner\",\"publisher\":{\"@id\":\"https:\/\/www.compasshrg.com\/no\/#organization\"},\"potentialAction\":[{\"@type\":\"SearchAction\",\"target\":{\"@type\":\"EntryPoint\",\"urlTemplate\":\"https:\/\/www.compasshrg.com\/no\/?s={search_term_string}\"},\"query-input\":{\"@type\":\"PropertyValueSpecification\",\"valueRequired\":true,\"valueName\":\"search_term_string\"}}],\"inLanguage\":\"nb-NO\"},{\"@type\":\"Organization\",\"@id\":\"https:\/\/www.compasshrg.com\/no\/#organization\",\"name\":\"Compass HRG\",\"url\":\"https:\/\/www.compasshrg.com\/no\/\",\"logo\":{\"@type\":\"ImageObject\",\"inLanguage\":\"nb-NO\",\"@id\":\"https:\/\/www.compasshrg.com\/no\/#\/schema\/logo\/image\/\",\"url\":\"\",\"contentUrl\":\"\",\"caption\":\"Compass HRG\"},\"image\":{\"@id\":\"https:\/\/www.compasshrg.com\/no\/#\/schema\/logo\/image\/\"},\"sameAs\":[\"https:\/\/www.facebook.com\/compasshrgdk\"]}]}<\/script>\n<!-- \/ Yoast SEO plugin. -->","yoast_head_json":{"title":"Er du interessert i styreverv? - Compass HRG","description":"Vi er s\u00f8ker deg b\u00e5de med og uten styreerfaring. Viktigst er at du har spesialistkompetanse, er forretningsorientert og motivert for \u00e5 bidra.","robots":{"index":"index","follow":"follow","max-snippet":"max-snippet:-1","max-image-preview":"max-image-preview:large","max-video-preview":"max-video-preview:-1"},"canonical":"https:\/\/www.compasshrg.com\/no\/er-du-interessert-i-styreverv\/","og_locale":"nb_NO","og_type":"article","og_title":"Er du interessert i styreverv? - Compass HRG","og_description":"Vi er s\u00f8ker deg b\u00e5de med og uten styreerfaring. Viktigst er at du har spesialistkompetanse, er forretningsorientert og motivert for \u00e5 bidra.","og_url":"https:\/\/www.compasshrg.com\/no\/er-du-interessert-i-styreverv\/","og_site_name":"Compass HRG","article_publisher":"https:\/\/www.facebook.com\/compasshrgdk","article_modified_time":"2025-10-21T12:16:53+00:00","twitter_card":"summary_large_image","twitter_misc":{"Ansl. lesetid":"1 minutt"},"schema":{"@context":"https:\/\/schema.org","@graph":[{"@type":"WebPage","@id":"https:\/\/www.compasshrg.com\/no\/er-du-interessert-i-styreverv\/","url":"https:\/\/www.compasshrg.com\/no\/er-du-interessert-i-styreverv\/","name":"Er du interessert i styreverv? - Compass HRG","isPartOf":{"@id":"https:\/\/www.compasshrg.com\/no\/#website"},"datePublished":"2023-10-11T11:44:09+00:00","dateModified":"2025-10-21T12:16:53+00:00","description":"Vi er s\u00f8ker deg b\u00e5de med og uten styreerfaring. Viktigst er at du har spesialistkompetanse, er forretningsorientert og motivert for \u00e5 bidra.","breadcrumb":{"@id":"https:\/\/www.compasshrg.com\/no\/er-du-interessert-i-styreverv\/#breadcrumb"},"inLanguage":"nb-NO","potentialAction":[{"@type":"ReadAction","target":["https:\/\/www.compasshrg.com\/no\/er-du-interessert-i-styreverv\/"]}]},{"@type":"BreadcrumbList","@id":"https:\/\/www.compasshrg.com\/no\/er-du-interessert-i-styreverv\/#breadcrumb","itemListElement":[{"@type":"ListItem","position":1,"name":"Compass HRG","item":"https:\/\/www.compasshrg.com\/no\/"},{"@type":"ListItem","position":2,"name":"Er du interessert i styreverv?"}]},{"@type":"WebSite","@id":"https:\/\/www.compasshrg.com\/no\/#website","url":"https:\/\/www.compasshrg.com\/no\/","name":"Compass HRG","description":"Your HR Service Partner","publisher":{"@id":"https:\/\/www.compasshrg.com\/no\/#organization"},"potentialAction":[{"@type":"SearchAction","target":{"@type":"EntryPoint","urlTemplate":"https:\/\/www.compasshrg.com\/no\/?s={search_term_string}"},"query-input":{"@type":"PropertyValueSpecification","valueRequired":true,"valueName":"search_term_string"}}],"inLanguage":"nb-NO"},{"@type":"Organization","@id":"https:\/\/www.compasshrg.com\/no\/#organization","name":"Compass HRG","url":"https:\/\/www.compasshrg.com\/no\/","logo":{"@type":"ImageObject","inLanguage":"nb-NO","@id":"https:\/\/www.compasshrg.com\/no\/#\/schema\/logo\/image\/","url":"","contentUrl":"","caption":"Compass HRG"},"image":{"@id":"https:\/\/www.compasshrg.com\/no\/#\/schema\/logo\/image\/"},"sameAs":["https:\/\/www.facebook.com\/compasshrgdk"]}]}},"_links":{"self":[{"href":"https:\/\/www.compasshrg.com\/no\/wp-json\/wp\/v2\/pages\/259523","targetHints":{"allow":["GET"]}}],"collection":[{"href":"https:\/\/www.compasshrg.com\/no\/wp-json\/wp\/v2\/pages"}],"about":[{"href":"https:\/\/www.compasshrg.com\/no\/wp-json\/wp\/v2\/types\/page"}],"author":[{"embeddable":true,"href":"https:\/\/www.compasshrg.com\/no\/wp-json\/wp\/v2\/users\/5"}],"replies":[{"embeddable":true,"href":"https:\/\/www.compasshrg.com\/no\/wp-json\/wp\/v2\/comments?post=259523"}],"version-history":[{"count":23,"href":"https:\/\/www.compasshrg.com\/no\/wp-json\/wp\/v2\/pages\/259523\/revisions"}],"predecessor-version":[{"id":279513,"href":"https:\/\/www.compasshrg.com\/no\/wp-json\/wp\/v2\/pages\/259523\/revisions\/279513"}],"wp:attachment":[{"href":"https:\/\/www.compasshrg.com\/no\/wp-json\/wp\/v2\/media?parent=259523"}],"curies":[{"name":"wp","href":"https:\/\/api.w.org\/{rel}","templated":true}]}}