{"id":245672,"date":"2022-11-30T13:07:49","date_gmt":"2022-11-30T12:07:49","guid":{"rendered":"https:\/\/www.compasshrg.com\/?page_id=245672"},"modified":"2024-06-25T11:12:58","modified_gmt":"2024-06-25T09:12:58","slug":"be-om-offert","status":"publish","type":"page","link":"https:\/\/www.compasshrg.com\/sv\/be-om-offert\/","title":{"rendered":"Be om offert"},"content":{"rendered":"<p>[et_pb_section fb_built=&#8221;1&#8243; _builder_version=&#8221;4.24.2&#8243; _module_preset=&#8221;3bd0c8b5-5eee-4a10-8752-3d3fd0ca5f34&#8243; background_image=&#8221;https:\/\/www.compasshrg.com\/wp-content\/uploads\/2024\/04\/compass-hrg_Request-an-offer.webp&#8221; locked=&#8221;off&#8221; global_colors_info=&#8221;{}&#8221;][et_pb_row _builder_version=&#8221;4.23.1&#8243; _module_preset=&#8221;default&#8221; global_colors_info=&#8221;{}&#8221;][et_pb_column type=&#8221;4_4&#8243; _builder_version=&#8221;4.23.1&#8243; _module_preset=&#8221;default&#8221; global_colors_info=&#8221;{}&#8221;][et_pb_text _builder_version=&#8221;4.24.2&#8243; _module_preset=&#8221;412f3840-30ae-47e3-b197-7251e39a6048&#8243; max_width=&#8221;50%&#8221; max_width_tablet=&#8221;100%&#8221; max_width_phone=&#8221;100%&#8221; max_width_last_edited=&#8221;on|phone&#8221; global_colors_info=&#8221;{}&#8221;]<\/p>\n<h5>+35 \u00c5RS ERFARENHET INOM REKRYTERING OCH HEADHUNTING<\/h5>\n<h1>Be om en offert<\/h1>\n<p>Nedan hittar du ett formul\u00e4r d\u00e4r du enkelt kan beg\u00e4ra en offert fr\u00e5n oss. N\u00e4r du har skickat in formul\u00e4ret kontaktar vi dig s\u00e5 snart som m\u00f6jligt.<\/p>\n<p>[\/et_pb_text][dsm_button button_one_text=&#8221;Kontakta oss&#8221; button_one_url=&#8221;@ET-DC@eyJkeW5hbWljIjp0cnVlLCJjb250ZW50IjoicG9zdF9saW5rX3VybF9wYWdlIiwic2V0dGluZ3MiOnsicG9zdF9pZCI6IjM4NzQifX0=@&#8221; button_two_text=&#8221;Se lediga jobb&#8221; button_two_url=&#8221;@ET-DC@eyJkeW5hbWljIjp0cnVlLCJjb250ZW50IjoicG9zdF9saW5rX3VybF9wYWdlIiwic2V0dGluZ3MiOnsicG9zdF9pZCI6IjM3MTQ0In19@&#8221; _builder_version=&#8221;4.24.2&#8243; _dynamic_attributes=&#8221;button_one_url,button_two_url&#8221; _module_preset=&#8221;default&#8221; locked=&#8221;off&#8221; global_colors_info=&#8221;{}&#8221;][\/dsm_button][\/et_pb_column][\/et_pb_row][\/et_pb_section][et_pb_section fb_built=&#8221;1&#8243; custom_padding_last_edited=&#8221;on|tablet&#8221; _builder_version=&#8221;4.16&#8243; _module_preset=&#8221;default&#8221; background_color_gradient_start=&#8221;rgba(217,217,217,0.25)&#8221; background_color_gradient_end=&#8221;#ffffff&#8221; background_image=&#8221;https:\/\/www.compasshrg.com\/wp-content\/uploads\/2021\/05\/circle-arrow-baggrund.png&#8221; custom_padding_tablet=&#8221;1rem|1rem|1rem|1rem|true|true&#8221; custom_padding_phone=&#8221;&#8221; global_colors_info=&#8221;{}&#8221;][et_pb_row column_structure=&#8221;1_2,1_2&#8243; _builder_version=&#8221;4.16&#8243; _module_preset=&#8221;default&#8221; width_tablet=&#8221;100%&#8221; width_phone=&#8221;&#8221; width_last_edited=&#8221;on|tablet&#8221; min_height=&#8221;373.2px&#8221; global_colors_info=&#8221;{}&#8221;][et_pb_column type=&#8221;1_2&#8243; _builder_version=&#8221;4.16&#8243; _module_preset=&#8221;default&#8221; global_colors_info=&#8221;{}&#8221;][et_pb_text _builder_version=&#8221;4.24.2&#8243; text_font=&#8221;Lato||||||||&#8221; header_font=&#8221;Lato||||||||&#8221; header_text_color=&#8221;#000000&#8243; header_2_font=&#8221;Lato|700|||||||&#8221; header_2_text_color=&#8221;#000000&#8243; header_2_font_size=&#8221;38px&#8221; header_2_letter_spacing=&#8221;1px&#8221; header_2_line_height=&#8221;1.4em&#8221; header_3_font=&#8221;Lato|900||on|||||&#8221; header_3_text_color=&#8221;#1EAEE2&#8243; header_3_font_size=&#8221;13px&#8221; header_3_letter_spacing=&#8221;1px&#8221; header_3_line_height=&#8221;2em&#8221; custom_margin=&#8221;||0px||false|false&#8221; custom_padding=&#8221;||0px||false|true&#8221; animation_style=&#8221;slide&#8221; animation_direction=&#8221;bottom&#8221; locked=&#8221;off&#8221; global_colors_info=&#8221;{}&#8221;]<\/p>\n<h2>Be om en offert<\/h2>\n<p>[\/et_pb_text][et_pb_text _builder_version=&#8221;4.24.2&#8243; _module_preset=&#8221;default&#8221; text_font=&#8221;Lato|300|||||||&#8221; text_letter_spacing=&#8221;0.5px&#8221; text_line_height=&#8221;1.8em&#8221; header_text_color=&#8221;#FFFFFF&#8221; header_2_font=&#8221;|700|||||||&#8221; header_2_text_color=&#8221;#FFFFFF&#8221; header_2_font_size=&#8221;38px&#8221; custom_padding=&#8221;|1rem|5px||false|false&#8221; animation_style=&#8221;slide&#8221; animation_direction=&#8221;bottom&#8221; hover_enabled=&#8221;0&#8243; global_colors_info=&#8221;{}&#8221; sticky_enabled=&#8221;0&#8243;]<\/p>\n<p>Beh\u00f6ver du hitta en erfaren rekryteringspartner? Eller kanske letar du efter r\u00e4tt headhunter f\u00f6r en specifik uppgift? Skicka en offertf\u00f6rfr\u00e5gan till oss redan idag!<\/p>\n<p>Vi kommer att anv\u00e4nda den information som du l\u00e4mnar i formul\u00e4ret f\u00f6r att anpassa v\u00e5rt erbjudande. Om vi beh\u00f6ver ytterligare information kontaktar vi dig f\u00f6rst via telefon eller e-post.<\/p>\n<p>[\/et_pb_text][\/et_pb_column][et_pb_column type=&#8221;1_2&#8243; _builder_version=&#8221;4.16&#8243; _module_preset=&#8221;default&#8221; global_colors_info=&#8221;{}&#8221;][et_pb_text _builder_version=&#8221;4.18.0&#8243; _module_preset=&#8221;default&#8221; header_2_font=&#8221;|700|||||||&#8221; header_2_text_color=&#8221;#1EAEE2&#8243; text_orientation=&#8221;center&#8221; global_colors_info=&#8221;{}&#8221;]<\/p>\n<h2>Be om offert<\/h2>\n<p>[\/et_pb_text][et_pb_text _builder_version=&#8221;4.18.0&#8243; _module_preset=&#8221;default&#8221; locked=&#8221;off&#8221; global_colors_info=&#8221;{}&#8221;]<script charset=\"utf-8\" type=\"text\/javascript\" src=\"\/\/js.hsforms.net\/forms\/embed\/v2.js\"><\/script><br \/>\n<script>\n  hbspt.forms.create({\n    region: \"na1\",\n    portalId: \"19512017\",\n    formId: \"bc869c91-8b7e-410a-b432-204246faebc5\"\n  });\n<\/script>[\/et_pb_text][\/et_pb_column][\/et_pb_row][\/et_pb_section][et_pb_section fb_built=&#8221;1&#8243; disabled_on=&#8221;off|off|on&#8221; _builder_version=&#8221;4.16&#8243; _module_preset=&#8221;default&#8221; background_color=&#8221;#1EAEE2&#8243; custom_padding=&#8221;1rem||1rem||true|true&#8221; global_colors_info=&#8221;{}&#8221;][et_pb_row _builder_version=&#8221;4.16&#8243; _module_preset=&#8221;default&#8221; width_tablet=&#8221;100%&#8221; width_phone=&#8221;&#8221; width_last_edited=&#8221;on|tablet&#8221; custom_margin=&#8221;0px||0px||false|false&#8221; custom_padding=&#8221;2rem||0px||false|false&#8221; global_colors_info=&#8221;{}&#8221;][et_pb_column type=&#8221;4_4&#8243; _builder_version=&#8221;4.16&#8243; _module_preset=&#8221;default&#8221; global_colors_info=&#8221;{}&#8221;][et_pb_text _builder_version=&#8221;4.16&#8243; text_font=&#8221;Lato||||||||&#8221; header_font=&#8221;Lato||||||||&#8221; header_text_color=&#8221;#FFFFFF&#8221; header_2_font=&#8221;Lato|700|||||||&#8221; header_2_text_color=&#8221;#FFFFFF&#8221; header_2_font_size=&#8221;38px&#8221; header_2_letter_spacing=&#8221;1px&#8221; header_2_line_height=&#8221;1.4em&#8221; header_3_font=&#8221;Lato|900||on|||||&#8221; header_3_text_color=&#8221;rgba(255,255,255,0.7)&#8221; header_3_font_size=&#8221;13px&#8221; header_3_letter_spacing=&#8221;1px&#8221; header_3_line_height=&#8221;2em&#8221; text_orientation=&#8221;center&#8221; module_alignment=&#8221;center&#8221; custom_margin=&#8221;||0px|||&#8221; custom_padding=&#8221;||1rem||false|false&#8221; locked=&#8221;off&#8221; global_colors_info=&#8221;{}&#8221;]<\/p>\n<h3 class=\"av-special-heading-tag \">F\u00f6rbered dig f\u00f6r morgondagens utmaningar<\/h3>\n<h2>M\u00f6t teamet p\u00e5 Compass<\/h2>\n<p>[\/et_pb_text][et_pb_image src=&#8221;https:\/\/www.compasshrg.com\/wp-content\/uploads\/2021\/05\/meet-the-team-contact-siden.png&#8221; title_text=&#8221;meet-the team-contact-siden&#8221; align=&#8221;center&#8221; _builder_version=&#8221;4.16&#8243; _module_preset=&#8221;default&#8221; custom_margin=&#8221;0px||0px||false|false&#8221; custom_padding=&#8221;0px||0px||false|false&#8221; global_colors_info=&#8221;{}&#8221;][\/et_pb_image][et_pb_button button_url=&#8221;https:\/\/www.compasshrg.com\/sv\/mot-teamet\/&#8221; button_text=&#8221;M\u00f6t teamet&#8221; button_alignment=&#8221;center&#8221; _builder_version=&#8221;4.16&#8243; custom_button=&#8221;on&#8221; button_text_size=&#8221;14px&#8221; button_text_color=&#8221;#1EAEE2&#8243; button_bg_color=&#8221;#FFFFFF&#8221; button_border_width=&#8221;12px&#8221; button_border_color=&#8221;RGBA(0,0,0,0)&#8221; button_border_radius=&#8221;3px&#8221; button_letter_spacing=&#8221;2px&#8221; button_font=&#8221;Lato|900||on|||||&#8221; button_icon=&#8221;&#x45;||divi||400&#8243; button_icon_color=&#8221;#1EAEE2&#8243; custom_margin=&#8221;2rem||2rem||false|false&#8221; button_text_color_hover=&#8221;#edbb5f&#8221; button_letter_spacing_hover=&#8221;1px&#8221; global_colors_info=&#8221;{}&#8221; button_text_size__hover_enabled=&#8221;off&#8221; button_one_text_size__hover_enabled=&#8221;off&#8221; button_two_text_size__hover_enabled=&#8221;off&#8221; button_text_color__hover_enabled=&#8221;on|hover&#8221; button_text_color__hover=&#8221;#1EAEE2&#8243; button_one_text_color__hover_enabled=&#8221;off&#8221; button_two_text_color__hover_enabled=&#8221;off&#8221; button_border_width__hover_enabled=&#8221;on|hover&#8221; button_one_border_width__hover_enabled=&#8221;off&#8221; button_two_border_width__hover_enabled=&#8221;off&#8221; button_border_color__hover_enabled=&#8221;off&#8221; button_one_border_color__hover_enabled=&#8221;off&#8221; button_two_border_color__hover_enabled=&#8221;off&#8221; button_border_radius__hover_enabled=&#8221;off&#8221; button_one_border_radius__hover_enabled=&#8221;off&#8221; button_two_border_radius__hover_enabled=&#8221;off&#8221; button_letter_spacing__hover_enabled=&#8221;on|hover&#8221; button_letter_spacing__hover=&#8221;2px&#8221; button_one_letter_spacing__hover_enabled=&#8221;off&#8221; button_two_letter_spacing__hover_enabled=&#8221;off&#8221; button_bg_color__hover_enabled=&#8221;off&#8221; button_one_bg_color__hover_enabled=&#8221;off&#8221; button_two_bg_color__hover_enabled=&#8221;off&#8221; button_border_width__hover=&#8221;12px&#8221;][\/et_pb_button][\/et_pb_column][\/et_pb_row][\/et_pb_section]<\/p>\n","protected":false},"excerpt":{"rendered":"<p>+35 \u00c5RS ERFARENHET INOM REKRYTERING OCH HEADHUNTING Be om en offert Nedan hittar du ett formul\u00e4r d\u00e4r du enkelt kan beg\u00e4ra en offert fr\u00e5n oss. N\u00e4r du har skickat in formul\u00e4ret kontaktar vi dig s\u00e5 snart som m\u00f6jligt.<div class=\"et_pb_module dsm_button dsm_button_0 et_pb_bg_layout_light\">\n\t\t\t\t\n\t\t\t\t\n\t\t\t\t\n\t\t\t\t\n\t\t\t\t\n\t\t\t\t\n\t\t\t\t<div class=\"et_pb_module_inner\">\n\t\t\t\t\t<div class=\"et_pb_button_module_wrappers dsm_button_0_wrapper  et_pb_module\">\n\t\t\t\t<a class=\"et_pb_button et_pb_button_one et_pb_custom_button_icon et_pb_bg_layout_light dsm-none \"  data-icon=\"&#x45;\" data-dsm-lightbox-id=\"dsm_button_one_lightbox dsm_button_0\"><span>Kontakta oss<\/span><\/a><a class=\"et_pb_button et_pb_button_two et_pb_custom_button_icon et_pb_bg_layout_light dsm-none \"  data-icon=\"&#x45;\" data-dsm-lightbox-id=\"dsm_button_two_lightbox dsm_button_0\"><span>Se lediga jobb<\/span><\/a>\n\t\t\t<\/div>\n\t\t\t\t<\/div>\n\t\t\t<\/div>Be om en offertBeh\u00f6ver du hitta en erfaren rekryteringspartner? Eller kanske letar du efter r\u00e4tt headhunter f\u00f6r en specifik uppgift? Skicka en offertf\u00f6rfr\u00e5gan till oss redan idag! Vi kommer att anv\u00e4nda den information som du l\u00e4mnar i formul\u00e4ret f\u00f6r att anpassa v\u00e5rt erbjudande. Om vi beh\u00f6ver ytterligare information kontaktar vi dig f\u00f6rst via telefon eller e-post.Be om offert F\u00f6rbered dig f\u00f6r morgondagens utmaningar M\u00f6t teamet p\u00e5 Compass<\/p>\n","protected":false},"author":3,"featured_media":0,"parent":0,"menu_order":0,"comment_status":"closed","ping_status":"closed","template":"","meta":{"_acf_changed":false,"_et_pb_use_builder":"on","_et_pb_old_content":"","_et_gb_content_width":"","om_disable_all_campaigns":false,"inline_featured_image":false,"_uf_show_specific_survey":0,"_uf_disable_surveys":false,"footnotes":""},"class_list":["post-245672","page","type-page","status-publish","hentry"],"acf":[],"yoast_head":"<!-- This site is optimized with the Yoast SEO plugin v27.1.1 - https:\/\/yoast.com\/product\/yoast-seo-wordpress\/ -->\n<title>Be om offert - Compass HRG<\/title>\n<meta name=\"description\" content=\"Vare sig fr\u00e5n om rekrytering av ledare, specialist eller interimledare, be om offert s\u00e5 kontaktar vi er s\u00e5 fort som m\u00f6jligt!\" \/>\n<meta name=\"robots\" content=\"index, follow, max-snippet:-1, max-image-preview:large, max-video-preview:-1\" \/>\n<link rel=\"canonical\" href=\"https:\/\/www.compasshrg.com\/sv\/be-om-offert\/\" \/>\n<meta property=\"og:locale\" content=\"sv_SE\" \/>\n<meta property=\"og:type\" content=\"article\" \/>\n<meta property=\"og:title\" content=\"Be om offert - Compass HRG\" \/>\n<meta property=\"og:description\" content=\"Vare sig fr\u00e5n om rekrytering av ledare, specialist eller interimledare, be om offert s\u00e5 kontaktar vi er s\u00e5 fort som m\u00f6jligt!\" \/>\n<meta property=\"og:url\" content=\"https:\/\/www.compasshrg.com\/sv\/be-om-offert\/\" \/>\n<meta property=\"og:site_name\" content=\"Compass HRG\" \/>\n<meta property=\"article:publisher\" content=\"https:\/\/www.facebook.com\/compasshrgdk\" \/>\n<meta property=\"article:modified_time\" content=\"2024-06-25T09:12:58+00:00\" \/>\n<meta name=\"twitter:card\" content=\"summary_large_image\" \/>\n<meta name=\"twitter:label1\" content=\"Ber\u00e4knad l\u00e4stid\" \/>\n\t<meta name=\"twitter:data1\" content=\"3 minuter\" \/>\n<script type=\"application\/ld+json\" class=\"yoast-schema-graph\">{\"@context\":\"https:\/\/schema.org\",\"@graph\":[{\"@type\":\"WebPage\",\"@id\":\"https:\/\/www.compasshrg.com\/sv\/be-om-offert\/\",\"url\":\"https:\/\/www.compasshrg.com\/sv\/be-om-offert\/\",\"name\":\"Be om offert - Compass HRG\",\"isPartOf\":{\"@id\":\"https:\/\/www.compasshrg.com\/sv\/#website\"},\"datePublished\":\"2022-11-30T12:07:49+00:00\",\"dateModified\":\"2024-06-25T09:12:58+00:00\",\"description\":\"Vare sig fr\u00e5n om rekrytering av ledare, specialist eller interimledare, be om offert s\u00e5 kontaktar vi er s\u00e5 fort som m\u00f6jligt!\",\"breadcrumb\":{\"@id\":\"https:\/\/www.compasshrg.com\/sv\/be-om-offert\/#breadcrumb\"},\"inLanguage\":\"sv-SE\",\"potentialAction\":[{\"@type\":\"ReadAction\",\"target\":[\"https:\/\/www.compasshrg.com\/sv\/be-om-offert\/\"]}]},{\"@type\":\"BreadcrumbList\",\"@id\":\"https:\/\/www.compasshrg.com\/sv\/be-om-offert\/#breadcrumb\",\"itemListElement\":[{\"@type\":\"ListItem\",\"position\":1,\"name\":\"Compass HRG\",\"item\":\"https:\/\/www.compasshrg.com\/sv\/\"},{\"@type\":\"ListItem\",\"position\":2,\"name\":\"Be om offert\"}]},{\"@type\":\"WebSite\",\"@id\":\"https:\/\/www.compasshrg.com\/sv\/#website\",\"url\":\"https:\/\/www.compasshrg.com\/sv\/\",\"name\":\"Compass HRG\",\"description\":\"Your HR Service Partner\",\"publisher\":{\"@id\":\"https:\/\/www.compasshrg.com\/sv\/#organization\"},\"potentialAction\":[{\"@type\":\"SearchAction\",\"target\":{\"@type\":\"EntryPoint\",\"urlTemplate\":\"https:\/\/www.compasshrg.com\/sv\/?s={search_term_string}\"},\"query-input\":{\"@type\":\"PropertyValueSpecification\",\"valueRequired\":true,\"valueName\":\"search_term_string\"}}],\"inLanguage\":\"sv-SE\"},{\"@type\":\"Organization\",\"@id\":\"https:\/\/www.compasshrg.com\/sv\/#organization\",\"name\":\"Compass HRG\",\"url\":\"https:\/\/www.compasshrg.com\/sv\/\",\"logo\":{\"@type\":\"ImageObject\",\"inLanguage\":\"sv-SE\",\"@id\":\"https:\/\/www.compasshrg.com\/sv\/#\/schema\/logo\/image\/\",\"url\":\"\",\"contentUrl\":\"\",\"caption\":\"Compass HRG\"},\"image\":{\"@id\":\"https:\/\/www.compasshrg.com\/sv\/#\/schema\/logo\/image\/\"},\"sameAs\":[\"https:\/\/www.facebook.com\/compasshrgdk\"]}]}<\/script>\n<!-- \/ Yoast SEO plugin. -->","yoast_head_json":{"title":"Be om offert - Compass HRG","description":"Vare sig fr\u00e5n om rekrytering av ledare, specialist eller interimledare, be om offert s\u00e5 kontaktar vi er s\u00e5 fort som m\u00f6jligt!","robots":{"index":"index","follow":"follow","max-snippet":"max-snippet:-1","max-image-preview":"max-image-preview:large","max-video-preview":"max-video-preview:-1"},"canonical":"https:\/\/www.compasshrg.com\/sv\/be-om-offert\/","og_locale":"sv_SE","og_type":"article","og_title":"Be om offert - Compass HRG","og_description":"Vare sig fr\u00e5n om rekrytering av ledare, specialist eller interimledare, be om offert s\u00e5 kontaktar vi er s\u00e5 fort som m\u00f6jligt!","og_url":"https:\/\/www.compasshrg.com\/sv\/be-om-offert\/","og_site_name":"Compass HRG","article_publisher":"https:\/\/www.facebook.com\/compasshrgdk","article_modified_time":"2024-06-25T09:12:58+00:00","twitter_card":"summary_large_image","twitter_misc":{"Ber\u00e4knad l\u00e4stid":"3 minuter"},"schema":{"@context":"https:\/\/schema.org","@graph":[{"@type":"WebPage","@id":"https:\/\/www.compasshrg.com\/sv\/be-om-offert\/","url":"https:\/\/www.compasshrg.com\/sv\/be-om-offert\/","name":"Be om offert - Compass HRG","isPartOf":{"@id":"https:\/\/www.compasshrg.com\/sv\/#website"},"datePublished":"2022-11-30T12:07:49+00:00","dateModified":"2024-06-25T09:12:58+00:00","description":"Vare sig fr\u00e5n om rekrytering av ledare, specialist eller interimledare, be om offert s\u00e5 kontaktar vi er s\u00e5 fort som m\u00f6jligt!","breadcrumb":{"@id":"https:\/\/www.compasshrg.com\/sv\/be-om-offert\/#breadcrumb"},"inLanguage":"sv-SE","potentialAction":[{"@type":"ReadAction","target":["https:\/\/www.compasshrg.com\/sv\/be-om-offert\/"]}]},{"@type":"BreadcrumbList","@id":"https:\/\/www.compasshrg.com\/sv\/be-om-offert\/#breadcrumb","itemListElement":[{"@type":"ListItem","position":1,"name":"Compass HRG","item":"https:\/\/www.compasshrg.com\/sv\/"},{"@type":"ListItem","position":2,"name":"Be om offert"}]},{"@type":"WebSite","@id":"https:\/\/www.compasshrg.com\/sv\/#website","url":"https:\/\/www.compasshrg.com\/sv\/","name":"Compass HRG","description":"Your HR Service Partner","publisher":{"@id":"https:\/\/www.compasshrg.com\/sv\/#organization"},"potentialAction":[{"@type":"SearchAction","target":{"@type":"EntryPoint","urlTemplate":"https:\/\/www.compasshrg.com\/sv\/?s={search_term_string}"},"query-input":{"@type":"PropertyValueSpecification","valueRequired":true,"valueName":"search_term_string"}}],"inLanguage":"sv-SE"},{"@type":"Organization","@id":"https:\/\/www.compasshrg.com\/sv\/#organization","name":"Compass HRG","url":"https:\/\/www.compasshrg.com\/sv\/","logo":{"@type":"ImageObject","inLanguage":"sv-SE","@id":"https:\/\/www.compasshrg.com\/sv\/#\/schema\/logo\/image\/","url":"","contentUrl":"","caption":"Compass HRG"},"image":{"@id":"https:\/\/www.compasshrg.com\/sv\/#\/schema\/logo\/image\/"},"sameAs":["https:\/\/www.facebook.com\/compasshrgdk"]}]}},"_links":{"self":[{"href":"https:\/\/www.compasshrg.com\/sv\/wp-json\/wp\/v2\/pages\/245672","targetHints":{"allow":["GET"]}}],"collection":[{"href":"https:\/\/www.compasshrg.com\/sv\/wp-json\/wp\/v2\/pages"}],"about":[{"href":"https:\/\/www.compasshrg.com\/sv\/wp-json\/wp\/v2\/types\/page"}],"author":[{"embeddable":true,"href":"https:\/\/www.compasshrg.com\/sv\/wp-json\/wp\/v2\/users\/3"}],"replies":[{"embeddable":true,"href":"https:\/\/www.compasshrg.com\/sv\/wp-json\/wp\/v2\/comments?post=245672"}],"version-history":[{"count":14,"href":"https:\/\/www.compasshrg.com\/sv\/wp-json\/wp\/v2\/pages\/245672\/revisions"}],"predecessor-version":[{"id":269845,"href":"https:\/\/www.compasshrg.com\/sv\/wp-json\/wp\/v2\/pages\/245672\/revisions\/269845"}],"wp:attachment":[{"href":"https:\/\/www.compasshrg.com\/sv\/wp-json\/wp\/v2\/media?parent=245672"}],"curies":[{"name":"wp","href":"https:\/\/api.w.org\/{rel}","templated":true}]}}