{"id":262619,"date":"2024-01-18T11:43:15","date_gmt":"2024-01-18T10:43:15","guid":{"rendered":"https:\/\/www.compasshrg.com\/?page_id=262619"},"modified":"2024-02-01T12:24:09","modified_gmt":"2024-02-01T11:24:09","slug":"prenumerera-pa-vart-innehall","status":"publish","type":"page","link":"https:\/\/www.compasshrg.com\/sv\/prenumerera-pa-vart-innehall\/","title":{"rendered":"Prenumerera p\u00e5 v\u00e5rt inneh\u00e5ll"},"content":{"rendered":"<p>[et_pb_section fb_built=&#8221;1&#8243; _builder_version=&#8221;4.23.1&#8243; _module_preset=&#8221;default&#8221; global_colors_info=&#8221;{}&#8221;][et_pb_row _builder_version=&#8221;4.23.1&#8243; _module_preset=&#8221;default&#8221; global_colors_info=&#8221;{}&#8221;][et_pb_column type=&#8221;4_4&#8243; _builder_version=&#8221;4.23.1&#8243; _module_preset=&#8221;default&#8221; global_colors_info=&#8221;{}&#8221;][\/et_pb_column][\/et_pb_row][\/et_pb_section][et_pb_section fb_built=&#8221;1&#8243; _builder_version=&#8221;4.23.1&#8243; _module_preset=&#8221;default&#8221; global_colors_info=&#8221;{}&#8221;][et_pb_row _builder_version=&#8221;4.23.1&#8243; _module_preset=&#8221;default&#8221; global_colors_info=&#8221;{}&#8221;][et_pb_column type=&#8221;4_4&#8243; _builder_version=&#8221;4.23.1&#8243; _module_preset=&#8221;default&#8221; global_colors_info=&#8221;{}&#8221;][et_pb_text _builder_version=&#8221;4.23.1&#8243; _module_preset=&#8221;default&#8221; global_colors_info=&#8221;{}&#8221;]<\/p>\n<div class=\"et_pb_module et_pb_text et_pb_text_2 et_pb_text_align_center et_pb_bg_layout_light et_had_animation\">\n<h2 class=\"et_pb_text_inner\"><strong>Prenumerera p\u00e5 v\u00e5rt inneh\u00e5ll<\/strong>!<\/h2>\n<\/div>\n<p>[\/et_pb_text][\/et_pb_column][\/et_pb_row][et_pb_row _builder_version=&#8221;4.23.1&#8243; _module_preset=&#8221;default&#8221; global_colors_info=&#8221;{}&#8221;][et_pb_column type=&#8221;4_4&#8243; _builder_version=&#8221;4.23.1&#8243; _module_preset=&#8221;default&#8221; global_colors_info=&#8221;{}&#8221;][et_pb_text _builder_version=&#8221;4.23.1&#8243; _module_preset=&#8221;default&#8221; global_colors_info=&#8221;{}&#8221;]<\/p>\n<p style=\"text-align: center;\">Genom att prenumerera p\u00e5 v\u00e5rt inneh\u00e5ll f\u00e5r du uppdaterad information om v\u00e5r bransch samt <br \/>v\u00e5ra senaste artiklar till din inkorg ungef\u00e4r en g\u00e5ng i m\u00e5naden!<\/p>\n<p>[\/et_pb_text][\/et_pb_column][\/et_pb_row][et_pb_row column_structure=&#8221;3_5,2_5&#8243; _builder_version=&#8221;4.23.1&#8243; _module_preset=&#8221;default&#8221; global_colors_info=&#8221;{}&#8221;][et_pb_column type=&#8221;3_5&#8243; _builder_version=&#8221;4.23.1&#8243; _module_preset=&#8221;default&#8221; global_colors_info=&#8221;{}&#8221;][et_pb_image src=&#8221;https:\/\/www.compasshrg.com\/wp-content\/uploads\/2024\/01\/Nimeton-malli-1.jpg&#8221; title_text=&#8221;Nimeto\u0308n malli (1)&#8221; _builder_version=&#8221;4.23.1&#8243; _module_preset=&#8221;default&#8221; global_colors_info=&#8221;{}&#8221;][\/et_pb_image][\/et_pb_column][et_pb_column type=&#8221;2_5&#8243; _builder_version=&#8221;4.23.1&#8243; _module_preset=&#8221;default&#8221; global_colors_info=&#8221;{}&#8221;][et_pb_code _builder_version=&#8221;4.23.1&#8243; _module_preset=&#8221;default&#8221; global_colors_info=&#8221;{}&#8221;]<script charset=\"utf-8\" type=\"text\/javascript\" src=\"\/\/js.hsforms.net\/forms\/embed\/v2.js\"><\/script><!-- [et_pb_line_break_holder] --><script><!-- [et_pb_line_break_holder] -->  hbspt.forms.create({<!-- [et_pb_line_break_holder] -->    region: \"na1\",<!-- [et_pb_line_break_holder] -->    portalId: \"19512017\",<!-- [et_pb_line_break_holder] -->    formId: \"dec6aea6-bb06-4e6b-9399-d844494b6b06\"<!-- [et_pb_line_break_holder] -->  });<!-- [et_pb_line_break_holder] --><\/script>[\/et_pb_code][\/et_pb_column][\/et_pb_row][\/et_pb_section][et_pb_section fb_built=&#8221;1&#8243; _builder_version=&#8221;4.23.1&#8243; _module_preset=&#8221;default&#8221; global_colors_info=&#8221;{}&#8221;][\/et_pb_section][et_pb_section fb_built=&#8221;1&#8243; _builder_version=&#8221;4.23.1&#8243; _module_preset=&#8221;default&#8221; global_colors_info=&#8221;{}&#8221;][\/et_pb_section]<\/p>\n","protected":false},"excerpt":{"rendered":"<p>Prenumerera p\u00e5 v\u00e5rt inneh\u00e5ll! Genom att prenumerera p\u00e5 v\u00e5rt inneh\u00e5ll f\u00e5r du uppdaterad information om v\u00e5r bransch samt v\u00e5ra senaste artiklar till din inkorg ungef\u00e4r en g\u00e5ng i m\u00e5naden!<\/p>\n","protected":false},"author":3,"featured_media":262628,"parent":0,"menu_order":0,"comment_status":"closed","ping_status":"closed","template":"","meta":{"_acf_changed":false,"_et_pb_use_builder":"on","_et_pb_old_content":"","_et_gb_content_width":"","om_disable_all_campaigns":false,"inline_featured_image":false,"_uf_show_specific_survey":0,"_uf_disable_surveys":false,"footnotes":""},"class_list":["post-262619","page","type-page","status-publish","has-post-thumbnail","hentry"],"acf":[],"yoast_head":"<!-- This site is optimized with the Yoast SEO plugin v27.1.1 - https:\/\/yoast.com\/product\/yoast-seo-wordpress\/ -->\n<title>Prenumerera p\u00e5 v\u00e5rt inneh\u00e5ll - Compass HRG<\/title>\n<meta name=\"robots\" content=\"index, follow, max-snippet:-1, max-image-preview:large, max-video-preview:-1\" \/>\n<link rel=\"canonical\" href=\"https:\/\/www.compasshrg.com\/sv\/prenumerera-pa-vart-innehall\/\" \/>\n<meta property=\"og:locale\" content=\"sv_SE\" \/>\n<meta property=\"og:type\" content=\"article\" \/>\n<meta property=\"og:title\" content=\"Prenumerera p\u00e5 v\u00e5rt inneh\u00e5ll - Compass HRG\" \/>\n<meta property=\"og:description\" content=\"Prenumerera p\u00e5 v\u00e5rt inneh\u00e5ll! Genom att prenumerera p\u00e5 v\u00e5rt inneh\u00e5ll f\u00e5r du uppdaterad information om v\u00e5r bransch samt v\u00e5ra senaste artiklar till din inkorg ungef\u00e4r en g\u00e5ng i m\u00e5naden!\" \/>\n<meta property=\"og:url\" content=\"https:\/\/www.compasshrg.com\/sv\/prenumerera-pa-vart-innehall\/\" \/>\n<meta property=\"og:site_name\" content=\"Compass HRG\" \/>\n<meta property=\"article:publisher\" content=\"https:\/\/www.facebook.com\/compasshrgdk\" \/>\n<meta property=\"article:modified_time\" content=\"2024-02-01T11:24:09+00:00\" \/>\n<meta property=\"og:image\" content=\"https:\/\/www.compasshrg.com\/wp-content\/uploads\/2024\/01\/Nimeton-malli-1.jpg\" \/>\n\t<meta property=\"og:image:width\" content=\"800\" \/>\n\t<meta property=\"og:image:height\" content=\"450\" \/>\n\t<meta property=\"og:image:type\" content=\"image\/jpeg\" \/>\n<meta name=\"twitter:card\" content=\"summary_large_image\" \/>\n<meta name=\"twitter:label1\" content=\"Ber\u00e4knad l\u00e4stid\" \/>\n\t<meta name=\"twitter:data1\" content=\"1 minut\" \/>\n<script type=\"application\/ld+json\" class=\"yoast-schema-graph\">{\"@context\":\"https:\/\/schema.org\",\"@graph\":[{\"@type\":\"WebPage\",\"@id\":\"https:\/\/www.compasshrg.com\/sv\/prenumerera-pa-vart-innehall\/\",\"url\":\"https:\/\/www.compasshrg.com\/sv\/prenumerera-pa-vart-innehall\/\",\"name\":\"Prenumerera p\u00e5 v\u00e5rt inneh\u00e5ll - Compass HRG\",\"isPartOf\":{\"@id\":\"https:\/\/www.compasshrg.com\/sv\/#website\"},\"primaryImageOfPage\":{\"@id\":\"https:\/\/www.compasshrg.com\/sv\/prenumerera-pa-vart-innehall\/#primaryimage\"},\"image\":{\"@id\":\"https:\/\/www.compasshrg.com\/sv\/prenumerera-pa-vart-innehall\/#primaryimage\"},\"thumbnailUrl\":\"https:\/\/www.compasshrg.com\/wp-content\/uploads\/2024\/01\/Nimeton-malli-1.jpg\",\"datePublished\":\"2024-01-18T10:43:15+00:00\",\"dateModified\":\"2024-02-01T11:24:09+00:00\",\"breadcrumb\":{\"@id\":\"https:\/\/www.compasshrg.com\/sv\/prenumerera-pa-vart-innehall\/#breadcrumb\"},\"inLanguage\":\"sv-SE\",\"potentialAction\":[{\"@type\":\"ReadAction\",\"target\":[\"https:\/\/www.compasshrg.com\/sv\/prenumerera-pa-vart-innehall\/\"]}]},{\"@type\":\"ImageObject\",\"inLanguage\":\"sv-SE\",\"@id\":\"https:\/\/www.compasshrg.com\/sv\/prenumerera-pa-vart-innehall\/#primaryimage\",\"url\":\"https:\/\/www.compasshrg.com\/wp-content\/uploads\/2024\/01\/Nimeton-malli-1.jpg\",\"contentUrl\":\"https:\/\/www.compasshrg.com\/wp-content\/uploads\/2024\/01\/Nimeton-malli-1.jpg\",\"width\":800,\"height\":450},{\"@type\":\"BreadcrumbList\",\"@id\":\"https:\/\/www.compasshrg.com\/sv\/prenumerera-pa-vart-innehall\/#breadcrumb\",\"itemListElement\":[{\"@type\":\"ListItem\",\"position\":1,\"name\":\"Compass HRG\",\"item\":\"https:\/\/www.compasshrg.com\/sv\/\"},{\"@type\":\"ListItem\",\"position\":2,\"name\":\"Prenumerera p\u00e5 v\u00e5rt inneh\u00e5ll\"}]},{\"@type\":\"WebSite\",\"@id\":\"https:\/\/www.compasshrg.com\/sv\/#website\",\"url\":\"https:\/\/www.compasshrg.com\/sv\/\",\"name\":\"Compass HRG\",\"description\":\"Your HR Service Partner\",\"publisher\":{\"@id\":\"https:\/\/www.compasshrg.com\/sv\/#organization\"},\"potentialAction\":[{\"@type\":\"SearchAction\",\"target\":{\"@type\":\"EntryPoint\",\"urlTemplate\":\"https:\/\/www.compasshrg.com\/sv\/?s={search_term_string}\"},\"query-input\":{\"@type\":\"PropertyValueSpecification\",\"valueRequired\":true,\"valueName\":\"search_term_string\"}}],\"inLanguage\":\"sv-SE\"},{\"@type\":\"Organization\",\"@id\":\"https:\/\/www.compasshrg.com\/sv\/#organization\",\"name\":\"Compass HRG\",\"url\":\"https:\/\/www.compasshrg.com\/sv\/\",\"logo\":{\"@type\":\"ImageObject\",\"inLanguage\":\"sv-SE\",\"@id\":\"https:\/\/www.compasshrg.com\/sv\/#\/schema\/logo\/image\/\",\"url\":\"\",\"contentUrl\":\"\",\"caption\":\"Compass HRG\"},\"image\":{\"@id\":\"https:\/\/www.compasshrg.com\/sv\/#\/schema\/logo\/image\/\"},\"sameAs\":[\"https:\/\/www.facebook.com\/compasshrgdk\"]}]}<\/script>\n<!-- \/ Yoast SEO plugin. -->","yoast_head_json":{"title":"Prenumerera p\u00e5 v\u00e5rt inneh\u00e5ll - Compass HRG","robots":{"index":"index","follow":"follow","max-snippet":"max-snippet:-1","max-image-preview":"max-image-preview:large","max-video-preview":"max-video-preview:-1"},"canonical":"https:\/\/www.compasshrg.com\/sv\/prenumerera-pa-vart-innehall\/","og_locale":"sv_SE","og_type":"article","og_title":"Prenumerera p\u00e5 v\u00e5rt inneh\u00e5ll - Compass HRG","og_description":"Prenumerera p\u00e5 v\u00e5rt inneh\u00e5ll! Genom att prenumerera p\u00e5 v\u00e5rt inneh\u00e5ll f\u00e5r du uppdaterad information om v\u00e5r bransch samt v\u00e5ra senaste artiklar till din inkorg ungef\u00e4r en g\u00e5ng i m\u00e5naden!","og_url":"https:\/\/www.compasshrg.com\/sv\/prenumerera-pa-vart-innehall\/","og_site_name":"Compass HRG","article_publisher":"https:\/\/www.facebook.com\/compasshrgdk","article_modified_time":"2024-02-01T11:24:09+00:00","og_image":[{"width":800,"height":450,"url":"https:\/\/www.compasshrg.com\/wp-content\/uploads\/2024\/01\/Nimeton-malli-1.jpg","type":"image\/jpeg"}],"twitter_card":"summary_large_image","twitter_misc":{"Ber\u00e4knad l\u00e4stid":"1 minut"},"schema":{"@context":"https:\/\/schema.org","@graph":[{"@type":"WebPage","@id":"https:\/\/www.compasshrg.com\/sv\/prenumerera-pa-vart-innehall\/","url":"https:\/\/www.compasshrg.com\/sv\/prenumerera-pa-vart-innehall\/","name":"Prenumerera p\u00e5 v\u00e5rt inneh\u00e5ll - Compass HRG","isPartOf":{"@id":"https:\/\/www.compasshrg.com\/sv\/#website"},"primaryImageOfPage":{"@id":"https:\/\/www.compasshrg.com\/sv\/prenumerera-pa-vart-innehall\/#primaryimage"},"image":{"@id":"https:\/\/www.compasshrg.com\/sv\/prenumerera-pa-vart-innehall\/#primaryimage"},"thumbnailUrl":"https:\/\/www.compasshrg.com\/wp-content\/uploads\/2024\/01\/Nimeton-malli-1.jpg","datePublished":"2024-01-18T10:43:15+00:00","dateModified":"2024-02-01T11:24:09+00:00","breadcrumb":{"@id":"https:\/\/www.compasshrg.com\/sv\/prenumerera-pa-vart-innehall\/#breadcrumb"},"inLanguage":"sv-SE","potentialAction":[{"@type":"ReadAction","target":["https:\/\/www.compasshrg.com\/sv\/prenumerera-pa-vart-innehall\/"]}]},{"@type":"ImageObject","inLanguage":"sv-SE","@id":"https:\/\/www.compasshrg.com\/sv\/prenumerera-pa-vart-innehall\/#primaryimage","url":"https:\/\/www.compasshrg.com\/wp-content\/uploads\/2024\/01\/Nimeton-malli-1.jpg","contentUrl":"https:\/\/www.compasshrg.com\/wp-content\/uploads\/2024\/01\/Nimeton-malli-1.jpg","width":800,"height":450},{"@type":"BreadcrumbList","@id":"https:\/\/www.compasshrg.com\/sv\/prenumerera-pa-vart-innehall\/#breadcrumb","itemListElement":[{"@type":"ListItem","position":1,"name":"Compass HRG","item":"https:\/\/www.compasshrg.com\/sv\/"},{"@type":"ListItem","position":2,"name":"Prenumerera p\u00e5 v\u00e5rt inneh\u00e5ll"}]},{"@type":"WebSite","@id":"https:\/\/www.compasshrg.com\/sv\/#website","url":"https:\/\/www.compasshrg.com\/sv\/","name":"Compass HRG","description":"Your HR Service Partner","publisher":{"@id":"https:\/\/www.compasshrg.com\/sv\/#organization"},"potentialAction":[{"@type":"SearchAction","target":{"@type":"EntryPoint","urlTemplate":"https:\/\/www.compasshrg.com\/sv\/?s={search_term_string}"},"query-input":{"@type":"PropertyValueSpecification","valueRequired":true,"valueName":"search_term_string"}}],"inLanguage":"sv-SE"},{"@type":"Organization","@id":"https:\/\/www.compasshrg.com\/sv\/#organization","name":"Compass HRG","url":"https:\/\/www.compasshrg.com\/sv\/","logo":{"@type":"ImageObject","inLanguage":"sv-SE","@id":"https:\/\/www.compasshrg.com\/sv\/#\/schema\/logo\/image\/","url":"","contentUrl":"","caption":"Compass HRG"},"image":{"@id":"https:\/\/www.compasshrg.com\/sv\/#\/schema\/logo\/image\/"},"sameAs":["https:\/\/www.facebook.com\/compasshrgdk"]}]}},"_links":{"self":[{"href":"https:\/\/www.compasshrg.com\/sv\/wp-json\/wp\/v2\/pages\/262619","targetHints":{"allow":["GET"]}}],"collection":[{"href":"https:\/\/www.compasshrg.com\/sv\/wp-json\/wp\/v2\/pages"}],"about":[{"href":"https:\/\/www.compasshrg.com\/sv\/wp-json\/wp\/v2\/types\/page"}],"author":[{"embeddable":true,"href":"https:\/\/www.compasshrg.com\/sv\/wp-json\/wp\/v2\/users\/3"}],"replies":[{"embeddable":true,"href":"https:\/\/www.compasshrg.com\/sv\/wp-json\/wp\/v2\/comments?post=262619"}],"version-history":[{"count":12,"href":"https:\/\/www.compasshrg.com\/sv\/wp-json\/wp\/v2\/pages\/262619\/revisions"}],"predecessor-version":[{"id":264149,"href":"https:\/\/www.compasshrg.com\/sv\/wp-json\/wp\/v2\/pages\/262619\/revisions\/264149"}],"wp:featuredmedia":[{"embeddable":true,"href":"https:\/\/www.compasshrg.com\/sv\/wp-json\/wp\/v2\/media\/262628"}],"wp:attachment":[{"href":"https:\/\/www.compasshrg.com\/sv\/wp-json\/wp\/v2\/media?parent=262619"}],"curies":[{"name":"wp","href":"https:\/\/api.w.org\/{rel}","templated":true}]}}