{"id":42885,"date":"2021-08-24T13:01:49","date_gmt":"2021-08-24T13:01:49","guid":{"rendered":"http:\/\/www.compasshrg.com\/kontakt\/"},"modified":"2024-10-30T14:56:36","modified_gmt":"2024-10-30T13:56:36","slug":"kontakt","status":"publish","type":"page","link":"https:\/\/www.compasshrg.com\/sv\/om-compass\/kontakt\/","title":{"rendered":"Kontakt"},"content":{"rendered":"<p>[et_pb_section fb_built=&#8221;1&#8243; _builder_version=&#8221;4.24.2&#8243; _module_preset=&#8221;3bd0c8b5-5eee-4a10-8752-3d3fd0ca5f34&#8243; background_image=&#8221;https:\/\/www.compasshrg.com\/wp-content\/uploads\/2022\/07\/Compass_contact.webp&#8221; locked=&#8221;off&#8221; global_colors_info=&#8221;{}&#8221;][et_pb_row _builder_version=&#8221;4.24.2&#8243; _module_preset=&#8221;default&#8221; global_colors_info=&#8221;{}&#8221;][et_pb_column type=&#8221;4_4&#8243; _builder_version=&#8221;4.23.1&#8243; _module_preset=&#8221;default&#8221; global_colors_info=&#8221;{}&#8221;][et_pb_text _builder_version=&#8221;4.27.0&#8243; _module_preset=&#8221;412f3840-30ae-47e3-b197-7251e39a6048&#8243; max_width=&#8221;50%&#8221; max_width_tablet=&#8221;100%&#8221; max_width_phone=&#8221;100%&#8221; max_width_last_edited=&#8221;on|phone&#8221; hover_enabled=&#8221;0&#8243; global_colors_info=&#8221;{}&#8221; sticky_enabled=&#8221;0&#8243;]<\/p>\n<h5>+40 \u00c5RS ERFARENHET INOM REKRYTERING OCH HEADHUNTING<\/h5>\n<h1>Kontakta oss<\/h1>\n<p>Du \u00e4r alltid v\u00e4lkommen att kontakta oss via kontaktformul\u00e4ret h\u00e4r, s\u00e5 \u00e5terkommer vi till dig s\u00e5 snart som m\u00f6jligt.<\/p>\n<p>[\/et_pb_text][dsm_button button_one_text=&#8221;Be om en offert&#8221; button_one_url=&#8221;@ET-DC@eyJkeW5hbWljIjp0cnVlLCJjb250ZW50IjoicG9zdF9saW5rX3VybF9wYWdlIiwic2V0dGluZ3MiOnsicG9zdF9pZCI6IjI0NTY3MiJ9fQ==@&#8221; button_two_text=&#8221;Se lediga jobb&#8221; button_two_url=&#8221;@ET-DC@eyJkeW5hbWljIjp0cnVlLCJjb250ZW50IjoicG9zdF9saW5rX3VybF9wYWdlIiwic2V0dGluZ3MiOnsicG9zdF9pZCI6IjM3MTQ0In19@&#8221; _builder_version=&#8221;4.24.2&#8243; _dynamic_attributes=&#8221;button_one_url,button_two_url&#8221; _module_preset=&#8221;default&#8221; locked=&#8221;off&#8221; global_colors_info=&#8221;{}&#8221;][\/dsm_button][\/et_pb_column][\/et_pb_row][\/et_pb_section][et_pb_section fb_built=&#8221;1&#8243; custom_padding_last_edited=&#8221;on|tablet&#8221; _builder_version=&#8221;4.23.1&#8243; _module_preset=&#8221;default&#8221; background_enable_image=&#8221;off&#8221; custom_padding_tablet=&#8221;1rem|1rem|1rem|1rem|true|true&#8221; custom_padding_phone=&#8221;&#8221; locked=&#8221;off&#8221; global_colors_info=&#8221;{}&#8221;][et_pb_row column_structure=&#8221;3_5,2_5&#8243; _builder_version=&#8221;4.23.1&#8243; _module_preset=&#8221;default&#8221; width_tablet=&#8221;100%&#8221; width_phone=&#8221;&#8221; width_last_edited=&#8221;on|tablet&#8221; min_height=&#8221;373.2px&#8221; global_colors_info=&#8221;{}&#8221;][et_pb_column type=&#8221;3_5&#8243; _builder_version=&#8221;4.16&#8243; _module_preset=&#8221;default&#8221; global_colors_info=&#8221;{}&#8221;][et_pb_text _builder_version=&#8221;4.16&#8243; text_font=&#8221;Lato||||||||&#8221; header_font=&#8221;Lato||||||||&#8221; header_text_color=&#8221;#1EAEE2&#8243; header_2_font=&#8221;Lato|700|||||||&#8221; header_2_text_color=&#8221;#1EAEE2&#8243; header_2_font_size=&#8221;45px&#8221; header_2_letter_spacing=&#8221;1px&#8221; header_2_line_height=&#8221;1.4em&#8221; header_3_font=&#8221;Lato|900||on|||||&#8221; header_3_text_color=&#8221;#1EAEE2&#8243; header_3_font_size=&#8221;13px&#8221; header_3_letter_spacing=&#8221;1px&#8221; header_3_line_height=&#8221;2em&#8221; custom_margin=&#8221;||0px||false|false&#8221; custom_padding=&#8221;||0px||false|true&#8221; animation_style=&#8221;slide&#8221; animation_direction=&#8221;bottom&#8221; locked=&#8221;off&#8221; global_colors_info=&#8221;{}&#8221;]<\/p>\n<h2><span>Vi \u00e4lskar fr\u00e5gor<\/span><\/h2>\n<p>[\/et_pb_text][et_pb_code _builder_version=&#8221;4.16&#8243; _module_preset=&#8221;default&#8221; global_colors_info=&#8221;{}&#8221;]<!--[if lte IE 8]><!-- [et_pb_line_break_holder] --><script charset=\"utf-8\" type=\"text\/javascript\" src=\"\/\/js.hsforms.net\/forms\/v2-legacy.js\"><\/script><!-- [et_pb_line_break_holder] --><![endif]--><!-- [et_pb_line_break_holder] --><script charset=\"utf-8\" type=\"text\/javascript\" src=\"\/\/js.hsforms.net\/forms\/v2.js\"><\/script><!-- [et_pb_line_break_holder] --><script><!-- [et_pb_line_break_holder] -->  hbspt.forms.create({<!-- [et_pb_line_break_holder] -->region: \"na1\",<!-- [et_pb_line_break_holder] -->portalId: \"19512017\",<!-- [et_pb_line_break_holder] -->formId: \"3b50fcee-8ed9-4c14-a64b-c64d45b0ae1b\"<!-- [et_pb_line_break_holder] -->});<!-- [et_pb_line_break_holder] --><\/script>[\/et_pb_code][\/et_pb_column][et_pb_column type=&#8221;2_5&#8243; _builder_version=&#8221;4.23.1&#8243; _module_preset=&#8221;default&#8221; background_color=&#8221;#1EAEE2&#8243; background_image=&#8221;https:\/\/www.compasshrg.com\/wp-content\/uploads\/2023\/12\/big-c-arrow-banner.jpg&#8221; custom_padding=&#8221;80px|60px|80px|60px|true|true&#8221; global_colors_info=&#8221;{}&#8221;][et_pb_text _builder_version=&#8221;4.16&#8243; text_font=&#8221;Lato||||||||&#8221; header_font=&#8221;Lato||||||||&#8221; header_text_color=&#8221;#FFFFFF&#8221; header_2_font=&#8221;Lato|700|||||||&#8221; header_2_text_color=&#8221;#FFFFFF&#8221; header_2_font_size=&#8221;38px&#8221; header_2_letter_spacing=&#8221;1px&#8221; header_2_line_height=&#8221;1.4em&#8221; header_3_font=&#8221;Lato|900||on|||||&#8221; header_3_text_color=&#8221;#1EAEE2&#8243; header_3_font_size=&#8221;13px&#8221; header_3_letter_spacing=&#8221;1px&#8221; header_3_line_height=&#8221;2em&#8221; background_layout=&#8221;dark&#8221; animation_style=&#8221;slide&#8221; animation_direction=&#8221;bottom&#8221; locked=&#8221;off&#8221; global_colors_info=&#8221;{}&#8221;]<\/p>\n<h2><span>Sverige<\/span><\/h2>\n<p>[\/et_pb_text][et_pb_text module_class=&#8221;white-a-tag&#8221; _builder_version=&#8221;4.27.0&#8243; text_font=&#8221;Lato|300|||||||&#8221; text_text_color=&#8221;#FFFFFF&#8221; text_font_size=&#8221;18px&#8221; text_line_height=&#8221;1.8em&#8221; header_text_color=&#8221;#FFFFFF&#8221; header_2_font=&#8221;|700|||||||&#8221; header_2_text_color=&#8221;#FFFFFF&#8221; header_2_font_size=&#8221;38px&#8221; custom_padding=&#8221;|1rem|||false|false&#8221; animation_style=&#8221;slide&#8221; animation_direction=&#8221;bottom&#8221; custom_css_free_form=&#8221;selector a {||  color:#fff;||}&#8221; locked=&#8221;off&#8221; global_colors_info=&#8221;{}&#8221;]<\/p>\n<p style=\"text-align: left;\"><strong>STOCKHOLM<\/strong><br \/>Tryckerigatan 8, 5tr<br \/>11128 Stockholm<br \/><a href=\"tel:+460855529450\">+46 8 555 29 450<\/a><br \/><a href=\"mailto:mail@compass.se\">mail@compass.se<\/a><\/p>\n<p style=\"text-align: left;\">[\/et_pb_text][\/et_pb_column][\/et_pb_row][\/et_pb_section][et_pb_section fb_built=&#8221;1&#8243; custom_padding_last_edited=&#8221;on|tablet&#8221; disabled_on=&#8221;on|on|off&#8221; admin_label=&#8221;Hero&#8221; _builder_version=&#8221;4.16&#8243; background_color_gradient_start=&#8221;#1eaee2&#8243; background_color_gradient_start_position=&#8221;70%&#8221; background_color_gradient_end=&#8221;#ffffff&#8221; background_color_gradient_end_position=&#8221;70%&#8221; background_image=&#8221;https:\/\/www.compasshrg.com\/wp-content\/uploads\/2021\/03\/banner-background-big-c-arrow-10-procent.png&#8221; custom_margin=&#8221;|||&#8221; custom_padding=&#8221;4rem||0px||false|false&#8221; custom_padding_tablet=&#8221;1rem|1rem|1rem|1rem|true|true&#8221; custom_padding_phone=&#8221;&#8221; global_colors_info=&#8221;{}&#8221;][et_pb_row _builder_version=&#8221;4.16&#8243; _module_preset=&#8221;default&#8221; width_tablet=&#8221;100%&#8221; width_phone=&#8221;&#8221; width_last_edited=&#8221;on|tablet&#8221; custom_margin=&#8221;||0px||false|false&#8221; custom_padding=&#8221;||0px||false|false&#8221; global_colors_info=&#8221;{}&#8221;][et_pb_column type=&#8221;4_4&#8243; _builder_version=&#8221;4.16&#8243; _module_preset=&#8221;default&#8221; global_colors_info=&#8221;{}&#8221;][et_pb_text _builder_version=&#8221;4.16&#8243; text_font=&#8221;Lato||||||||&#8221; header_font=&#8221;Lato||||||||&#8221; header_text_color=&#8221;#FFFFFF&#8221; header_2_font=&#8221;Lato|700|||||||&#8221; header_2_text_color=&#8221;#FFFFFF&#8221; header_2_font_size=&#8221;38px&#8221; header_2_letter_spacing=&#8221;1px&#8221; header_2_line_height=&#8221;1.4em&#8221; header_3_font=&#8221;Lato|900||on|||||&#8221; header_3_text_color=&#8221;rgba(255,255,255,0.7)&#8221; header_3_font_size=&#8221;13px&#8221; header_3_letter_spacing=&#8221;1px&#8221; header_3_line_height=&#8221;2em&#8221; text_orientation=&#8221;center&#8221; module_alignment=&#8221;center&#8221; locked=&#8221;off&#8221; global_colors_info=&#8221;{}&#8221;]<\/p>\n<h3 class=\"av-special-heading-tag \">F\u00f6rbered dig f\u00f6r morgondagens utmaningar<\/h3>\n<h2>M\u00f6t teamet p\u00e5 Compass<\/h2>\n<p>[\/et_pb_text][\/et_pb_column][\/et_pb_row][et_pb_row _builder_version=&#8221;4.16&#8243; width=&#8221;50%&#8221; max_width=&#8221;100%&#8221; custom_padding=&#8221;27px|0px|0px|0px&#8221; global_colors_info=&#8221;{}&#8221;][et_pb_column type=&#8221;4_4&#8243; _builder_version=&#8221;4.16&#8243; custom_padding=&#8221;|||&#8221; global_colors_info=&#8221;{}&#8221; custom_padding__hover=&#8221;|||&#8221;][et_pb_image src=&#8221;https:\/\/www.compasshrg.com\/wp-content\/uploads\/2021\/05\/meet-the-team-contact-siden.png&#8221; title_text=&#8221;meet-the team-contact-siden&#8221; align=&#8221;center&#8221; _builder_version=&#8221;4.16&#8243; _module_preset=&#8221;default&#8221; global_colors_info=&#8221;{}&#8221; transform_styles__hover_enabled=&#8221;on|hover&#8221; transform_scale__hover_enabled=&#8221;on|hover&#8221; transform_translate__hover_enabled=&#8221;on|desktop&#8221; transform_rotate__hover_enabled=&#8221;on|desktop&#8221; transform_skew__hover_enabled=&#8221;on|desktop&#8221; transform_origin__hover_enabled=&#8221;on|desktop&#8221; transform_scale__hover=&#8221;103%|103%&#8221;][\/et_pb_image][\/et_pb_column][\/et_pb_row][\/et_pb_section][et_pb_section fb_built=&#8221;1&#8243; disabled_on=&#8221;on|on|off&#8221; _builder_version=&#8221;4.16&#8243; _module_preset=&#8221;default&#8221; background_color_gradient_start=&#8221;#ffffff&#8221; background_color_gradient_start_position=&#8221;38%&#8221; background_color_gradient_end=&#8221;rgba(217,217,217,0.74)&#8221; custom_margin=&#8221;0px||0px||false|false&#8221; custom_padding=&#8221;0px||0px||false|false&#8221; global_colors_info=&#8221;{}&#8221;][et_pb_row _builder_version=&#8221;4.16&#8243; _module_preset=&#8221;default&#8221; custom_padding=&#8221;1rem||6rem||false|false&#8221; global_colors_info=&#8221;{}&#8221;][et_pb_column type=&#8221;4_4&#8243; _builder_version=&#8221;4.16&#8243; _module_preset=&#8221;default&#8221; global_colors_info=&#8221;{}&#8221;][et_pb_button button_url=&#8221;https:\/\/www.compasshrg.com\/sv\/mot-teamet\/&#8221; button_text=&#8221;M\u00f6t teamet&#8221; button_alignment=&#8221;center&#8221; _builder_version=&#8221;4.16&#8243; custom_button=&#8221;on&#8221; button_text_size=&#8221;14px&#8221; button_text_color=&#8221;#FFFFFF&#8221; button_bg_color=&#8221;#1EAEE2&#8243; button_border_width=&#8221;12px&#8221; button_border_color=&#8221;#1EAEE2&#8243; button_border_radius=&#8221;3px&#8221; button_letter_spacing=&#8221;2px&#8221; button_font=&#8221;Lato|900||on|||||&#8221; button_icon=&#8221;&#x45;||divi||400&#8243; button_icon_color=&#8221;#FFFFFF&#8221; custom_margin=&#8221;2rem||||false|false&#8221; button_text_color_hover=&#8221;#edbb5f&#8221; button_letter_spacing_hover=&#8221;1px&#8221; global_colors_info=&#8221;{}&#8221; button_text_size__hover_enabled=&#8221;off&#8221; button_one_text_size__hover_enabled=&#8221;off&#8221; button_two_text_size__hover_enabled=&#8221;off&#8221; button_text_color__hover_enabled=&#8221;on|hover&#8221; button_text_color__hover=&#8221;#FFFFFF&#8221; button_one_text_color__hover_enabled=&#8221;off&#8221; button_two_text_color__hover_enabled=&#8221;off&#8221; button_border_width__hover_enabled=&#8221;off&#8221; button_one_border_width__hover_enabled=&#8221;off&#8221; button_two_border_width__hover_enabled=&#8221;off&#8221; button_border_color__hover_enabled=&#8221;off&#8221; button_one_border_color__hover_enabled=&#8221;off&#8221; button_two_border_color__hover_enabled=&#8221;off&#8221; button_border_radius__hover_enabled=&#8221;off&#8221; button_one_border_radius__hover_enabled=&#8221;off&#8221; button_two_border_radius__hover_enabled=&#8221;off&#8221; button_letter_spacing__hover_enabled=&#8221;on|hover&#8221; button_letter_spacing__hover=&#8221;2px&#8221; button_one_letter_spacing__hover_enabled=&#8221;off&#8221; button_two_letter_spacing__hover_enabled=&#8221;off&#8221; button_bg_color__hover_enabled=&#8221;off&#8221; button_one_bg_color__hover_enabled=&#8221;off&#8221; button_two_bg_color__hover_enabled=&#8221;off&#8221;][\/et_pb_button][\/et_pb_column][\/et_pb_row][\/et_pb_section][et_pb_section fb_built=&#8221;1&#8243; disabled_on=&#8221;off|off|on&#8221; _builder_version=&#8221;4.16&#8243; _module_preset=&#8221;default&#8221; background_color=&#8221;#1EAEE2&#8243; custom_padding=&#8221;1rem||1rem||true|true&#8221; global_colors_info=&#8221;{}&#8221;][et_pb_row _builder_version=&#8221;4.16&#8243; _module_preset=&#8221;default&#8221; width_tablet=&#8221;100%&#8221; width_phone=&#8221;&#8221; width_last_edited=&#8221;on|tablet&#8221; custom_margin=&#8221;0px||0px||false|false&#8221; custom_padding=&#8221;2rem||0px||false|false&#8221; global_colors_info=&#8221;{}&#8221;][et_pb_column type=&#8221;4_4&#8243; _builder_version=&#8221;4.16&#8243; _module_preset=&#8221;default&#8221; global_colors_info=&#8221;{}&#8221;][et_pb_text _builder_version=&#8221;4.16&#8243; text_font=&#8221;Lato||||||||&#8221; header_font=&#8221;Lato||||||||&#8221; header_text_color=&#8221;#FFFFFF&#8221; header_2_font=&#8221;Lato|700|||||||&#8221; header_2_text_color=&#8221;#FFFFFF&#8221; header_2_font_size=&#8221;38px&#8221; header_2_letter_spacing=&#8221;1px&#8221; header_2_line_height=&#8221;1.4em&#8221; header_3_font=&#8221;Lato|900||on|||||&#8221; header_3_text_color=&#8221;rgba(255,255,255,0.7)&#8221; header_3_font_size=&#8221;13px&#8221; header_3_letter_spacing=&#8221;1px&#8221; header_3_line_height=&#8221;2em&#8221; text_orientation=&#8221;center&#8221; module_alignment=&#8221;center&#8221; custom_margin=&#8221;||0px|||&#8221; custom_padding=&#8221;||1rem||false|false&#8221; locked=&#8221;off&#8221; global_colors_info=&#8221;{}&#8221;]<\/p>\n<h3 class=\"av-special-heading-tag \">F\u00f6rbered dig f\u00f6r morgondagens utmaningar<\/h3>\n<h2>M\u00f6t teamet p\u00e5 Compass<\/h2>\n<p>[\/et_pb_text][et_pb_image src=&#8221;https:\/\/www.compasshrg.com\/wp-content\/uploads\/2021\/05\/meet-the-team-contact-siden.png&#8221; title_text=&#8221;meet-the team-contact-siden&#8221; align=&#8221;center&#8221; _builder_version=&#8221;4.16&#8243; _module_preset=&#8221;default&#8221; custom_margin=&#8221;0px||0px||false|false&#8221; custom_padding=&#8221;0px||0px||false|false&#8221; global_colors_info=&#8221;{}&#8221;][\/et_pb_image][et_pb_button button_url=&#8221;https:\/\/www.compasshrg.com\/sv\/mot-teamet\/&#8221; button_text=&#8221;M\u00f6t teamet&#8221; button_alignment=&#8221;center&#8221; _builder_version=&#8221;4.16&#8243; custom_button=&#8221;on&#8221; button_text_size=&#8221;14px&#8221; button_text_color=&#8221;#1EAEE2&#8243; button_bg_color=&#8221;#FFFFFF&#8221; button_border_width=&#8221;12px&#8221; button_border_color=&#8221;RGBA(0,0,0,0)&#8221; button_border_radius=&#8221;3px&#8221; button_letter_spacing=&#8221;2px&#8221; button_font=&#8221;Lato|900||on|||||&#8221; button_icon=&#8221;&#x45;||divi||400&#8243; button_icon_color=&#8221;#1EAEE2&#8243; custom_margin=&#8221;2rem||2rem||false|false&#8221; button_text_color_hover=&#8221;#edbb5f&#8221; button_letter_spacing_hover=&#8221;1px&#8221; global_colors_info=&#8221;{}&#8221; button_text_size__hover_enabled=&#8221;off&#8221; button_one_text_size__hover_enabled=&#8221;off&#8221; button_two_text_size__hover_enabled=&#8221;off&#8221; button_text_color__hover_enabled=&#8221;on|hover&#8221; button_text_color__hover=&#8221;#1EAEE2&#8243; button_one_text_color__hover_enabled=&#8221;off&#8221; button_two_text_color__hover_enabled=&#8221;off&#8221; button_border_width__hover_enabled=&#8221;on|hover&#8221; button_one_border_width__hover_enabled=&#8221;off&#8221; button_two_border_width__hover_enabled=&#8221;off&#8221; button_border_color__hover_enabled=&#8221;off&#8221; button_one_border_color__hover_enabled=&#8221;off&#8221; button_two_border_color__hover_enabled=&#8221;off&#8221; button_border_radius__hover_enabled=&#8221;off&#8221; button_one_border_radius__hover_enabled=&#8221;off&#8221; button_two_border_radius__hover_enabled=&#8221;off&#8221; button_letter_spacing__hover_enabled=&#8221;on|hover&#8221; button_letter_spacing__hover=&#8221;2px&#8221; button_one_letter_spacing__hover_enabled=&#8221;off&#8221; button_two_letter_spacing__hover_enabled=&#8221;off&#8221; button_bg_color__hover_enabled=&#8221;off&#8221; button_one_bg_color__hover_enabled=&#8221;off&#8221; button_two_bg_color__hover_enabled=&#8221;off&#8221; button_border_width__hover=&#8221;12px&#8221;][\/et_pb_button][\/et_pb_column][\/et_pb_row][\/et_pb_section]<\/p>\n","protected":false},"excerpt":{"rendered":"<p>+40 \u00c5RS ERFARENHET INOM REKRYTERING OCH HEADHUNTING Kontakta oss Du \u00e4r alltid v\u00e4lkommen att kontakta oss via kontaktformul\u00e4ret h\u00e4r, s\u00e5 \u00e5terkommer vi till dig s\u00e5 snart som m\u00f6jligt.<div class=\"et_pb_module dsm_button dsm_button_0 et_pb_bg_layout_light\">\n\t\t\t\t\n\t\t\t\t\n\t\t\t\t\n\t\t\t\t\n\t\t\t\t\n\t\t\t\t\n\t\t\t\t<div class=\"et_pb_module_inner\">\n\t\t\t\t\t<div class=\"et_pb_button_module_wrappers dsm_button_0_wrapper  et_pb_module\">\n\t\t\t\t<a class=\"et_pb_button et_pb_button_one et_pb_custom_button_icon et_pb_bg_layout_light dsm-none \"  data-icon=\"&#x45;\" data-dsm-lightbox-id=\"dsm_button_one_lightbox dsm_button_0\"><span>Be om en offert<\/span><\/a><a class=\"et_pb_button et_pb_button_two et_pb_custom_button_icon et_pb_bg_layout_light dsm-none \"  data-icon=\"&#x45;\" data-dsm-lightbox-id=\"dsm_button_two_lightbox dsm_button_0\"><span>Se lediga jobb<\/span><\/a>\n\t\t\t<\/div>\n\t\t\t\t<\/div>\n\t\t\t<\/div>Vi \u00e4lskar fr\u00e5gorSverigeSTOCKHOLMTryckerigatan 8, 5tr11128 Stockholm+46 8 555 29 450mail@compass.se F\u00f6rbered dig f\u00f6r morgondagens utmaningar M\u00f6t teamet p\u00e5 CompassF\u00f6rbered dig f\u00f6r morgondagens utmaningar M\u00f6t teamet p\u00e5 Compass<\/p>\n","protected":false},"author":60,"featured_media":0,"parent":42898,"menu_order":0,"comment_status":"closed","ping_status":"closed","template":"","meta":{"_acf_changed":false,"_et_pb_use_builder":"on","_et_pb_old_content":"","_et_gb_content_width":"","om_disable_all_campaigns":false,"inline_featured_image":false,"_uf_show_specific_survey":0,"_uf_disable_surveys":false,"footnotes":""},"class_list":["post-42885","page","type-page","status-publish","hentry"],"acf":[],"yoast_head":"<!-- This site is optimized with the Yoast SEO plugin v27.1.1 - https:\/\/yoast.com\/product\/yoast-seo-wordpress\/ -->\n<title>Kontakta oss - Compass HRG<\/title>\n<meta name=\"description\" content=\"Du \u00e4r alltid v\u00e4lkommen att kontakta oss om du har en allm\u00e4n fr\u00e5ga, beh\u00f6ver en offert, hj\u00e4lp med att hitta r\u00e4tt konsult eller n\u00e5got annat.\" \/>\n<meta name=\"robots\" content=\"index, follow, max-snippet:-1, max-image-preview:large, max-video-preview:-1\" \/>\n<link rel=\"canonical\" href=\"https:\/\/www.compasshrg.com\/sv\/om-compass\/kontakt\/\" \/>\n<meta property=\"og:locale\" content=\"sv_SE\" \/>\n<meta property=\"og:type\" content=\"article\" \/>\n<meta property=\"og:title\" content=\"Kontakta oss - Compass HRG\" \/>\n<meta property=\"og:description\" content=\"Du \u00e4r alltid v\u00e4lkommen att kontakta oss om du har en allm\u00e4n fr\u00e5ga, beh\u00f6ver en offert, hj\u00e4lp med att hitta r\u00e4tt konsult eller n\u00e5got annat.\" \/>\n<meta property=\"og:url\" content=\"https:\/\/www.compasshrg.com\/sv\/om-compass\/kontakt\/\" \/>\n<meta property=\"og:site_name\" content=\"Compass HRG\" \/>\n<meta property=\"article:publisher\" content=\"https:\/\/www.facebook.com\/compasshrgdk\" \/>\n<meta property=\"article:modified_time\" content=\"2024-10-30T13:56:36+00:00\" \/>\n<meta name=\"twitter:card\" content=\"summary_large_image\" \/>\n<meta name=\"twitter:label1\" content=\"Ber\u00e4knad l\u00e4stid\" \/>\n\t<meta name=\"twitter:data1\" content=\"1 minut\" \/>\n<script type=\"application\/ld+json\" class=\"yoast-schema-graph\">{\"@context\":\"https:\/\/schema.org\",\"@graph\":[{\"@type\":\"WebPage\",\"@id\":\"https:\/\/www.compasshrg.com\/sv\/om-compass\/kontakt\/\",\"url\":\"https:\/\/www.compasshrg.com\/sv\/om-compass\/kontakt\/\",\"name\":\"Kontakta oss - Compass HRG\",\"isPartOf\":{\"@id\":\"https:\/\/www.compasshrg.com\/sv\/#website\"},\"datePublished\":\"2021-08-24T13:01:49+00:00\",\"dateModified\":\"2024-10-30T13:56:36+00:00\",\"description\":\"Du \u00e4r alltid v\u00e4lkommen att kontakta oss om du har en allm\u00e4n fr\u00e5ga, beh\u00f6ver en offert, hj\u00e4lp med att hitta r\u00e4tt konsult eller n\u00e5got annat.\",\"breadcrumb\":{\"@id\":\"https:\/\/www.compasshrg.com\/sv\/om-compass\/kontakt\/#breadcrumb\"},\"inLanguage\":\"sv-SE\",\"potentialAction\":[{\"@type\":\"ReadAction\",\"target\":[\"https:\/\/www.compasshrg.com\/sv\/om-compass\/kontakt\/\"]}]},{\"@type\":\"BreadcrumbList\",\"@id\":\"https:\/\/www.compasshrg.com\/sv\/om-compass\/kontakt\/#breadcrumb\",\"itemListElement\":[{\"@type\":\"ListItem\",\"position\":1,\"name\":\"Compass HRG\",\"item\":\"https:\/\/www.compasshrg.com\/sv\/\"},{\"@type\":\"ListItem\",\"position\":2,\"name\":\"Kontakt\"}]},{\"@type\":\"WebSite\",\"@id\":\"https:\/\/www.compasshrg.com\/sv\/#website\",\"url\":\"https:\/\/www.compasshrg.com\/sv\/\",\"name\":\"Compass HRG\",\"description\":\"Your HR Service Partner\",\"publisher\":{\"@id\":\"https:\/\/www.compasshrg.com\/sv\/#organization\"},\"potentialAction\":[{\"@type\":\"SearchAction\",\"target\":{\"@type\":\"EntryPoint\",\"urlTemplate\":\"https:\/\/www.compasshrg.com\/sv\/?s={search_term_string}\"},\"query-input\":{\"@type\":\"PropertyValueSpecification\",\"valueRequired\":true,\"valueName\":\"search_term_string\"}}],\"inLanguage\":\"sv-SE\"},{\"@type\":\"Organization\",\"@id\":\"https:\/\/www.compasshrg.com\/sv\/#organization\",\"name\":\"Compass HRG\",\"url\":\"https:\/\/www.compasshrg.com\/sv\/\",\"logo\":{\"@type\":\"ImageObject\",\"inLanguage\":\"sv-SE\",\"@id\":\"https:\/\/www.compasshrg.com\/sv\/#\/schema\/logo\/image\/\",\"url\":\"\",\"contentUrl\":\"\",\"caption\":\"Compass HRG\"},\"image\":{\"@id\":\"https:\/\/www.compasshrg.com\/sv\/#\/schema\/logo\/image\/\"},\"sameAs\":[\"https:\/\/www.facebook.com\/compasshrgdk\"]}]}<\/script>\n<!-- \/ Yoast SEO plugin. -->","yoast_head_json":{"title":"Kontakta oss - Compass HRG","description":"Du \u00e4r alltid v\u00e4lkommen att kontakta oss om du har en allm\u00e4n fr\u00e5ga, beh\u00f6ver en offert, hj\u00e4lp med att hitta r\u00e4tt konsult eller n\u00e5got annat.","robots":{"index":"index","follow":"follow","max-snippet":"max-snippet:-1","max-image-preview":"max-image-preview:large","max-video-preview":"max-video-preview:-1"},"canonical":"https:\/\/www.compasshrg.com\/sv\/om-compass\/kontakt\/","og_locale":"sv_SE","og_type":"article","og_title":"Kontakta oss - Compass HRG","og_description":"Du \u00e4r alltid v\u00e4lkommen att kontakta oss om du har en allm\u00e4n fr\u00e5ga, beh\u00f6ver en offert, hj\u00e4lp med att hitta r\u00e4tt konsult eller n\u00e5got annat.","og_url":"https:\/\/www.compasshrg.com\/sv\/om-compass\/kontakt\/","og_site_name":"Compass HRG","article_publisher":"https:\/\/www.facebook.com\/compasshrgdk","article_modified_time":"2024-10-30T13:56:36+00:00","twitter_card":"summary_large_image","twitter_misc":{"Ber\u00e4knad l\u00e4stid":"1 minut"},"schema":{"@context":"https:\/\/schema.org","@graph":[{"@type":"WebPage","@id":"https:\/\/www.compasshrg.com\/sv\/om-compass\/kontakt\/","url":"https:\/\/www.compasshrg.com\/sv\/om-compass\/kontakt\/","name":"Kontakta oss - Compass HRG","isPartOf":{"@id":"https:\/\/www.compasshrg.com\/sv\/#website"},"datePublished":"2021-08-24T13:01:49+00:00","dateModified":"2024-10-30T13:56:36+00:00","description":"Du \u00e4r alltid v\u00e4lkommen att kontakta oss om du har en allm\u00e4n fr\u00e5ga, beh\u00f6ver en offert, hj\u00e4lp med att hitta r\u00e4tt konsult eller n\u00e5got annat.","breadcrumb":{"@id":"https:\/\/www.compasshrg.com\/sv\/om-compass\/kontakt\/#breadcrumb"},"inLanguage":"sv-SE","potentialAction":[{"@type":"ReadAction","target":["https:\/\/www.compasshrg.com\/sv\/om-compass\/kontakt\/"]}]},{"@type":"BreadcrumbList","@id":"https:\/\/www.compasshrg.com\/sv\/om-compass\/kontakt\/#breadcrumb","itemListElement":[{"@type":"ListItem","position":1,"name":"Compass HRG","item":"https:\/\/www.compasshrg.com\/sv\/"},{"@type":"ListItem","position":2,"name":"Kontakt"}]},{"@type":"WebSite","@id":"https:\/\/www.compasshrg.com\/sv\/#website","url":"https:\/\/www.compasshrg.com\/sv\/","name":"Compass HRG","description":"Your HR Service Partner","publisher":{"@id":"https:\/\/www.compasshrg.com\/sv\/#organization"},"potentialAction":[{"@type":"SearchAction","target":{"@type":"EntryPoint","urlTemplate":"https:\/\/www.compasshrg.com\/sv\/?s={search_term_string}"},"query-input":{"@type":"PropertyValueSpecification","valueRequired":true,"valueName":"search_term_string"}}],"inLanguage":"sv-SE"},{"@type":"Organization","@id":"https:\/\/www.compasshrg.com\/sv\/#organization","name":"Compass HRG","url":"https:\/\/www.compasshrg.com\/sv\/","logo":{"@type":"ImageObject","inLanguage":"sv-SE","@id":"https:\/\/www.compasshrg.com\/sv\/#\/schema\/logo\/image\/","url":"","contentUrl":"","caption":"Compass HRG"},"image":{"@id":"https:\/\/www.compasshrg.com\/sv\/#\/schema\/logo\/image\/"},"sameAs":["https:\/\/www.facebook.com\/compasshrgdk"]}]}},"_links":{"self":[{"href":"https:\/\/www.compasshrg.com\/sv\/wp-json\/wp\/v2\/pages\/42885","targetHints":{"allow":["GET"]}}],"collection":[{"href":"https:\/\/www.compasshrg.com\/sv\/wp-json\/wp\/v2\/pages"}],"about":[{"href":"https:\/\/www.compasshrg.com\/sv\/wp-json\/wp\/v2\/types\/page"}],"author":[{"embeddable":true,"href":"https:\/\/www.compasshrg.com\/sv\/wp-json\/wp\/v2\/users\/60"}],"replies":[{"embeddable":true,"href":"https:\/\/www.compasshrg.com\/sv\/wp-json\/wp\/v2\/comments?post=42885"}],"version-history":[{"count":14,"href":"https:\/\/www.compasshrg.com\/sv\/wp-json\/wp\/v2\/pages\/42885\/revisions"}],"predecessor-version":[{"id":272795,"href":"https:\/\/www.compasshrg.com\/sv\/wp-json\/wp\/v2\/pages\/42885\/revisions\/272795"}],"up":[{"embeddable":true,"href":"https:\/\/www.compasshrg.com\/sv\/wp-json\/wp\/v2\/pages\/42898"}],"wp:attachment":[{"href":"https:\/\/www.compasshrg.com\/sv\/wp-json\/wp\/v2\/media?parent=42885"}],"curies":[{"name":"wp","href":"https:\/\/api.w.org\/{rel}","templated":true}]}}